{"id":153529,"date":"2020-08-01T22:31:38","date_gmt":"2020-08-01T22:31:38","guid":{"rendered":"https:\/\/casinoalto.com\/mx\/?page_id=153529"},"modified":"2025-05-21T12:47:58","modified_gmt":"2025-05-21T12:47:58","slug":"codigo-promocional-netbet-casino","status":"publish","type":"page","link":"https:\/\/staging.casinoalto.com\/mx\/codigos\/codigo-promocional-netbet-casino\/","title":{"rendered":"C\u00f3digo Promocional NetBet Casino"},"content":{"rendered":"<p>Con un cat\u00e1logo interesante de juegos en l\u00ednea, <a href=\"\/mx\/casinos-online\/netbet-casino\/\">un sitio seguro como NetBet<\/a> se erige como una buena alternativa para todos los amantes de las emociones que provocan las apuestas y para todos aquellos que quieren comenzar su incursi\u00f3n en este mundo.<\/p>\n<p>Este <a href=\"\/mx\/casinos-online\/\">casino online legalizado en M\u00e9xico<\/a> est\u00e1 disponible desde el 2001y cuenta con licencias de Malta y del Reino Unido, adem\u00e1s de que opera en M\u00e9xico con el permiso de la Secretar\u00eda de Gobernaci\u00f3n. Su oferta incluye diversos servicios con la intenci\u00f3n de que nadie se quede sin diversi\u00f3n, adem\u00e1s de que cuenta con algunos m\u00e9todos de pago que facilitar\u00e1n los dep\u00f3sitos de sus clientes.<\/p>\n<p>Si bien su p\u00e1gina es sencilla, en cuanto a la personalizaci\u00f3n, se puede traducir a siete idiomas diferentes.<\/p>\n<p>El <a href=\"\/mx\/bonos-de-bienvenida\/\">bono de bienvenida para jugar<\/a> de NetBet <strong>por hasta $4000MXN + 10 giros gratis es una oportunidad \u00fanica<\/strong>. Aqu\u00ed te decimos como obtenerlo:<\/p>\n<p><em>Pasos a seguir para obtener el bono:<\/em><\/p>\n<ul>\n<li>Reg\u00edstrate en la plataforma y completa todos tus datos a trav\u00e9s de nuestros enlaces de <a href=\"https:\/\/casinoalto.com\/mx\/\" target=\"_blank\" rel=\"noopener\">Casino Alto<\/a>.<\/li>\n<li>Realiza tu primer dep\u00f3sito a trav\u00e9s del c\u00f3digo promocional de NetBet con <strong>NBWELCOME<\/strong>.<\/li>\n<li>Recibe el doble de tu dep\u00f3sito por hasta $4000MXN para casino.<\/li>\n<li>La promoci\u00f3n ser\u00e1 ingresada a tu cuenta de inmediato.<\/li>\n<\/ul>\n<p>Adem\u00e1s, <strong>NetBet te regalar\u00e1 10 <a href=\"\/mx\/bonos-de-bienvenida\/giros-gratis\/\">giros gratis<\/a> en Vegas y Casino<\/strong> y la posibilidad de explorar la secci\u00f3n de slots Age of the gods.<\/p>\n<p><strong>Los requisitos de apuestas del bono son de x30<\/strong> y es importante destacar que cada uno de los juegos recibe una contribuci\u00f3n diferente para completar el bono. Los slots contribuyen al 100%, Basic Instinct 60%, NetEnt 80%, Juegos Instant\u00e1neos 100%, Video P\u00f3ker 10%.<\/p>\n<p>El importe que corresponde a los bonos no se puede retirar hasta que haya sido completado el requisito de apuesta del bono, es importante destacar que jugar el modo demo no cuenta para completar la meta.<\/p>\n<p>Si solicitas un retiro mientras el bono est\u00e1 activo y no has completado los requisitos, el importe inicial del bono y las ganancias obtenidas desde su activaci\u00f3n ser\u00e1n deducidos de tu cuenta.<\/p>\n<p>Otro de los bonos ofrecidos por NetBet es el que consiste en recibir $400MXN al realizar tu primer dep\u00f3sito m\u00ednimo de $100MXN. Esta es una oportunidad distinta para comenzar a jugar y apostar en el casino online.<\/p>\n<p><em>Pasos a seguir para obtener el bono<\/em><\/p>\n<ul>\n<li>Reg\u00edstrate en la plataforma a trav\u00e9s de nuestros enlaces.<\/li>\n<li>Realizar tu primer dep\u00f3sito a trav\u00e9s del c\u00f3digo promocional de NetBet.<\/li>\n<li>Recibe tus $400MXN para casino.<\/li>\n<li>La promoci\u00f3n se ingresar\u00e1 a tu cuenta de inmediato.<\/li>\n<\/ul>\n<p>Tendr\u00e1s <strong>siete d\u00edas<\/strong> para utilizar el saldo de tu bono, adem\u00e1s, para liberar las ganancias que se puedan obtener en las apuestas deber\u00e1s poner en juego el monto inicial en 50 ocasiones y en caso de retirar dinero antes de cumplir los requisitos, el dinero del bono y las ganancias obtenidas ser\u00e1n perdidas.<\/p>\n<p>\u00bfA\u00fan tienes dudas? Utiliza el c\u00f3digo de NetBet y empieza en esta famosa casa de apuestas online con las mejores condiciones, con el bono de bienvenida de hasta $4000MXN gratis.<\/p>\n","protected":false},"excerpt":{"rendered":"<p>Con un cat\u00e1logo interesante de juegos en l\u00ednea, un sitio seguro como NetBet se erige como una buena alternativa para todos los amantes de las emociones que provocan las apuestas y para todos aquellos que quieren comenzar su incursi\u00f3n en este mundo. Este casino online legalizado en M\u00e9xico est\u00e1 disponible desde el 2001y cuenta con [&hellip;]<\/p>\n","protected":false},"author":11,"featured_media":0,"parent":10061091,"menu_order":0,"comment_status":"closed","ping_status":"closed","template":"single_codigo.php","meta":{"_acf_changed":false,"footnotes":""},"class_list":["post-153529","page","type-page","status-publish","hentry"],"acf":[],"_links":{"self":[{"href":"https:\/\/staging.casinoalto.com\/mx\/wp-json\/wp\/v2\/pages\/153529","targetHints":{"allow":["GET"]}}],"collection":[{"href":"https:\/\/staging.casinoalto.com\/mx\/wp-json\/wp\/v2\/pages"}],"about":[{"href":"https:\/\/staging.casinoalto.com\/mx\/wp-json\/wp\/v2\/types\/page"}],"author":[{"embeddable":true,"href":"https:\/\/staging.casinoalto.com\/mx\/wp-json\/wp\/v2\/users\/11"}],"replies":[{"embeddable":true,"href":"https:\/\/staging.casinoalto.com\/mx\/wp-json\/wp\/v2\/comments?post=153529"}],"version-history":[{"count":3,"href":"https:\/\/staging.casinoalto.com\/mx\/wp-json\/wp\/v2\/pages\/153529\/revisions"}],"predecessor-version":[{"id":10061680,"href":"https:\/\/staging.casinoalto.com\/mx\/wp-json\/wp\/v2\/pages\/153529\/revisions\/10061680"}],"up":[{"embeddable":true,"href":"https:\/\/staging.casinoalto.com\/mx\/wp-json\/wp\/v2\/pages\/10061091"}],"wp:attachment":[{"href":"https:\/\/staging.casinoalto.com\/mx\/wp-json\/wp\/v2\/media?parent=153529"}],"curies":[{"name":"wp","href":"https:\/\/api.w.org\/{rel}","templated":true}]}}