{"id":10054867,"date":"2021-02-19T11:48:37","date_gmt":"2021-02-19T11:48:37","guid":{"rendered":"https:\/\/casinoalto.com\/pe\/?page_id=10054867"},"modified":"2026-01-24T17:21:59","modified_gmt":"2026-01-24T17:21:59","slug":"codigo-promocional-betobet","status":"publish","type":"page","link":"https:\/\/staging.casinoalto.com\/pe\/codigos\/codigo-promocional-betobet\/","title":{"rendered":"C\u00f3digo promocional Betobet"},"content":{"rendered":"<blockquote><p>Betobet ofrece un <a href=\"https:\/\/casinoalto.com\/pe\/bonos-de-bienvenida\/\" target=\"_blank\" rel=\"noopener\">bono de bienvenida para nuevos jugadores<\/a> del 100% hasta 2.500 soles peruanos para Peru, con un rollover de x25, si introduces el c\u00f3digo promocional CASINO100 con tu primer dep\u00f3sito.<\/p><\/blockquote>\n<p>Con una variedad mayor a los 600 juegos en l\u00ednea, <a href=\"\/pe\/casinos-online\/betobet\/\">un casino confiable como Betobet<\/a> es una opci\u00f3n interesante para todos los jugadores peruanos que son amantes de las apuestas, as\u00ed como para los que reci\u00e9n comienzan a adentrarse a este mundo.<\/p>\n<p>Este casino est\u00e1 lejos de los grandes nombres del mercado, pero es una opci\u00f3n con una buena reputaci\u00f3n y con grandes servicios, suficiente para ponerse en la pelea con los <a href=\"https:\/\/casinoalto.com\/pe\/casinos-online\/\" target=\"_blank\" rel=\"noopener\">casinos m\u00e1s importantes de todo el continente<\/a>.<\/p>\n<p>Betobet cuenta con una <strong>licencia otorgada por las autoridades de Cura\u00e7ao<\/strong>, aunque tambi\u00e9n tienen relaci\u00f3n con Chipre y Malta en cuanto a empresas reguladoras se refiere, aunque una de las partes m\u00e1s d\u00e9biles de este casino son los pocos m\u00e9todos de pago con los que cuentan.<\/p>\n<p>Su sitio web es seguro, con sistemas que protegen los datos personales de cada usuario. Adem\u00e1s, tienen al d\u00eda y actualizados todos los textos de t\u00e9rminos y condiciones para que los clientes sepan en todo momento y de primera mano el v\u00ednculo que aceptan tener al jugar en Betobet.<\/p>\n<p>El bono de bienvenida de Betobet es del <strong>100% en hasta 2.500 soles<\/strong>, una oportunidad dif\u00edcil de dejar pasar debido a la buena cantidad de dinero que se entrega para los nuevos jugadores, aunque tambi\u00e9n es entendible que al ser un bono en una divisa extranjera, representa un gasto mayor.<\/p>\n<p>Aqu\u00ed te decimos como obtener el bono:<\/p>\n<ul>\n<li>Reg\u00edstrate en la p\u00e1gina y completa tus datos a trav\u00e9s de nuestros enlaces de <a href=\"https:\/\/casinoalto.com\/pe\/\" target=\"_blank\" rel=\"noopener\">Casino Alto Per\u00fa<\/a>\n<ul>\n<li>Inicia sesi\u00f3n e introducir el c\u00f3digo promocional de Betobet casino <strong>CASINO100<\/strong><\/li>\n<\/ul>\n<\/li>\n<li>Realizar tu primer dep\u00f3sito en el casino con una de las <a href=\"https:\/\/casinoalto.com\/pe\/metodos-de-pago\/\" target=\"_blank\" rel=\"noopener\">opciones para hacer pagos<\/a><\/li>\n<li><strong>Recibe tu bono de bienvenida de hasta 2.500 soles<\/strong>.<\/li>\n<\/ul>\n<p>Este bono de bienvenida solamente aplica para usuarios nuevos que se registren en el casino y realicen un primer dep\u00f3sito de m\u00ednimo 35 soles. Es importante que sepas que este bono caducar\u00e1 a los 21 d\u00edas de que fue entregado a tu cuenta.<\/p>\n<p>Para poder liberar las ganancias se debe apostar el valor del bono m\u00e1s el de la cantidad ingresada hasta<strong> 25 veces<\/strong>, mientras que la cantidad m\u00e1xima que se puede ganar es de 5 veces la cantidad del bono. Una vez completado, podr\u00e1s disponer de tu dinero cuando quieras.<\/p>\n<p>Hazte con el c\u00f3digo promocional de Betobet Casino, y podr\u00e1s conseguir esta suculenta recompensa para jugar a los mejores juegos de casino. <a href=\"\/pe\/juego\/ruleta\/\">Ruletas para jugar la demo<\/a>, <a href=\"\/pe\/juego\/blackjack\/\">blackjack para jugar la demo<\/a>, cartas, slots y mucho m\u00e1s.<\/p>\n","protected":false},"excerpt":{"rendered":"<p>Betobet ofrece un bono de bienvenida para nuevos jugadores del 100% hasta 2.500 soles peruanos para Peru, con un rollover de x25, si introduces el c\u00f3digo promocional CASINO100 con tu primer dep\u00f3sito. Con una variedad mayor a los 600 juegos en l\u00ednea, un casino confiable como Betobet es una opci\u00f3n interesante para todos los jugadores [&hellip;]<\/p>\n","protected":false},"author":11,"featured_media":0,"parent":152512,"menu_order":0,"comment_status":"closed","ping_status":"closed","template":"single_codigo.php","meta":{"_acf_changed":false,"footnotes":""},"class_list":["post-10054867","page","type-page","status-publish","hentry"],"acf":[],"_links":{"self":[{"href":"https:\/\/staging.casinoalto.com\/pe\/wp-json\/wp\/v2\/pages\/10054867","targetHints":{"allow":["GET"]}}],"collection":[{"href":"https:\/\/staging.casinoalto.com\/pe\/wp-json\/wp\/v2\/pages"}],"about":[{"href":"https:\/\/staging.casinoalto.com\/pe\/wp-json\/wp\/v2\/types\/page"}],"author":[{"embeddable":true,"href":"https:\/\/staging.casinoalto.com\/pe\/wp-json\/wp\/v2\/users\/11"}],"replies":[{"embeddable":true,"href":"https:\/\/staging.casinoalto.com\/pe\/wp-json\/wp\/v2\/comments?post=10054867"}],"version-history":[{"count":5,"href":"https:\/\/staging.casinoalto.com\/pe\/wp-json\/wp\/v2\/pages\/10054867\/revisions"}],"predecessor-version":[{"id":10063168,"href":"https:\/\/staging.casinoalto.com\/pe\/wp-json\/wp\/v2\/pages\/10054867\/revisions\/10063168"}],"up":[{"embeddable":true,"href":"https:\/\/staging.casinoalto.com\/pe\/wp-json\/wp\/v2\/pages\/152512"}],"wp:attachment":[{"href":"https:\/\/staging.casinoalto.com\/pe\/wp-json\/wp\/v2\/media?parent=10054867"}],"curies":[{"name":"wp","href":"https:\/\/api.w.org\/{rel}","templated":true}]}}