{"id":10055113,"date":"2021-04-16T20:19:05","date_gmt":"2021-04-16T20:19:05","guid":{"rendered":"https:\/\/casinoalto.com\/pe\/?page_id=10055113"},"modified":"2026-01-24T17:29:15","modified_gmt":"2026-01-24T17:29:15","slug":"codigo-promocional-playuzu","status":"publish","type":"page","link":"https:\/\/staging.casinoalto.com\/pe\/codigos\/codigo-promocional-playuzu\/","title":{"rendered":"C\u00f3digo promocional PlayUZU"},"content":{"rendered":"<p>En esta ocasi\u00f3n hablaremos sobre un nuevo bono de bienvenida de los m\u00e1s interesantes que encontraremos en el mercado de <a href=\"https:\/\/casinoalto.com\/pe\/casinos-online\/\" target=\"_blank\" rel=\"noopener\">casinos online legalizados en el Per\u00fa<\/a>: el que ofrece <a href=\"\/pe\/casinos-online\/playuzu\/\">un casino seguro como PlayUZU Casino<\/a>.<\/p>\n<p>Este casino online, que entr\u00f3 en operaci\u00f3n en el Per\u00fa este 2021, pone al alcance de sus nuevos usuarios <strong>hasta 50 giros gratis con tan solo abrir una cuenta y realizar un primer dep\u00f3sito,<\/strong> los cuales podr\u00e1s usar en su slot \u201cZeuz vs Hades Gods of War\u201d.<\/p>\n<p>Si lo que quieres es saber c\u00f3mo obtener esta promoci\u00f3n bastante atractiva e inusual, aqu\u00ed te tenemos toda la informaci\u00f3n que necesitas para adquirirla.<\/p>\n<p>PlayUZU te da <strong>un bono exclusivo de 50 giros gratis con tu primer dep\u00f3sito, <\/strong>siempre y cuando la cantidad que deposites sea superior al m\u00ednimo establecido de S\/30.<\/p>\n<p>El proceso para recibir esta cantidad extra en tu cuenta de jugador es muy sencillo. Reg\u00edstrate en PlayUZU en tres sencillos pasos, haz tu primer dep\u00f3sito correspondiente mediante el <a href=\"\/pe\/metodos-de-pago\/\">m\u00e9todo de pago para hacer dep\u00f3sitos<\/a> que quieras y despu\u00e9s de esto tendr\u00e1s esas tiradas extra en forma de <a href=\"https:\/\/casinoalto.com\/pe\/bonos-de-bienvenida\/\" target=\"_blank\" rel=\"noopener\">bono de bienvenida para nuevos jugadores<\/a> acreditadas en tu cuenta.<\/p>\n<p>Es importante se\u00f1alar que, una vez tengas el bono del c\u00f3digo promocional de PlayUZU Casino en tu poder,\u00a0<strong>contar\u00e1s con 24 horas para usarlo<\/strong>, aunque lo m\u00e1s ventajoso es el hecho de que no tiene rollover y no vas a tener que liberar lo que ganes. Es decir, todo lo que consigas se acredita en forma de dinero real.<\/p>\n<p>Si quieres conocer m\u00e1s detalles acerca de esta interesante oferta de bienvenida con la que\u00a0<strong>podr\u00e1s acumular hasta 80 giros gratis solo por registrarte y realizar tu primer dep\u00f3sito<\/strong>, consulta la secci\u00f3n de t\u00e9rminos y condiciones o ponte en contacto con el\u00a0servicio de atenci\u00f3n al cliente de PlayUZU Casino.<\/p>\n<p>Esta promoci\u00f3n est\u00e1 disponible para aquellos jugadores que se registren por primera vez, aunque el casino online se reserva el derecho a modificarla o darla por finalizada cuando los considere oportuno.<\/p>\n<p>Es por mismo que te animamos a que no pierdas esta buena oportunidad, para que aproveches el c\u00f3digo promocional de PlayUZU Casino y te diviertas.<\/p>\n","protected":false},"excerpt":{"rendered":"<p>En esta ocasi\u00f3n hablaremos sobre un nuevo bono de bienvenida de los m\u00e1s interesantes que encontraremos en el mercado de casinos online legalizados en el Per\u00fa: el que ofrece un casino seguro como PlayUZU Casino. Este casino online, que entr\u00f3 en operaci\u00f3n en el Per\u00fa este 2021, pone al alcance de sus nuevos usuarios hasta [&hellip;]<\/p>\n","protected":false},"author":11,"featured_media":0,"parent":152512,"menu_order":0,"comment_status":"closed","ping_status":"closed","template":"single_codigo.php","meta":{"_acf_changed":false,"footnotes":""},"class_list":["post-10055113","page","type-page","status-publish","hentry"],"acf":[],"_links":{"self":[{"href":"https:\/\/staging.casinoalto.com\/pe\/wp-json\/wp\/v2\/pages\/10055113","targetHints":{"allow":["GET"]}}],"collection":[{"href":"https:\/\/staging.casinoalto.com\/pe\/wp-json\/wp\/v2\/pages"}],"about":[{"href":"https:\/\/staging.casinoalto.com\/pe\/wp-json\/wp\/v2\/types\/page"}],"author":[{"embeddable":true,"href":"https:\/\/staging.casinoalto.com\/pe\/wp-json\/wp\/v2\/users\/11"}],"replies":[{"embeddable":true,"href":"https:\/\/staging.casinoalto.com\/pe\/wp-json\/wp\/v2\/comments?post=10055113"}],"version-history":[{"count":5,"href":"https:\/\/staging.casinoalto.com\/pe\/wp-json\/wp\/v2\/pages\/10055113\/revisions"}],"predecessor-version":[{"id":10063169,"href":"https:\/\/staging.casinoalto.com\/pe\/wp-json\/wp\/v2\/pages\/10055113\/revisions\/10063169"}],"up":[{"embeddable":true,"href":"https:\/\/staging.casinoalto.com\/pe\/wp-json\/wp\/v2\/pages\/152512"}],"wp:attachment":[{"href":"https:\/\/staging.casinoalto.com\/pe\/wp-json\/wp\/v2\/media?parent=10055113"}],"curies":[{"name":"wp","href":"https:\/\/api.w.org\/{rel}","templated":true}]}}