{"id":10060825,"date":"2020-03-02T12:39:08","date_gmt":"2020-03-02T12:39:08","guid":{"rendered":"https:\/\/casinoalto.com\/pe\/?page_id=152417"},"modified":"2026-01-28T16:19:39","modified_gmt":"2026-01-28T16:19:39","slug":"codigo-promocional-inkabet-casino","status":"publish","type":"page","link":"https:\/\/staging.casinoalto.com\/pe\/codigos\/codigo-promocional-inkabet-casino\/","title":{"rendered":"C\u00f3digo promocional Inkabet Casino"},"content":{"rendered":"<p>De toda la oferta de casinos en l\u00ednea que existe hoy en d\u00eda, Per\u00fa tiene la fortuna de contar con\u00a0<a href=\"\/pe\/casinos-online\/inkabet-casino\/\">la fiabilidad de un casino como Inkabet<\/a>, una plataforma completamente nacional que ofrece sus servicios en todo el pa\u00eds. Aqu\u00ed en <a href=\"https:\/\/casinoalto.com\/pe\/\" target=\"_blank\" rel=\"noopener\">Casino Alto<\/a> podr\u00e1s conocer la promoci\u00f3n del c\u00f3digo de bono de Inkabet.<\/p>\n<p>Esta p\u00e1gina forma parte de la empresa Media Entertainment NV, con licencia y sede en la isla de Cura\u00e7ao. Si bien ofrece la posibilidad de registrarte desde cualquier pa\u00eds sudamericano, el sitio est\u00e1 enfocado en la clientela peruana.<\/p>\n<p>El\u00a0<strong>bono de bienvenida de Inkabet te ofrece hasta 500 soles y hasta 300 giros. <\/strong>Aqu\u00ed te decimos todo lo que necesitas saber para activarlo.<\/p>\n<p><em>Pasos a seguir para obtener la promoci\u00f3n de bienvenida de Inkabet:<\/em><\/p>\n<ul>\n<li>Accede a la p\u00e1gina web de Inkabet a trav\u00e9s de nuestros enlaces.<\/li>\n<li>Completa tu registro en el casino en l\u00ednea.<\/li>\n<li>Realiza un dep\u00f3sito de por lo menos S\/20 para comenzar eligindo los <a href=\"https:\/\/casinoalto.com\/pe\/metodos-de-pago\/\" target=\"_blank\" rel=\"noopener\">m\u00e9todos para hacer pagos<\/a>.<\/li>\n<li>Elige la opci\u00f3n bono de casino.<\/li>\n<li>Recibe a trav\u00e9s del c\u00f3digo promocional de Inkabet la oferta.<\/li>\n<\/ul>\n<p>Esta <a href=\"https:\/\/casinoalto.com\/pe\/bonos-de-bienvenida\/\" target=\"_blank\" rel=\"noopener\">promoci\u00f3n de bienvenida para nuevos jugadores<\/a> est\u00e1 disponible \u00fanicamente para clientes nuevos de Inkabet. A la hora de elegir la opci\u00f3n de bono, debe ser el de casino, pues tambi\u00e9n sale la opci\u00f3n del bono de bienvenida para deportes, pero solo se puede elegir uno.<\/p>\n<p>Para liberar el dinero, deber\u00e1s cumplir con el<strong>\u00a0rollover (requisito m\u00ednimo de apuesta) de 30 veces lo depositado m\u00e1s el bono<\/strong>. Aqu\u00ed te contamos c\u00f3mo funciona esta bonificaci\u00f3n:<\/p>\n<ul>\n<li>20-49 S\/ \u2013 Sin bono y 15 giros en Sweet Bonanza<\/li>\n<li>50-149 S\/ \u2013 S\/50 de bono y 30 giros en Sweet Bonanza<\/li>\n<li>150 \u2013 199 S\/ \u2013\u00a0S\/150 de bono y 50 giros en Sweet Bonanza<\/li>\n<li>200 S\/ \u2013 S\/200 de bono y 100 giros en Sweet Bonanza<\/li>\n<\/ul>\n<p>Cuentas con hasta 30 d\u00edas para cumplir el requisito m\u00ednimo de apuesta. Si pasa todo ese tiempo y no has cumplido con el requisito de roll-over o no has retirado el dinero, el bono de Inkabet desaparecer\u00e1.<\/p>\n<p>Cada juego de casino contabiliza de distinta forma para la liberaci\u00f3n del bono de bienvenida, adem\u00e1s de que hay algunos t\u00edtulos que no aportan porcentaje. Ten esto en cuenta para sacar el m\u00e1ximo provecho al c\u00f3digo promocional de Inkabet.<\/p>\n<p>El bono de bienvenida de Inkabet es v\u00e1lido solamente una vez por usuario, direcci\u00f3n IP, domicilio o entorno en el que se utilicen computadoras compartidas.<\/p>\n<p>El uso indebido de la promoci\u00f3n puede causar la anulaci\u00f3n de la misma y de las ganancias obtenidas. Se proh\u00edbe utilizar la bonificaci\u00f3n en estrategias de juego que, de forma intencional o no, impliquen fraudes al sistema.<\/p>\n<p>No le des m\u00e1s vueltas y aprovecha ya el c\u00f3digo de bono de Inkabet Per\u00fa, y empieza a jugar hasta con 200 soles y 100 giros extra en uno de los <a href=\"https:\/\/casinoalto.com\/pe\/casinos-online\/\" target=\"_blank\" rel=\"noopener\">mejores sitios para casino del pa\u00eds<\/a>.<\/p>\n","protected":false},"excerpt":{"rendered":"<p>De toda la oferta de casinos en l\u00ednea que existe hoy en d\u00eda, Per\u00fa tiene la fortuna de contar con\u00a0la fiabilidad de un casino como Inkabet, una plataforma completamente nacional que ofrece sus servicios en todo el pa\u00eds. Aqu\u00ed en Casino Alto podr\u00e1s conocer la promoci\u00f3n del c\u00f3digo de bono de Inkabet. Esta p\u00e1gina forma [&hellip;]<\/p>\n","protected":false},"author":6,"featured_media":0,"parent":152512,"menu_order":0,"comment_status":"closed","ping_status":"closed","template":"single_codigo.php","meta":{"_acf_changed":false,"footnotes":""},"class_list":["post-10060825","page","type-page","status-publish","hentry"],"acf":[],"_links":{"self":[{"href":"https:\/\/staging.casinoalto.com\/pe\/wp-json\/wp\/v2\/pages\/10060825","targetHints":{"allow":["GET"]}}],"collection":[{"href":"https:\/\/staging.casinoalto.com\/pe\/wp-json\/wp\/v2\/pages"}],"about":[{"href":"https:\/\/staging.casinoalto.com\/pe\/wp-json\/wp\/v2\/types\/page"}],"author":[{"embeddable":true,"href":"https:\/\/staging.casinoalto.com\/pe\/wp-json\/wp\/v2\/users\/6"}],"replies":[{"embeddable":true,"href":"https:\/\/staging.casinoalto.com\/pe\/wp-json\/wp\/v2\/comments?post=10060825"}],"version-history":[{"count":7,"href":"https:\/\/staging.casinoalto.com\/pe\/wp-json\/wp\/v2\/pages\/10060825\/revisions"}],"predecessor-version":[{"id":10063181,"href":"https:\/\/staging.casinoalto.com\/pe\/wp-json\/wp\/v2\/pages\/10060825\/revisions\/10063181"}],"up":[{"embeddable":true,"href":"https:\/\/staging.casinoalto.com\/pe\/wp-json\/wp\/v2\/pages\/152512"}],"wp:attachment":[{"href":"https:\/\/staging.casinoalto.com\/pe\/wp-json\/wp\/v2\/media?parent=10060825"}],"curies":[{"name":"wp","href":"https:\/\/api.w.org\/{rel}","templated":true}]}}