{"id":10060826,"date":"2020-03-02T16:29:19","date_gmt":"2020-03-02T16:29:19","guid":{"rendered":"https:\/\/casinoalto.com\/pe\/?page_id=152424"},"modified":"2025-05-14T20:24:35","modified_gmt":"2025-05-14T20:24:35","slug":"codigo-promocional-betsafe","status":"publish","type":"page","link":"https:\/\/staging.casinoalto.com\/pe\/codigos\/codigo-promocional-betsafe\/","title":{"rendered":"C\u00f3digo promocional Betsafe"},"content":{"rendered":"<p>Se trata de un <a href=\"\/pe\/casinos-online\/\">casino en l\u00ednea legalizado en el pa\u00eds<\/a>\u00a0que pese a que lleva poco tiempo desde que logr\u00f3 su licencia (agosto de 2018), se ha ganado a pulso propio su lugar como una de las mejores opciones en lo que a juegos de azar y apuestas deportivas se refiere.<\/p>\n<p><a href=\"\/pe\/casinos-online\/betsafe-casino\/\">Un casino seguro como Betsafe Casino<\/a> est\u00e1 afiliada con Betsson Group y pertenece a BML Group Ltd., con base de operaciones en Malta, una de las m\u00e1s recomendadas por <a href=\"https:\/\/casinoalto.com\/pe\/\" target=\"_blank\" rel=\"noopener\">Casino Alto<\/a>, pa\u00eds que regula su licencia de juego. La plataforma es una de las m\u00e1s relevantes gracias a los altos est\u00e1ndares de calidad a los que se ha sometido.<\/p>\n<p>El bono de bienvenida de Betsafe Casino destaca por ser<strong> del 100 por ciento por hasta 200 soles y hasta 100 giros gratis <\/strong>en el juego Tucanito. Aqu\u00ed te decimos c\u00f3mo obtenerlo.<\/p>\n<p><em>Pasos a seguir para obtener el bono de bienvenida de Betsafe Casino:<\/em><\/p>\n<ul>\n<li>Utiliza\u00a0nuestros enlaces\u00a0para entrar a la p\u00e1gina web.<\/li>\n<li>Abre una cuenta en la plataforma con el c\u00f3digo de bono de Betsafe.<\/li>\n<li>Realiza un dep\u00f3sito con una de las <a href=\"https:\/\/casinoalto.com\/pe\/metodos-de-pago\/\" target=\"_blank\" rel=\"noopener\">formas de pago para jugar<\/a> de por lo menos 50 soles.<\/li>\n<li>Activa los bonos antes de realizar una apuesta.<\/li>\n<\/ul>\n<p>El <a href=\"https:\/\/casinoalto.com\/pe\/bonos-de-bienvenida\/\" target=\"_blank\" rel=\"noopener\">bono de bienvenida para nuevos jugadores<\/a> de Betsafe Casino es exclusivo para clientes que viven en Per\u00fa, con validez de \u00fanica vez por cliente\/direcci\u00f3n IP o domicilio. Los m\u00e9todos de pago v\u00e1lidos son todos salvo Paysafecard, Neteller y Moneybookers o Skrill.<\/p>\n<p>Deber\u00e1s activar la promoci\u00f3n de bienvenida de Betsafe Casino antes de realizar alguna apuesta. Si no lo haces, deber\u00e1s volver a depositar por lo menos 50 soles para activar el bono.<\/p>\n<p>Cada bono estar\u00e1 disponible hasta 14 d\u00edas posteriores al registro de la cuenta. Una vez pasado ese tiempo l\u00edmite, aquellos\u00a0bonos de casino\u00a0sin su dep\u00f3sito m\u00ednimo correspondiente ser\u00e1n eliminados de la cuenta. Adem\u00e1s, una vez realizado un dep\u00f3sito, se contar\u00e1 con hasta catorce d\u00edas para utilizarlo y liberarlo. En caso de que no se cumplan estos requisitos en el tiempo estipulado, se perder\u00e1n.<\/p>\n<p>Para liberar los bonos de bienvenida de Betsafe Casino, es necesario que cumplas el\u00a0<strong>requisito de roll-over x35, es decir, deber\u00e1s apostar 35 veces el valor del bono<\/strong>. Por ejemplo, si recibes un bono de 50 soles, el roll-over aplicado es de 1.750 soles, los cuales deber\u00e1s apostar en total, tomando en cuenta la contribuci\u00f3n de cada juego. El intentar retirar dinero antes de cumplir el requisito de apuesta m\u00ednima puede anular el bono.<\/p>\n<p>Una vez activado el bono\u00a0<strong>deber\u00e1s cumplir con los requisitos (rollover) en un lapso de 14 d\u00edas antes de solicitar cualquier retiro<\/strong>. El dinero del bono restante en la cuenta ser\u00e1 eliminado luego de 14 d\u00edas.<\/p>\n<p>Por su parte, <strong>los giros gratis<\/strong> solo son v\u00e1lidos en la slot Tucanito, <strong>tienen un valor de S\/0.80 y estar\u00e1n disponibles durante 3 d\u00edas<\/strong>. El dinero resultante de los mismos se obtendr\u00e1 como dinero de bono y deber\u00e1 apostarse un total de 25 veces en un plazo de tres d\u00edas. Por ello es importante el n\u00famero de tiradas recibidas.<\/p>\n<p>Estas dependen de la cuant\u00eda del primer dep\u00f3sito con los siguientes tramos promocionales:<\/p>\n<ul>\n<li>Deposita S\/50 y recibe 20 giros gratis.<\/li>\n<\/ul>\n<ul>\n<li>Deposita S\/100 y recibe 50 giros gratis.<\/li>\n<li>Deposita S\/150 y recibe 75 giros gratis.<\/li>\n<li>Deposita S\/200 y recibe 100 giros gratis.<\/li>\n<\/ul>\n<p>Betsafe Casino se reserva el derecho de cambiar o cancelar la promoci\u00f3n, en cualquier momento y por cualquier raz\u00f3n, seg\u00fan sus criterios, y sin previa notificaci\u00f3n al cliente. Asimismo, en caso de encontrar evidencia de fraude, el responsable puede ser descalificado de este bono e incluso cerrar la cuenta con todo el saldo existente.<\/p>\n<p>El cat\u00e1logo de su p\u00e1gina es variado, con una amplia variedad de tragamonedas,\u00a0<a href=\"\/pe\/casino-en-vivo\/\">juegos de casino en vivo<\/a>, ruletas y blackjack que garantizan un rato de diversi\u00f3n, a la vez de que algunos de sus juegos cuentan con crupieres que te asisten v\u00eda electr\u00f3nica, brindando un entorno seguro a sus usuarios.<\/p>\n<p>Adem\u00e1s, su atenci\u00f3n al cliente ayuda a que las dudas sean menores, gracias a la claridad con la que resuelven inquietudes y problemas que puedan suscitar durante la experiencia.<\/p>\n<p>Consigue ya esta gran oferta con el c\u00f3digo de bono de Betsafe, y prep\u00e1rate para horas de diversi\u00f3n.<\/p>\n","protected":false},"excerpt":{"rendered":"<p>Se trata de un casino en l\u00ednea legalizado en el pa\u00eds\u00a0que pese a que lleva poco tiempo desde que logr\u00f3 su licencia (agosto de 2018), se ha ganado a pulso propio su lugar como una de las mejores opciones en lo que a juegos de azar y apuestas deportivas se refiere. Un casino seguro como [&hellip;]<\/p>\n","protected":false},"author":6,"featured_media":0,"parent":152512,"menu_order":0,"comment_status":"closed","ping_status":"closed","template":"single_codigo.php","meta":{"_acf_changed":false,"footnotes":""},"class_list":["post-10060826","page","type-page","status-publish","hentry"],"acf":[],"_links":{"self":[{"href":"https:\/\/staging.casinoalto.com\/pe\/wp-json\/wp\/v2\/pages\/10060826","targetHints":{"allow":["GET"]}}],"collection":[{"href":"https:\/\/staging.casinoalto.com\/pe\/wp-json\/wp\/v2\/pages"}],"about":[{"href":"https:\/\/staging.casinoalto.com\/pe\/wp-json\/wp\/v2\/types\/page"}],"author":[{"embeddable":true,"href":"https:\/\/staging.casinoalto.com\/pe\/wp-json\/wp\/v2\/users\/6"}],"replies":[{"embeddable":true,"href":"https:\/\/staging.casinoalto.com\/pe\/wp-json\/wp\/v2\/comments?post=10060826"}],"version-history":[{"count":5,"href":"https:\/\/staging.casinoalto.com\/pe\/wp-json\/wp\/v2\/pages\/10060826\/revisions"}],"predecessor-version":[{"id":10062985,"href":"https:\/\/staging.casinoalto.com\/pe\/wp-json\/wp\/v2\/pages\/10060826\/revisions\/10062985"}],"up":[{"embeddable":true,"href":"https:\/\/staging.casinoalto.com\/pe\/wp-json\/wp\/v2\/pages\/152512"}],"wp:attachment":[{"href":"https:\/\/staging.casinoalto.com\/pe\/wp-json\/wp\/v2\/media?parent=10060826"}],"curies":[{"name":"wp","href":"https:\/\/api.w.org\/{rel}","templated":true}]}}