{"id":10060831,"date":"2020-03-04T01:33:32","date_gmt":"2020-03-04T01:33:32","guid":{"rendered":"https:\/\/casinoalto.com\/pe\/?page_id=152499"},"modified":"2025-05-15T11:47:06","modified_gmt":"2025-05-15T11:47:06","slug":"codigo-promocional-ruby-fortune-casino","status":"publish","type":"page","link":"https:\/\/staging.casinoalto.com\/pe\/codigos\/codigo-promocional-ruby-fortune-casino\/","title":{"rendered":"C\u00f3digo promocional Ruby Fortune Casino"},"content":{"rendered":"<p>En Per\u00fa, <a href=\"\/pe\/casinos-online\/ruby-fortune-casino\/\">un casino confiable como Ruby Fortune<\/a> destaca como una excelente opci\u00f3n para incursionar en el mundo de los <a href=\"https:\/\/casinoalto.com\/pe\/casinos-online\/\" target=\"_blank\" rel=\"noopener\">casinos en l\u00ednea para jugar con seguridad<\/a>, gracias a las excelentes comodidades que ofrece a sus clientes en materia de juego y la misma fiabilidad del sitio.<\/p>\n<p>Como parte de la familia CitiViews Group, la plataforma fue fundada en 2003 y tiene detr\u00e1s a una amplia experiencia en lo que a apuestas online se refiere.<\/p>\n<p>El <strong>bono de bienvenida de Ruby Fortune te ofrece hasta $750 d\u00f3lares<\/strong>, los cuales estar\u00e1n divididos en tres dep\u00f3sitos iniciales.<\/p>\n<p>En cada dep\u00f3sito puedes llevarte hasta el <strong>100 por ciento de lo que ingreses hasta un m\u00e1ximo de 250 d\u00f3lares<\/strong>. Es decir, si ingresaste $100 d\u00f3lares a tu cuenta, se te abonar\u00e1n otros 100, por lo que podr\u00e1s repetir esto en tu segundo y tu tercer dep\u00f3sito para aumentar el dinero.<\/p>\n<p><em>Pasos a seguir para tener el bono de bienvenida de Ruby Fortune:<\/em><\/p>\n<ul>\n<li>Utiliza <a href=\"\/pe\/ruby-fortune\/\">nuestros enlaces<\/a> para ingresar a Ruby Fortune.<\/li>\n<li>Reg\u00edstrate y completa tus datos personales para crear una cuenta.<\/li>\n<li>Realiza un dep\u00f3sito eligindo una de las <a href=\"https:\/\/casinoalto.com\/pe\/metodos-de-pago\/\" target=\"_blank\" rel=\"noopener\">formas para hacer pagos<\/a> de por lo menos $10.<\/li>\n<li>Recibe la promoci\u00f3n de bienvenida de Ruby Fortune.<\/li>\n<\/ul>\n<p>Una vez hecho tu registro en la plataforma, <strong>tienes hasta siete d\u00edas para aprovechar tu promoci\u00f3n<\/strong>. Una vez pasada la fecha l\u00edmite, t\u00fa bonificaci\u00f3n ser\u00e1 anulada y no podr\u00e1 recuperarse. No desperdicies este c\u00f3digo promocional de Ruby Fortune Casino.<\/p>\n<p>Para poder retirar las ganancias generadas con tu bono de bienvenida tendr\u00e1s que cumplir con el <strong>roll-over y jugar 50 veces. Por ejemplo, si recibes 100 d\u00f3lares como bono de casino, deber\u00e1s jugar estos 50 veces<\/strong> (5000 d\u00f3lares) para poder liberar todas las ganancias conseguidas.<\/p>\n<p>No podr\u00e1s retirar ning\u00fan monto de tu cuenta hasta que hayas completado los requisitos de juego m\u00ednimo o apostado todos los fondos de tu cuenta de bono. Una vez cumplidos los requisitos de apuesta, las ganancias en las apuestas del balance de <a href=\"\/pe\/bonos-de-bienvenida\/\">bono por primer dep\u00f3sito<\/a>, pasan directamente al balance de efectivo.<\/p>\n<p>Debes tomar en cuenta de que no todos los <a href=\"\/pe\/juegos\/\">juegos de casino<\/a> de Ruby Fortune cuentan igual a la hora de cumplir este requisito de liberaci\u00f3n del bono.<\/p>\n<p>En caso que el Ruby Fortune Casino considere que el jugador intenta abusar de esta o cualquier promoci\u00f3n, o que exista la probabilidad de que se beneficie por abuso o falta de buena fe de una pol\u00edtica de juegos de azar adoptada por la plataforma, el casino podr\u00e1 negar, retener o retirarle cualquier bono o promoci\u00f3n,\u00a0 rescindir cualquier pol\u00edtica temporalmente o permanentemente, o terminar su acceso a los servicios y\/o bloquearle la cuenta.<\/p>\n<p>En tales circunstancias, Ruby Fortune no tendr\u00e1 obligaci\u00f3n alguna de reembolsar los fondos que pudieran estar en sus distintas cuentas, a excepci\u00f3n de las cantidades originales del dep\u00f3sito.<\/p>\n<p>Su licencia fue otorgada por la Autoridad del Juego de Malta, as\u00ed como la Comisi\u00f3n de Juego de Kahnawake, autentificando sus actividades. A esto se le suma su sello eCogra, el cual sirve para certificar la seguridad de sus clientes para brindar sus datos personales y el pago de los premios conseguidos.<\/p>\n<p>El dise\u00f1o de su sitio web, si bien es sencillo, tambi\u00e9n es f\u00e1cil de manejar y cuenta con im\u00e1genes e iconos que le facilitan la navegaci\u00f3n a sus usuarios. A esto se le suma su adaptaci\u00f3n a formatos m\u00f3viles, gracias a sus versiones para sistemas operativos iOs y Android.<\/p>\n<p>\u00bfNo vas a aprovechar el c\u00f3digo promocional de Ruby Fortune Casino con la ayuda de <a href=\"https:\/\/casinoalto.com\/pe\/\" target=\"_blank\" rel=\"noopener\">Casino Alto Per\u00fa<\/a>?<\/p>\n","protected":false},"excerpt":{"rendered":"<p>En Per\u00fa, un casino confiable como Ruby Fortune destaca como una excelente opci\u00f3n para incursionar en el mundo de los casinos en l\u00ednea para jugar con seguridad, gracias a las excelentes comodidades que ofrece a sus clientes en materia de juego y la misma fiabilidad del sitio. Como parte de la familia CitiViews Group, la [&hellip;]<\/p>\n","protected":false},"author":6,"featured_media":0,"parent":152512,"menu_order":0,"comment_status":"closed","ping_status":"closed","template":"single_codigo.php","meta":{"_acf_changed":false,"footnotes":""},"class_list":["post-10060831","page","type-page","status-publish","hentry"],"acf":[],"_links":{"self":[{"href":"https:\/\/staging.casinoalto.com\/pe\/wp-json\/wp\/v2\/pages\/10060831","targetHints":{"allow":["GET"]}}],"collection":[{"href":"https:\/\/staging.casinoalto.com\/pe\/wp-json\/wp\/v2\/pages"}],"about":[{"href":"https:\/\/staging.casinoalto.com\/pe\/wp-json\/wp\/v2\/types\/page"}],"author":[{"embeddable":true,"href":"https:\/\/staging.casinoalto.com\/pe\/wp-json\/wp\/v2\/users\/6"}],"replies":[{"embeddable":true,"href":"https:\/\/staging.casinoalto.com\/pe\/wp-json\/wp\/v2\/comments?post=10060831"}],"version-history":[{"count":3,"href":"https:\/\/staging.casinoalto.com\/pe\/wp-json\/wp\/v2\/pages\/10060831\/revisions"}],"predecessor-version":[{"id":10063003,"href":"https:\/\/staging.casinoalto.com\/pe\/wp-json\/wp\/v2\/pages\/10060831\/revisions\/10063003"}],"up":[{"embeddable":true,"href":"https:\/\/staging.casinoalto.com\/pe\/wp-json\/wp\/v2\/pages\/152512"}],"wp:attachment":[{"href":"https:\/\/staging.casinoalto.com\/pe\/wp-json\/wp\/v2\/media?parent=10060831"}],"curies":[{"name":"wp","href":"https:\/\/api.w.org\/{rel}","templated":true}]}}