{"id":10060832,"date":"2020-03-04T01:43:26","date_gmt":"2020-03-04T01:43:26","guid":{"rendered":"https:\/\/casinoalto.com\/pe\/?page_id=152506"},"modified":"2025-05-15T12:03:22","modified_gmt":"2025-05-15T12:03:22","slug":"codigo-promocional-platinum-play-casino","status":"publish","type":"page","link":"https:\/\/staging.casinoalto.com\/pe\/codigos\/codigo-promocional-platinum-play-casino\/","title":{"rendered":"C\u00f3digo promocional Platinum Play Casino"},"content":{"rendered":"<p>Este casino en l\u00ednea est\u00e1 en operaci\u00f3n desde 2004 y forma parte del grupo de casinos Fortune Lounge, el cual es a su vez propiedad de la empresa maltesa Digimedia Limited.<\/p>\n<p>El casino cuenta con licencia autorizada desde Malta, con lo que se garantiza un alto \u00edndice de fiabilidad para el cliente. Adem\u00e1s, <a href=\"\/pe\/casinos-online\/platinum-play-casino\/\">un casino seguro como Platinum Play<\/a> posee un certificado eCogra, adem\u00e1s de que ostenta el reconocimiento como uno de los mejores casinos online, gracias a que sus porcentajes de pagos son uno de los m\u00e1s altos en el mercado.<\/p>\n<p>A esto se le suma su buen <a href=\"https:\/\/casinoalto.com\/pe\/bonos-de-bienvenida\/\" target=\"_blank\" rel=\"noopener\">bono de bienvenida y las m\u00faltiples promociones<\/a> temporales y exclusivas dentro de su sitio web.<\/p>\n<p>El bono de bienvenida de Platinum Play ofrece hasta un total de <strong>$800 d\u00f3lares con los tres primeros dep\u00f3sitos, en forma de bonos por valor del cien por ciento de lo depositado<\/strong>. Es decir, podr\u00e1s conseguir hasta 400 d\u00f3lares gratis con el primer ingreso. Si depositas $400 recibir\u00e1s de forma inmediata otros $400 d\u00f3lares americanos extra en tu cuenta. El segundo y tercer dep\u00f3sito ocurre lo mismo, pero con la excepci\u00f3n de que lo m\u00e1ximo que podr\u00e1s conseguir ser\u00e1 la mitad de lo del primer bono, o sea 200 d\u00f3lares en cada uno.<\/p>\n<p><em>Pasos a seguir para obtener el bono de bienvenida de Platinum Play con la ayuda de <a href=\"https:\/\/casinoalto.com\/pe\/\" target=\"_blank\" rel=\"noopener\">Casino Alto<\/a>:<\/em><\/p>\n<ul>\n<li>Utiliza <a href=\"\/pe\/platinum-play\/\">nuestros enlaces<\/a> para acceder a la plataforma.<\/li>\n<li>Reg\u00edstrate en la p\u00e1gina con tus datos personales, <a href=\"https:\/\/casinoalto.com\/pe\/metodos-de-pago\/\" target=\"_blank\" rel=\"noopener\">m\u00e9todos de pago para hacer dep\u00f3sitos<\/a> e identificaci\u00f3n oficial.<\/li>\n<li>Realiza un dep\u00f3sito de por lo menos $10 d\u00f3lares.<\/li>\n<li>Cumple el requisito m\u00ednimo de apuesta de por lo menos 50 veces para liberar el bono.<\/li>\n<\/ul>\n<p>Dispondr\u00e1s de hasta <strong>siete d\u00edas posteriores a la apertura de tu cuenta para solicita el bono de registro<\/strong>. Una vez pasada esta fecha, la promoci\u00f3n no estar\u00e1 disponible.<\/p>\n<p>La oferta de promoci\u00f3n del c\u00f3digo promocional de Platinum Play est\u00e1 disponible \u00fanicamente para clientes nuevos.<\/p>\n<p>En caso de que abras m\u00faltiples cuentas, no podr\u00e1s calificar al bono de bienvenida de Platinum Play en cada una de ellas. Este y cualquier otro bono de registro estar\u00e1n disponibles solo una vez por jugador y\/o ambiente en que se compartan computadoras y\/o por direcci\u00f3n de email. Asimismo, se trata de una oferta intransferible.<\/p>\n<p><strong>Deber\u00e1s jugar la oferta 50 veces (x50) antes de poder retirar las ganancias obtenidas<\/strong> con la porci\u00f3n de dinero en bono del balance (\u00abRequisito de juego m\u00ednimo\u00bb). Cualquier ganancia atribuida a la parte de dinero en efectivo del balance de la cuenta puede retirarse en cualquier momento, mientras se cumplan todos estos t\u00e9rminos y condiciones.<\/p>\n<p>Una vez cumplido el requisito de juego m\u00ednimo en el primer bono de bienvenida, el jugador podr\u00e1 retirar su saldo en efectivo en cualquier momento.<\/p>\n<p>La direcci\u00f3n de Platinum Play Casino se reserva el derecho de terminar o enmendar esta promoci\u00f3n en cualquier momento sin previo aviso.<\/p>\n<p>El dise\u00f1o de su p\u00e1gina web es atractivo y se adapta bastante bien en dispositivos m\u00f3viles, lo cual permite al usuario disfrutar de sus juegos en pr\u00e1cticamente cualquier lugar. Sin embargo, hasta el momento no hay apps ni en iOS ni en Android.<\/p>\n<p>Su principal proveedor de juegos es Microgaming, L.A. desarrolladores que le gener\u00f3 sus m\u00e1s de 700 alternativas, con lo que aseguran a sus clientes horas de diversi\u00f3n y ganancias, pudiendo incluso probar los <a href=\"\/pe\/juegos\/\">juegos de casino gratis<\/a>.<\/p>\n<p>\u00bfNo te anima todo ello a unirte ya a esta casa de juegos? An\u00edmate, y a trav\u00e9s del c\u00f3digo promocional de Platinum Play conseguir\u00e1s una gran recompensa de bienvenida en uno de los <a href=\"https:\/\/casinoalto.com\/pe\/casinos-online\/\" target=\"_blank\" rel=\"noopener\">grandes sitios de casino pra jugar en 2025<\/a>.<\/p>\n","protected":false},"excerpt":{"rendered":"<p>Este casino en l\u00ednea est\u00e1 en operaci\u00f3n desde 2004 y forma parte del grupo de casinos Fortune Lounge, el cual es a su vez propiedad de la empresa maltesa Digimedia Limited. El casino cuenta con licencia autorizada desde Malta, con lo que se garantiza un alto \u00edndice de fiabilidad para el cliente. Adem\u00e1s, un casino [&hellip;]<\/p>\n","protected":false},"author":6,"featured_media":0,"parent":152512,"menu_order":0,"comment_status":"closed","ping_status":"closed","template":"single_codigo.php","meta":{"_acf_changed":false,"footnotes":""},"class_list":["post-10060832","page","type-page","status-publish","hentry"],"acf":[],"_links":{"self":[{"href":"https:\/\/staging.casinoalto.com\/pe\/wp-json\/wp\/v2\/pages\/10060832","targetHints":{"allow":["GET"]}}],"collection":[{"href":"https:\/\/staging.casinoalto.com\/pe\/wp-json\/wp\/v2\/pages"}],"about":[{"href":"https:\/\/staging.casinoalto.com\/pe\/wp-json\/wp\/v2\/types\/page"}],"author":[{"embeddable":true,"href":"https:\/\/staging.casinoalto.com\/pe\/wp-json\/wp\/v2\/users\/6"}],"replies":[{"embeddable":true,"href":"https:\/\/staging.casinoalto.com\/pe\/wp-json\/wp\/v2\/comments?post=10060832"}],"version-history":[{"count":3,"href":"https:\/\/staging.casinoalto.com\/pe\/wp-json\/wp\/v2\/pages\/10060832\/revisions"}],"predecessor-version":[{"id":10063011,"href":"https:\/\/staging.casinoalto.com\/pe\/wp-json\/wp\/v2\/pages\/10060832\/revisions\/10063011"}],"up":[{"embeddable":true,"href":"https:\/\/staging.casinoalto.com\/pe\/wp-json\/wp\/v2\/pages\/152512"}],"wp:attachment":[{"href":"https:\/\/staging.casinoalto.com\/pe\/wp-json\/wp\/v2\/media?parent=10060832"}],"curies":[{"name":"wp","href":"https:\/\/api.w.org\/{rel}","templated":true}]}}