{"id":10061789,"date":"2022-05-31T20:01:42","date_gmt":"2022-05-31T20:01:42","guid":{"rendered":"https:\/\/casinoalto.com\/pe\/?page_id=10061789"},"modified":"2026-01-22T01:42:46","modified_gmt":"2026-01-22T01:42:46","slug":"codigo-promocional-national-casino","status":"publish","type":"page","link":"https:\/\/staging.casinoalto.com\/pe\/codigos\/codigo-promocional-national-casino\/","title":{"rendered":"C\u00f3digo Promocional National Casino"},"content":{"rendered":"<p>Para aquellos jugadores que buscan opciones nuevas dentro del mercado de los casinos online, <a href=\"\/pe\/casinos-online\/national-casino\/\">una marca confiable como National Casino<\/a> es una que puede parecerte interesante, ya que pese a que es de reciente lanzamiento, ofrece un servicio que podr\u00e1 parecerle atractivo a todos, desde el principiante hasta el que ya tiene experiencia.<\/p>\n<p>El principal atractivo de este <a href=\"\/pe\/casinos-online\/\">casino online listo para jugar con seguridad<\/a> radica en su gran cantidad de juegos disponibles. Las <strong>m\u00e1quinas tragamonedas<\/strong> brillan como la estelar de National Casino, con m\u00e1s de 1000 opciones con las que podr\u00e1s divertirte con la ayuda de <a href=\"https:\/\/casinoalto.com\/pe\/\" target=\"_blank\" rel=\"noopener\">Casino Alto Per\u00fa<\/a>.<\/p>\n<p>Pero si los slots no son lo tuyo, tambi\u00e9n podr\u00e1s divertirte con sus <strong>25 tipos de blackjack, 58 ruletas diferentes, 800 opciones de baccarat<\/strong> (una de las m\u00e1s amplias en el mercado) y <strong>61 versiones de p\u00f3ker<\/strong>. En ese sentido, National Casino cumple y muy bien con lo que promete.<\/p>\n<p>Si lo que quieres es darle una oportunidad a National Casino, una excelente opci\u00f3n es aprovechar su <a href=\"https:\/\/casinoalto.com\/pe\/bonos-de-bienvenida\/\" target=\"_blank\" rel=\"noopener\">bono por tu primer dep\u00f3sito<\/a>, con el que podr\u00e1s recibir hasta <strong>S\/500 y cien giros gratis, estos \u00faltimos para el juego Avalon: The Lost Kingdom.<\/strong><\/p>\n<p>Este casino online ofrece una atractiva promoci\u00f3n para sus clientes nuevos, quienes solo necesitan crear una cuenta (porque los usuarios que ya ten\u00edan no pueden ser acreedores a la promoci\u00f3n), en la que deber\u00e1n proporcionar datos de identificaci\u00f3n y de contacto (tel\u00e9fono celular y correo electr\u00f3nico, por ejemplo).<\/p>\n<p>Una vez que se crea una cuenta en National Casino, <strong>se tiene que hacer un dep\u00f3sito de por lo menos S\/100<\/strong> para activar este bono con las <a href=\"https:\/\/casinoalto.com\/pe\/metodos-de-pago\/\" target=\"_blank\" rel=\"noopener\">formas de pago del casino<\/a>, el cual te ser\u00e1 acreditado en tu cuenta y deber\u00e1 verse reflejado.<\/p>\n<p>Adem\u00e1s, los primeros\u00a0<strong>50 giros tambi\u00e9n se ver\u00e1n en tu cuenta una vez que hayas realizado tu dep\u00f3sito<\/strong>, en tanto\u00a0<strong>el resto de los giros gratis te ser\u00e1n acreditados despu\u00e9s de 24 horas.<\/strong><\/p>\n<p>Para liberar las ganancias del bono de bienvenida de National Casino, tendr\u00e1s que cumplir con los t\u00e9rminos de condiciones, entre los que se encuentran <strong>el requisito de apuesta (rollover) del bono de bienvenida de National Casino, el cual qued\u00f3 establecido en x40, <\/strong>mientras que la apuesta m\u00e1xima est\u00e1 en S\/25.<\/p>\n<p>En este sentido, debemos reconocer que National Casino nos ofrece un bono de bienvenida interesante para su servicio, porque la cantidad es competitiva (se encuentra dentro del rango en el mercado peruano), aunque <strong>es cierto que para algunos el requisito de apuesta x40 puede parecer un poco alto.<\/strong><\/p>\n<p>Fuera de ello, creemos que es una promoci\u00f3n interesante y que podr\u00e1s aprovechar bien para conocer m\u00e1s sobre el servicio que encontrar\u00e1s en National Casino.<\/p>\n","protected":false},"excerpt":{"rendered":"<p>Para aquellos jugadores que buscan opciones nuevas dentro del mercado de los casinos online, una marca confiable como National Casino es una que puede parecerte interesante, ya que pese a que es de reciente lanzamiento, ofrece un servicio que podr\u00e1 parecerle atractivo a todos, desde el principiante hasta el que ya tiene experiencia. El principal [&hellip;]<\/p>\n","protected":false},"author":11,"featured_media":0,"parent":152512,"menu_order":0,"comment_status":"closed","ping_status":"closed","template":"single_codigo.php","meta":{"_acf_changed":false,"footnotes":""},"class_list":["post-10061789","page","type-page","status-publish","hentry"],"acf":[],"_links":{"self":[{"href":"https:\/\/staging.casinoalto.com\/pe\/wp-json\/wp\/v2\/pages\/10061789","targetHints":{"allow":["GET"]}}],"collection":[{"href":"https:\/\/staging.casinoalto.com\/pe\/wp-json\/wp\/v2\/pages"}],"about":[{"href":"https:\/\/staging.casinoalto.com\/pe\/wp-json\/wp\/v2\/types\/page"}],"author":[{"embeddable":true,"href":"https:\/\/staging.casinoalto.com\/pe\/wp-json\/wp\/v2\/users\/11"}],"replies":[{"embeddable":true,"href":"https:\/\/staging.casinoalto.com\/pe\/wp-json\/wp\/v2\/comments?post=10061789"}],"version-history":[{"count":3,"href":"https:\/\/staging.casinoalto.com\/pe\/wp-json\/wp\/v2\/pages\/10061789\/revisions"}],"predecessor-version":[{"id":10062989,"href":"https:\/\/staging.casinoalto.com\/pe\/wp-json\/wp\/v2\/pages\/10061789\/revisions\/10062989"}],"up":[{"embeddable":true,"href":"https:\/\/staging.casinoalto.com\/pe\/wp-json\/wp\/v2\/pages\/152512"}],"wp:attachment":[{"href":"https:\/\/staging.casinoalto.com\/pe\/wp-json\/wp\/v2\/media?parent=10061789"}],"curies":[{"name":"wp","href":"https:\/\/api.w.org\/{rel}","templated":true}]}}