{"id":10062170,"date":"2023-04-14T17:12:54","date_gmt":"2023-04-14T17:12:54","guid":{"rendered":"https:\/\/casinoalto.com\/pe\/?page_id=10062170"},"modified":"2026-01-22T01:23:02","modified_gmt":"2026-01-22T01:23:02","slug":"codigo-promocional-tonybet","status":"publish","type":"page","link":"https:\/\/staging.casinoalto.com\/pe\/codigos\/codigo-promocional-tonybet\/","title":{"rendered":"C\u00f3digo promocional Tonybet"},"content":{"rendered":"<p>Una gran manera de comenzar a probar un casino online es a trav\u00e9s de un <a href=\"\/pe\/bonos-de-bienvenida\/\">bono de bienvenida ao registrarse en el casino<\/a>, ya que se te da una bonificaci\u00f3n para que pongas a prueba sus juegos y trates de ver si este es el servicio que te conviene o no, con la ayuda de <a href=\"https:\/\/casinoalto.com\/pe\/\" target=\"_blank\" rel=\"noopener\">Casino Alto Per\u00fa<\/a>.<\/p>\n<p>En el caso de Tonybet, este operador cuenta con bono de bienvenida que<strong> recompensa tu primer dep\u00f3sito al 100 por ciento por hasta S\/500 <\/strong>y con el que tambi\u00e9n te dar\u00e1n <strong>120 giros gratis.<\/strong><\/p>\n<p>Lo \u00fanico que debes hacer es ingresar a <a href=\"\/pe\/casinos-online\/tonybet\/\">un casino fiable como Tonybet<\/a> y registrarte por primera vez en su plataforma, ya que es una promoci\u00f3n exclusiva para usuarios nuevos de la plataforma, por lo que aquellos que ya tienen historia en el casino online no podr\u00e1n participar.<\/p>\n<p>Tu primer dep\u00f3sito debe ser de <strong>S\/40<\/strong> hacia arriba para que puedas acceder a la bonificaci\u00f3n de Tonybet, que estableci\u00f3 en S\/500 el monto m\u00e1ximo que podr\u00e1s recibir de bonificaci\u00f3n. Es decir, si t\u00fa depositas S\/500, contar\u00e1s con un total S\/500 para apostar.<\/p>\n<p>Adem\u00e1s, los gratis del primer dep\u00f3sito se agregar\u00e1n en grupos de 30 giros diarios en un periodo de d\u00edas, para tener un total de 120 tiros gratis.<\/p>\n<p>\u00bfQu\u00e9 significa esto? Tonybet establece en sus t\u00e9rminos y condiciones que los primeros 30 giros gratis se agregar\u00e1n inmediatamente despu\u00e9s de que el bono de bienvenida haya sido activado con \u00e9xito. Los pr\u00f3ximos 30 tiros gratis se bonificar\u00e1n 24 horas despu\u00e9s y as\u00ed de forma sucesiva.<\/p>\n<p>Todas las ganancias obtenidas con la ayuda de tiros gratis tienen un requisito de apuesta de 40x. <strong>Las ganancias m\u00e1ximas que se pagar\u00e1n ser\u00e1n de $S\/200.<\/strong> Para retirar ganancias de tu cuenta de Tonybet, debes estar verificado y tambi\u00e9n realizar un dep\u00f3sito m\u00ednimo.<\/p>\n<p><strong>La apuesta m\u00e1xima con un bono activo es de S\/25.<\/strong> En caso de que superes la apuesta m\u00e1xima cuando el bono est\u00e1 activo, se te podr\u00eda cancelar el bono, de acuerdo con las pol\u00edticas establecidas por Tonybet.<\/p>\n<p>Los bonos de bienvenida de <a href=\"\/pe\/casinos-online\/\">casino online seguro para jugar en el pa\u00eds<\/a> deben apostarse al menos 50 veces antes de que puedas retirar las ganancias recibidas a trav\u00e9s de ellos. No debes olvidar que <strong>contar\u00e1s con 30 d\u00edas para utilizar este bono<\/strong>, o de lo contrario se puede vencer y con ello todas las ganancias que generes durante su uso.<\/p>\n<p>Las apuestas en tragamonedas contribuyen en un 100% a los requisitos de apuestas de bonificaci\u00f3n (excepto en los juegos que se enumeran a continuaci\u00f3n). Los juegos de mesa, los juegos de compra de bonificaci\u00f3n y los juegos con crupier en vivo no cuentan para los requisitos de apuesta de bonificaci\u00f3n.<\/p>\n<p>Hay una serie de juegos que est\u00e1n excluidos de la oferta de promoci\u00f3n de bonificaci\u00f3n, rev\u00edsalos en Tonybet, incluso algunos <a href=\"https:\/\/casinoalto.com\/pe\/metodos-de-pago\/\" target=\"_blank\" rel=\"noopener\">m\u00e9todos de pago para os los dep\u00f3sitos<\/a>.<\/p>\n","protected":false},"excerpt":{"rendered":"<p>Una gran manera de comenzar a probar un casino online es a trav\u00e9s de un bono de bienvenida ao registrarse en el casino, ya que se te da una bonificaci\u00f3n para que pongas a prueba sus juegos y trates de ver si este es el servicio que te conviene o no, con la ayuda de [&hellip;]<\/p>\n","protected":false},"author":18,"featured_media":0,"parent":152512,"menu_order":0,"comment_status":"closed","ping_status":"closed","template":"single_codigo.php","meta":{"_acf_changed":false,"footnotes":""},"class_list":["post-10062170","page","type-page","status-publish","hentry"],"acf":[],"_links":{"self":[{"href":"https:\/\/staging.casinoalto.com\/pe\/wp-json\/wp\/v2\/pages\/10062170","targetHints":{"allow":["GET"]}}],"collection":[{"href":"https:\/\/staging.casinoalto.com\/pe\/wp-json\/wp\/v2\/pages"}],"about":[{"href":"https:\/\/staging.casinoalto.com\/pe\/wp-json\/wp\/v2\/types\/page"}],"author":[{"embeddable":true,"href":"https:\/\/staging.casinoalto.com\/pe\/wp-json\/wp\/v2\/users\/18"}],"replies":[{"embeddable":true,"href":"https:\/\/staging.casinoalto.com\/pe\/wp-json\/wp\/v2\/comments?post=10062170"}],"version-history":[{"count":3,"href":"https:\/\/staging.casinoalto.com\/pe\/wp-json\/wp\/v2\/pages\/10062170\/revisions"}],"predecessor-version":[{"id":10062993,"href":"https:\/\/staging.casinoalto.com\/pe\/wp-json\/wp\/v2\/pages\/10062170\/revisions\/10062993"}],"up":[{"embeddable":true,"href":"https:\/\/staging.casinoalto.com\/pe\/wp-json\/wp\/v2\/pages\/152512"}],"wp:attachment":[{"href":"https:\/\/staging.casinoalto.com\/pe\/wp-json\/wp\/v2\/media?parent=10062170"}],"curies":[{"name":"wp","href":"https:\/\/api.w.org\/{rel}","templated":true}]}}