{"id":10062854,"date":"2024-10-11T19:18:37","date_gmt":"2024-10-11T19:18:37","guid":{"rendered":"https:\/\/casinoalto.com\/pe\/?page_id=10062854"},"modified":"2026-01-27T17:21:07","modified_gmt":"2026-01-27T17:21:07","slug":"codigo-promocional-bet365","status":"publish","type":"page","link":"https:\/\/staging.casinoalto.com\/pe\/codigos\/codigo-promocional-bet365\/","title":{"rendered":"C\u00f3digo promocional Bet365"},"content":{"rendered":"<p>Desde el a\u00f1o 2001 lleva <a href=\"\/pe\/casinos-online\/bet365\/\">un casino seguro como Bet365<\/a> operando por todo el mundo y ofreciendo sus servicios a aquellos que les han resultado interesantes. Una de las ofertas online m\u00e1s completas de casino no pasa desapercibido casi para ning\u00fan pa\u00eds, tampoco para Per\u00fa donde se ha convertido en uno de los grandes referentes, pero <a href=\"https:\/\/casinoalto.com\/pe\/\" target=\"_blank\" rel=\"noopener\">Casino Alto<\/a> puede ayudarte a no perderlo.<\/p>\n<p>Este operador tambi\u00e9n ha sido importante por la cuant\u00eda de sus ofertas y promociones y lo que estas proporcionaban al nuevo jugador que reci\u00e9n se un\u00eda a la <a href=\"https:\/\/casinoalto.com\/pe\/casinos-online\/\" target=\"_blank\" rel=\"noopener\">plataforma segura y confiable de casino<\/a>.<\/p>\n<p>Bet365 ha rescatado una oferta para nuevos clientes que ten\u00eda en la secci\u00f3n de slots en forma de <a href=\"\/pe\/bonos-de-bienvenida\/\">bono de bienvenida para jugar al casino<\/a>, ahora que ha reunificado sus secciones de juegos en l\u00ednea. <strong>Un bono que trata de obtener hasta 200 giros gratis durante los primeros diez d\u00edas que el jugador tenga su cuenta abierta<\/strong> en la casa. Y es interesante ver como se consiguen.<\/p>\n<p>Lo primero que debemos aclarar es que no es seguro que vayas a llevarte 200 tiradas para slots, puesto que esto depender\u00e1 de la suerte que tengas. <strong>El bono se consigue tirando de una tragaperras especial con tres tambores, que puede arrojar 5, 10 o 20 giros en cada vuelta<\/strong>. Cada 24 horas podr\u00e1s hacer un lanzamiento hasta un total de 10 en un plazo m\u00e1ximo de 20 d\u00edas.<\/p>\n<p>Para poder obtenerlos tendr\u00e1s que completar el registro correspondiente en Bet365, verificar tu cuenta mediante el env\u00edo de los documentos indicados en el proceso y realizar un <strong>primer ingreso de un m\u00ednimo de 100 soles <\/strong>eligindo las <a href=\"https:\/\/casinoalto.com\/pe\/metodos-de-pago\/\" target=\"_blank\" rel=\"noopener\">formas de m\u00e9todos de pago para jugar<\/a>. Desde ese momento tendr\u00e1s un plazo de 30 d\u00edas para empezar a reclamar tu bono.<\/p>\n<p>Una vez que comiences a recibir tus primeras tiradas gratuitas, <strong>estas tendr\u00e1n una caducidad de 7 d\u00edas<\/strong>, por lo que pasado ese tiempo desaparecer\u00e1n de la cuenta de usuario. El valor de cada tirada es de S\/1 y van a ser utilizables en cuatro slots concretas que detalla el casino en la oferta. Te los dejamos a continuaci\u00f3n:<\/p>\n<ul>\n<li>Book of Claddagh<\/li>\n<li>Book of Horus<\/li>\n<li>Curse of the Bayou<\/li>\n<li>Magic Force<\/li>\n<\/ul>\n<p>Lo bueno de esta promo es que no atribuye ning\u00fan tipo de requisito a las ganancias resultantes de los giros gratis. Eso quiere decir que <strong>los beneficios que se obtengan con ellas se abonar\u00e1n directamente al saldo de la cuenta<\/strong> del apostador para poder retirarlos cuando este lo considere.<\/p>\n<p>El bono de bienvenida est\u00e1 limitado a uno por persona y puede ser retirado o modificado en caso de que Bet365 detecte que est\u00e1s realizando alg\u00fan tipo de uso fraudulento del mismo. Si por error la promo no se asignara de forma autom\u00e1tica, podr\u00eda llevar hasta 72 horas hacerlo, as\u00ed que se paciente.<\/p>\n<p>Una vez inmerso en la oferta, recuerda no solicitar ninguna retirada puesto que el operador podr\u00eda retirar de tu cuenta tanto los giros como las ganancias resultantes de los mismos.<\/p>\n","protected":false},"excerpt":{"rendered":"<p>Desde el a\u00f1o 2001 lleva un casino seguro como Bet365 operando por todo el mundo y ofreciendo sus servicios a aquellos que les han resultado interesantes. Una de las ofertas online m\u00e1s completas de casino no pasa desapercibido casi para ning\u00fan pa\u00eds, tampoco para Per\u00fa donde se ha convertido en uno de los grandes referentes, [&hellip;]<\/p>\n","protected":false},"author":18,"featured_media":0,"parent":152512,"menu_order":0,"comment_status":"closed","ping_status":"closed","template":"single_codigo.php","meta":{"_acf_changed":false,"footnotes":""},"class_list":["post-10062854","page","type-page","status-publish","hentry"],"acf":[],"_links":{"self":[{"href":"https:\/\/staging.casinoalto.com\/pe\/wp-json\/wp\/v2\/pages\/10062854","targetHints":{"allow":["GET"]}}],"collection":[{"href":"https:\/\/staging.casinoalto.com\/pe\/wp-json\/wp\/v2\/pages"}],"about":[{"href":"https:\/\/staging.casinoalto.com\/pe\/wp-json\/wp\/v2\/types\/page"}],"author":[{"embeddable":true,"href":"https:\/\/staging.casinoalto.com\/pe\/wp-json\/wp\/v2\/users\/18"}],"replies":[{"embeddable":true,"href":"https:\/\/staging.casinoalto.com\/pe\/wp-json\/wp\/v2\/comments?post=10062854"}],"version-history":[{"count":8,"href":"https:\/\/staging.casinoalto.com\/pe\/wp-json\/wp\/v2\/pages\/10062854\/revisions"}],"predecessor-version":[{"id":10062980,"href":"https:\/\/staging.casinoalto.com\/pe\/wp-json\/wp\/v2\/pages\/10062854\/revisions\/10062980"}],"up":[{"embeddable":true,"href":"https:\/\/staging.casinoalto.com\/pe\/wp-json\/wp\/v2\/pages\/152512"}],"wp:attachment":[{"href":"https:\/\/staging.casinoalto.com\/pe\/wp-json\/wp\/v2\/media?parent=10062854"}],"curies":[{"name":"wp","href":"https:\/\/api.w.org\/{rel}","templated":true}]}}