{"id":10063106,"date":"2025-09-15T15:33:41","date_gmt":"2025-09-15T15:33:41","guid":{"rendered":"https:\/\/casinoalto.com\/pe\/?page_id=10063106"},"modified":"2026-01-24T15:56:40","modified_gmt":"2026-01-24T15:56:40","slug":"codigo-promocional-micasino","status":"publish","type":"page","link":"https:\/\/staging.casinoalto.com\/pe\/codigos\/codigo-promocional-micasino\/","title":{"rendered":"C\u00f3digo promocional MiCasino.com"},"content":{"rendered":"<p><a href=\"\/pe\/bonos-de-bienvenida\/\"><u>Los bonos de bienvenida de los casinos online<\/u><\/a> sirven para consentir a los amantes del juego, pero tambi\u00e9n existen <strong>los c\u00f3digos promocionales<\/strong>, los cuales permiten acceder a ciertos beneficios. MiCasino.com tiene un apartado dedicado solo para regalos de su casino en l\u00ednea y casa de apuestas deportivas.<\/p>\n<p>El mencionado operador presume un <a href=\"\/pe\/juegos\/\"><u>cat\u00e1logo de juegos de casino<\/u><\/a> bastante completo, donde hallas blackjack, ruleta, p\u00f3ker, baccarat, m\u00e1quinas tragamonedas (tambi\u00e9n llamadas slots), loter\u00eda y bingo. <strong>Su casa de apuestas no se queda atr\u00e1s<\/strong>, porque hay mercados para todos los deportes (desde futbol, tenis, baloncesto y boxeo hasta automovilismo, futbol americano, rugby y atletismo).<\/p>\n<p>La seguridad es importante para MiCasino.com, por ello trabaja en Per\u00fa con las licencias N\u00b03906-2024-MINCETUR\/VMT\/DGJCMT y N\u00b03907-2024-MINCETUR\/VMT\/DGJCM, expedidas por el Ministerio de Comercio Exterior y Turismo. Asimismo, <strong>ostenta el permiso internacional No. 365\/JAZ<\/strong>, el cual fue entregado por las autoridades de Cura\u00e7ao. Cabe destacar que la firma comenz\u00f3 a operar en Europa hace m\u00e1s de 15 a\u00f1os, y luego se traslad\u00f3 a Latinoam\u00e9rica.<\/p>\n<p>MiCasino.com es uno de <a href=\"\/pe\/casinos-online\/\"><u>los casinos en l\u00ednea de Per\u00fa<\/u><\/a>\u00a0con bono de bienvenida por primer dep\u00f3sito; <strong>este no necesita un c\u00f3digo bonus para activarse<\/strong>, pero s\u00ed pide cumplir con los t\u00e9rminos y condiciones.<\/p>\n<p>Pasos para conseguir <a href=\"\/pe\/casinos-online\/micasino\/\"><u>el bono de bienvenida de MiCasino.com<\/u><\/a>:<\/p>\n<ul>\n<li>Reg\u00edstrate en la p\u00e1gina web de MiCasino.com<\/li>\n<li>Tras concluir el proceso, ve a la secci\u00f3n \u201cBonos y Promociones\u201d<\/li>\n<li>Elige el bono de bienvenida de MiCasino.com<\/li>\n<li>Realiza un dep\u00f3sito con los m\u00e9todos de pago aceptados<\/li>\n<li>Listo, el regalo se reflejar\u00e1 en tu cuenta del casino online<\/li>\n<\/ul>\n<p>La promoci\u00f3n para los nuevos clientes de MiCasino.com retribuye el 100% del primer dep\u00f3sito hasta PEN$1.500; <strong>el pago m\u00ednimo es de PEN$15<\/strong>. Por ejemplo, si depositas 500 soles peruanos, el operador de juego te entrega otros 500 soles sin necesidad de ingresar un c\u00f3digo promocional.<\/p>\n<p>Para cobrar las ganancias obtenidas con el bono de bienvenida debes cumplir en 10 d\u00edas un rollover x35, en otras palabras, <strong>apostar 35 veces el dinero pagado y el recibido<\/strong>. El rollover no aplica en los slots de modalidad de baccarat, blackjack, ruleta y p\u00f3ker.<\/p>\n<p>En otras promociones de MiCasino.com s\u00ed se activan con un c\u00f3digo bonus, mismos que encuentras en la plataforma digital de la firma. <a href=\"\/pe\/codigos\/\"><u>Todos los c\u00f3digos para bonos<\/u> <\/a>tienen t\u00e9rminos y condiciones, adem\u00e1s no son acumulables y son diferentes en el casino en l\u00ednea y la casa de apuestas online.<\/p>\n","protected":false},"excerpt":{"rendered":"<p>Los bonos de bienvenida de los casinos online sirven para consentir a los amantes del juego, pero tambi\u00e9n existen los c\u00f3digos promocionales, los cuales permiten acceder a ciertos beneficios. MiCasino.com tiene un apartado dedicado solo para regalos de su casino en l\u00ednea y casa de apuestas deportivas. El mencionado operador presume un cat\u00e1logo de juegos [&hellip;]<\/p>\n","protected":false},"author":18,"featured_media":0,"parent":152512,"menu_order":0,"comment_status":"closed","ping_status":"closed","template":"single_codigo.php","meta":{"_acf_changed":false,"footnotes":""},"class_list":["post-10063106","page","type-page","status-publish","hentry"],"acf":[],"_links":{"self":[{"href":"https:\/\/staging.casinoalto.com\/pe\/wp-json\/wp\/v2\/pages\/10063106","targetHints":{"allow":["GET"]}}],"collection":[{"href":"https:\/\/staging.casinoalto.com\/pe\/wp-json\/wp\/v2\/pages"}],"about":[{"href":"https:\/\/staging.casinoalto.com\/pe\/wp-json\/wp\/v2\/types\/page"}],"author":[{"embeddable":true,"href":"https:\/\/staging.casinoalto.com\/pe\/wp-json\/wp\/v2\/users\/18"}],"replies":[{"embeddable":true,"href":"https:\/\/staging.casinoalto.com\/pe\/wp-json\/wp\/v2\/comments?post=10063106"}],"version-history":[{"count":2,"href":"https:\/\/staging.casinoalto.com\/pe\/wp-json\/wp\/v2\/pages\/10063106\/revisions"}],"predecessor-version":[{"id":10063108,"href":"https:\/\/staging.casinoalto.com\/pe\/wp-json\/wp\/v2\/pages\/10063106\/revisions\/10063108"}],"up":[{"embeddable":true,"href":"https:\/\/staging.casinoalto.com\/pe\/wp-json\/wp\/v2\/pages\/152512"}],"wp:attachment":[{"href":"https:\/\/staging.casinoalto.com\/pe\/wp-json\/wp\/v2\/media?parent=10063106"}],"curies":[{"name":"wp","href":"https:\/\/api.w.org\/{rel}","templated":true}]}}