{"id":10063196,"date":"2026-03-25T15:15:11","date_gmt":"2026-03-25T15:15:11","guid":{"rendered":"https:\/\/casinoalto.com\/pe\/?page_id=10063196"},"modified":"2026-03-25T15:19:27","modified_gmt":"2026-03-25T15:19:27","slug":"codigo-promocional-caliente","status":"publish","type":"page","link":"https:\/\/staging.casinoalto.com\/pe\/codigos\/codigo-promocional-caliente\/","title":{"rendered":"C\u00f3digo promocional Caliente"},"content":{"rendered":"<p>En Per\u00fa, un casino seguro como Caliente se alza como uno de los casinos favoritos de la gente. Esta plataforma ofrece diversos juegos en l\u00ednea como las m\u00e1quinas tragamonedas, juegos\u00a0 de mesa y una diversa selecci\u00f3n de juegos en vivo para aquellos usuarios que tengan preferencias por los juegos de bingo y las tarjetas de rasca y gana.<\/p>\n<p>Caliente Casino trabaja con la empresa Tecnolog\u00eda en Entretenimiento Caliplay y con Playtech como sus proveedores de software en su <a href=\"\/pe\/juegos\/\">cat\u00e1logo de juegos de casino<\/a>, Este operador tiene la licencia que otorga el Ministerio de Comercio Exterior y Turismo (MINCETUR) para operar de forma legal en Per\u00fa y garantizar la seguridad de sus clientes.<\/p>\n<p>Si te animas a probar sus servicios, <strong>el bono de bienvenida de Caliente Casino te ofrece 40 soles por el simple hecho de registrarse en su plataforma, sin necesidad de depositar<\/strong>.<\/p>\n<p>Y si luego lo deseas, tambi\u00e9n podr\u00e1s aspirar por el <a href=\"\/pe\/bonos-de-bienvenida\/\">bono por primer dep\u00f3sito<\/a> por hasta 400 soles. Aqu\u00ed te decimos todo lo que necesitas saber para ser acreedor a las promociones de bienvenida a trav\u00e9s del c\u00f3digo promocional de Caliente.<\/p>\n<p><em>Pasos a seguir para obtener el bono:<\/em><\/p>\n<p><strong>Para el bono de 40 soles gratis sin dep\u00f3sito<\/strong><\/p>\n<ul>\n<li>Registra tu cuenta en Caliente Casino a trav\u00e9s de nuestros enlaces de <a href=\"\/pe\/\">Casino Alto Per\u00fa<\/a>.<\/li>\n<li>Verifica tu cuenta a trav\u00e9s de un SMS que llegar\u00e1 a tu tel\u00e9fono celular.<\/li>\n<li>Ingresa el NIP de confirmaci\u00f3n.<\/li>\n<li>Disfruta de un bono gratis de 40 soles sin dep\u00f3sito.<\/li>\n<\/ul>\n<p><strong>Para el bono de Caliente del 100% hasta S\/400<\/strong><\/p>\n<ul>\n<li>Inicia sesi\u00f3n y accede a tu cuenta.<\/li>\n<li>Realiza un primer dep\u00f3sito de por lo menos S\/40 con las <a href=\"\/pe\/metodos-de-pago\/\">mejores formas de pago para casinos<\/a>.<\/li>\n<li>Recibe tu bono de bienvenida de Caliente.<\/li>\n<\/ul>\n<p>El <a href=\"\/pe\/casinos-sin-deposito\/\">bono de casino gratis<\/a> de Caliente por 40 soles es \u00fanicamente para clientes nuevos de la plataforma, quienes deber\u00e1n vivir dentro del pa\u00eds y tener 18 a\u00f1os de edad o m\u00e1s. Dicha promoci\u00f3n puede ser usada solo en los juegos de casino.<\/p>\n<p>Los <strong>requisitos de juego m\u00ednimos para un bono sin dep\u00f3sito equivalen a 40 veces m\u00e1s la cantidad del bono<\/strong>. Adem\u00e1s, la apuesta debe ser utilizada en su totalidad. En caso de que solo se utilice en parte, lo que quede del valor se perder\u00e1.<\/p>\n<p>El bono de Caliente para la apuesta gratuita tiene una vigencia de 30 d\u00edas. Si pasas este l\u00edmite de tiempo expirar\u00e1. En caso de que el jugador solicite un retiro antes de cumplir los requerimientos, el bono y las ganancias ser\u00e1n anuladas.<\/p>\n<p>Se debe tener en cuenta de que todos los bonos que se otorgan al realizar un dep\u00f3sito inicial, se hacen con el objetivo de que sean jugados. Los fondos obtenidos por bonos se deducir\u00e1n al solicitar un retiro.<\/p>\n<p>Caliente se toma la facultad de revisar los registros de las transacciones en cualquier momento y sin previo aviso. El <a href=\"\/pe\/casinos-online\/\">casino online seguro y confiable<\/a> se reserva el derecho de modificar los t\u00e9rminos y condiciones de sus promociones si as\u00ed lo ve necesario y, en caso de encontrar problemas o irregularidades, las decisiones tomadas por la plataforma son decisivas e irrevocables.<\/p>\n","protected":false},"excerpt":{"rendered":"<p>En Per\u00fa, un casino seguro como Caliente se alza como uno de los casinos favoritos de la gente. Esta plataforma ofrece diversos juegos en l\u00ednea como las m\u00e1quinas tragamonedas, juegos\u00a0 de mesa y una diversa selecci\u00f3n de juegos en vivo para aquellos usuarios que tengan preferencias por los juegos de bingo y las tarjetas de [&hellip;]<\/p>\n","protected":false},"author":6,"featured_media":0,"parent":152512,"menu_order":0,"comment_status":"closed","ping_status":"closed","template":"single_codigo.php","meta":{"_acf_changed":false,"footnotes":""},"class_list":["post-10063196","page","type-page","status-publish","hentry"],"acf":[],"_links":{"self":[{"href":"https:\/\/staging.casinoalto.com\/pe\/wp-json\/wp\/v2\/pages\/10063196","targetHints":{"allow":["GET"]}}],"collection":[{"href":"https:\/\/staging.casinoalto.com\/pe\/wp-json\/wp\/v2\/pages"}],"about":[{"href":"https:\/\/staging.casinoalto.com\/pe\/wp-json\/wp\/v2\/types\/page"}],"author":[{"embeddable":true,"href":"https:\/\/staging.casinoalto.com\/pe\/wp-json\/wp\/v2\/users\/6"}],"replies":[{"embeddable":true,"href":"https:\/\/staging.casinoalto.com\/pe\/wp-json\/wp\/v2\/comments?post=10063196"}],"version-history":[{"count":4,"href":"https:\/\/staging.casinoalto.com\/pe\/wp-json\/wp\/v2\/pages\/10063196\/revisions"}],"predecessor-version":[{"id":10063202,"href":"https:\/\/staging.casinoalto.com\/pe\/wp-json\/wp\/v2\/pages\/10063196\/revisions\/10063202"}],"up":[{"embeddable":true,"href":"https:\/\/staging.casinoalto.com\/pe\/wp-json\/wp\/v2\/pages\/152512"}],"wp:attachment":[{"href":"https:\/\/staging.casinoalto.com\/pe\/wp-json\/wp\/v2\/media?parent=10063196"}],"curies":[{"name":"wp","href":"https:\/\/api.w.org\/{rel}","templated":true}]}}