{"id":134669,"date":"2017-03-22T09:32:25","date_gmt":"2017-03-22T09:32:25","guid":{"rendered":"https:\/\/demo.vegashero.co\/?page_id=134669"},"modified":"2025-08-17T19:04:28","modified_gmt":"2025-08-17T19:04:28","slug":"reglas","status":"publish","type":"page","link":"https:\/\/staging.casinoalto.com\/pe\/reglas\/","title":{"rendered":"Reglas"},"content":{"rendered":"<p>\u00bfQuieres jugar y no conoces las reglas? Entonces has llegado a tu secci\u00f3n. Encuentra aqu\u00ed las reglas de juegos de casino m\u00e1s comunes y otros no tanto. Mec\u00e1nicas de juego, elementos necesarios, un poco de historia&#8230; Todo lo que necesitas saber sobre juegos de cartas y ruletas lo encontrar\u00e1s aqu\u00ed.<\/p>\n<p>Y si despu\u00e9s de leer las reglas de juegos de cartas y las reglas de la ruleta tienes ganas de probar suerte jugando, no te pierdas los <a href=\"\/pe\/juegos\/\">juegos de casino gratis<\/a> que te ofrecemos en <a href=\"https:\/\/casinoalto.com\/pe\/\" target=\"_blank\" rel=\"noopener\"><em>Casino Alto<\/em><\/a>. Con estas versiones demo podr\u00e1s practicar de forma gratuita antes de jugarte el dinero en el casino. Si tu intenci\u00f3n es solo divertirte tambi\u00e9n podr\u00e1s hacerlo, \u00a1suerte!.<\/p>\n","protected":false},"excerpt":{"rendered":"<p>\u00bfQuieres jugar y no conoces las reglas? Entonces has llegado a tu secci\u00f3n. Encuentra aqu\u00ed las reglas de juegos de casino m\u00e1s comunes y otros no tanto. Mec\u00e1nicas de juego, elementos necesarios, un poco de historia&#8230; Todo lo que necesitas saber sobre juegos de cartas y ruletas lo encontrar\u00e1s aqu\u00ed. Y si despu\u00e9s de leer [&hellip;]<\/p>\n","protected":false},"author":1,"featured_media":0,"parent":0,"menu_order":0,"comment_status":"closed","ping_status":"closed","template":"page-reglas-games-templeate.php","meta":{"_acf_changed":false,"footnotes":""},"class_list":["post-134669","page","type-page","status-publish","hentry"],"acf":[],"_links":{"self":[{"href":"https:\/\/staging.casinoalto.com\/pe\/wp-json\/wp\/v2\/pages\/134669","targetHints":{"allow":["GET"]}}],"collection":[{"href":"https:\/\/staging.casinoalto.com\/pe\/wp-json\/wp\/v2\/pages"}],"about":[{"href":"https:\/\/staging.casinoalto.com\/pe\/wp-json\/wp\/v2\/types\/page"}],"author":[{"embeddable":true,"href":"https:\/\/staging.casinoalto.com\/pe\/wp-json\/wp\/v2\/users\/1"}],"replies":[{"embeddable":true,"href":"https:\/\/staging.casinoalto.com\/pe\/wp-json\/wp\/v2\/comments?post=134669"}],"version-history":[{"count":4,"href":"https:\/\/staging.casinoalto.com\/pe\/wp-json\/wp\/v2\/pages\/134669\/revisions"}],"predecessor-version":[{"id":10063068,"href":"https:\/\/staging.casinoalto.com\/pe\/wp-json\/wp\/v2\/pages\/134669\/revisions\/10063068"}],"wp:attachment":[{"href":"https:\/\/staging.casinoalto.com\/pe\/wp-json\/wp\/v2\/media?parent=134669"}],"curies":[{"name":"wp","href":"https:\/\/api.w.org\/{rel}","templated":true}]}}