{"id":140800,"date":"2017-10-19T09:15:19","date_gmt":"2017-10-19T09:15:19","guid":{"rendered":"https:\/\/casinoalto.com\/pe\/?page_id=140800"},"modified":"2026-01-27T17:19:41","modified_gmt":"2026-01-27T17:19:41","slug":"ruleta-francesa","status":"publish","type":"page","link":"https:\/\/staging.casinoalto.com\/pe\/reglas\/ruleta-francesa\/","title":{"rendered":"Ruleta Francesa"},"content":{"rendered":"<p><img loading=\"lazy\" decoding=\"async\" class=\"alignnone size-full wp-image-148389\" src=\"\/wp-content\/uploads\/2018\/11\/casino-alto_covers_ruleta-francesa.webp\" alt=\"ruleta francesa\" width=\"800\" height=\"475\" \/><\/p>\n<p>Aprende a jugar a la ruleta francesa con estas sencillas reglas para principiantes.<\/p>\n<div id=\"ez-toc-container\" class=\"ez-toc-v2_0_82_2 counter-hierarchy ez-toc-counter ez-toc-custom ez-toc-container-direction\">\n<p class=\"ez-toc-title\" style=\"cursor:inherit\">Tabla de contenidos<\/p>\n<label for=\"ez-toc-cssicon-toggle-item-69d690caab8f6\" class=\"ez-toc-cssicon-toggle-label\"><span class=\"\"><span class=\"eztoc-hide\" style=\"display:none;\">Toggle<\/span><span class=\"ez-toc-icon-toggle-span\"><svg style=\"fill: #999;color:#999\" xmlns=\"http:\/\/www.w3.org\/2000\/svg\" class=\"list-377408\" width=\"20px\" height=\"20px\" viewBox=\"0 0 24 24\" fill=\"none\"><path d=\"M6 6H4v2h2V6zm14 0H8v2h12V6zM4 11h2v2H4v-2zm16 0H8v2h12v-2zM4 16h2v2H4v-2zm16 0H8v2h12v-2z\" fill=\"currentColor\"><\/path><\/svg><svg style=\"fill: #999;color:#999\" class=\"arrow-unsorted-368013\" xmlns=\"http:\/\/www.w3.org\/2000\/svg\" width=\"10px\" height=\"10px\" viewBox=\"0 0 24 24\" version=\"1.2\" baseProfile=\"tiny\"><path d=\"M18.2 9.3l-6.2-6.3-6.2 6.3c-.2.2-.3.4-.3.7s.1.5.3.7c.2.2.4.3.7.3h11c.3 0 .5-.1.7-.3.2-.2.3-.5.3-.7s-.1-.5-.3-.7zM5.8 14.7l6.2 6.3 6.2-6.3c.2-.2.3-.5.3-.7s-.1-.5-.3-.7c-.2-.2-.4-.3-.7-.3h-11c-.3 0-.5.1-.7.3-.2.2-.3.5-.3.7s.1.5.3.7z\"\/><\/svg><\/span><\/span><\/label><input type=\"checkbox\"  id=\"ez-toc-cssicon-toggle-item-69d690caab8f6\" checked aria-label=\"Toggle\" \/><nav><ul class='ez-toc-list ez-toc-list-level-1 ' ><li class='ez-toc-page-1 ez-toc-heading-level-2'><a class=\"ez-toc-link ez-toc-heading-1\" href=\"https:\/\/staging.casinoalto.com\/pe\/reglas\/ruleta-francesa\/#Objetivo-del-juego\" >Objetivo del juego<\/a><\/li><li class='ez-toc-page-1 ez-toc-heading-level-2'><a class=\"ez-toc-link ez-toc-heading-2\" href=\"https:\/\/staging.casinoalto.com\/pe\/reglas\/ruleta-francesa\/#Elementos-de-la-ruleta-francesa\" >Elementos de la ruleta francesa<\/a><ul class='ez-toc-list-level-3' ><li class='ez-toc-heading-level-3'><a class=\"ez-toc-link ez-toc-heading-3\" href=\"https:\/\/staging.casinoalto.com\/pe\/reglas\/ruleta-francesa\/#Ruleta-y-bola\" >Ruleta y bola<\/a><\/li><li class='ez-toc-page-1 ez-toc-heading-level-3'><a class=\"ez-toc-link ez-toc-heading-4\" href=\"https:\/\/staging.casinoalto.com\/pe\/reglas\/ruleta-francesa\/#Tablero\" >Tablero<\/a><\/li><li class='ez-toc-page-1 ez-toc-heading-level-3'><a class=\"ez-toc-link ez-toc-heading-5\" href=\"https:\/\/staging.casinoalto.com\/pe\/reglas\/ruleta-francesa\/#Fichas\" >Fichas<\/a><\/li><\/ul><\/li><li class='ez-toc-page-1 ez-toc-heading-level-2'><a class=\"ez-toc-link ez-toc-heading-6\" href=\"https:\/\/staging.casinoalto.com\/pe\/reglas\/ruleta-francesa\/#Tipos-de-apuestas\" >Tipos de apuestas<\/a><ul class='ez-toc-list-level-3' ><li class='ez-toc-heading-level-3'><a class=\"ez-toc-link ez-toc-heading-7\" href=\"https:\/\/staging.casinoalto.com\/pe\/reglas\/ruleta-francesa\/#Apuestas-sobre-la-seccion-numerica\" >Apuestas sobre la secci\u00f3n num\u00e9rica<\/a><\/li><li class='ez-toc-page-1 ez-toc-heading-level-3'><a class=\"ez-toc-link ez-toc-heading-8\" href=\"https:\/\/staging.casinoalto.com\/pe\/reglas\/ruleta-francesa\/#Apuestas-sencillas\" >Apuestas sencillas<\/a><\/li><\/ul><\/li><li class='ez-toc-page-1 ez-toc-heading-level-2'><a class=\"ez-toc-link ez-toc-heading-9\" href=\"https:\/\/staging.casinoalto.com\/pe\/reglas\/ruleta-francesa\/#Mecanica-del-juego\" >Mec\u00e1nica del juego<\/a><\/li><\/ul><\/nav><\/div>\n<h2><span class=\"ez-toc-section\" id=\"Objetivo-del-juego\"><\/span><strong>Objetivo del juego<\/strong><span class=\"ez-toc-section-end\"><\/span><\/h2>\n<p>El juego de la ruleta es un juego de azar, un juego en el que hay un sorteo mientras que los jugadores participantes pueden apostar por cualquiera de los n\u00fameros del tablero, combinaciones de n\u00fameros o condici\u00f3n del n\u00famero que acabe siendo premiado.<\/p>\n<p>Los premios que se pueden obtener vienen determinados por unas tablas en las que se indican la val\u00eda de cada apuesta seg\u00fan las probabilidades de cada una.<\/p>\n<p>El sorteo se efect\u00faa utilizando una bola y un mecanismo rotativo en el que se delimitan las secciones numeradas donde terminar\u00e1 cayendo la bola, dando como premiado el n\u00famero donde se par\u00f3.<\/p>\n<p>Este mecanismo est\u00e1 alojado en la misma mesa de juego y se maneja manualmente, siendo el crupier o asistente de mesa quien la acciona. Esta persona se encarga tambi\u00e9n de gestionar el desarrollo de la partida y de resolver las dudas que tengan los jugadores. La otra parte de la mesa es la del tapete, donde hay un tablero pintado con distintas secciones para efectuar las apuestas.<\/p>\n<p>Los participantes juegan contra la Banca, no se enfrentan entre s\u00ed. De forma que los cobros y pagos quedan a cargo de la Banca.<\/p>\n<p>En la ruleta puede participar un n\u00famero ilimitado de personas, a menos que exista alguna norma en el <a href=\"\/pe\/casinos-online\/\">casino online para jugar en el Per\u00fa<\/a> o f\u00edsico donde se juegue, pero lo normal es que las mesas tengan un buen n\u00famero de p\u00fablico entre participantes y curiosos.<\/p>\n<p>En la actualidad existen ruletas autom\u00e1ticas gestionadas con un software donde la partida se desarrolla imitando a la ruleta tradicional pero sin elementos mec\u00e1nicos o humanos que intervengan en el juego adem\u00e1s de los jugadores.<\/p>\n<h2><span class=\"ez-toc-section\" id=\"Elementos-de-la-ruleta-francesa\"><\/span><strong>Elementos de la ruleta francesa<\/strong><span class=\"ez-toc-section-end\"><\/span><\/h2>\n<h3><span class=\"ez-toc-section\" id=\"Ruleta-y-bola\"><\/span><strong>Ruleta y bola<\/strong><span class=\"ez-toc-section-end\"><\/span><\/h3>\n<p>El mecanismo de la ruleta se compone de un cilindro hueco con base c\u00f3nica en la que se encuentran 37 apartados numerados del 0 al 37, como si de un reloj se tratara, siguiendo un patr\u00f3n elaborado por el franc\u00e9s Blaise, creador de la ruleta originaria y de la que derivaron la ruleta francesa y la <a href=\"\/pe\/juego\/ruleta-americana\/\">ruleta americana para la demo gratis<\/a>.<\/p>\n<p>La colocaci\u00f3n de dichos n\u00fameros, si se comienza por el cero y se avanza en sentido horario es la siguiente: 0, 32, 15, 19, 4, 21, 2, 25, 17, 34, 6, 27, 13, 36, 11, 30, 8, 23, 10, 5, 24, 16, 33, 1, 20, 14, 31, 9, 22, 18, 29, 7, 28, 12, 35, 3 y 26.<\/p>\n<p>La parte interior del cilindro es donde se lanza la bola para que ruede hasta caer a la base y se pose sobre alguno de los n\u00fameros. El encargado de lanzar esta bola es el representante del casino en la mesa.<\/p>\n<h3><span class=\"ez-toc-section\" id=\"Tablero\"><\/span><strong>Tablero<\/strong><span class=\"ez-toc-section-end\"><\/span><\/h3>\n<p>El tablero de la mesa se parece al de muchos otros <a href=\"\/pe\/juegos\/\">juegos de casino<\/a>, est\u00e1 recubierto por una tela de fieltro en la que se encuentran impresas la secciones para efectuar las apuestas. Los jugadores tendr\u00e1n que poner sus apuestas, utilizando las fichas del casino o dinero en met\u00e1lico (si lo permite el casino), sobre la secci\u00f3n del tablero que deseen.<\/p>\n<p>Entre estas secciones la mayor y m\u00e1s importante es la num\u00e9rica, en ella se distribuyen todos los n\u00fameros de la ruleta en tres columnas de doce filas donde se encuentran los n\u00fameros del 1 al 36, mientras que el 0 ocupa una fila adicional por completo. Esta secci\u00f3n es universal, es la \u00fanica que no puede ser modificada y que siempre encontraremos en una mesa de ruleta francesa. El resto de secciones pueden distribuirse de distinta manera, pero esta es la configuraci\u00f3n m\u00e1s com\u00fan:<\/p>\n<p>Bajo esta secci\u00f3n num\u00e9rica hay una fila m\u00e1s dividida igualmente, en tres columnas que se destina a las apuestas por columnas completas. A los lados de esta fila se encuentran las secciones para apostar por las docenas primera, segunda y tercera.<\/p>\n<p>A ambos lados de esta secci\u00f3n est\u00e1n las secciones dedicadas a las apuestas sencillas o de condici\u00f3n. As\u00ed, se pueden diferenciar las secciones de Par e Impar, las de Rojo y Negro, y las de Falta y Pasa. Luego explicaremos m\u00e1s sobre estas apuestas.<\/p>\n<h3><span class=\"ez-toc-section\" id=\"Fichas\"><\/span><strong>Fichas<\/strong><span class=\"ez-toc-section-end\"><\/span><\/h3>\n<p>Las fichas del casino tienen un valor nominal, de manera que representan la misma cantidad de dinero real que indican con el n\u00famero que lleven impreso.<\/p>\n<p>Esta fichas se consiguen cambiando en los kioskos de cambio de los casinos. Existen fichas de diversos valores, teniendo cada uno un color distinto con el fin de diferenciarlas con claridad.<\/p>\n<h2><span class=\"ez-toc-section\" id=\"Tipos-de-apuestas\"><\/span><strong>Tipos de apuestas<\/strong><span class=\"ez-toc-section-end\"><\/span><\/h2>\n<p>Las mesas de ruleta admiten todo tipo de apuestas dentro de unos l\u00edmites establecidos por el casino. Con el fin de que exista mayor variedad y para que los jugadores puedan elegir, suele haber ruletas con distintos l\u00edmites de apuestas dentro del mismo casino.<\/p>\n<p>Las apuestas que se pueden hacer en una mesa de ruleta son de dos tipos, apuestas sobre la secci\u00f3n num\u00e9rica y las apuestas sencillas.<\/p>\n<h3><span class=\"ez-toc-section\" id=\"Apuestas-sobre-la-seccion-numerica\"><\/span><strong>Apuestas sobre la secci\u00f3n num\u00e9rica<\/strong><span class=\"ez-toc-section-end\"><\/span><\/h3>\n<p>Cuando se apuesta en la secci\u00f3n num\u00e9rica se apuesta por un n\u00famero o una combinaci\u00f3n de ellos. Los jugadores no pueden apostar al cero, n\u00famero reservado para la Banca.<\/p>\n<p>La colocaci\u00f3n de las fichas apostadas sobre las secciones indicar\u00e1 de qu\u00e9 tipo de apuesta se trata, as\u00ed que conviene conocer el tipo de apuestas que existen.<\/p>\n<p>Apuestas ganadoras sobre 1 n\u00famero se pagan 35 veces la cantidad apostada.<\/p>\n<p>Apuestas ganadoras sobre 2 n\u00fameros se pagan 17 veces la cantidad apostada.<\/p>\n<p>Apuestas ganadoras sobre 3 n\u00fameros se pagan 11 veces la cantidad apostada.<\/p>\n<p>Apuestas ganadoras sobre 4 n\u00fameros se pagan 8 veces la cantidad apostada.<\/p>\n<p>Apuestas ganadoras sobre 6 n\u00fameros se pagan 5 veces la cantidad apostada.<\/p>\n<p>Apuestas ganadoras sobre 12 n\u00fameros se pagan 2 veces la cantidad apostada.<\/p>\n<p>Apuestas ganadoras sobre 18 n\u00fameros se pagan misma la cantidad apostada.<\/p>\n<p><strong>Pleno:<\/strong><\/p>\n<p>Es la apuesta sobre un n\u00famero. Esta apuesta tiene una relaci\u00f3n de cobro 35 veces la cantidad apostada. Las fichas que se quieran apostar se deben colocar en el centro de la casilla del n\u00famero elegido.<\/p>\n<p><strong>Pareja:<\/strong><\/p>\n<p>Es la apuesta sobre dos n\u00fameros cuyas casillas del tablero se encuentren juntas. Esta apuesta tiene una relaci\u00f3n de cobro 17 veces la cantidad apostada. Las fichas que se quieran apostar se deben colocar sobre el centro de la l\u00ednea que separa a los n\u00fameros elegidos.<\/p>\n<p><strong>Fila:<\/strong><\/p>\n<p>Es la apuesta sobre los tres n\u00fameros de una fila del tablero. Esta apuesta tiene una relaci\u00f3n de cobro 11 veces la cantidad apostada. Las fichas que se quieran apostar se deben colocar en el centro de la l\u00ednea izquierda o derecha de la fila elegida.<\/p>\n<p><strong>Cuadro:<\/strong><\/p>\n<p>Es la apuesta sobre cuatro n\u00fameros cuyas casillas del tablero se encuentren juntas. Esta apuesta tiene una relaci\u00f3n de cobro 8 veces la cantidad apostada. Las fichas que se quieran apostar se deben colocar sobre la esquina com\u00fan de los n\u00fameros elegidos.<\/p>\n<p><strong>Fila doble:<\/strong><\/p>\n<p>Es la apuesta sobre dos filas del tablero se encuentren juntas. Esta apuesta tiene una relaci\u00f3n de cobro 5 veces la cantidad apostada. Las fichas que se quieran apostar se deben colocar sobre la esquina com\u00fan, derecha o izquierda, de las dos filas elegidas.<\/p>\n<p><strong>Columna<\/strong>:<\/p>\n<p>Es la apuesta sobre doce n\u00fameros cuyas casillas del tablero se encuentren en la misma columna. Esta apuesta tiene una relaci\u00f3n de cobro 2 veces la cantidad apostada. Las fichas que se quieran apostar se deben colocar sobre la casilla del tablero que indica la columna elegida.<\/p>\n<p><strong>Docena<\/strong>:<\/p>\n<p>Es la apuesta sobre los doce n\u00fameros correspondientes a la primera, segunda o tercera docena. Esta apuesta tiene una relaci\u00f3n de cobro 2 veces la cantidad apostada. Las fichas que se quieran apostar se deben colocar sobre la casilla del tablero que indica la docena elegida.<\/p>\n<p><strong>Dos columnas<\/strong>:<\/p>\n<p>Es la apuesta sobre veinticuatro n\u00fameros cuyas columnas del tablero se encuentren juntas. Esta apuesta tiene una relaci\u00f3n de cobro 0,5 veces la cantidad apostada. Las fichas que se quieran apostar se deben colocar sobre la l\u00ednea que separa las dos casillas del tablero que indican las columnas elegidas.<\/p>\n<p><strong>Dos docenas<\/strong>:<\/p>\n<p>Es la apuesta sobre veinticuatro n\u00fameros cuyas docenas se encuentren juntas en el tablero. Esta apuesta tiene una relaci\u00f3n de cobro 0,5 veces la cantidad apostada. Las fichas que se quieran apostar se deben colocar sobre la l\u00ednea que separa las dos casillas del tablero que indican las docenas elegidas.<\/p>\n<h3><span class=\"ez-toc-section\" id=\"Apuestas-sencillas\"><\/span><strong>Apuestas sencillas<\/strong><span class=\"ez-toc-section-end\"><\/span><\/h3>\n<p>Este tipo de apuestas son aquellas que dependen de la condici\u00f3n del n\u00famero que resulta premiado, esto es, su color, su paridad y si es de la primera o segunda mitad de los n\u00fameros.<\/p>\n<p>Este tipo de apuestas abarcan 18 n\u00fameros de los 37 del tablero. Cuando resultan ganadoras estas apuestas, se paga la misma cantidad apostada.<\/p>\n<p>En el caso de ser el 0 el n\u00famero premiado, los jugadores podr\u00edan obtener la mitad de su apuesta como premio o bien dejar la apuesta en prisi\u00f3n, que consiste en dejar la apuesta para jugarla de nuevo en la siguiente jugada, entonces si ganara recuperar\u00eda la apuesta, si no, lo perder\u00eda, pero si volviera a salir el 0 tendr\u00eda la misma opci\u00f3n de elegir.<\/p>\n<p><strong>Par o Impar<\/strong>:<\/p>\n<p>Se trata de la apuesta sobre todos los n\u00fameros pares o los impares del tablero, quedando excluido el 0.<\/p>\n<p><strong>Rojo o Negro<\/strong>:<\/p>\n<p>Se trata de la apuesta sobre todos los n\u00fameros rojos o negros del tablero, quedando excluido el 0 que es verde.<\/p>\n<p><strong>Falta o Pasa<\/strong>:<\/p>\n<p>Se trata de la apuesta sobre todos los n\u00fameros de la primera o segunda mitad de los n\u00fameros del tablero (del 1 al 18 o del 19 al 36), quedando excluido el 0.<\/p>\n<h2><span class=\"ez-toc-section\" id=\"Mecanica-del-juego\"><\/span><strong>Mec\u00e1nica del juego<\/strong><span class=\"ez-toc-section-end\"><\/span><\/h2>\n<p>Para dar comienzo a una jugada de ruleta, el crupier o encargado de mesa abren el turno de apuestas con un \u201chagan sus apuestas\u201d, siendo este el momento que los jugadores tienen para realizar sus apuestas colocando las fichas en el tablero.<\/p>\n<p>Durante el tiempo de realizar las apuestas, el encargado de la ruleta lanzar\u00e1 la bola en su interior haciendo que gire en direcci\u00f3n contraria a la base giratoria de la ruleta.<\/p>\n<p>Tras un tiempo y coincidiendo con el descenso de velocidad de la bola en su giro por el cilindro, el encargado de la mesa pasa a cerrar el turno de apuestas con un \u201cno va m\u00e1s\u201d. Desde este momento no se admitir\u00e1n m\u00e1s apuestas.<\/p>\n<p>Una vez la bola haya terminado por posarse en alguna de las secciones de la ruleta se pasa a comprobar el n\u00famero premiado para realizar el pago de las apuestas premiadas siguiendo la tabla de pagos seg\u00fan el tipo de apuesta y\u00a0 la retirada de aquellas que no hayan resultado ganadoras.<\/p>\n<p>Finalizado este proceso se anuncia una nueva mano abriendo el turno de apuestas.<\/p>\n<p class=\"caja\">\u00bfQuieres practicar antes? Juega a nuestra <b><a href=\"\/pe\/juego\/ruleta-francesa\/\">ruleta francesa gratis<\/a><\/b> para que cuando quieras jugar con dinero real saques el m\u00e1ximo rendimiento a tus apuestas. Y si quieres convertirte en un aut\u00e9ntico PRO, te recomendamos que estudies nuestra <b><a href=\"\/pe\/estrategia\/ruleta\/\">gu\u00eda de estrategia para ruleta<\/a><\/b>. \u00a1Buena suerte en las mesas de juego!<\/p>\n","protected":false},"excerpt":{"rendered":"<p>Aprende a jugar a la ruleta francesa con estas sencillas reglas para principiantes. Objetivo del juego El juego de la ruleta es un juego de azar, un juego en el que hay un sorteo mientras que los jugadores participantes pueden apostar por cualquiera de los n\u00fameros del tablero, combinaciones de n\u00fameros o condici\u00f3n del n\u00famero [&hellip;]<\/p>\n","protected":false},"author":18,"featured_media":148389,"parent":134669,"menu_order":0,"comment_status":"closed","ping_status":"closed","template":"page_author_sidebar.php","meta":{"_acf_changed":false,"footnotes":""},"class_list":["post-140800","page","type-page","status-publish","has-post-thumbnail","hentry"],"acf":[],"_links":{"self":[{"href":"https:\/\/staging.casinoalto.com\/pe\/wp-json\/wp\/v2\/pages\/140800","targetHints":{"allow":["GET"]}}],"collection":[{"href":"https:\/\/staging.casinoalto.com\/pe\/wp-json\/wp\/v2\/pages"}],"about":[{"href":"https:\/\/staging.casinoalto.com\/pe\/wp-json\/wp\/v2\/types\/page"}],"author":[{"embeddable":true,"href":"https:\/\/staging.casinoalto.com\/pe\/wp-json\/wp\/v2\/users\/18"}],"replies":[{"embeddable":true,"href":"https:\/\/staging.casinoalto.com\/pe\/wp-json\/wp\/v2\/comments?post=140800"}],"version-history":[{"count":4,"href":"https:\/\/staging.casinoalto.com\/pe\/wp-json\/wp\/v2\/pages\/140800\/revisions"}],"predecessor-version":[{"id":10063064,"href":"https:\/\/staging.casinoalto.com\/pe\/wp-json\/wp\/v2\/pages\/140800\/revisions\/10063064"}],"up":[{"embeddable":true,"href":"https:\/\/staging.casinoalto.com\/pe\/wp-json\/wp\/v2\/pages\/134669"}],"wp:featuredmedia":[{"embeddable":true,"href":"https:\/\/staging.casinoalto.com\/pe\/wp-json\/wp\/v2\/media\/148389"}],"wp:attachment":[{"href":"https:\/\/staging.casinoalto.com\/pe\/wp-json\/wp\/v2\/media?parent=140800"}],"curies":[{"name":"wp","href":"https:\/\/api.w.org\/{rel}","templated":true}]}}