{"id":140833,"date":"2017-10-19T10:26:51","date_gmt":"2017-10-19T10:26:51","guid":{"rendered":"https:\/\/casinoalto.com\/pe\/?page_id=140833"},"modified":"2026-01-27T17:16:30","modified_gmt":"2026-01-27T17:16:30","slug":"casino-holdem","status":"publish","type":"page","link":"https:\/\/staging.casinoalto.com\/pe\/reglas\/casino-holdem\/","title":{"rendered":"Casino Holdem"},"content":{"rendered":"<p><img loading=\"lazy\" decoding=\"async\" class=\"alignnone size-full wp-image-148367\" src=\"\/pe\/wp-content\/uploads\/sites\/9\/2018\/11\/casino-alto_covers_casino-holdem.webp\" alt=\"casino holdem\" width=\"800\" height=\"475\" \/><\/p>\n<p>Aprender a jugar al <strong>Casino Holdem<\/strong> es muy sencillo con estas reglas b\u00e1sicas para principiantes.<\/p>\n<div id=\"ez-toc-container\" class=\"ez-toc-v2_0_82_2 counter-hierarchy ez-toc-counter ez-toc-custom ez-toc-container-direction\">\n<p class=\"ez-toc-title\" style=\"cursor:inherit\">Tabla de contenidos<\/p>\n<label for=\"ez-toc-cssicon-toggle-item-69d6abf1a9b98\" class=\"ez-toc-cssicon-toggle-label\"><span class=\"\"><span class=\"eztoc-hide\" style=\"display:none;\">Toggle<\/span><span class=\"ez-toc-icon-toggle-span\"><svg style=\"fill: #999;color:#999\" xmlns=\"http:\/\/www.w3.org\/2000\/svg\" class=\"list-377408\" width=\"20px\" height=\"20px\" viewBox=\"0 0 24 24\" fill=\"none\"><path d=\"M6 6H4v2h2V6zm14 0H8v2h12V6zM4 11h2v2H4v-2zm16 0H8v2h12v-2zM4 16h2v2H4v-2zm16 0H8v2h12v-2z\" fill=\"currentColor\"><\/path><\/svg><svg style=\"fill: #999;color:#999\" class=\"arrow-unsorted-368013\" xmlns=\"http:\/\/www.w3.org\/2000\/svg\" width=\"10px\" height=\"10px\" viewBox=\"0 0 24 24\" version=\"1.2\" baseProfile=\"tiny\"><path d=\"M18.2 9.3l-6.2-6.3-6.2 6.3c-.2.2-.3.4-.3.7s.1.5.3.7c.2.2.4.3.7.3h11c.3 0 .5-.1.7-.3.2-.2.3-.5.3-.7s-.1-.5-.3-.7zM5.8 14.7l6.2 6.3 6.2-6.3c.2-.2.3-.5.3-.7s-.1-.5-.3-.7c-.2-.2-.4-.3-.7-.3h-11c-.3 0-.5.1-.7.3-.2.2-.3.5-.3.7s.1.5.3.7z\"\/><\/svg><\/span><\/span><\/label><input type=\"checkbox\"  id=\"ez-toc-cssicon-toggle-item-69d6abf1a9b98\" checked aria-label=\"Toggle\" \/><nav><ul class='ez-toc-list ez-toc-list-level-1 ' ><li class='ez-toc-page-1 ez-toc-heading-level-2'><a class=\"ez-toc-link ez-toc-heading-1\" href=\"https:\/\/staging.casinoalto.com\/pe\/reglas\/casino-holdem\/#Historia-del-juego\" >Historia del juego<\/a><\/li><li class='ez-toc-page-1 ez-toc-heading-level-2'><a class=\"ez-toc-link ez-toc-heading-2\" href=\"https:\/\/staging.casinoalto.com\/pe\/reglas\/casino-holdem\/#Objetivo-del-juego\" >Objetivo del juego<\/a><\/li><li class='ez-toc-page-1 ez-toc-heading-level-2'><a class=\"ez-toc-link ez-toc-heading-3\" href=\"https:\/\/staging.casinoalto.com\/pe\/reglas\/casino-holdem\/#Clasificacion-de-jugadas-para-Casino-Holdem\" >Clasificaci\u00f3n de jugadas para Casino Hold\u2019em<\/a><\/li><li class='ez-toc-page-1 ez-toc-heading-level-2'><a class=\"ez-toc-link ez-toc-heading-4\" href=\"https:\/\/staging.casinoalto.com\/pe\/reglas\/casino-holdem\/#Mecanica-del-juego\" >Mec\u00e1nica del juego<\/a><ul class='ez-toc-list-level-3' ><li class='ez-toc-heading-level-3'><a class=\"ez-toc-link ez-toc-heading-5\" href=\"https:\/\/staging.casinoalto.com\/pe\/reglas\/casino-holdem\/#Apuestas-obligatorias-Ante-bet\" >Apuestas obligatorias (Ante bet)<\/a><\/li><li class='ez-toc-page-1 ez-toc-heading-level-3'><a class=\"ez-toc-link ez-toc-heading-6\" href=\"https:\/\/staging.casinoalto.com\/pe\/reglas\/casino-holdem\/#Reparto-de-cartas\" >Reparto de cartas<\/a><\/li><li class='ez-toc-page-1 ez-toc-heading-level-3'><a class=\"ez-toc-link ez-toc-heading-7\" href=\"https:\/\/staging.casinoalto.com\/pe\/reglas\/casino-holdem\/#El-Flop\" >El Flop<\/a><\/li><li class='ez-toc-page-1 ez-toc-heading-level-3'><a class=\"ez-toc-link ez-toc-heading-8\" href=\"https:\/\/staging.casinoalto.com\/pe\/reglas\/casino-holdem\/#Jugar-o-no-jugar-Call-bet\" >Jugar o no jugar (Call bet)<\/a><\/li><li class='ez-toc-page-1 ez-toc-heading-level-3'><a class=\"ez-toc-link ez-toc-heading-9\" href=\"https:\/\/staging.casinoalto.com\/pe\/reglas\/casino-holdem\/#Turn-y-River\" >Turn y River<\/a><\/li><li class='ez-toc-page-1 ez-toc-heading-level-3'><a class=\"ez-toc-link ez-toc-heading-10\" href=\"https:\/\/staging.casinoalto.com\/pe\/reglas\/casino-holdem\/#Comparacion-de-manos\" >Comparaci\u00f3n de manos<\/a><\/li><\/ul><\/li><li class='ez-toc-page-1 ez-toc-heading-level-2'><a class=\"ez-toc-link ez-toc-heading-11\" href=\"https:\/\/staging.casinoalto.com\/pe\/reglas\/casino-holdem\/#Pago-de-las-apuestas\" >Pago de las apuestas<\/a><\/li><\/ul><\/nav><\/div>\n<h2><span class=\"ez-toc-section\" id=\"Historia-del-juego\"><\/span><strong>Historia del juego<\/strong><span class=\"ez-toc-section-end\"><\/span><\/h2>\n<p>El p\u00f3ker lleva siendo jugado desde hace siglos y desde el primer momento ha ido evolucionando dando lugar a un importante n\u00famero de variaciones que terminaron por establecerse como juegos con sus propias caracter\u00edsticas. En la actualidad la versi\u00f3n m\u00e1s extendida es el Texas Hold\u2019em y de \u00e9l surgi\u00f3 el Casino Hold\u2019em.<\/p>\n<p>Nacido como un programa de software para ayuda en los entrenamientos para mejorar en el Texas Hold\u2019em, acab\u00f3 por darse a conocer y despertar el inter\u00e9s de casinos y salas de juego online por el potencial que ofrece.<\/p>\n<p>Con una mec\u00e1nica similar al juego del que proviene, en el Casino Hold\u2019em, los jugadores se enfrentan a la banca y no a los otros participantes, al igual que ocurre en otros<a href=\"\/pe\/juegos\/\"> juegos de casino<\/a>, como pueda ser el Blackjack.<\/p>\n<p>Para jugar se utiliza la baraja francesa de 52 naipes. Los jugadores reciben dos cartas de inicio y deben combinarlas con las cinco cartas comunes que se van mostrando en varios turnos. Finalmente se comparan las manos de cada jugador con la de la Banca para dilucidar qui\u00e9n gana su dinero apostado y qui\u00e9n lo pierde.<\/p>\n<h2><span class=\"ez-toc-section\" id=\"Objetivo-del-juego\"><\/span><strong>Objetivo del juego<\/strong><span class=\"ez-toc-section-end\"><\/span><\/h2>\n<p>Para jugar al Casino Hold\u2019em los jugadores tratan de ganar a la Banca formando una mejor jugada combinando las dos cartas propias con las cinco cartas comunes.<\/p>\n<h2><span class=\"ez-toc-section\" id=\"Clasificacion-de-jugadas-para-Casino-Holdem\"><\/span><strong>Clasificaci\u00f3n de jugadas para Casino Hold\u2019em<\/strong><span class=\"ez-toc-section-end\"><\/span><\/h2>\n<p>Como ocurre en todos los juegos de p\u00f3ker, los jugadores pueden formar distintas jugadas al combinar cartas, teniendo cada una de esas jugadas un valor que las sit\u00faa de la siguiente manera atendiendo a su fortaleza:<\/p>\n<ul>\n<li>Escalera Real \u2013 Escalera de Color, con las cartas A, K, Q, J, 10 del mismo palo. Es la mano m\u00e1s codiciada, ya que es la mejor jugada que podemos obtener.<\/li>\n<li>Escalera de Color \u2013 Escalera formada por 5 cartas de orden consecutivo y todas ellas deben ser del mismo palo.<\/li>\n<li>P\u00f3ker \u2013 Formado por 4 cartas del mismo valor.<\/li>\n<li>Full \u2013 Se obtiene con un tr\u00edo y una pareja (3 cartas del mismo valor y 2 de otro).<\/li>\n<li>Color \u2013 Formado por 5 cartas del mismo palo (no consecutivas).<\/li>\n<li>Escalera \u2013 Son 5 naipes con valores consecutivos que no sean del mismo palo.<\/li>\n<li>Tr\u00edo \u2013 Formado por 3 cartas del mismo valor.<\/li>\n<li>Doble Pareja \u2013 Consiste en tener 2 parejas de cartas de diferente valor entre ambas.<\/li>\n<li>Pareja \u2013 2 naipes con el mismo valor.<\/li>\n<\/ul>\n<p><img loading=\"lazy\" decoding=\"async\" class=\"alignnone wp-image-148754 size-full\" src=\"\/pe\/wp-content\/uploads\/sites\/9\/2018\/12\/casino-alto_images_casino-holdem.webp\" alt=\"orden jugadas poker casino holdem\" width=\"800\" height=\"787\" \/><\/p>\n<h2><span class=\"ez-toc-section\" id=\"Mecanica-del-juego\"><\/span><strong>Mec\u00e1nica del juego<\/strong><span class=\"ez-toc-section-end\"><\/span><\/h2>\n<h3><span class=\"ez-toc-section\" id=\"Apuestas-obligatorias-Ante-bet\"><\/span><strong>Apuestas obligatorias (Ante bet)<\/strong><span class=\"ez-toc-section-end\"><\/span><\/h3>\n<p>La primera fase de una mano de p\u00f3ker Casino Hold\u2019em es en la que los jugadores que quieran participar tendr\u00e1n que hacer una apuesta obligatoria o \u201cante\u201d usando las fichas de poker. La cuant\u00eda del ante viene determinado por el casino y puede variar de una mesa a otra.<\/p>\n<p>Igualmente es en esta fase de la mano cuando se puede hacer una apuesta a ciegas, llamada \u201cAA bonus\u201d, en la que el jugador apuesta a que tendr\u00e1, con sus dos cartas iniciales y las tres primeras comunes, una jugada igual o superior a pareja de ases.<\/p>\n<p>Esta apuesta es paralela e independiente de lo que ocurra despu\u00e9s de ver las dos \u00faltimas cartas comunes. Las apuestas son cobradas o pagadas despu\u00e9s de que se saquen las tres cartas del flop.<\/p>\n<h3><span class=\"ez-toc-section\" id=\"Reparto-de-cartas\"><\/span><strong>Reparto de cartas<\/strong><span class=\"ez-toc-section-end\"><\/span><\/h3>\n<p>Una vez todos los jugadores han aportado su correspondiente ante, el crupier comenzar\u00e1 a distribuir los naipes, dos a cada jugador, repartidos de uno en uno y sin mostrar sus valores.<\/p>\n<p>El turno de juego discurre en el sentido horario, por lo que todas las acciones del juego seguir\u00e1n este sentido de avance.<\/p>\n<h3><span class=\"ez-toc-section\" id=\"El-Flop\"><\/span><strong>El Flop<\/strong><span class=\"ez-toc-section-end\"><\/span><\/h3>\n<p>La siguiente fase sigue a cargo del crupier de la mesa y corresponde a la muestra de las tres primeras cartas comunes, que ser\u00e1n dispuestas en el centro de la mesa mostrando su valor a todos los participantes.<\/p>\n<h3><span class=\"ez-toc-section\" id=\"Jugar-o-no-jugar-Call-bet\"><\/span><strong>Jugar o no jugar (Call bet)<\/strong><span class=\"ez-toc-section-end\"><\/span><\/h3>\n<p>En este momento son los jugadores quienes toman el control y deben decidir sobre qu\u00e9 acci\u00f3n ejecutar.<\/p>\n<p>Mirando sus cartas propias, cada jugador, en su correspondiente turno, ir\u00e1 valorando si desea seguir jugando para enfrentar su mano a la de la Banca.<\/p>\n<p>Si quiere seguir jugando y considera que puede ganar a la Banca, contando que habr\u00e1 otras dos cartas comunes despu\u00e9s de esta fase, podr\u00e1 apostar de nuevo una cantidad equivalente al doble de la cantidad aportada con el ante, esta acci\u00f3n se denomina \u201ccall\u201d o apuesta de continuaci\u00f3n.<\/p>\n<p>Los jugadores que no deseen jugar la mano desechar\u00e1n sus cartas y el crupier retirar\u00e1 su apuesta obligatoria, teniendo que esperar a la siguiente mano para seguir jugando.<\/p>\n<p>Este tambi\u00e9n es el momento de que se efect\u00fae el cobro de las apuestas AA Bonus si fuera necesario. Aquellos jugadores que hicieron dicha apuesta y la ganen cobrar\u00e1n seg\u00fan las tablas de pago que se utilicen en cada casino:<\/p>\n<p>Opci\u00f3n 1<\/p>\n<ul>\n<li>7 veces la cantidad apostada si consiguen formar una jugada igual o menor a una escalera.<\/li>\n<li>25 veces la cantidad apostada si consigue formar una jugada superior a la escalera.<\/li>\n<\/ul>\n<p>Opci\u00f3n 2<\/p>\n<p>En funci\u00f3n de la jugada obtenida para ganar la apuesta AABonus se obtendr\u00e1 un premio determinado.<\/p>\n<ul>\n<li>Pareja de ases: 7 veces la cantidad apostada.<\/li>\n<li>Doble pareja: 7 veces la cantidad apostada<\/li>\n<li>Tr\u00edo: 7 veces la cantidad apostada.<\/li>\n<li>Escalera: 7 veces la cantidad apostada.<\/li>\n<li>Color: 20 veces la cantidad apostada.<\/li>\n<li>Full: 30 veces la cantidad apostada.<\/li>\n<li>P\u00f3ker: 40 veces la cantidad apostada.<\/li>\n<li>Escalera de color: 50 veces la cantidad apostada.<\/li>\n<li>Escalera Real: 100 veces la cantidad apostada.<\/li>\n<\/ul>\n<h3><span class=\"ez-toc-section\" id=\"Turn-y-River\"><\/span><strong>Turn y River<\/strong><span class=\"ez-toc-section-end\"><\/span><\/h3>\n<p>Un vez se han pagado o recogido las apuestas de AA Bonus y s\u00f3lo si hubiera jugadores activos en este punto, el crupier sacar\u00e1 dos nuevas cartas de la baraja, llamadas \u201cturn\u201d y \u201criver, para colocarlas junto a las tres anteriores cartas comunes, tambi\u00e9n con sus valores a la vista.<\/p>\n<h3><span class=\"ez-toc-section\" id=\"Comparacion-de-manos\"><\/span><strong>Comparaci\u00f3n de manos<\/strong><span class=\"ez-toc-section-end\"><\/span><\/h3>\n<p>La siguiente fase del juego en el <a href=\"\/pe\/casinos-online\/\">casino online seguros y fiables<\/a> es para que cada uno de los jugadores que tomaron parte en la mano, compare su mejor jugada con la de la Banca, de forma que se pueda dilucidar que apuestas son ganadoras y cu\u00e1les no lo son.<\/p>\n<p>La mano de la Banca debe ser superior a una pareja de 4, si no lo fuera, su mano ser\u00eda invalidada y tendr\u00eda que pagar a todos los jugadores activos sus apuestas de ante con una relaci\u00f3n 1 a 1, pero no las apuestas de continuaci\u00f3n, de forma que \u00e9stas son devueltas a todos los jugadores que las hicieron.<\/p>\n<p>Si la jugada de la Banca fuera superior a una pareja de 4, se comparar\u00eda de forma individual con las jugadas de cada uno de los participantes, siendo ganadora la mano mayor. En la manos en que gana la Banca, el crupier retira las apuestas de ante y de continuaci\u00f3n de los jugadores derrotados.<\/p>\n<p>En el caso de los jugadores con mejores jugadas, se les pagar\u00e1 siguiendo la tabla de pagos establecida, y que se puede consultar en el siguiente apartado. Aquellos jugadores que empaten con la mano de la Banca, recuperar\u00e1n sus apuestas.<\/p>\n<h2><span class=\"ez-toc-section\" id=\"Pago-de-las-apuestas\"><\/span><strong>Pago de las apuestas<\/strong><span class=\"ez-toc-section-end\"><\/span><\/h2>\n<p>Una vez se conocen los jugadores que han ganado su mano se procede al pago de las apuestas seg\u00fan la jugada obtenida, siendo el crupier el encargado de hacerlas efectivas siguiendo la siguiente tabla de pagos:<\/p>\n<ul>\n<li>Escalera Real: esta jugada se paga a raz\u00f3n de 100 veces la cantidad apostada.<\/li>\n<li>Escalera de Color: esta jugada se paga a raz\u00f3n de 20 veces la cantidad apostada.<\/li>\n<li>P\u00f3ker: esta jugada se paga a raz\u00f3n de 10 veces la cantidad apostada.<\/li>\n<li>Full: esta jugada se paga a raz\u00f3n de 3 veces la cantidad apostada.<\/li>\n<li>Color: esta jugada se paga a raz\u00f3n de 2 veces la cantidad apostada.<\/li>\n<li>Escalera: esta jugada se paga la misma cantidad apostada.<\/li>\n<li>Tr\u00edo: esta jugada se paga la misma cantidad apostada.<\/li>\n<li>Doble Pareja: esta jugada se paga la misma cantidad apostada.<\/li>\n<li>Pareja: esta jugada se paga la misma cantidad apostada.<\/li>\n<\/ul>\n<p><img loading=\"lazy\" decoding=\"async\" class=\"alignnone wp-image-148755 size-full\" src=\"\/pe\/wp-content\/uploads\/sites\/9\/2018\/12\/casino-alto_images_casino-holdem-manos.webp\" alt=\"valor manos poker casino holdem\" width=\"800\" height=\"791\" \/><\/p>\n<p>Acabada la mano y con la mesa despejada, el crupier proceder\u00e1 a anunciar una nueva mano.<\/p>\n<p class=\"caja\">\u00bfQuieres practicar antes? Juega a nuestro <strong><a href=\"\/pe\/juego\/casino-holdem\/\">Casino Holdem gratis<\/a><\/strong> para que cuando quieras jugar con dinero real saques el m\u00e1ximo rendimiento a tus apuestas. \u00a1Buena suerte en las mesas de juego!<\/p>\n","protected":false},"excerpt":{"rendered":"<p>Aprender a jugar al Casino Holdem es muy sencillo con estas reglas b\u00e1sicas para principiantes. Historia del juego El p\u00f3ker lleva siendo jugado desde hace siglos y desde el primer momento ha ido evolucionando dando lugar a un importante n\u00famero de variaciones que terminaron por establecerse como juegos con sus propias caracter\u00edsticas. En la actualidad [&hellip;]<\/p>\n","protected":false},"author":18,"featured_media":148367,"parent":134669,"menu_order":0,"comment_status":"closed","ping_status":"closed","template":"page_author_sidebar.php","meta":{"_acf_changed":false,"footnotes":""},"class_list":["post-140833","page","type-page","status-publish","has-post-thumbnail","hentry"],"acf":[],"_links":{"self":[{"href":"https:\/\/staging.casinoalto.com\/pe\/wp-json\/wp\/v2\/pages\/140833","targetHints":{"allow":["GET"]}}],"collection":[{"href":"https:\/\/staging.casinoalto.com\/pe\/wp-json\/wp\/v2\/pages"}],"about":[{"href":"https:\/\/staging.casinoalto.com\/pe\/wp-json\/wp\/v2\/types\/page"}],"author":[{"embeddable":true,"href":"https:\/\/staging.casinoalto.com\/pe\/wp-json\/wp\/v2\/users\/18"}],"replies":[{"embeddable":true,"href":"https:\/\/staging.casinoalto.com\/pe\/wp-json\/wp\/v2\/comments?post=140833"}],"version-history":[{"count":5,"href":"https:\/\/staging.casinoalto.com\/pe\/wp-json\/wp\/v2\/pages\/140833\/revisions"}],"predecessor-version":[{"id":10063022,"href":"https:\/\/staging.casinoalto.com\/pe\/wp-json\/wp\/v2\/pages\/140833\/revisions\/10063022"}],"up":[{"embeddable":true,"href":"https:\/\/staging.casinoalto.com\/pe\/wp-json\/wp\/v2\/pages\/134669"}],"wp:featuredmedia":[{"embeddable":true,"href":"https:\/\/staging.casinoalto.com\/pe\/wp-json\/wp\/v2\/media\/148367"}],"wp:attachment":[{"href":"https:\/\/staging.casinoalto.com\/pe\/wp-json\/wp\/v2\/media?parent=140833"}],"curies":[{"name":"wp","href":"https:\/\/api.w.org\/{rel}","templated":true}]}}