{"id":140835,"date":"2017-10-19T10:33:12","date_gmt":"2017-10-19T10:33:12","guid":{"rendered":"https:\/\/casinoalto.com\/pe\/?page_id=140835"},"modified":"2026-01-27T17:20:02","modified_gmt":"2026-01-27T17:20:02","slug":"texas-holdem","status":"publish","type":"page","link":"https:\/\/staging.casinoalto.com\/pe\/reglas\/texas-holdem\/","title":{"rendered":"Texas Holdem"},"content":{"rendered":"<p><img loading=\"lazy\" decoding=\"async\" class=\"alignnone size-full wp-image-148391\" src=\"\/wp-content\/uploads\/2018\/11\/casino-alto_covers_texas-holdem.webp\" alt=\"texas holdem\" width=\"800\" height=\"475\" \/><\/p>\n<p>Aprender a jugar al Texas Holdem es muy sencillo con estas reglas b\u00e1sicas para principiantes.<\/p>\n<div id=\"ez-toc-container\" class=\"ez-toc-v2_0_82_2 counter-hierarchy ez-toc-counter ez-toc-custom ez-toc-container-direction\">\n<p class=\"ez-toc-title\" style=\"cursor:inherit\">Tabla de contenidos<\/p>\n<label for=\"ez-toc-cssicon-toggle-item-69d695902ac2f\" class=\"ez-toc-cssicon-toggle-label\"><span class=\"\"><span class=\"eztoc-hide\" style=\"display:none;\">Toggle<\/span><span class=\"ez-toc-icon-toggle-span\"><svg style=\"fill: #999;color:#999\" xmlns=\"http:\/\/www.w3.org\/2000\/svg\" class=\"list-377408\" width=\"20px\" height=\"20px\" viewBox=\"0 0 24 24\" fill=\"none\"><path d=\"M6 6H4v2h2V6zm14 0H8v2h12V6zM4 11h2v2H4v-2zm16 0H8v2h12v-2zM4 16h2v2H4v-2zm16 0H8v2h12v-2z\" fill=\"currentColor\"><\/path><\/svg><svg style=\"fill: #999;color:#999\" class=\"arrow-unsorted-368013\" xmlns=\"http:\/\/www.w3.org\/2000\/svg\" width=\"10px\" height=\"10px\" viewBox=\"0 0 24 24\" version=\"1.2\" baseProfile=\"tiny\"><path d=\"M18.2 9.3l-6.2-6.3-6.2 6.3c-.2.2-.3.4-.3.7s.1.5.3.7c.2.2.4.3.7.3h11c.3 0 .5-.1.7-.3.2-.2.3-.5.3-.7s-.1-.5-.3-.7zM5.8 14.7l6.2 6.3 6.2-6.3c.2-.2.3-.5.3-.7s-.1-.5-.3-.7c-.2-.2-.4-.3-.7-.3h-11c-.3 0-.5.1-.7.3-.2.2-.3.5-.3.7s.1.5.3.7z\"\/><\/svg><\/span><\/span><\/label><input type=\"checkbox\"  id=\"ez-toc-cssicon-toggle-item-69d695902ac2f\" checked aria-label=\"Toggle\" \/><nav><ul class='ez-toc-list ez-toc-list-level-1 ' ><li class='ez-toc-page-1 ez-toc-heading-level-2'><a class=\"ez-toc-link ez-toc-heading-1\" href=\"https:\/\/staging.casinoalto.com\/pe\/reglas\/texas-holdem\/#Objetivo\" >Objetivo<\/a><\/li><li class='ez-toc-page-1 ez-toc-heading-level-2'><a class=\"ez-toc-link ez-toc-heading-2\" href=\"https:\/\/staging.casinoalto.com\/pe\/reglas\/texas-holdem\/#Preparacion-del-juego\" >Preparaci\u00f3n del juego<\/a><\/li><li class='ez-toc-page-1 ez-toc-heading-level-2'><a class=\"ez-toc-link ez-toc-heading-3\" href=\"https:\/\/staging.casinoalto.com\/pe\/reglas\/texas-holdem\/#Clasificacion-de-jugadas-para-Texas-Holdem\" >Clasificaci\u00f3n de jugadas para Texas Hold\u2019em<\/a><\/li><li class='ez-toc-page-1 ez-toc-heading-level-2'><a class=\"ez-toc-link ez-toc-heading-4\" href=\"https:\/\/staging.casinoalto.com\/pe\/reglas\/texas-holdem\/#Posiciones-en-la-mesa\" >Posiciones en la mesa<\/a><\/li><li class='ez-toc-page-1 ez-toc-heading-level-2'><a class=\"ez-toc-link ez-toc-heading-5\" href=\"https:\/\/staging.casinoalto.com\/pe\/reglas\/texas-holdem\/#Mecanica-del-Texas-Holdem\" >Mec\u00e1nica del Texas Holdem<\/a><ul class='ez-toc-list-level-3' ><li class='ez-toc-heading-level-3'><a class=\"ez-toc-link ez-toc-heading-6\" href=\"https:\/\/staging.casinoalto.com\/pe\/reglas\/texas-holdem\/#Las-ciegas-SB-y-BB-El-ante\" >Las ciegas, SB y BB. El ante<\/a><\/li><li class='ez-toc-page-1 ez-toc-heading-level-3'><a class=\"ez-toc-link ez-toc-heading-7\" href=\"https:\/\/staging.casinoalto.com\/pe\/reglas\/texas-holdem\/#Reparto-de-cartas\" >Reparto de cartas<\/a><\/li><li class='ez-toc-page-1 ez-toc-heading-level-3'><a class=\"ez-toc-link ez-toc-heading-8\" href=\"https:\/\/staging.casinoalto.com\/pe\/reglas\/texas-holdem\/#Primera-ronda-de-apuestas-%E2%80%93-Apuestas-preflop\" >Primera ronda de apuestas \u2013 Apuestas preflop<\/a><\/li><li class='ez-toc-page-1 ez-toc-heading-level-3'><a class=\"ez-toc-link ez-toc-heading-9\" href=\"https:\/\/staging.casinoalto.com\/pe\/reglas\/texas-holdem\/#Reparto-del-Flop\" >Reparto del Flop<\/a><\/li><li class='ez-toc-page-1 ez-toc-heading-level-3'><a class=\"ez-toc-link ez-toc-heading-10\" href=\"https:\/\/staging.casinoalto.com\/pe\/reglas\/texas-holdem\/#Segunda-ronda-de-apuestas-%E2%80%93-Apuestas-Postflop\" >Segunda ronda de apuestas \u2013 Apuestas Postflop<\/a><\/li><li class='ez-toc-page-1 ez-toc-heading-level-3'><a class=\"ez-toc-link ez-toc-heading-11\" href=\"https:\/\/staging.casinoalto.com\/pe\/reglas\/texas-holdem\/#Reparto-del-Turn\" >Reparto del Turn<\/a><\/li><li class='ez-toc-page-1 ez-toc-heading-level-3'><a class=\"ez-toc-link ez-toc-heading-12\" href=\"https:\/\/staging.casinoalto.com\/pe\/reglas\/texas-holdem\/#Tercera-ronda-de-apuestas-%E2%80%93-Apuestas-del-Turn\" >Tercera ronda de apuestas \u2013 Apuestas del Turn<\/a><\/li><li class='ez-toc-page-1 ez-toc-heading-level-3'><a class=\"ez-toc-link ez-toc-heading-13\" href=\"https:\/\/staging.casinoalto.com\/pe\/reglas\/texas-holdem\/#Reparto-del-River\" >Reparto del River<\/a><\/li><li class='ez-toc-page-1 ez-toc-heading-level-3'><a class=\"ez-toc-link ez-toc-heading-14\" href=\"https:\/\/staging.casinoalto.com\/pe\/reglas\/texas-holdem\/#Cuarta-ronda-de-apuestas-%E2%80%93-Apuestas-del-River\" >Cuarta ronda de apuestas \u2013 Apuestas del River<\/a><\/li><li class='ez-toc-page-1 ez-toc-heading-level-3'><a class=\"ez-toc-link ez-toc-heading-15\" href=\"https:\/\/staging.casinoalto.com\/pe\/reglas\/texas-holdem\/#Muestra-de-cartas-%E2%80%93-Showdown\" >Muestra de cartas \u2013 Showdown<\/a><\/li><\/ul><\/li><\/ul><\/nav><\/div>\n<h2><span class=\"ez-toc-section\" id=\"Objetivo\"><\/span><strong>Objetivo<\/strong><span class=\"ez-toc-section-end\"><\/span><\/h2>\n<p>La variante del p\u00f3ker llamada Texas Hold\u2019em es la que actualmente goza de mayor popularidad en el mundo, siendo la que m\u00e1s jugadores tiene de todas las existentes. En \u00e9l se enfrentan de 2 a 11 jugadores entre s\u00ed.<\/p>\n<p>Es un juego en el que cada jugador intenta conseguir la mayor cantidad posible de fichas en cada mano, o bien teniendo la mejor jugada posible combinando dos cartas propias y cinco comunes para batir las jugadas que tengan los dem\u00e1s jugadores, o haciendo que el resto de contrincantes abandonen la mano en alguno de los turnos de apuestas que transcurren en cada fase del juego.<\/p>\n<p>Existen m\u00faltiples variantes del juego seg\u00fan los l\u00edmites m\u00e1ximos en las apuestas (\u201cfixed limit &#8211; l\u00edmites fijos\u201d, \u201cpor limit &#8211; l\u00edmite de bote\u201d y \u201cno limit &#8211; sin l\u00edmites\u201d).<\/p>\n<p>Tambi\u00e9n existen mesas de juego de diferentes tama\u00f1os:<\/p>\n<ul>\n<li>Mesa Heads Up: mesa de dos jugadores.<\/li>\n<li>Mesa Corta: mesa que puede tener de 3 a 6 jugadores<\/li>\n<li>Mesa Larga: mesa que puede tener de 7 a 11 jugadores.<\/li>\n<\/ul>\n<p>La mesas m\u00e1s comunes son de 2, 6 y 9 jugadores.<\/p>\n<h2><span class=\"ez-toc-section\" id=\"Preparacion-del-juego\"><\/span><strong>Preparaci\u00f3n del juego<\/strong><span class=\"ez-toc-section-end\"><\/span><\/h2>\n<p>Los elementos imprescindibles que se necesitan para que una partida de Texas Hold&#8217;em pueda llevarse a cabo son: una baraja francesa compuesta por 52 cartas, las fichas de poker diferentes colores (cada una con un valor) para poder hacer las apuestas y una mesa grande en funci\u00f3n del n\u00famero de jugadores.<\/p>\n<p>El crupier ser\u00e1 el encargado de gestionar la partida si estamos en la sala de un casino f\u00edsico, si se juega online hay un crupier virtual, pero si es una partida sin crupier, ser\u00e1 uno de los jugadores quien desempe\u00f1e dicha labor.<\/p>\n<p>Tambi\u00e9n se necesita una ficha diferenciada que\u00a0 nos indica qu\u00e9 jugador ocupa la posuci\u00f3n de referencia D (Dealer).<\/p>\n<p>Como ya se indicaba, la mesa var\u00eda en funci\u00f3n del n\u00famero de participantes, aunque por lo general, suele tener forma ovalada, quedando el crupier (si lo hubiera) situado en la parte central reservada para tal efecto.<\/p>\n<h2><span class=\"ez-toc-section\" id=\"Clasificacion-de-jugadas-para-Texas-Holdem\"><\/span><strong>Clasificaci\u00f3n de jugadas para Texas Hold\u2019em<\/strong><span class=\"ez-toc-section-end\"><\/span><\/h2>\n<p>El valor de las jugadas, es lo que determinar\u00e1, en el momento final de mostrar las cartas durante la \u00faltima fase de la mano (showdown), qu\u00e9 jugador se lleva el bote de fichas apostadas.<\/p>\n<p>Estas son las posibles combinaciones de cartas que podemos obtener. Para ver su fuerza respecto a otras jugadas se han ordenado de mayor a menor valor:<\/p>\n<ul>\n<li>Escalera Real \u2013 Es la mejor Escalera de Color, aquella que se forma con las cartas A, K, Q, J, 10 del mismo palo. Es la mano m\u00e1s codiciada, ya que es la mejor jugada que podemos obtener.<\/li>\n<li>Escalera de Color \u2013 Escalera formada por 5 cartas de orden consecutivo y todas ellas deben ser del mismo palo (corazones, diamantes, picas o tr\u00e9boles).<\/li>\n<li>P\u00f3ker \u2013 La famosa jugada compuesta por 4 cartas del mismo valor.<\/li>\n<li>Full \u2013 Se obtiene con un tr\u00edo y una pareja (3 cartas del mismo valor y 2 de otro).<\/li>\n<li>Color \u2013 Formado por 5 cartas del mismo palo (no consecutivas).<\/li>\n<li>Escalera \u2013 Son 5 naipes con valores consecutivos que no sean del mismo palo.<\/li>\n<li>Tr\u00edo \u2013 Formado por 3 cartas del mismo valor.<\/li>\n<li>Doble Pareja \u2013 Consiste en tener 2 parejas de cartas de diferente valor entre ambas.<\/li>\n<li>Pareja \u2013 Son 2 naipes del mismo valor.<\/li>\n<li>Carta Alta \u2013 Combinaci\u00f3n de las cinco cartas m\u00e1s altas cuando no se forma ninguna de las jugadas anteriores.<\/li>\n<\/ul>\n<p><img loading=\"lazy\" decoding=\"async\" class=\"alignnone size-full wp-image-148771\" src=\"\/wp-content\/uploads\/2018\/12\/casino-alto_images_texas-holdem.webp\" alt=\"orden manos poker texas holdem\" width=\"800\" height=\"787\" \/><\/p>\n<h2><span class=\"ez-toc-section\" id=\"Posiciones-en-la-mesa\"><\/span><strong>Posiciones en la mesa<\/strong><span class=\"ez-toc-section-end\"><\/span><\/h2>\n<p>Los participantes de la partida ocupar\u00e1n los asientos disponibles en la mesa de juego, preferiblemente tras un sorteo, de igual manera, se sortear\u00e1 la posici\u00f3n del Dealer para la primera mano.<\/p>\n<p>Las posiciones en el Texas son la manera de designar a los jugadores por el orden en que tendr\u00e1n que actuar durante una mano del juego. Estas posiciones van rotando en el sentido horario, haciendo que todas las posiciones vayan pasando por todos los jugadores.<\/p>\n<p>La posici\u00f3n del Dealer es la referencia para determinar el resto de posiciones. Seg\u00fan sea el n\u00famero de jugadores en la mesa, habr\u00e1 determinadas posiciones pero siempre habr\u00e1 Dealer (D), la ciega peque\u00f1a o Small Blind (SB) y la ciega grande o Big Blind (BB). El resto de posiciones existir\u00e1n seg\u00fan el n\u00famero de personas que tomen parte en el juego.<\/p>\n<p>SB y BB son las llamadas posiciones iniciales, siempre situadas, en ese orden, a la izquierda de la posici\u00f3n de referencia D.<\/p>\n<p>UTG (Under the Gun) son las posiciones intermedias. Son las siguientes a las ciegas siguiendo el sentido horario. Su n\u00famero depende del n\u00famero de participantes y s\u00f3lo existen en mesas con m\u00e1s de 5 jugadores.<\/p>\n<p>CO, HJ y D son las posiciones finales. CO y HJ s\u00f3lo existen en mesas con m\u00e1s de 3 y 4 jugadores, respectivamente.<\/p>\n<p>As\u00ed se ordenan las posiciones seg\u00fan el n\u00famero de jugadores, partiendo de la posici\u00f3n de referencia D y siguiendo el sentido de las agujas del reloj:<\/p>\n<ul>\n<li>2 jugadores: D\/SB y BB (D es SB postflop)<\/li>\n<li>3 jugadores: D, SB y BB<\/li>\n<li>4 jugadores: D, SB, BB y CO<\/li>\n<li>5 jugadores: D, SB, BB, HJ y CO<\/li>\n<li>6 jugadores: D, SB, BB, UTG, HJ y CO<\/li>\n<li>7 jugadores: D, SB, BB, UTG1, UTG2, HJ y CO<\/li>\n<li>8 jugadores: D, SB, BB, UTG1, UTG2, UTG3 HJ y CO<\/li>\n<li>9 jugadores: D, SB, BB, UTG1, UTG2 , UTG3, UTG4, HJ y CO<\/li>\n<li>10 jugadores: D, SB, BB, UTG1, UTG2 , UTG3, UTG4, UTG5, HJ y CO<\/li>\n<li>11 jugadores: D, SB, BB, UTG1, UTG2, UTG3, UTG4, UTG5, UTG6 HJ y CO<\/li>\n<\/ul>\n<h2><span class=\"ez-toc-section\" id=\"Mecanica-del-Texas-Holdem\"><\/span><strong>Mec\u00e1nica del Texas Holdem<\/strong><span class=\"ez-toc-section-end\"><\/span><\/h2>\n<p>Una mano de Texas tiene un desarrollo por fases en la que se alternan rondas de apuestas con reparto de cartas:<\/p>\n<h3><span class=\"ez-toc-section\" id=\"Las-ciegas-SB-y-BB-El-ante\"><\/span><strong>Las ciegas, SB y BB. El ante<\/strong><span class=\"ez-toc-section-end\"><\/span><\/h3>\n<p>Reciben este nombre por que los jugadores que tengan esas posiciones tendr\u00e1n que hacer una apuesta obligatoria en el inicio de cada mano, sin haber recibido las cartas para jugar, equivalente la cantidad m\u00ednima que se podr\u00e1 apostar durante la duraci\u00f3n de la mano, en el caso de BB (ciega grande) y \u00a0la mitad de la que apuesta m\u00ednima en el caso de SB (ciega peque\u00f1a). Esas apuestas son llamadas \u201cciegas\u201d.<\/p>\n<p>SB es la posici\u00f3n que est\u00e1 a la izquierda de D.<\/p>\n<p>BB es la posici\u00f3n que est\u00e1 a la izquierda de SB.<\/p>\n<p>En determinadas partidas de Texas se incluye una comisi\u00f3n obligatoria llamada \u201cante\u201d que sirve para crear mayores botes en cada una de las manos. La cantidad de fichas correspondiente al ante es aproximadamente un 25% de la apuesta m\u00ednima. El ante puede ser aportado entre todos los jugadores de la mesa o s\u00f3lo por uno, seg\u00fan las normas de la mesa.<\/p>\n<p>Para comenzar una mano de Texas Hold\u2019em, los jugadores SB y BB colocan sus respectivas apuestas ciegas en la zona de apuestas de la mesa.<\/p>\n<h3><span class=\"ez-toc-section\" id=\"Reparto-de-cartas\"><\/span><strong>Reparto de cartas<\/strong><span class=\"ez-toc-section-end\"><\/span><\/h3>\n<p>El crupier, o en su defecto el jugador que ocupe la posici\u00f3n D, ser\u00e1 quien quede encargado de mezclar las cartas, repartirlas y retirarlas durante la mano en curso.<\/p>\n<p>Cada jugador debe recibir dos cartas sin que se vea su valor. Estas se reparten de una en una, comenzando por SB y siguiendo el sentido horario.<\/p>\n<h3><span class=\"ez-toc-section\" id=\"Primera-ronda-de-apuestas-%E2%80%93-Apuestas-preflop\"><\/span><strong>Primera ronda de apuestas \u2013 Apuestas preflop<\/strong><span class=\"ez-toc-section-end\"><\/span><\/h3>\n<p>En las rondas de apuestas, los jugadores que quieran pasar a la siguiente fase de la mano tendr\u00e1n que igualar la mayor apuesta que se haga o hacer una apuesta que ning\u00fan otro jugador acepte pagar.<\/p>\n<p>Para decidir si quieren seguir en una mano, los jugadores tendr\u00e1n que valorar sus posibilidades de ganar y actuar en consecuencia, pudiendo retirarse en cualquier momento pero perdiendo todas las fichas que hubieran apostado hasta el momento.<\/p>\n<p>En las rondas de apuestas, los jugadores aprovechan sus correspondientes turnos para actuar: pueden retirarse (fold), desechando su cartas si no quieren proseguir en la mano, tambi\u00e9n pueden apostar (bet) forzando a invertir m\u00e1s fichas al resto de jugadores para seguir activos en la mano, pueden subir una apuesta (raise) si se quiere aumentar la apuesta de otro jugador, y por \u00faltimo, se puede pasar (check) si no hay ninguna apuesta previa que igualar y se quiere pasar el turno al siguiente jugador.<\/p>\n<p>Cuando un jugador hace una apuesta o sube una apuesta anterior, el resto de jugadores activos tendr\u00e1n oportunidad de igualarla cuando vuelva a llegar su turno. Por su parte, los jugadores que se retiren, tendr\u00e1n que esperar a una nueva mano para tomar parte.<\/p>\n<p>Para pasar a la siguiente fase de la mano, todos los jugadores que no se hayan retirado de la mano deben haber igualado la mayor apuesta que se haya hecho. Cuando un jugador consigue que ning\u00fan otro iguale su apuesta, la mano se da por finalizada, siendo este jugador quien se lleve el bote de todas las fichas acumuladas hasta ese momento.<\/p>\n<p>En la primera ronda de apuestas, los jugadores SB y BB ya tienen las apuestas ciegas en juego, as\u00ed que el turno empieza por el jugador situado a la izquierda de BB y avanza en ese sentido. En esta ronda, los jugadores que quieran pasar a la siguiente fase tendr\u00e1n que igualar la mayor apuesta hecha con anterioridad, que como m\u00ednimo ser\u00e1 la ciega de BB. Los que no quieran seguir en la mano podr\u00e1n retirarse.<\/p>\n<p>Llegado su turno, despu\u00e9s de D, los jugadores SB y BB actuar\u00e1n como el resto, tendr\u00e1n que pasar (s\u00f3lo BB si no hubo mayores apuestas previas a llegar su turno), igualar o mejorar la mayor apuesta hecha hasta sus turnos si quieren optar al bote o retirarse de la mano.<\/p>\n<h3><span class=\"ez-toc-section\" id=\"Reparto-del-Flop\"><\/span><strong>Reparto del Flop<\/strong><span class=\"ez-toc-section-end\"><\/span><\/h3>\n<p>Tras la primera ronda de apuestas, es el momento de descubrir las primeras cartas comunes de la mano. Para ello el crupier desechar\u00e1 la primera carta del mazo de cartas y sacar\u00e1 las tres siguientes, que colocar\u00e1 en el centro de la mesa mostrando sus valores. Estas tres cartas, son el flop.<\/p>\n<h3><span class=\"ez-toc-section\" id=\"Segunda-ronda-de-apuestas-%E2%80%93-Apuestas-Postflop\"><\/span><strong>Segunda ronda de apuestas \u2013 Apuestas Postflop<\/strong><span class=\"ez-toc-section-end\"><\/span><\/h3>\n<p>Ya con dos cartas propias y tres comunes, los jugadores que pasaron la primera ronda de apuestas comienzan una nueva ronda de apuestas. El primer jugador en actuar ser\u00e1 aquel que se encuentre m\u00e1s cerca a D por su izquierda.<\/p>\n<p>En esta ronda de apuestas no hay una apuesta m\u00ednima que igualar, as\u00ed que si no se hacen apuestas que igualar, tambi\u00e9n podr\u00e1n pasar el turno al siguiente jugador.<\/p>\n<p>Al igual que en la primera ronda de apuestas, s\u00f3lo pasar\u00e1n a la siguiente fase aquellos jugadores que igualen la mayor apuesta hecha en dicha ronda y se dar\u00e1 por finalizada si un jugador consigue que ning\u00fan otro iguale su apuesta.<\/p>\n<h3><span class=\"ez-toc-section\" id=\"Reparto-del-Turn\"><\/span><strong>Reparto del Turn<\/strong><span class=\"ez-toc-section-end\"><\/span><\/h3>\n<p>Tras la segunda ronda de apuestas el repartidor desechar\u00e1 la primera carta de la baraja para repartir la siguiente, el turn, y colocarla destapada, junto a las otras tres cartas comunes.<\/p>\n<h3><span class=\"ez-toc-section\" id=\"Tercera-ronda-de-apuestas-%E2%80%93-Apuestas-del-Turn\"><\/span><strong>Tercera ronda de apuestas \u2013 Apuestas del Turn<\/strong><span class=\"ez-toc-section-end\"><\/span><\/h3>\n<p>Ahora con 2 cartas propias y 4 comunes, al igual que en la segunda ronda de apuestas, s\u00f3lo pasar\u00e1n a la siguiente fase aquellos jugadores que igualen la mayor apuesta hecha en dicha ronda y se dar\u00e1 por finalizada si un jugador consigue que ning\u00fan otro iguale su apuesta.<\/p>\n<h3><span class=\"ez-toc-section\" id=\"Reparto-del-River\"><\/span><strong>Reparto del River<\/strong><span class=\"ez-toc-section-end\"><\/span><\/h3>\n<p>Tras la tercera ronda de apuestas el repartidor desechar\u00e1 la primera carta de la baraja para repartir la siguiente, el river, y colocarla destapada, junto a las otras cuatro cartas comunes.<\/p>\n<h3><span class=\"ez-toc-section\" id=\"Cuarta-ronda-de-apuestas-%E2%80%93-Apuestas-del-River\"><\/span><strong>Cuarta ronda de apuestas \u2013 Apuestas del River<\/strong><span class=\"ez-toc-section-end\"><\/span><\/h3>\n<p>Con todas las cartas comunes sobre la mesa y al igual que en la tercera ronda de apuestas, s\u00f3lo pasar\u00e1n a la siguiente fase aquellos jugadores que igualen la mayor apuesta hecha en dicha ronda y se dar\u00e1 por finalizada si un jugador consigue que ning\u00fan otro iguale su apuesta.<\/p>\n<h3><span class=\"ez-toc-section\" id=\"Muestra-de-cartas-%E2%80%93-Showdown\"><\/span><strong>Muestra de cartas \u2013 Showdown<\/strong><span class=\"ez-toc-section-end\"><\/span><\/h3>\n<p>Aquellos jugadores que sigan activos tras esta ronda de apuestas, ser\u00e1n quienes finalmente opten a ganar el bote mostrando sus cartas en su correspondiente turno para demostrar quien tiene la mejor jugada combinando las dos cartas propias con las cinco comunes. Ganar\u00e1 la mejor mano seg\u00fan la clasificaci\u00f3n de manos de Texas Hold\u2019em, pero si hubiera un empate, se repartir\u00edan las fichas a partes iguales entre los jugadores implicados en el empate.<\/p>\n<p>Aquellos jugadores que no puedan ganar a la jugada de otro, podr\u00e1n desechar sus cartas sin mostrarlas al resto de jugadores.<\/p>\n<p>Una vez el ganador haya recogido las fichas del bote ganado, la mano se da por finalizada, dando comienzo una nueva mientras que las posiciones rotan un puesto hacia la izquierda, de forma que SB ser\u00e1 D en la nueva mano.<\/p>\n","protected":false},"excerpt":{"rendered":"<p>Aprender a jugar al Texas Holdem es muy sencillo con estas reglas b\u00e1sicas para principiantes. Objetivo La variante del p\u00f3ker llamada Texas Hold\u2019em es la que actualmente goza de mayor popularidad en el mundo, siendo la que m\u00e1s jugadores tiene de todas las existentes. En \u00e9l se enfrentan de 2 a 11 jugadores entre s\u00ed. [&hellip;]<\/p>\n","protected":false},"author":11,"featured_media":148391,"parent":134669,"menu_order":0,"comment_status":"closed","ping_status":"closed","template":"page_author_sidebar.php","meta":{"_acf_changed":false,"footnotes":""},"class_list":["post-140835","page","type-page","status-publish","has-post-thumbnail","hentry"],"acf":[],"_links":{"self":[{"href":"https:\/\/staging.casinoalto.com\/pe\/wp-json\/wp\/v2\/pages\/140835","targetHints":{"allow":["GET"]}}],"collection":[{"href":"https:\/\/staging.casinoalto.com\/pe\/wp-json\/wp\/v2\/pages"}],"about":[{"href":"https:\/\/staging.casinoalto.com\/pe\/wp-json\/wp\/v2\/types\/page"}],"author":[{"embeddable":true,"href":"https:\/\/staging.casinoalto.com\/pe\/wp-json\/wp\/v2\/users\/11"}],"replies":[{"embeddable":true,"href":"https:\/\/staging.casinoalto.com\/pe\/wp-json\/wp\/v2\/comments?post=140835"}],"version-history":[{"count":3,"href":"https:\/\/staging.casinoalto.com\/pe\/wp-json\/wp\/v2\/pages\/140835\/revisions"}],"predecessor-version":[{"id":10062925,"href":"https:\/\/staging.casinoalto.com\/pe\/wp-json\/wp\/v2\/pages\/140835\/revisions\/10062925"}],"up":[{"embeddable":true,"href":"https:\/\/staging.casinoalto.com\/pe\/wp-json\/wp\/v2\/pages\/134669"}],"wp:featuredmedia":[{"embeddable":true,"href":"https:\/\/staging.casinoalto.com\/pe\/wp-json\/wp\/v2\/media\/148391"}],"wp:attachment":[{"href":"https:\/\/staging.casinoalto.com\/pe\/wp-json\/wp\/v2\/media?parent=140835"}],"curies":[{"name":"wp","href":"https:\/\/api.w.org\/{rel}","templated":true}]}}