{"id":141095,"date":"2024-10-15T10:16:06","date_gmt":"2024-10-15T10:16:06","guid":{"rendered":"https:\/\/casinoalto.com\/pe\/?page_id=141095"},"modified":"2026-03-23T18:06:43","modified_gmt":"2026-03-23T18:06:43","slug":"casinos-sin-deposito","status":"publish","type":"page","link":"https:\/\/staging.casinoalto.com\/pe\/casinos-sin-deposito\/","title":{"rendered":"Bonos de casino sin dep\u00f3sito"},"content":{"rendered":"<p><strong>En esta p\u00e1gina encontrar\u00e1s la siguiente informaci\u00f3n:<\/strong><\/p>\n<ul>\n<li>Una lista completa de los casinos online que regalan dinero sin dep\u00f3sito en Per\u00fa<\/li>\n<li>Ventajas y desventajas de usar un bono sin dep\u00f3sito<\/li>\n<li>Los tipos de bonos gratis o bono sin dep\u00f3sito para casino que puedes conseguir<\/li>\n<li>Las posibilidades de ganar dinero real con un bono sin dep\u00f3sito en diferentes <a href=\"https:\/\/casinoalto.com\/pe\/metodos-de-pago\/\" target=\"_blank\" rel=\"noopener\">formas de pago para hacer dep\u00f3sitos<\/a><\/li>\n<\/ul>\n<p>Cuando uno comienza a explorar el mundo de las apuestas en l\u00ednea y los casinos online, lo primero que busca es que los juegos que se ofrecen en la plataforma elegida sean los mejores, pero tambi\u00e9n el n\u00famero de beneficios que cuente, con el fin de que la experiencia en la plataforma sea la mejor.<\/p>\n<p>Hay muchos factores a considerar a la hora de evaluar casinos online: ya sea por la extensi\u00f3n de su cat\u00e1logo de juegos, por su secci\u00f3n de Atenci\u00f3n al Cliente, los est\u00e1ndares de seguridad con los que trabajen, su disponibilidad para jugar en dispositivos m\u00f3viles o por la cantidad de m\u00e9todos de pago y retiros que acepten.<\/p>\n<p>Pero no tenemos ninguna duda de que una buena forma de elegir un casino online es a trav\u00e9s de su secci\u00f3n de promociones, pues <strong>podremos encontrar algunas ofertas interesantes para los jugadores<\/strong>, sobre todo si estos bonus no necesitan que deposites tu dinero para activarlos.<\/p>\n<p>En este sentido, podr\u00edamos decir que el bono sin dep\u00f3sito es una gran opci\u00f3n para aquellos jugadores que quieren probar servicio del casino online sin realizar un dep\u00f3sito, adem\u00e1s de ser una gran ayuda para los nuevos jugadores, quienes est\u00e1n conociendo los casinos online y buscan que su primera experiencia sea buena en todos los sentidos.<\/p>\n<p>Es por eso mismo que en<em>\u00a0<a href=\"https:\/\/casinoalto.com\/pe\/\" target=\"_blank\" rel=\"noopener\">Casino Alto<\/a><\/em> pusimos manos a la obra y te brindamos toda la informaci\u00f3n que sea necesaria para que conozcas m\u00e1s acerca del bono sin dep\u00f3sito, adem\u00e1s de que tengas conocimiento de los tipos de promociones que existen, para que puedas elegir tu casino online con la mejor preparaci\u00f3n posible.<\/p>\n<p>Lo mejor de todo es que esta clase de ofertas no requieren que ingreses dinero, con lo que se vuelven en algunas de las m\u00e1s atractivas dentro de los casinos online; aunque eso s\u00ed, deber\u00e1s cumplir con ciertos t\u00e9rminos y condiciones para que puedas retirar tus ganancias.<\/p>\n<div id=\"ez-toc-container\" class=\"ez-toc-v2_0_82_2 counter-hierarchy ez-toc-counter ez-toc-custom ez-toc-container-direction\">\n<p class=\"ez-toc-title\" style=\"cursor:inherit\">Tabla de contenidos<\/p>\n<label for=\"ez-toc-cssicon-toggle-item-69d6933be9ccc\" class=\"ez-toc-cssicon-toggle-label\"><span class=\"\"><span class=\"eztoc-hide\" style=\"display:none;\">Toggle<\/span><span class=\"ez-toc-icon-toggle-span\"><svg style=\"fill: #999;color:#999\" xmlns=\"http:\/\/www.w3.org\/2000\/svg\" class=\"list-377408\" width=\"20px\" height=\"20px\" viewBox=\"0 0 24 24\" fill=\"none\"><path d=\"M6 6H4v2h2V6zm14 0H8v2h12V6zM4 11h2v2H4v-2zm16 0H8v2h12v-2zM4 16h2v2H4v-2zm16 0H8v2h12v-2z\" fill=\"currentColor\"><\/path><\/svg><svg style=\"fill: #999;color:#999\" class=\"arrow-unsorted-368013\" xmlns=\"http:\/\/www.w3.org\/2000\/svg\" width=\"10px\" height=\"10px\" viewBox=\"0 0 24 24\" version=\"1.2\" baseProfile=\"tiny\"><path d=\"M18.2 9.3l-6.2-6.3-6.2 6.3c-.2.2-.3.4-.3.7s.1.5.3.7c.2.2.4.3.7.3h11c.3 0 .5-.1.7-.3.2-.2.3-.5.3-.7s-.1-.5-.3-.7zM5.8 14.7l6.2 6.3 6.2-6.3c.2-.2.3-.5.3-.7s-.1-.5-.3-.7c-.2-.2-.4-.3-.7-.3h-11c-.3 0-.5.1-.7.3-.2.2-.3.5-.3.7s.1.5.3.7z\"\/><\/svg><\/span><\/span><\/label><input type=\"checkbox\"  id=\"ez-toc-cssicon-toggle-item-69d6933be9ccc\" checked aria-label=\"Toggle\" \/><nav><ul class='ez-toc-list ez-toc-list-level-1 ' ><li class='ez-toc-page-1 ez-toc-heading-level-2'><a class=\"ez-toc-link ez-toc-heading-1\" href=\"https:\/\/staging.casinoalto.com\/pe\/casinos-sin-deposito\/#%C2%BFQue-es-un-bono-sin-deposito\" >\u00bfQu\u00e9 es un bono sin dep\u00f3sito?<\/a><\/li><li class='ez-toc-page-1 ez-toc-heading-level-2'><a class=\"ez-toc-link ez-toc-heading-2\" href=\"https:\/\/staging.casinoalto.com\/pe\/casinos-sin-deposito\/#%C2%BFComo-puedo-conseguir-estos-bonos\" >\u00bfC\u00f3mo puedo conseguir estos bonos?<\/a><ul class='ez-toc-list-level-3' ><li class='ez-toc-heading-level-3'><a class=\"ez-toc-link ez-toc-heading-3\" href=\"https:\/\/staging.casinoalto.com\/pe\/casinos-sin-deposito\/#Bonos-de-casino-por-registro\" >Bonos de casino por registro<\/a><\/li><li class='ez-toc-page-1 ez-toc-heading-level-3'><a class=\"ez-toc-link ez-toc-heading-4\" href=\"https:\/\/staging.casinoalto.com\/pe\/casinos-sin-deposito\/#-Bonos-gratis-para-Tragaperras\" >\u00a0 Bonos gratis para Tragaperras<\/a><\/li><li class='ez-toc-page-1 ez-toc-heading-level-3'><a class=\"ez-toc-link ez-toc-heading-5\" href=\"https:\/\/staging.casinoalto.com\/pe\/casinos-sin-deposito\/#-Bonos-gratis-para-Ruleta\" >\u00a0 Bonos gratis para Ruleta<\/a><\/li><\/ul><\/li><li class='ez-toc-page-1 ez-toc-heading-level-2'><a class=\"ez-toc-link ez-toc-heading-6\" href=\"https:\/\/staging.casinoalto.com\/pe\/casinos-sin-deposito\/#%C2%BFPuedo-ganar-dinero-real-con-mi-bono-sin-deposito\" >\u00bfPuedo ganar dinero real con mi bono sin dep\u00f3sito?<\/a><\/li><li class='ez-toc-page-1 ez-toc-heading-level-2'><a class=\"ez-toc-link ez-toc-heading-7\" href=\"https:\/\/staging.casinoalto.com\/pe\/casinos-sin-deposito\/#%C2%BFCuantos-bonos-de-casino-por-registro-puedo-obtener\" >\u00bfCu\u00e1ntos bonos de casino por registro\u00a0puedo obtener?<\/a><\/li><li class='ez-toc-page-1 ez-toc-heading-level-2'><a class=\"ez-toc-link ez-toc-heading-8\" href=\"https:\/\/staging.casinoalto.com\/pe\/casinos-sin-deposito\/#Ventajas-y-desventajas-de-los-bonos-de-casino-sin-deposito\" >Ventajas y desventajas de los bonos de casino sin dep\u00f3sito<\/a><ul class='ez-toc-list-level-3' ><li class='ez-toc-heading-level-3'><a class=\"ez-toc-link ez-toc-heading-9\" href=\"https:\/\/staging.casinoalto.com\/pe\/casinos-sin-deposito\/#Ventajas\" >Ventajas<\/a><\/li><li class='ez-toc-page-1 ez-toc-heading-level-3'><a class=\"ez-toc-link ez-toc-heading-10\" href=\"https:\/\/staging.casinoalto.com\/pe\/casinos-sin-deposito\/#Desventajas\" >Desventajas<\/a><\/li><\/ul><\/li><\/ul><\/nav><\/div>\n<h2><span class=\"ez-toc-section\" id=\"%C2%BFQue-es-un-bono-sin-deposito\"><\/span>\u00bfQu\u00e9 es un bono sin dep\u00f3sito?<span class=\"ez-toc-section-end\"><\/span><\/h2>\n<p>Los bonos de casino sin dep\u00f3sito son algunos de los <a href=\"https:\/\/casinoalto.com\/pe\/bonos-de-bienvenida\/\" target=\"_blank\" rel=\"noopener\">mejores bonos de bienvenida que existen en los casinos online<\/a>. Se tratan de premios para nuevos jugadores de casino totalmente gratuitos. <a href=\"\/pe\/casinos-online\/\">Los mejores casinos online de Per\u00fa<\/a> ofrecen una recompensa por el hecho de completar el registro, sin necesidad de realizar ingresos o dep\u00f3sitos.<\/p>\n<p>A la hora de realizar el registro, adem\u00e1s de todos tus datos personales que incluyen nombres y apellidos, fecha de nacimiento, direcci\u00f3n y otros datos de contacto, tambi\u00e9n se te pedir\u00e1 una cuenta o tarjeta bancaria v\u00e1lida. Descuida, no tendr\u00e1s que depositar nada.<\/p>\n<p>Lo m\u00e1s importante del bono sin dep\u00f3sito es que, como su nombre lo indica, <strong>los jugadores no tendr\u00e1n que realizar ning\u00fan pago para adquirirlo<\/strong>, pero es importante que revises con detenimiento el apartado de promociones de tu casino en l\u00ednea, pues no todos cuentan con esta oferta.<\/p>\n<p>Tambi\u00e9n debes revisar los t\u00e9rminos y condiciones, as\u00ed como el rollover que tendr\u00e1s que cumplir para poder retirar las ganancias. No olvides que no todos los juegos cooperan para que liberes esta promoci\u00f3n, por lo que te recomendamos jugar en los juegos v\u00e1lidos, por lo menos mientras el bono est\u00e1 activo.<\/p>\n<blockquote><p><em>Por ejemplo, puede que los juegos de blackjack ayuden con un 25% para cumplir el rollover, las m\u00e1quinas tragamonedas con un 100% y el baccarat con 0%, es decir, que no aporten para la liberaci\u00f3n.<\/em><\/p><\/blockquote>\n<p>No te preocupes ya que estos casinos que regalan dinero sin dep\u00f3sito <strong>no te cobrar\u00e1n nada de forma autom\u00e1tica<\/strong>. Es un paso necesario para recibir tu bono gratuito.<\/p>\n<h2><span class=\"ez-toc-section\" id=\"%C2%BFComo-puedo-conseguir-estos-bonos\"><\/span>\u00bfC\u00f3mo puedo conseguir estos bonos?<span class=\"ez-toc-section-end\"><\/span><\/h2>\n<p>Existen varios tipos de bonos, pero lo cierto es que todos son muy f\u00e1ciles de conseguir de los mejores casinos en l\u00ednea, puesto que estas plataformas se enfocan en ofrecer estos bonos con el fin de que los jugadores que reci\u00e9n se registraron <strong>puedan disfrutar de los juegos de casino y azar de la mejor forma<\/strong>.<\/p>\n<p>El proceso para obtener un bono de registro es bastante sencillo, pues <strong>solo hace falta que te des de alta en el casino online<\/strong>, realices todo el procedimiento para activar tu cuenta y la verifiques v\u00eda correo electr\u00f3nico o tel\u00e9fono celular.<\/p>\n<p>Para esto, los jugadores tendr\u00e1n que ingresar al casino online de tu preferencia y darle clic en el bot\u00f3n que dice \u201cReg\u00edstrate\u201d, o algo similar. Normalmente est\u00e1n colocados en la parte superior derecha de la pantalla.<\/p>\n<p>Despu\u00e9s, tendr\u00e1s que completar el formulario correspondiente con toda la informaci\u00f3n que te ser\u00e1 solicitada por el casino online que elijas. No hay de qu\u00e9 preocuparse, pues toda la informaci\u00f3n que te sea solicitada <strong>ser\u00e1 \u00fanicamente con el fin de que te identifiques<\/strong>, por lo que no ser\u00e1 compartida con nadie.<\/p>\n<p>Entre los datos m\u00e1s comunes que te ser\u00e1n solicitados podemos mencionar tu nombre completo, tu edad o tu fecha de nacimiento (dependiendo el caso), as\u00ed como tu direcci\u00f3n, c\u00f3digo postal, ciudad y pa\u00eds, este \u00faltimo apartado en caso de que visites un casino online con actividad en varios pa\u00edses.<\/p>\n<p>Tambi\u00e9n tendr\u00e1s que escribir tus datos de contacto, como tu n\u00famero de tel\u00e9fono celular, un correo electr\u00f3nico y generar un nombre de usuario junto con tu respectiva contrase\u00f1a. Debes tener en cuenta de que <strong>manejar\u00e1s dinero en el casino online<\/strong>, por lo que la seguridad de tu contrase\u00f1a debe ser alta y no la deber\u00e1s compartir con nadie.<\/p>\n<p>Tras rellenar todo el formulario, deber\u00e1s marcar una casilla en la que aceptas recibir el bono sin dep\u00f3sito que te ofrece el casino online. Tu plataforma te mandar\u00e1 un mensaje a tu tel\u00e9fono celular o a tu correo electr\u00f3nico para que <strong>verifiques tu cuenta <\/strong>(a veces mediante un c\u00f3digo) y as\u00ed puedas jugar en el cat\u00e1logo de la casa de juegos.<\/p>\n<p>Es importante que los jugadores sepan que existen <strong>varios tipos de bono sin dep\u00f3sito<\/strong>, por lo que tendr\u00e1s que conocerlos todos para que sepas cu\u00e1l es el que quieres para ti, ya sea porque se adapta mejor a tus gustos o el simple hecho de que sus t\u00e9rminos y condiciones del bono sin dep\u00f3sito no son dif\u00edciles de cumplir.<\/p>\n<p>No te pierdas aqu\u00ed los detalles de los mejores bonos, el tipo de bono que hay en los mejores casinos online, entre otras cosas muy importantes.<\/p>\n<h3><span class=\"ez-toc-section\" id=\"Bonos-de-casino-por-registro\"><\/span>Bonos de casino por registro<span class=\"ez-toc-section-end\"><\/span><\/h3>\n<p>Como su nombre indica, son promociones dirigidas a nuevos clientes o jugadores que se registren por primera vez en el casino. Bastar\u00e1 con completar satisfactoriamente <strong>el proceso de inscripci\u00f3n en el casino online<\/strong> para recibir en tu cuenta la cantidad ofertada y sin necesidad de depositar dinero.<\/p>\n<p>Es importante se\u00f1alar que estos bonos siempre traen consigo una serie de condiciones espec\u00edficas a cumplir. Adem\u00e1s de las propias del registro, las ganancias suelen estar limitadas a unas cantidades fijas, <strong>tienen una fecha espec\u00edfica de caducidad<\/strong> y todos traen consigo un rollover.<\/p>\n<p>El rollover es la cantidad de veces que deber\u00e1s apostar la cuant\u00eda del bono <strong>para poder liberar tanto este como los beneficios generados con el juego<\/strong>. Este rollover es establecido por la casa de juegos.<\/p>\n<p>Asimismo, tambi\u00e9n pueden estar limitados a una serie de juegos espec\u00edficos, o bien permitir probar todo el cat\u00e1logo del casino online. Toma en cuenta esto antes de que hagas tu apuesta.<\/p>\n<h3><span class=\"ez-toc-section\" id=\"-Bonos-gratis-para-Tragaperras\"><\/span><img loading=\"lazy\" decoding=\"async\" class=\"alignnone wp-image-147694\" src=\"\/pe\/wp-content\/uploads\/sites\/9\/2017\/08\/003-gambler.webp\" alt=\"slots\" width=\"50\" height=\"50\" \/>\u00a0 Bonos gratis para Tragaperras<span class=\"ez-toc-section-end\"><\/span><\/h3>\n<p>Son los m\u00e1s comunes entre el grupo de bono sin dep\u00f3sito, ya sea de forma temporal o como promoci\u00f3n fija en cualquier casino online y que sirven para los juegos m\u00e1s populares. <strong>Ofrecen un bono v\u00e1lido para jugar a las tragamonedas online<\/strong>, ya sea en forma de dinero gratis o directamente como tiradas gratis, sin depositar dinero.<\/p>\n<p>Al igual que en el anterior caso, siempre conllevan unas caracter\u00edsticas especiales con respecto a su validez (limitada la amplia mayor\u00eda de veces a un m\u00e1ximo de una semana), ganancias m\u00e1ximas (<strong>que suelen estar fijadas en funci\u00f3n al bono de regalo<\/strong>) y rollover para la liberaci\u00f3n del dinero.<\/p>\n<p>En los bonos de casino para tiradas gratis en slots, <strong>el rollover suele estar fijado por la casa de juegos<\/strong> con base en las ganancias generadas por las propias tiradas gratis, y no en funci\u00f3n al bono en s\u00ed.<\/p>\n<h3><span class=\"ez-toc-section\" id=\"-Bonos-gratis-para-Ruleta\"><\/span><img loading=\"lazy\" decoding=\"async\" class=\"alignnone wp-image-147693\" src=\"\/pe\/wp-content\/uploads\/sites\/9\/2017\/08\/004-roulette.webp\" alt=\"ruleta\" width=\"50\" height=\"50\" \/>\u00a0 Bonos gratis para Ruleta<span class=\"ez-toc-section-end\"><\/span><\/h3>\n<p>No son tan comunes dentro del grupo del bono sin dep\u00f3sito, aunque tambi\u00e9n existen en forma de promoci\u00f3n temporal en determinados momentos. Con estos <strong>recibir\u00e1s un bono de casino para jugar gratis a los juegos de ruleta<\/strong> y disfrutar de este servicio que te ofrece la casa de juegos, todo sin necesidad de depositar.<\/p>\n<p>Pueden ser en forma de dinero gratis, o como apuestas gratuitas para usar directamente en las mesas. <a href=\"\/pe\/juego\/ruleta-americana\/\">Ruleta americana para jugar en la demo<\/a>, francesa, europea&#8230; Si lo tuyo son los juegos de ruleta, estos bonos son ideales.<\/p>\n<p>Estos bonos tienen una caducidad definida, llevan marcada la cantidad de veces que deber\u00e1s apostar el propio bono o las ganancias generadas para poder liberarlas (tambi\u00e9n llamado rollover o playthrough) y siempre tendr\u00e1n unos l\u00edmites de ganancias.<\/p>\n<p><a href=\"\/pe\/bonos-de-bienvenida\/bonos-sin-deposito-ruleta\/\">Haz clic aqu\u00ed para conocer los bonos sin dep\u00f3sito para jugar a la ruleta<\/a>.<\/p>\n<h2><span class=\"ez-toc-section\" id=\"%C2%BFPuedo-ganar-dinero-real-con-mi-bono-sin-deposito\"><\/span>\u00bfPuedo ganar dinero real con mi bono sin dep\u00f3sito?<span class=\"ez-toc-section-end\"><\/span><\/h2>\n<p>La respuesta es s\u00ed, puedes conseguir dinero real con los bonos gratis de casino.<\/p>\n<p>Puedes pensar que, <strong>al ser un \u00abregalo\u00bb<\/strong> por el simple hecho de registrarte o aprovechar una promoci\u00f3n, el casino no te ofrecer\u00e1 la opci\u00f3n de conseguir dinero real a trav\u00e9s de esto. Nada m\u00e1s lejos de la realidad. Cumpliendo las condiciones de liberaci\u00f3n concretas de la promoci\u00f3n podr\u00e1s hacer tu apuesta o apuestas para retirar tus ganancias y disfrutar de ese dinero fuera del casino online.<\/p>\n<p>Las casas de juego utilizan estas promociones para <strong>atraer jugadores a modo de publicidad e invitarlos a hacer alguna apuesta<\/strong>. Siempre que se trate de casinos online legales en Per\u00fa no tienes que preocuparte por nada, si consigues ganancias las podr\u00e1s retirar.<\/p>\n<p>Recuerda que tambi\u00e9n existen bonos para la secci\u00f3n de casa de apuestas deportivas, incluso para p\u00f3ker o blackjack.<\/p>\n<h2><span class=\"ez-toc-section\" id=\"%C2%BFCuantos-bonos-de-casino-por-registro-puedo-obtener\"><\/span>\u00bfCu\u00e1ntos bonos de casino por registro\u00a0puedo obtener?<span class=\"ez-toc-section-end\"><\/span><\/h2>\n<p>Podr\u00e1s conseguir un bono de casino gratis por registro o bono sin dep\u00f3sito.<\/p>\n<p>Al ser por registro, solo est\u00e1 permitido un registro por usuario\/IP, por lo que <strong>solo podr\u00e1s disfrutarlo la primera vez al darte de alta en el casino online<\/strong>. Estos comprobar\u00e1n a conciencia los datos que aportes, as\u00ed que no intentes col\u00e1rsela porque se dar\u00e1n cuenta y te quedar\u00e1s sin tu recompensa.<\/p>\n<p>Sin embargo, s\u00ed podr\u00e1s disfrutar todas las veces que quieras de los bonos gratis ofertados en promociones temporales, tales como los <strong>bonos de tiradas gratis de slots, ruleta o blackjack<\/strong>. Estos, que aparecen cada cierto tiempo, no tienen limitaciones m\u00e1s de all\u00e1 de la duraci\u00f3n.<\/p>\n<p>Adem\u00e1s, al ser eventos temporales fijados por los casinos a su antojo, <strong>tendr\u00e1n una duraci\u00f3n delimitada para conseguirlos<\/strong>, en la mayor\u00eda de casos de 7 d\u00edas.<\/p>\n<p>Por ello, deber\u00e1s estar atento a toda la actualidad que te ofrecemos en <em>Casino Alto<\/em> al respecto de las promociones de casino, para no perderte ninguna y estar al d\u00eda. Si llega a surgir un bono sin dep\u00f3sito en un nuevo casino, nosotros te informaremos.<\/p>\n<h2><span class=\"ez-toc-section\" id=\"Ventajas-y-desventajas-de-los-bonos-de-casino-sin-deposito\"><\/span>Ventajas y desventajas de los bonos de casino sin dep\u00f3sito<span class=\"ez-toc-section-end\"><\/span><\/h2>\n<p>Ahora que ya conoces qu\u00e9 son, c\u00f3mo funcionan, qu\u00e9 tipos hay y otros detalles de estos bonos, llega el momento de decidir. \u00bfDe verdad son rentables? \u00bfEs buena idea utilizar este tipo de bonos?<\/p>\n<h3><span class=\"ez-toc-section\" id=\"Ventajas\"><\/span>Ventajas<span class=\"ez-toc-section-end\"><\/span><\/h3>\n<ul>\n<li><strong>Fiabilidad.\u00a0<\/strong>En <em>Casino Alto<\/em> siempre te ofrecemos las mejores ofertas de casinos online totalmente fiables y seguros. Con los bonos por dep\u00f3sito o los bonos gratis no \u00edbamos a ser menos, por lo que puedes confiar en todo lo que veas sin temor a enga\u00f1os.<\/li>\n<li><strong>El hecho de ser gratis.<\/strong>\u00a0A todo el mundo le gusta recibir cosas sin tener que dar dinero a cambio, punto a favor.<\/li>\n<li><strong>Probar juegos sin riesgo.\u00a0<\/strong>Si alg\u00fan juego concreto te llama la atenci\u00f3n, quieres perfeccionar tu estrategia de apuesta o simplemente deseas ir probando, los bonos gratuitos son tu mejor opci\u00f3n ya que podr\u00e1s hacerlo sin arriesgar nada.<\/li>\n<li><strong>Conseguir beneficios sin invertir.\u00a0<\/strong>Es cierto que, al estar limitadas, las ganancias nunca ser\u00e1n estratosf\u00e9ricas. Pero tienes la oportunidad de conseguir algo de dinero al jugar bien tus bazas y sin realizar ingresos ni gastar tus fondos.<\/li>\n<li><strong>Acceso a otras ventajas<\/strong>. En la mayor\u00eda de ocasiones, junto a los bonos de bienvenida sin dep\u00f3sito podr\u00e1s hacerte con otros bonos promocionales una vez realices tu primer dep\u00f3sito.<\/li>\n<\/ul>\n<h3><span class=\"ez-toc-section\" id=\"Desventajas\"><\/span>Desventajas<span class=\"ez-toc-section-end\"><\/span><\/h3>\n<ul>\n<li><strong>Altas condiciones de liberaci\u00f3n<\/strong>. Es la gran contra, el rollover. Salvo contadas excepciones, suelen llevar consigo unas altas condiciones de apuesta que obligan a jugar bastante dinero para retirar los beneficios.<\/li>\n<li><strong>Fecha de caducidad<\/strong>. Esta circunstancia no es exclusiva de los bonos sin dep\u00f3sito, pero estos en concreto suelen tener un margen muy peque\u00f1o para ser utilizados, habitualmente de 30 d\u00edas. Tenlo muy en cuenta a la hora de jugar para no perderlos.<\/li>\n<li><strong>Beneficios limitados<\/strong>. Como es l\u00f3gico, no puedes conseguir ganancias infinitas. Si la suerte est\u00e1 de tu parte con los bonos gratis, los beneficios que obtengas al jugar estar\u00e1n limitados a una cantidad concreta que no suele ser demasiado alta.<\/li>\n<\/ul>\n<p>&nbsp;<\/p>\n","protected":false},"excerpt":{"rendered":"<p>En esta p\u00e1gina encontrar\u00e1s la siguiente informaci\u00f3n: Una lista completa de los casinos online que regalan dinero sin dep\u00f3sito en Per\u00fa Ventajas y desventajas de usar un bono sin dep\u00f3sito Los tipos de bonos gratis o bono sin dep\u00f3sito para casino que puedes conseguir Las posibilidades de ganar dinero real con un bono sin dep\u00f3sito [&hellip;]<\/p>\n","protected":false},"author":18,"featured_media":0,"parent":0,"menu_order":0,"comment_status":"closed","ping_status":"closed","template":"page-casinos.php","meta":{"_acf_changed":false,"footnotes":""},"class_list":["post-141095","page","type-page","status-publish","hentry"],"acf":[],"_links":{"self":[{"href":"https:\/\/staging.casinoalto.com\/pe\/wp-json\/wp\/v2\/pages\/141095","targetHints":{"allow":["GET"]}}],"collection":[{"href":"https:\/\/staging.casinoalto.com\/pe\/wp-json\/wp\/v2\/pages"}],"about":[{"href":"https:\/\/staging.casinoalto.com\/pe\/wp-json\/wp\/v2\/types\/page"}],"author":[{"embeddable":true,"href":"https:\/\/staging.casinoalto.com\/pe\/wp-json\/wp\/v2\/users\/18"}],"replies":[{"embeddable":true,"href":"https:\/\/staging.casinoalto.com\/pe\/wp-json\/wp\/v2\/comments?post=141095"}],"version-history":[{"count":5,"href":"https:\/\/staging.casinoalto.com\/pe\/wp-json\/wp\/v2\/pages\/141095\/revisions"}],"predecessor-version":[{"id":10063079,"href":"https:\/\/staging.casinoalto.com\/pe\/wp-json\/wp\/v2\/pages\/141095\/revisions\/10063079"}],"wp:attachment":[{"href":"https:\/\/staging.casinoalto.com\/pe\/wp-json\/wp\/v2\/media?parent=141095"}],"curies":[{"name":"wp","href":"https:\/\/api.w.org\/{rel}","templated":true}]}}