{"id":146277,"date":"2018-05-28T12:00:53","date_gmt":"2018-05-28T12:00:53","guid":{"rendered":"https:\/\/casinoalto.com\/pe\/?page_id=146277"},"modified":"2026-01-27T17:18:40","modified_gmt":"2026-01-27T17:18:40","slug":"ocho-locos","status":"publish","type":"page","link":"https:\/\/staging.casinoalto.com\/pe\/reglas\/ocho-locos\/","title":{"rendered":"Ochos locos"},"content":{"rendered":"<p><img loading=\"lazy\" decoding=\"async\" class=\"alignnone size-full wp-image-148413\" src=\"\/pe\/wp-content\/uploads\/sites\/9\/2018\/11\/casino-alto_covers_ochos-locos.webp\" alt=\"ochos locos\" width=\"800\" height=\"475\" \/><\/p>\n<p>En el mundo de los <a href=\"\/pe\/juegos\/\">juegos de casino<\/a> hay algunos que son de bastante sobriedad y que requieren una estrategia reflexionada.<\/p>\n<p>Sin embargo, hay otros juegos en el que la suerte es determinante y en el que el riesgo es muy importante para ganar.<\/p>\n<p>Los ochos locos es uno de esos juegos en los que todo puede pasar y al mismo tiempo la diversi\u00f3n est\u00e1 asegurada.<\/p>\n<div id=\"ez-toc-container\" class=\"ez-toc-v2_0_82_2 counter-hierarchy ez-toc-counter ez-toc-custom ez-toc-container-direction\">\n<p class=\"ez-toc-title\" style=\"cursor:inherit\">Tabla de contenidos<\/p>\n<label for=\"ez-toc-cssicon-toggle-item-69d6933e259f1\" class=\"ez-toc-cssicon-toggle-label\"><span class=\"\"><span class=\"eztoc-hide\" style=\"display:none;\">Toggle<\/span><span class=\"ez-toc-icon-toggle-span\"><svg style=\"fill: #999;color:#999\" xmlns=\"http:\/\/www.w3.org\/2000\/svg\" class=\"list-377408\" width=\"20px\" height=\"20px\" viewBox=\"0 0 24 24\" fill=\"none\"><path d=\"M6 6H4v2h2V6zm14 0H8v2h12V6zM4 11h2v2H4v-2zm16 0H8v2h12v-2zM4 16h2v2H4v-2zm16 0H8v2h12v-2z\" fill=\"currentColor\"><\/path><\/svg><svg style=\"fill: #999;color:#999\" class=\"arrow-unsorted-368013\" xmlns=\"http:\/\/www.w3.org\/2000\/svg\" width=\"10px\" height=\"10px\" viewBox=\"0 0 24 24\" version=\"1.2\" baseProfile=\"tiny\"><path d=\"M18.2 9.3l-6.2-6.3-6.2 6.3c-.2.2-.3.4-.3.7s.1.5.3.7c.2.2.4.3.7.3h11c.3 0 .5-.1.7-.3.2-.2.3-.5.3-.7s-.1-.5-.3-.7zM5.8 14.7l6.2 6.3 6.2-6.3c.2-.2.3-.5.3-.7s-.1-.5-.3-.7c-.2-.2-.4-.3-.7-.3h-11c-.3 0-.5.1-.7.3-.2.2-.3.5-.3.7s.1.5.3.7z\"\/><\/svg><\/span><\/span><\/label><input type=\"checkbox\"  id=\"ez-toc-cssicon-toggle-item-69d6933e259f1\" checked aria-label=\"Toggle\" \/><nav><ul class='ez-toc-list ez-toc-list-level-1 ' ><li class='ez-toc-page-1 ez-toc-heading-level-2'><a class=\"ez-toc-link ez-toc-heading-1\" href=\"https:\/\/staging.casinoalto.com\/pe\/reglas\/ocho-locos\/#Historia-de-los-ochos-locos\" >Historia de los ochos locos<\/a><\/li><li class='ez-toc-page-1 ez-toc-heading-level-2'><a class=\"ez-toc-link ez-toc-heading-2\" href=\"https:\/\/staging.casinoalto.com\/pe\/reglas\/ocho-locos\/#Objetivo-del-juego\" >Objetivo del juego<\/a><\/li><li class='ez-toc-page-1 ez-toc-heading-level-2'><a class=\"ez-toc-link ez-toc-heading-3\" href=\"https:\/\/staging.casinoalto.com\/pe\/reglas\/ocho-locos\/#Elementos-del-juego\" >Elementos del juego<\/a><\/li><li class='ez-toc-page-1 ez-toc-heading-level-2'><a class=\"ez-toc-link ez-toc-heading-4\" href=\"https:\/\/staging.casinoalto.com\/pe\/reglas\/ocho-locos\/#Como-se-juega-a-los-ochos-locos\" >C\u00f3mo se juega a los ochos locos<\/a><ul class='ez-toc-list-level-3' ><li class='ez-toc-heading-level-3'><a class=\"ez-toc-link ez-toc-heading-5\" href=\"https:\/\/staging.casinoalto.com\/pe\/reglas\/ocho-locos\/#Valor-de-las-cartas\" >Valor de las cartas<\/a><\/li><\/ul><\/li><\/ul><\/nav><\/div>\n<h2><span class=\"ez-toc-section\" id=\"Historia-de-los-ochos-locos\"><\/span>Historia de los ochos locos<span class=\"ez-toc-section-end\"><\/span><\/h2>\n<p>Los or\u00edgenes de este juego se remontan a las primeras d\u00e9cadas del siglo XX. <strong>En Venezuela fue donde se empez\u00f3 a practicar este ochos locos<\/strong>, aunque no ser\u00eda desde esta tierra desde la que se har\u00eda realmente famoso.<\/p>\n<p>Fue en su expansi\u00f3n a Estados Unidos cuando la popularidad de esta pr\u00e1ctica aument\u00f3 con creces. All\u00ed se le denomin\u00f3 como \u201cCrazy Eights\u201d, en torno a 1940.<\/p>\n<p>El nombre emana de los servicios militares. Y es que a este juego se le consideraba muy loco por sus reglas y sus diferentes saltos de manga.<\/p>\n<p>Como tal, <strong>los batallones americanos lo identificaron con soldados que estaban muy mal de la cabeza<\/strong> y eso les llevaba al n\u00famero ocho.<\/p>\n<p>Cuando un militar no est\u00e1 en sus mejores facultades mentales como para desarrollar sus funciones, se le etiquetaba en la secci\u00f3n ocho.<\/p>\n<p>De ah\u00ed que la locura de este juego se reflejara en esto y el nombre elegido fuera el de ochos locos.<\/p>\n<p>Durante mucho tiempo se conoci\u00f3 as\u00ed, y de hecho, en Estados Unidos se empez\u00f3 a comercializar as\u00ed como juego de mesa.<\/p>\n<p>En los casinos fue un juego que tuvo mucha repercusi\u00f3n, ya que era muy divertido y din\u00e1mico.<\/p>\n<p>Tambi\u00e9n es cierto que <strong>tuvo poco recorrido y es que con bastante frecuencia los jugadores acababan desconfiando de los crupieres<\/strong>.<\/p>\n<p>M\u00e1s tarde apareci\u00f3 un juego que es muy parecido y que tiene en este ochos locos su origen. Nos referimos al UNO, mu conocido hoy en d\u00eda.<\/p>\n<h2><span class=\"ez-toc-section\" id=\"Objetivo-del-juego\"><\/span>Objetivo del juego<span class=\"ez-toc-section-end\"><\/span><\/h2>\n<p><strong>El objetivo consiste en descartarse de tantas cartas como tengamos en nuestra mano hasta quedarnos sin naipes<\/strong>.<\/p>\n<p>El jugador que primero lo consiga ser\u00e1 el que resulte ganador, aunque no se podr\u00e1 cerrar la partida con cualquier carta.<\/p>\n<h2><span class=\"ez-toc-section\" id=\"Elementos-del-juego\"><\/span>Elementos del juego<span class=\"ez-toc-section-end\"><\/span><\/h2>\n<ul>\n<li>Baraja francesa de 52 cartas (picas, corazones, diamantes y tr\u00e9boles).<\/li>\n<li>Tapete (opcional).<\/li>\n<li>Fichas de las de apostar (opcional).<\/li>\n<li>De 2 a 8 jugadores. A partir de 5 jugadores son necesarias dos barajas.<\/li>\n<\/ul>\n<h2><span class=\"ez-toc-section\" id=\"Como-se-juega-a-los-ochos-locos\"><\/span>C\u00f3mo se juega a los ochos locos<span class=\"ez-toc-section-end\"><\/span><\/h2>\n<p>Los ochos locos es un juego muy divertido y que consta de distintas variantes.<\/p>\n<p>De momento vamos a explicar la que se considera m\u00e1s b\u00e1sica, aunque habr\u00eda varias maneras de practicarlo.<\/p>\n<p>Lo primero que debe hacer el crupier es barajar y repartir las cartas a los jugadores.<\/p>\n<p>\u00c9ste lo har\u00e1 por orden, comenzando por el jugador que tenga a la izquierda.<\/p>\n<p><strong>El n\u00famero exacto de cartas que debe repartir es de ocho<\/strong>.<\/p>\n<p>Tambi\u00e9n es posible repartir siete si la mesa est\u00e1 completa, aunque en esos casos los repartidores suelen tener varias barajas para que no les falten naipes.<\/p>\n<p>Una vez que los jugadores tienen su mano correspondiente, el crupier deja el mazo de cartas restante sobre el tapete al alcance de todos los apostadores.<\/p>\n<p>Y adem\u00e1s, <strong>descubre una carta que es la que marca el inicio del juego<\/strong>.<\/p>\n<p>Cada uno de los jugadores deben ir lanzando una carta de una en una.<\/p>\n<p>Para cada lanzamiento tienen una serie de posibilidades, atendiendo a las reglas b\u00e1sicas que tiene este juego.<\/p>\n<p><img loading=\"lazy\" decoding=\"async\" class=\"aligncenter wp-image-146273 size-full\" src=\"\/pe\/wp-content\/uploads\/sites\/9\/2018\/05\/Ochos-locos-en-casino-online.webp\" alt=\"Ochos locos en casino online\" width=\"800\" height=\"475\" \/><\/p>\n<p>Para explicarlo vamos a fijarnos en un ejemplo. Supongamos que la primera carta que el crupier deja al descubierto es un dos de corazones.<\/p>\n<p>El primer jugador debe lanzar una carta para continuar la partida y por tanto tiene varias opciones.<\/p>\n<p>Puede lanzar un dos de un palo diferente y por tanto cambiar\u00e1 el palo al que deben ir el resto de jugadores.<\/p>\n<p>Puede lanzar cualquier carta que sea de corazones y continuar yendo a ese naipe; puede lanzar un ocho, que funciona como comod\u00edn y luego puede cambiar el palo si lo prefiere.<\/p>\n<p>O puede tomar una carta de las que han sobrado al repartir y si puede jugarla la lanzar\u00e1.<\/p>\n<p>En el caso de la \u00faltima opci\u00f3n, <strong>sino puede jugarla se la quedar\u00e1 y esperar\u00e1 a su siguiente turno para poder lanzar<\/strong>.<\/p>\n<p>Entonces ser\u00e1 el siguiente jugador el que obtenga la oportunidad de lanzar una carta.<\/p>\n<p>As\u00ed continua el juego hasta que uno de los jugadores se quede sin cartas y por tanto se de por finalizada la manga.<\/p>\n<p>Despu\u00e9s, el resto de jugadores que no han ganado dejar\u00e1n sus cartas sobre la mesa boca arriba y ser\u00e1 el crupier el que haga el conteo correspondiente.<\/p>\n<p>Cuando haga las cuentas <strong>deber\u00e1 dar las fichas a los apostadores que hayan quedado en mejor posici\u00f3n<\/strong> dentro de la partida y retir\u00e1rselas a los perdedores.<\/p>\n<p>Eso depender\u00e1 de las condiciones de la mesa, por lo que los jugadores deben estar pendientes de las fichas que se ganan y se pierden en cada posici\u00f3n.<\/p>\n<p>Hay algunas cartas que se consideran especiales y que obligan al siguiente jugador a una serie de reglas prestablecidas:<\/p>\n<ul>\n<li><strong>Los cuatros y los sietes<\/strong> hacen que el siguiente jugador pierda el turno de jugar. En el caso del cuatro se puede anular el paso de la jugada lanzando un ocho, ya que cuenta como comod\u00edn.<\/li>\n<li><strong>La reina de picas<\/strong> obliga al siguiente jugador a recoger cinco cartas y adem\u00e1s supone la p\u00e9rdida del turno.<\/li>\n<li><strong>Los dos comodines<\/strong> obligan al siguiente jugador a recoger dos cartas. Si el jugador que tiene el turno lo lanza y el siguiente tiene otro comod\u00edn y tambi\u00e9n lo emplea, se van sumando hasta que llegue un jugador que no tenga ninguna carta con la que responder. En teor\u00eda, solo deber\u00eda haber dos comodines, pero como en algunos casinos se pueden usar varias barajas, el n\u00famero a sumar puede ser indefinido. El jugador al que le toque robar las cartas, adem\u00e1s pierde el turno.<\/li>\n<li><strong>El dos de picas<\/strong>, lanzado inmediatamente despu\u00e9s de la reina de picas hace que el siguiente jugador tenga que robar siete cartas. No es v\u00e1lido que un jugador robe cinco porque le hayan lanzado la reina y que luego el siguiente eche el dos de picas y tenga que ser su jugador m\u00e1s pr\u00f3ximo el que robe siete. Una vez que se hayan robado cinco por la reina ya no tendr\u00eda validez esta jugada. Debe lanzarla un jugador, el siguiente contesta con el dos de picas y entonces ser\u00e1 el siguiente a ellos el que robe siete.<\/li>\n<li><strong>Los ochos<\/strong> dan la oportunidad a su lanzador de cambiar al palo que \u00e9l mande.<\/li>\n<\/ul>\n<p>Adem\u00e1s de ello hay otras cartas que tambi\u00e9n suponen una especialidad dentro de la partida, pero que no afectan a un contrincante como tal, sino al que las emplea:<\/p>\n<ul>\n<li><strong>Las jotas<\/strong> realizan un cambio de sentido y adem\u00e1s el que las lanza puede decidir si el sentido de la partida se invierte de forma continua o si solo es por un turno. En el segundo caso, el jugador anterior juega de nuevo y despu\u00e9s le vuelve el turno a \u00e9l mismo.<\/li>\n<li><strong>Los ases<\/strong> funcionan como cartas defensivas y en el caso de que el jugador anterior se descarte de un naipe que obligue al siguiente a robar un n\u00famero determinado de cartas, \u00e9ste puede anularlo con un lanzamiento de un as. No en todas las versiones ocurre as\u00ed.<\/li>\n<\/ul>\n<p>En cuanto a las reglas hay algunas que se deben tener en cuenta para el desarrollo de la partida.<\/p>\n<p>La primera es que si los jugadores se quedan sin cartas en el mazo restante, se coge la \u00faltima carta del mont\u00f3n de descarte, se aparta y el resto de cartas se barajan y se vuelven a colocar cubiertas en un nuevo mazo.<\/p>\n<p>Adem\u00e1s, <strong>si un jugador termina su mano con una carta que conlleve una penalizaci\u00f3n para el siguiente jugador, la manga no habr\u00e1 terminado para \u00e9l<\/strong>.<\/p>\n<p>Se considerar\u00e1 que queda como ganador provisional, pero en su siguiente turno debe tomar una carta.<\/p>\n<p>Solo se puede confirmar la victoria con una carta normal, por tanto, que no aparezca en ninguna de las listas que hemos visto anteriormente.<\/p>\n<p>Si otro jugador se queda sin cartas, mientras que uno est\u00e1 en ganador provisional entonces ambos robar\u00e1n una carta y el que saque el naipe con menos valor se considera el vencedor.<\/p>\n<h3><span class=\"ez-toc-section\" id=\"Valor-de-las-cartas\"><\/span>Valor de las cartas<span class=\"ez-toc-section-end\"><\/span><\/h3>\n<p><img loading=\"lazy\" decoding=\"async\" class=\"size-full wp-image-148482 alignnone\" src=\"\/pe\/wp-content\/uploads\/sites\/9\/2018\/11\/casino-alto_images_ochos-locos.webp\" alt=\"valores cartas ochos locos\" width=\"800\" height=\"475\" \/><\/p>\n<p>En cuanto a las puntuaciones finales, <strong>cada carta tiene su valor<\/strong> y son los siguientes:<\/p>\n<ul>\n<li>Ocho (Cincuenta puntos)<\/li>\n<li>Rey (Diez puntos)<\/li>\n<li>Dama (Diez puntos)<\/li>\n<li>Jota (Diez puntos)<\/li>\n<li>Diez (Diez puntos)<\/li>\n<li>Nueve (Nueve puntos)<\/li>\n<li>Siete (Siete puntos)<\/li>\n<li>Seis (Seis puntos)<\/li>\n<li>Cinco (Cinco puntos)<\/li>\n<li>Cuatro (Cuatro puntos)<\/li>\n<li>Tres (Tres puntos)<\/li>\n<li>Dos (Dos puntos)<\/li>\n<li>As (Un punto)<\/li>\n<\/ul>\n<p>El ganador queda exento de sumar puntos, mientras que el resto de jugadores se van sumando seg\u00fan las cartas que le hayan quedado en su mano.<\/p>\n<p><strong>En algunos torneos lo que se hace es eliminar al que acumula m\u00e1s puntos y que por tanto queda \u00faltimo<\/strong>.<\/p>\n<p>A la hora de colocarnos en una mesa de casino, el que acumule m\u00e1s puntos ser\u00e1 el que pierda el total de la apuesta que haga.<\/p>\n<p>El resto de jugadores ir\u00e1n perdiendo menos progresivamente conforme vayan teniendo menos puntos.<\/p>\n<p>El que ha salido vencedor recibe parte de esas fichas o todas, eso depende tambi\u00e9n de la mesa y la sala de juegos que sea.<\/p>\n","protected":false},"excerpt":{"rendered":"<p>En el mundo de los juegos de casino hay algunos que son de bastante sobriedad y que requieren una estrategia reflexionada. Sin embargo, hay otros juegos en el que la suerte es determinante y en el que el riesgo es muy importante para ganar. Los ochos locos es uno de esos juegos en los que [&hellip;]<\/p>\n","protected":false},"author":11,"featured_media":148413,"parent":134669,"menu_order":0,"comment_status":"closed","ping_status":"closed","template":"page_author_sidebar.php","meta":{"_acf_changed":false,"footnotes":""},"class_list":["post-146277","page","type-page","status-publish","has-post-thumbnail","hentry"],"acf":[],"_links":{"self":[{"href":"https:\/\/staging.casinoalto.com\/pe\/wp-json\/wp\/v2\/pages\/146277","targetHints":{"allow":["GET"]}}],"collection":[{"href":"https:\/\/staging.casinoalto.com\/pe\/wp-json\/wp\/v2\/pages"}],"about":[{"href":"https:\/\/staging.casinoalto.com\/pe\/wp-json\/wp\/v2\/types\/page"}],"author":[{"embeddable":true,"href":"https:\/\/staging.casinoalto.com\/pe\/wp-json\/wp\/v2\/users\/11"}],"replies":[{"embeddable":true,"href":"https:\/\/staging.casinoalto.com\/pe\/wp-json\/wp\/v2\/comments?post=146277"}],"version-history":[{"count":2,"href":"https:\/\/staging.casinoalto.com\/pe\/wp-json\/wp\/v2\/pages\/146277\/revisions"}],"predecessor-version":[{"id":10062661,"href":"https:\/\/staging.casinoalto.com\/pe\/wp-json\/wp\/v2\/pages\/146277\/revisions\/10062661"}],"up":[{"embeddable":true,"href":"https:\/\/staging.casinoalto.com\/pe\/wp-json\/wp\/v2\/pages\/134669"}],"wp:featuredmedia":[{"embeddable":true,"href":"https:\/\/staging.casinoalto.com\/pe\/wp-json\/wp\/v2\/media\/148413"}],"wp:attachment":[{"href":"https:\/\/staging.casinoalto.com\/pe\/wp-json\/wp\/v2\/media?parent=146277"}],"curies":[{"name":"wp","href":"https:\/\/api.w.org\/{rel}","templated":true}]}}