{"id":148730,"date":"2018-12-05T19:06:15","date_gmt":"2018-12-05T19:06:15","guid":{"rendered":"https:\/\/casinoalto.com\/pe\/?page_id=148730"},"modified":"2026-01-27T17:16:36","modified_gmt":"2026-01-27T17:16:36","slug":"casino-war","status":"publish","type":"page","link":"https:\/\/staging.casinoalto.com\/pe\/reglas\/casino-war\/","title":{"rendered":"Casino War"},"content":{"rendered":"<p><img loading=\"lazy\" decoding=\"async\" class=\"size-full wp-image-149584 alignnone\" src=\"\/wp-content\/uploads\/2019\/02\/casino-alto_covers-03.webp\" alt=\"Reglas Casino War\" width=\"1667\" height=\"990\" \/><\/p>\n<p>Hoy les queremos mostrar c\u00f3mo jugar al juego Casino War. <strong>Un entretenimiento muy divertido, din\u00e1mico, muy sencillo de aprender a practicar<\/strong> y adem\u00e1s que resulta adictivo una vez que lo pruebas.<\/p>\n<p>Se trata de un juego de cartas en el que compiten dos jugadores y uno debe sacar una carta m\u00e1s alta que la de su rival para ganar.<\/p>\n<p>Un juego que ha servido como pasatiempo para muchas generaciones de las \u00faltimas d\u00e9cadas del siglo pasado y que m\u00e1s tarde se trasladar\u00eda a los casinos para hacer las delicias de los mejores apostadores.<\/p>\n<p>Esta pr\u00e1ctica ofrece la posibilidad de jugar cara a cara frente a la banca, algo que suele ser menos com\u00fan que v\u00e9rselas con otros jugadores.<\/p>\n<p>Como tal, las posibilidades de salir victorioso son superiores para la sala de juegos, sin embargo las ganancias que pueden obtener los jugadores son muy suculentas.<\/p>\n<p><strong>E<\/strong><strong>st\u00e1 basada en una versi\u00f3n de un juego de mesa<\/strong> al que casi todos hemos desafiado alguna vez de peque\u00f1os y que puede traernos muy buenos recuerdos. Para ello vamos a recordar las normas b\u00e1sicas y a dise\u00f1ar la estrategia.<\/p>\n<div id=\"ez-toc-container\" class=\"ez-toc-v2_0_82_2 counter-hierarchy ez-toc-counter ez-toc-custom ez-toc-container-direction\">\n<p class=\"ez-toc-title\" style=\"cursor:inherit\">Tabla de contenidos<\/p>\n<label for=\"ez-toc-cssicon-toggle-item-69d6933e0e51f\" class=\"ez-toc-cssicon-toggle-label\"><span class=\"\"><span class=\"eztoc-hide\" style=\"display:none;\">Toggle<\/span><span class=\"ez-toc-icon-toggle-span\"><svg style=\"fill: #999;color:#999\" xmlns=\"http:\/\/www.w3.org\/2000\/svg\" class=\"list-377408\" width=\"20px\" height=\"20px\" viewBox=\"0 0 24 24\" fill=\"none\"><path d=\"M6 6H4v2h2V6zm14 0H8v2h12V6zM4 11h2v2H4v-2zm16 0H8v2h12v-2zM4 16h2v2H4v-2zm16 0H8v2h12v-2z\" fill=\"currentColor\"><\/path><\/svg><svg style=\"fill: #999;color:#999\" class=\"arrow-unsorted-368013\" xmlns=\"http:\/\/www.w3.org\/2000\/svg\" width=\"10px\" height=\"10px\" viewBox=\"0 0 24 24\" version=\"1.2\" baseProfile=\"tiny\"><path d=\"M18.2 9.3l-6.2-6.3-6.2 6.3c-.2.2-.3.4-.3.7s.1.5.3.7c.2.2.4.3.7.3h11c.3 0 .5-.1.7-.3.2-.2.3-.5.3-.7s-.1-.5-.3-.7zM5.8 14.7l6.2 6.3 6.2-6.3c.2-.2.3-.5.3-.7s-.1-.5-.3-.7c-.2-.2-.4-.3-.7-.3h-11c-.3 0-.5.1-.7.3-.2.2-.3.5-.3.7s.1.5.3.7z\"\/><\/svg><\/span><\/span><\/label><input type=\"checkbox\"  id=\"ez-toc-cssicon-toggle-item-69d6933e0e51f\" checked aria-label=\"Toggle\" \/><nav><ul class='ez-toc-list ez-toc-list-level-1 ' ><li class='ez-toc-page-1 ez-toc-heading-level-2'><a class=\"ez-toc-link ez-toc-heading-1\" href=\"https:\/\/staging.casinoalto.com\/pe\/reglas\/casino-war\/#Historia-del-Casino-War\" >Historia del Casino War<\/a><\/li><li class='ez-toc-page-1 ez-toc-heading-level-2'><a class=\"ez-toc-link ez-toc-heading-2\" href=\"https:\/\/staging.casinoalto.com\/pe\/reglas\/casino-war\/#Objetivo-del-juego\" >Objetivo del juego<\/a><\/li><li class='ez-toc-page-1 ez-toc-heading-level-2'><a class=\"ez-toc-link ez-toc-heading-3\" href=\"https:\/\/staging.casinoalto.com\/pe\/reglas\/casino-war\/#Elementos-del-juego\" >Elementos del juego<\/a><\/li><li class='ez-toc-page-1 ez-toc-heading-level-2'><a class=\"ez-toc-link ez-toc-heading-4\" href=\"https:\/\/staging.casinoalto.com\/pe\/reglas\/casino-war\/#Como-se-juega-al-Casino-War\" >C\u00f3mo se juega al Casino War<\/a><\/li><\/ul><\/nav><\/div>\n<h2><span class=\"ez-toc-section\" id=\"Historia-del-Casino-War\"><\/span>Historia del Casino War<span class=\"ez-toc-section-end\"><\/span><\/h2>\n<p>Este sencillo juego de cartas apareci\u00f3 en el siglo XX, en torno a los a\u00f1os setenta. <strong>La idea surgi\u00f3 de un director de casino que quiso darle una vuelta de tuerca a su negocio<\/strong>. La sala de juegos prosperaba favorablemente, pero se dio cuenta de que hab\u00eda una parte de su clientela de la que recib\u00eda quejas.<\/p>\n<p>Estos jugadores aseguraban que juegos como los <a href=\"\/pe\/reglas\/craps\/\">craps<\/a> o la <a href=\"\/pe\/juego\/ruleta-americana\/\">ruleta americana<\/a> no terminaban de convencerles, mientras que otros como el <a href=\"\/pe\/juego\/blackjack\/\">blackjack<\/a>, el <a href=\"\/pe\/juego\/baccarat\/\">baccarat<\/a> o el Texas Holdem ten\u00edan el problema de que la estrategia era larga y complicada.<\/p>\n<p>Demandaban una oferta m\u00e1s sencilla, un juego que fuera r\u00e1pido, din\u00e1mico y sencillo. <strong>No quer\u00edan tener que dise\u00f1ar estrategias muy enrevesadas para ganar algo de dinero<\/strong>.<\/p>\n<p>Y el resultado fue que este magnate, de identidad desconocida, cre\u00f3 el juego llamado \u201cWar\u201d y que m\u00e1s tarde acabar\u00eda rebautizado como el Casino War que hoy todos conocemos. Este movimiento fue todo un \u00e9xito y la clientela no tard\u00f3 mucho en engancharse a este juego. Hab\u00eda triunfado.<\/p>\n<p>El juego no solo se difundi\u00f3 en los casinos, sino que <strong>por aquella \u00e9poca se hizo bastante popular como juego infantil<\/strong>. Durante unos a\u00f1os fue uno de los primeros juegos de cartas a los que los m\u00e1s peque\u00f1os aprend\u00edan a jugar, aunque con una diferencia fundamental.<\/p>\n<p>No hab\u00eda dinero de por medio. Para la versi\u00f3n de casino es para la que se empezaron a decretar las apuestas, pero como juego de mesa no hab\u00eda fichas ni apuestas.<\/p>\n<p>Adem\u00e1s, lo bueno que tiene esta pr\u00e1ctica es que se puede jugar todo el tiempo que se quiera. Una vez que se finaliza una mano solo hay que barajear los naipes y volver a repartir, con lo cual <strong>nunca tiene fin propiamente dicho<\/strong>.<\/p>\n<p>No pueden decir lo mismo otros juegos como el poker, en el que todo finaliza una vez que quede un solo jugador en la mesa con la totalidad de las apuestas en su haber.<\/p>\n<p>A partir de los a\u00f1os 90, con la aparici\u00f3n de los primeros <a href=\"\/pe\/casinos-online\/\">casinos online del pa\u00eds peruano<\/a>, el juego se adapt\u00f3 para poder disfrutar del mismo v\u00eda internet. \u00c9ste resulto un gran atractivo tanto para los apostadores habituales de casino, como para los jugadores habituales de War que despu\u00e9s vieron la versi\u00f3n de su juego mejorada.<\/p>\n<p>La primera empresa que se encarg\u00f3 de su creaci\u00f3n y desarrollo fue Bet Technology. La peque\u00f1a sociedad ten\u00eda su sede en Carson City, capital del estado de Nevada y que actualmente no pertenece a ning\u00fan condado al ser considerada como independiente.<\/p>\n<p>Los fabricantes de la villa, situada al oeste del estado, tuvieron que hacer grandes esfuerzos para poder recrear virtualmente el ambiente de casino. Todo ello para el normal desarrollo del juego.<\/p>\n<p><strong>Fue en 1993 cuando se present\u00f3 de manera oficial la primera versi\u00f3n<\/strong>, bastante sencilla. Gracias a su popularidad, en 1994 muchos casinos lo agregaron a su oferta de juegos. La mayor\u00eda fueron del estado de Nevada y el primero en lanzarse fue el Harrah\u2019s Lake Tahoe.<\/p>\n<p>Su propietario William F. Harrah enseguida se dio cuenta de las posibilidades tan grandes que ten\u00eda y lo hizo muy popular entre los principales resorts de la zona.<\/p>\n<p>Ya con la llegada del nuevo siglo, en 2004 la compa\u00f1\u00eda Shuffle Master (ahora denominada SHFL entertainment) se hizo con casi la totalidad de los derechos de Bet Technology y por tanto con la producci\u00f3n del juego.<\/p>\n<p>Este grupo se encarga de proporcionar a los casinos mucho material para sus mesas de juegos y entre ellos el de Casino War. Tambi\u00e9n se encarga de su producci\u00f3n online, al igual que ocurre con otros juegos de cartas muy reconocidos como Let It Ride, Three Card Poker o la variante del blackjack llamada Blackjack Switch.<\/p>\n<h2><span class=\"ez-toc-section\" id=\"Objetivo-del-juego\"><\/span>Objetivo del juego<span class=\"ez-toc-section-end\"><\/span><\/h2>\n<p>El objetivo es mucho m\u00e1s sencillo de lo que podamos pensar. Se trata de <strong>sacar una carta m\u00e1s alta que el crupier<\/strong> del casino o del jugador que represente a la banca.<\/p>\n<p>Por ello el valor de las cartas es determinante en este juego, al igual que las apuestas que realices antes de empezar a jugar.<\/p>\n<h2><span class=\"ez-toc-section\" id=\"Elementos-del-juego\"><\/span>Elementos del juego<span class=\"ez-toc-section-end\"><\/span><\/h2>\n<p><img loading=\"lazy\" decoding=\"async\" class=\"alignnone size-full wp-image-145461\" src=\"\/wp-content\/uploads\/2018\/03\/Baraja-francesa-de-Casino-War.webp\" alt=\"Baraja francesa de Casino War\" width=\"800\" height=\"475\" \/><\/p>\n<ul>\n<li>Baraja francesa de 52 cartas (corazones, picas, diamantes y tr\u00e9boles).<\/li>\n<li>Un tapete de tela (opcional).<\/li>\n<li>Fichas de casino para apostar (opcionales).<\/li>\n<li>De 1 a 8 jugadores.<\/li>\n<\/ul>\n<h2><span class=\"ez-toc-section\" id=\"Como-se-juega-al-Casino-War\"><\/span>C\u00f3mo se juega al Casino War<span class=\"ez-toc-section-end\"><\/span><\/h2>\n<p>El Casino War es un juego muy sencillo y comprensible para todo el mundo. Si se practica en un casino, el jugador se enfrentar\u00e1 a un crupier del propio lugar. Y si se practica de forma amateur habr\u00e1 un jugador que represente a la banca y otro que sea su rival.<\/p>\n<p><strong>Por su forma y su desarrollo tambi\u00e9n se le denomina \u201cLa Batalla\u201d<\/strong>. Es un uno contra uno en el que el que tenga la mejor carta gana, aunque en caso de empate hay algunas consideraciones a tener en cuenta. No solo por la fase que llegar\u00e1 despu\u00e9s sino por las apuestas que se realicen.<\/p>\n<p><strong>El valor de las cartas es el mismo que el que tienen en cualquiera de las variedades de poker<\/strong> que existen en el mundo. Para tomar una referencia concreta podemos decir que los valores son los mismos que los del <a href=\"\/pe\/reglas\/texas-holdem\/\">Texas Holdem para jugar la demo<\/a>, por ejemplo.<\/p>\n<p>Es decir, el as es la carta m\u00e1s alta, despu\u00e9s le siguen el rey, la dama, la sota y finalmente todos los n\u00fameros seg\u00fan su orden habitual: diez, nueve, ocho, siete, seis, cinco, cuatro, tres y finalmente el dos.<\/p>\n<p>Antes de empezar con las cartas el jugador debe realizar su correspondiente apuesta. La mesa tiene unos l\u00edmites tanto de m\u00e1ximo como de m\u00ednimo a los que debe ajustarse. <strong>Dentro de esos m\u00e1rgenes puede apostar la cantidad que le parezca<\/strong>.<\/p>\n<p>Una vez hecho, el crupier debe igualar esa apuesta, lo mismo que ocurre en el poker. El crupier reparte una carta al jugador y otra para \u00e9l. Se puede hacer cubierto o descubierto. En algunos casinos la modalidad se especifica claramente y en otras es el propio jugador el que puede decidirla.<\/p>\n<p>Cuando ambos tienen su carta sobre la mesa pueden mirarla cuidando del que el contrario no lo haga. Despu\u00e9s se comparan las cartas y el que tenga la m\u00e1s alta es el que se lleva la mano.<\/p>\n<p>Si el ganador resulta ser el jugador, entonces se lleva lo que hay en la mesa y si pierde es la banca la que se queda con sus fichas. Hay una tercera posibilidad y es que se produzca un empate. Entonces ah\u00ed se abren diferentes escenarios a explicar.<\/p>\n<p>Los dos contendientes llevan una carta del mismo valor y por tanto el jugador tiene dos opciones: puede quedarse con la mitad de la apuesta inicial que puso sobre el tapete y retirarse de esa mano; o puede desafiar a lo que se denomina una \u201cbatalla\u201d al crupier.<\/p>\n<p>Si se produce este segundo caso, el jugador tiene que volver a apostar. La cantidad suplementaria suele ser parecida a la de la primera apuesta, aunque eso depende de las reglas que ponga el casino.<\/p>\n<p>Tambi\u00e9n <strong>existe la opci\u00f3n de realizar lo que se llama una \u201capuesta de empate\u201d<\/strong>. Se trata de apostar a que se volver\u00e1 a producir un segundo empate entre ambos. Si ese caso se diera el jugador se llevar\u00eda diez veces el valor de lo que haya puesto sobre la mesa.<\/p>\n<p>Pero si regresamos al desarrollo de la batalla, hay dos cosas que pueden ocurrir despu\u00e9s de finalizar las apuestas. Puede que la carta del jugador sea mayor, entonces se proclama ganador y se lleva todo el dinero que hay sobre la mesa.<\/p>\n<p>De esa manera recupera sus dos apuestas y obtiene las ganancias del crupier. Y si pierde, al igual que antes, el crupier retira las fichas y es la banca del casino la ganadora.<\/p>\n<p><strong>Si se vuelve a producir un segundo empate se da por ganador al jugador<\/strong>. Y adem\u00e1s hay un caso en el que el apostador puede llevarse el doble de lo que ha jugado. Se produce si el jugador obtiene en su mano un as y el crupier saca un dos del mismo palo. A esta mano se le llama \u201cTrafalgar\u201d.<\/p>\n","protected":false},"excerpt":{"rendered":"<p>Hoy les queremos mostrar c\u00f3mo jugar al juego Casino War. Un entretenimiento muy divertido, din\u00e1mico, muy sencillo de aprender a practicar y adem\u00e1s que resulta adictivo una vez que lo pruebas. Se trata de un juego de cartas en el que compiten dos jugadores y uno debe sacar una carta m\u00e1s alta que la de [&hellip;]<\/p>\n","protected":false},"author":11,"featured_media":149584,"parent":134669,"menu_order":0,"comment_status":"closed","ping_status":"closed","template":"page_author_sidebar.php","meta":{"_acf_changed":false,"footnotes":""},"class_list":["post-148730","page","type-page","status-publish","has-post-thumbnail","hentry"],"acf":[],"_links":{"self":[{"href":"https:\/\/staging.casinoalto.com\/pe\/wp-json\/wp\/v2\/pages\/148730","targetHints":{"allow":["GET"]}}],"collection":[{"href":"https:\/\/staging.casinoalto.com\/pe\/wp-json\/wp\/v2\/pages"}],"about":[{"href":"https:\/\/staging.casinoalto.com\/pe\/wp-json\/wp\/v2\/types\/page"}],"author":[{"embeddable":true,"href":"https:\/\/staging.casinoalto.com\/pe\/wp-json\/wp\/v2\/users\/11"}],"replies":[{"embeddable":true,"href":"https:\/\/staging.casinoalto.com\/pe\/wp-json\/wp\/v2\/comments?post=148730"}],"version-history":[{"count":3,"href":"https:\/\/staging.casinoalto.com\/pe\/wp-json\/wp\/v2\/pages\/148730\/revisions"}],"predecessor-version":[{"id":10063024,"href":"https:\/\/staging.casinoalto.com\/pe\/wp-json\/wp\/v2\/pages\/148730\/revisions\/10063024"}],"up":[{"embeddable":true,"href":"https:\/\/staging.casinoalto.com\/pe\/wp-json\/wp\/v2\/pages\/134669"}],"wp:featuredmedia":[{"embeddable":true,"href":"https:\/\/staging.casinoalto.com\/pe\/wp-json\/wp\/v2\/media\/149584"}],"wp:attachment":[{"href":"https:\/\/staging.casinoalto.com\/pe\/wp-json\/wp\/v2\/media?parent=148730"}],"curies":[{"name":"wp","href":"https:\/\/api.w.org\/{rel}","templated":true}]}}