{"id":148862,"date":"2018-12-15T20:58:34","date_gmt":"2018-12-15T20:58:34","guid":{"rendered":"https:\/\/casinoalto.com\/pe\/?page_id=148862"},"modified":"2026-01-27T17:20:32","modified_gmt":"2026-01-27T17:20:32","slug":"uno","status":"publish","type":"page","link":"https:\/\/staging.casinoalto.com\/pe\/reglas\/uno\/","title":{"rendered":"Uno"},"content":{"rendered":"<p><img loading=\"lazy\" decoding=\"async\" class=\"alignnone size-full wp-image-149586\" src=\"\/wp-content\/uploads\/2019\/02\/casino-alto_covers-13.webp\" alt=\"Reglas Uno\" width=\"1667\" height=\"991\" \/><\/p>\n<p>El juego que presentamos hoy se le conoce con el nombre de uno. No debe confundirse con el juego de mesa tradicional con cartas de cuatro colores distintos y que se van lanzando de una en una por cada jugador.<\/p>\n<p>El hecho de que algunos juegos tengan el mismo nombre no implica que tengan la misma jugabilidad. Cada uno es un mundo y en este caso vamos a utilizar las barajas que se suelen emplear en los casinos.<\/p>\n<div id=\"ez-toc-container\" class=\"ez-toc-v2_0_82_2 counter-hierarchy ez-toc-counter ez-toc-custom ez-toc-container-direction\">\n<p class=\"ez-toc-title\" style=\"cursor:inherit\">Tabla de contenidos<\/p>\n<label for=\"ez-toc-cssicon-toggle-item-69d690f94d406\" class=\"ez-toc-cssicon-toggle-label\"><span class=\"\"><span class=\"eztoc-hide\" style=\"display:none;\">Toggle<\/span><span class=\"ez-toc-icon-toggle-span\"><svg style=\"fill: #999;color:#999\" xmlns=\"http:\/\/www.w3.org\/2000\/svg\" class=\"list-377408\" width=\"20px\" height=\"20px\" viewBox=\"0 0 24 24\" fill=\"none\"><path d=\"M6 6H4v2h2V6zm14 0H8v2h12V6zM4 11h2v2H4v-2zm16 0H8v2h12v-2zM4 16h2v2H4v-2zm16 0H8v2h12v-2z\" fill=\"currentColor\"><\/path><\/svg><svg style=\"fill: #999;color:#999\" class=\"arrow-unsorted-368013\" xmlns=\"http:\/\/www.w3.org\/2000\/svg\" width=\"10px\" height=\"10px\" viewBox=\"0 0 24 24\" version=\"1.2\" baseProfile=\"tiny\"><path d=\"M18.2 9.3l-6.2-6.3-6.2 6.3c-.2.2-.3.4-.3.7s.1.5.3.7c.2.2.4.3.7.3h11c.3 0 .5-.1.7-.3.2-.2.3-.5.3-.7s-.1-.5-.3-.7zM5.8 14.7l6.2 6.3 6.2-6.3c.2-.2.3-.5.3-.7s-.1-.5-.3-.7c-.2-.2-.4-.3-.7-.3h-11c-.3 0-.5.1-.7.3-.2.2-.3.5-.3.7s.1.5.3.7z\"\/><\/svg><\/span><\/span><\/label><input type=\"checkbox\"  id=\"ez-toc-cssicon-toggle-item-69d690f94d406\" checked aria-label=\"Toggle\" \/><nav><ul class='ez-toc-list ez-toc-list-level-1 ' ><li class='ez-toc-page-1 ez-toc-heading-level-2'><a class=\"ez-toc-link ez-toc-heading-1\" href=\"https:\/\/staging.casinoalto.com\/pe\/reglas\/uno\/#Historia-del-Uno\" >Historia del Uno<\/a><\/li><li class='ez-toc-page-1 ez-toc-heading-level-2'><a class=\"ez-toc-link ez-toc-heading-2\" href=\"https:\/\/staging.casinoalto.com\/pe\/reglas\/uno\/#Objetivo-del-juego\" >Objetivo del juego<\/a><\/li><li class='ez-toc-page-1 ez-toc-heading-level-2'><a class=\"ez-toc-link ez-toc-heading-3\" href=\"https:\/\/staging.casinoalto.com\/pe\/reglas\/uno\/#Elementos-del-juego\" >Elementos del juego<\/a><\/li><li class='ez-toc-page-1 ez-toc-heading-level-2'><a class=\"ez-toc-link ez-toc-heading-4\" href=\"https:\/\/staging.casinoalto.com\/pe\/reglas\/uno\/#Como-se-juega-al-Uno\" >C\u00f3mo se juega al Uno<\/a><\/li><li class='ez-toc-page-1 ez-toc-heading-level-2'><a class=\"ez-toc-link ez-toc-heading-5\" href=\"https:\/\/staging.casinoalto.com\/pe\/reglas\/uno\/#Variantes-del-juego\" >Variantes del juego<\/a><\/li><\/ul><\/nav><\/div>\n<h2><span class=\"ez-toc-section\" id=\"Historia-del-Uno\"><\/span>Historia del Uno<span class=\"ez-toc-section-end\"><\/span><\/h2>\n<p>El uno es un juego que surgi\u00f3 en Espa\u00f1a en torno al siglo XIX o siglo XX. No est\u00e1 demasiado clara su aparici\u00f3n, pero lo que parece claro es que fue obra de los habitantes de la pen\u00ednsula ib\u00e9rica.<\/p>\n<p>Durante su expansi\u00f3n en la misma ocup\u00f3 su peque\u00f1o lugar durante un periodo corto de tiempo en los casinos.<\/p>\n<p>Adem\u00e1s, en cada zona del pa\u00eds ha ido tomando unas significaciones que son \u00fanicas y que enriquecen mucho la pr\u00e1ctica de este juego. Tambi\u00e9n en Sudam\u00e9rica tuvo su repercusi\u00f3n un tiempo despu\u00e9s con su correspondiente versi\u00f3n.<\/p>\n<h2><span class=\"ez-toc-section\" id=\"Objetivo-del-juego\"><\/span>Objetivo del juego<span class=\"ez-toc-section-end\"><\/span><\/h2>\n<p>La finalidad de este juego es <strong>descartarse de todas las cartas de la baza lo m\u00e1s pronto posible<\/strong> mediante combinaciones de naipes del mismo n\u00famero y que sean mayores que los que lanz\u00f3 el jugador anterior, aunque con algunas excepciones.<\/p>\n<p>Tambi\u00e9n es importante no quedar \u00faltimo, ya que se establece una clasificaci\u00f3n en la partida.<\/p>\n<h2><span class=\"ez-toc-section\" id=\"Elementos-del-juego\"><\/span>Elementos del juego<span class=\"ez-toc-section-end\"><\/span><\/h2>\n<ul>\n<li>Baraja espa\u00f1ola de 40, 48 o 50 cartas (48 + 2 comodines).<\/li>\n<li>Tapete (opcional).<\/li>\n<li>Fichas de casino para apostar (opcional).<\/li>\n<li>De 2 a 8 jugadores. Hasta cuatro jugadores se juega con una sola baraja. A partir de 5 jugadores se emplean dos o m\u00e1s barajas.<\/li>\n<\/ul>\n<h2><span class=\"ez-toc-section\" id=\"Como-se-juega-al-Uno\"><\/span>C\u00f3mo se juega al Uno<span class=\"ez-toc-section-end\"><\/span><\/h2>\n<p>Antes de comenzar se debe aclarar que este juego tiene muchas variantes. En cada regi\u00f3n del mundo se juega de una manera distinta y con unas normas que son diferentes.<\/p>\n<p>Sobre todo, lo que m\u00e1s cambia es la jerarqu\u00eda de las cartas y cual se considera la carta m\u00e1s alta del uno. Aun as\u00ed, hay unas normas que son comunes y que representan la forma b\u00e1sica de que se practique este juego como se podr\u00eda hacer en los casinos antiguamente.<\/p>\n<p>Es una pr\u00e1ctica que sol\u00eda ser m\u00e1s t\u00edpica para torneos de jugadores, que se realizaban en salas reservadas de las salas de juego. En las tablas era m\u00e1s complicado verlo, aunque aun as\u00ed en alguna \u00e9poca se pudo comprobar en determinados casinos. Ahora en alg\u00fan <a href=\"\/pe\/casinos-online\/\">casino online seguro y rentable<\/a> sigue ofert\u00e1ndose.<\/p>\n<p>Para conocer c\u00f3mo se juega al uno debemos conocer primero el orden gen\u00e9rico de las cartas. Es el siguiente:<\/p>\n<ul>\n<li>Dos de oros<\/li>\n<li>Doses<\/li>\n<li>Ases<\/li>\n<li>Reyes<\/li>\n<li>Caballos<\/li>\n<li>Sotas<\/li>\n<li>Nueves<\/li>\n<li>Ochos<\/li>\n<li>Sietes<\/li>\n<li>Seises<\/li>\n<li>Cincos<\/li>\n<li>Cuatros<\/li>\n<li>Treses<\/li>\n<\/ul>\n<p>Una vez que hemos entendido esto <strong>se debe repartir toda la baraja<\/strong>. Para el juego es necesario al menos que dos jugadores est\u00e9n presentes, por lo que cuando las mesas estaban vac\u00edas se pod\u00eda disputar un uno contra uno frente al repartidor. Eso s\u00ed, es un juego que tiene mucho m\u00e1s sentido con una buena cantidad de apostadores.<\/p>\n<p>Cuando en la mesa hab\u00eda varios puestos ocupados, el crupier hac\u00eda de mero repartidor y eran los apostadores los que se jugaban sus correspondientes apuestas. Unas apuestas iniciales que establec\u00eda el casino con el a\u00f1adido de lo que los jugadores fueran apostando, pero siempre al comienzo de la partida.<\/p>\n<p>De esa forma se deben repartir todas las barajas que se vayan a utilizar entre todos los que est\u00e9n en la tabla. En los torneos suele arrancar el que tiene la carta m\u00e1s alta, pero <strong>en una mesa de un sal\u00f3n de juegos suele ir rotando el que inicia<\/strong> en el sentido de las agujas del reloj. En este mismo sentido se desarrolla el juego.<\/p>\n<p>Una vez que est\u00e9 claro quien arranca la partida el jugador debe lanzar la carta que prefiera al centro de la mesa. Puede ser una sola, una pareja, un tr\u00edo o un cuarteto de cartas. <strong>En el caso de que sean m\u00e1s de una deben ser siempre del mismo n\u00famero<\/strong> (por ejemplo, tres caballos).<\/p>\n<p>Lo m\u00e1s normal es que en este primer envite no se utilicen las cartas m\u00e1s altas, ya que pueden ser necesarias para el resto de la partida. Esto suele hacerse cuando solo quedan dos jugadores por deshacerse de cartas, para obligar al otro jugador a pasar constantemente el turno y poder seguir lanzando uno mismo.<\/p>\n<p>Una vez que el primer jugador ha descartado sus naipes el segundo debe continuar la serie. Continuar la serie significa <strong>lanzar el mismo n\u00famero de cartas que haya lanzado el primero<\/strong> (si ha lanzado tres, el segundo debe lanzar otros tres naipes) <strong>y siempre que sean de mayor valor<\/strong> que las que ya hab\u00eda en la mesa.<\/p>\n<p>Eso significa que si el primer jugador ha lanzado un tr\u00edo de caballos, el siguiente jugador est\u00e1 obligado a lanzar un tr\u00edo de reyes, ases o doses, que es lo \u00fanico que est\u00e1 por encima del caballo.<\/p>\n<p>Una vez que el segundo haya lanzado tambi\u00e9n el tercero debe repetir la operaci\u00f3n, y as\u00ed sucesivamente con el resto de jugadores.<\/p>\n<p>Cuanta m\u00e1s alta sea la baza menos recorrido va a tener en la mesa. Si se arranca con los treses, que es la carta m\u00e1s baja, habr\u00e1 muchas opciones de que todo el mundo se deshaga de cartas y no se pase el turno. Y es que <strong>existe la opci\u00f3n de pasar el turno sin tirar<\/strong>, si no se tiene nada.<\/p>\n<p>El jugador que tenga la carta de mayor valor puede lanzarla en su turno y de esa forma cortar la cadena que se hab\u00eda formado en la mesa. Se corta, ya que al ser el naipe m\u00e1s alto ning\u00fan jugador podr\u00e1 responder con algo superior y por tanto esa ronda se termina en ese momento.<\/p>\n<p><strong>La forma de retomar la cadena de lanzamientos es que el siguiente jugador lance el naipe o los naipes que quiera<\/strong>. Esto solo ocurre tras haber lanzado el dos de oros o una combinaci\u00f3n de doses. El jugador que posea el turno volver\u00e1 a deshacerse de las cartas que quiera y arrancar\u00e1 de nuevo la partida.<\/p>\n<p>As\u00ed se desarrolla el juego hasta que un jugador se deshace de todas las cartas. En ese caso se declara ganador y el siguiente jugador podr\u00e1 empezar la cadena de nuevo lanzando la carta o cartas que prefiera. As\u00ed hasta que un solo jugador quede con cartas y resulte el perdedor.<\/p>\n<p><strong>En los casinos depende de la posici\u00f3n en la que se finalice se perder\u00e1 o se ganar\u00e1 m\u00e1s o menos parte de la apuesta<\/strong>.<\/p>\n<p>Los baremos suele establecerlos la propia sala de juegos, mientras que en los torneos puede ser consensuado por los jugadores. Hay algunas competiciones en las que se juega a eliminaci\u00f3n y no con dinero.<\/p>\n<p>En el caso de que sea un torneo en el que se juega con dinero, en el reparto de la siguiente partida el que haya quedado \u00faltimo debe darle las dos mejores cartas al que qued\u00f3 primero; y el primero le dar\u00e1 sus dos peores al que qued\u00f3 \u00faltimo. Es una especie de castigo y premio por haber finalizado en estas posiciones.<\/p>\n<p>Otra forma de jugar en un campeonato de esta pr\u00e1ctica es dando una puntuaci\u00f3n determinada a cada jugador seg\u00fan su posici\u00f3n en cada partida.<\/p>\n<p>Se va realizando una suma y se establece un l\u00edmite de puntos para coronar a un ganador o un l\u00edmite de partidas a jugar y en las que se deben tener en cuenta las puntuaciones.<\/p>\n<p>Esos puntos son:<\/p>\n<ul>\n<li>Primer puesto: cuatro puntos<\/li>\n<li>Segundo puesto: tres puntos<\/li>\n<li>Tercer puesto: dos puntos<\/li>\n<li>Cuarto puesto: un punto<\/li>\n<li>\u00daltimo puesto: cero puntos<\/li>\n<\/ul>\n<p>Dependiendo el n\u00famero de jugadores que haya en la mesa se modificar\u00e1n las puntuaciones. Cinco suelen ser bastante jugadores y los que normalmente podemos encontrar en la tabla de un casino (cinco o seis puestos de juego). Pero se puede ir modificando seg\u00fan como sean de grande los tablones.<\/p>\n<p>Otras opciones a tener en cuenta son las cartas a utilizar seg\u00fan el n\u00famero de jugadores que haya. Hay casos en los que se eliminan los ochos y los nueves de la baraja para agilizar la partida.<\/p>\n<p>En los salones de juego cuando se produc\u00edan situaciones en las que solo hab\u00eda dos jugadores o tres se tomaba esta medida.<\/p>\n<h2><span class=\"ez-toc-section\" id=\"Variantes-del-juego\"><\/span>Variantes del juego<span class=\"ez-toc-section-end\"><\/span><\/h2>\n<p>Como ocurre en casi todos los juegos, en cada regi\u00f3n de un mismo pa\u00eds puede calar de una manera diferente e instalarse en los quehaceres habituales de la poblaci\u00f3n con modificaciones. La esencia es la misma, solo que ciertos colectivos lo cambian a su manera para que sea a\u00fan m\u00e1s divertido.<\/p>\n<p>En Espa\u00f1a ha ocurrido eso con el uno y depende en qu\u00e9 zona nos situemos nos enfrentamos a una variante en el funcionamiento del mismo. Una de las cosas m\u00e1s habituales es que <strong>se supriman los ochos y los nueves<\/strong>. En la zona de Extremadura y los l\u00edmites con Portugal suele ser habitual que est\u00e9n ausentes.<\/p>\n<p>Tambi\u00e9n con los ases ocurre que solo se pueden lanzar de uno en uno y siempre y cuando haya m\u00e1s cartas ya en la mesa. Y m\u00e1s curiosa aun es la zona de Valencia, en la que si hay solo una baraja y al principio de la partida se tienen las cuatro cartas del mismo n\u00famero se pueden descartar de forma autom\u00e1tica.<\/p>\n<p>En la zona del sur el cambio es m\u00e1s significativo, ya que son <strong>los ases los n\u00fameros m\u00e1s valiosos juntos con los treses<\/strong>. Los doses descienden hasta la \u00faltima posici\u00f3n.<\/p>\n<p>Incluso en las Islas Canarias es en la que los doses y los treses son los \u00faltimos en el rango de importancia, mientras que el as es el primero de todos.<\/p>\n","protected":false},"excerpt":{"rendered":"<p>El juego que presentamos hoy se le conoce con el nombre de uno. No debe confundirse con el juego de mesa tradicional con cartas de cuatro colores distintos y que se van lanzando de una en una por cada jugador. El hecho de que algunos juegos tengan el mismo nombre no implica que tengan la [&hellip;]<\/p>\n","protected":false},"author":11,"featured_media":149586,"parent":134669,"menu_order":0,"comment_status":"closed","ping_status":"closed","template":"page_author_sidebar.php","meta":{"_acf_changed":false,"footnotes":""},"class_list":["post-148862","page","type-page","status-publish","has-post-thumbnail","hentry"],"acf":[],"_links":{"self":[{"href":"https:\/\/staging.casinoalto.com\/pe\/wp-json\/wp\/v2\/pages\/148862","targetHints":{"allow":["GET"]}}],"collection":[{"href":"https:\/\/staging.casinoalto.com\/pe\/wp-json\/wp\/v2\/pages"}],"about":[{"href":"https:\/\/staging.casinoalto.com\/pe\/wp-json\/wp\/v2\/types\/page"}],"author":[{"embeddable":true,"href":"https:\/\/staging.casinoalto.com\/pe\/wp-json\/wp\/v2\/users\/11"}],"replies":[{"embeddable":true,"href":"https:\/\/staging.casinoalto.com\/pe\/wp-json\/wp\/v2\/comments?post=148862"}],"version-history":[{"count":3,"href":"https:\/\/staging.casinoalto.com\/pe\/wp-json\/wp\/v2\/pages\/148862\/revisions"}],"predecessor-version":[{"id":10063073,"href":"https:\/\/staging.casinoalto.com\/pe\/wp-json\/wp\/v2\/pages\/148862\/revisions\/10063073"}],"up":[{"embeddable":true,"href":"https:\/\/staging.casinoalto.com\/pe\/wp-json\/wp\/v2\/pages\/134669"}],"wp:featuredmedia":[{"embeddable":true,"href":"https:\/\/staging.casinoalto.com\/pe\/wp-json\/wp\/v2\/media\/149586"}],"wp:attachment":[{"href":"https:\/\/staging.casinoalto.com\/pe\/wp-json\/wp\/v2\/media?parent=148862"}],"curies":[{"name":"wp","href":"https:\/\/api.w.org\/{rel}","templated":true}]}}