{"id":148897,"date":"2018-12-17T23:50:03","date_gmt":"2018-12-17T23:50:03","guid":{"rendered":"https:\/\/casinoalto.com\/pe\/?page_id=148897"},"modified":"2026-01-27T17:17:53","modified_gmt":"2026-01-27T17:17:53","slug":"gin-rummy","status":"publish","type":"page","link":"https:\/\/staging.casinoalto.com\/pe\/reglas\/gin-rummy\/","title":{"rendered":"Gin Rummy"},"content":{"rendered":"<p><img loading=\"lazy\" decoding=\"async\" class=\"alignnone size-full wp-image-149588\" src=\"\/wp-content\/uploads\/2019\/02\/casino-alto_covers-02.webp\" alt=\"Reglas Gin Rummy\" width=\"1667\" height=\"990\" \/><\/p>\n<p>En el cap\u00edtulo de juegos de casino olvidados no podemos olvidar a aquellos juegos que derivan de otros, pero que se acaban convirtiendo en casi m\u00e1s populares que los propios juegos de base. En algunos casos esas pr\u00e1cticas nacen con el objetivo de cambiar algunas de las reglas y adaptarlas al territorio en el que se practica.<\/p>\n<p>En este caso el fin era mejorar el propio juego y adaptarlo para que fuera m\u00e1s fugaz. Hablamos del gin rummy, cuyo germen lo encontramos en el <a href=\"\/pe\/reglas\/rummy\/\">rummy para jugar la demo<\/a>.<\/p>\n<div id=\"ez-toc-container\" class=\"ez-toc-v2_0_82_2 counter-hierarchy ez-toc-counter ez-toc-custom ez-toc-container-direction\">\n<p class=\"ez-toc-title\" style=\"cursor:inherit\">Tabla de contenidos<\/p>\n<label for=\"ez-toc-cssicon-toggle-item-69d690ed8d368\" class=\"ez-toc-cssicon-toggle-label\"><span class=\"\"><span class=\"eztoc-hide\" style=\"display:none;\">Toggle<\/span><span class=\"ez-toc-icon-toggle-span\"><svg style=\"fill: #999;color:#999\" xmlns=\"http:\/\/www.w3.org\/2000\/svg\" class=\"list-377408\" width=\"20px\" height=\"20px\" viewBox=\"0 0 24 24\" fill=\"none\"><path d=\"M6 6H4v2h2V6zm14 0H8v2h12V6zM4 11h2v2H4v-2zm16 0H8v2h12v-2zM4 16h2v2H4v-2zm16 0H8v2h12v-2z\" fill=\"currentColor\"><\/path><\/svg><svg style=\"fill: #999;color:#999\" class=\"arrow-unsorted-368013\" xmlns=\"http:\/\/www.w3.org\/2000\/svg\" width=\"10px\" height=\"10px\" viewBox=\"0 0 24 24\" version=\"1.2\" baseProfile=\"tiny\"><path d=\"M18.2 9.3l-6.2-6.3-6.2 6.3c-.2.2-.3.4-.3.7s.1.5.3.7c.2.2.4.3.7.3h11c.3 0 .5-.1.7-.3.2-.2.3-.5.3-.7s-.1-.5-.3-.7zM5.8 14.7l6.2 6.3 6.2-6.3c.2-.2.3-.5.3-.7s-.1-.5-.3-.7c-.2-.2-.4-.3-.7-.3h-11c-.3 0-.5.1-.7.3-.2.2-.3.5-.3.7s.1.5.3.7z\"\/><\/svg><\/span><\/span><\/label><input type=\"checkbox\"  id=\"ez-toc-cssicon-toggle-item-69d690ed8d368\" checked aria-label=\"Toggle\" \/><nav><ul class='ez-toc-list ez-toc-list-level-1 ' ><li class='ez-toc-page-1 ez-toc-heading-level-2'><a class=\"ez-toc-link ez-toc-heading-1\" href=\"https:\/\/staging.casinoalto.com\/pe\/reglas\/gin-rummy\/#Historia-del-Gin-Rummy\" >Historia del Gin Rummy<\/a><\/li><li class='ez-toc-page-1 ez-toc-heading-level-2'><a class=\"ez-toc-link ez-toc-heading-2\" href=\"https:\/\/staging.casinoalto.com\/pe\/reglas\/gin-rummy\/#Objetivo-del-juego\" >Objetivo del juego<\/a><\/li><li class='ez-toc-page-1 ez-toc-heading-level-2'><a class=\"ez-toc-link ez-toc-heading-3\" href=\"https:\/\/staging.casinoalto.com\/pe\/reglas\/gin-rummy\/#Elementos-del-juego\" >Elementos del juego<\/a><\/li><li class='ez-toc-page-1 ez-toc-heading-level-2'><a class=\"ez-toc-link ez-toc-heading-4\" href=\"https:\/\/staging.casinoalto.com\/pe\/reglas\/gin-rummy\/#Como-se-juega-al-Gin-Rummy\" >C\u00f3mo se juega al Gin Rummy<\/a><\/li><li class='ez-toc-page-1 ez-toc-heading-level-2'><a class=\"ez-toc-link ez-toc-heading-5\" href=\"https:\/\/staging.casinoalto.com\/pe\/reglas\/gin-rummy\/#Diferencias-entre-Rummy-y-Gin-Rummy\" >Diferencias entre Rummy y Gin Rummy<\/a><\/li><\/ul><\/nav><\/div>\n<h2><span class=\"ez-toc-section\" id=\"Historia-del-Gin-Rummy\"><\/span>Historia del Gin Rummy<span class=\"ez-toc-section-end\"><\/span><\/h2>\n<p><strong>El gin rummy fue inventado en 1909 por el profesor estadounidense Elwood Thomas Baker<\/strong>. Este ejerc\u00eda su profesi\u00f3n en Nueva York, concretamente en Brooklyn, y ten\u00eda una gran afici\u00f3n por las cartas y los juegos que se desarrollaban con la misma. De hecho, ense\u00f1aba c\u00f3mo jugar al whist en sus ratos libres a nuevos participantes interesados.<\/p>\n<p>Baker tambi\u00e9n era un practicante habitual del rummy, lo que pasa es que este juego era algo tosco y lento en algunas ocasiones. La soluci\u00f3n de del americano fue idear una versi\u00f3n m\u00e1s r\u00e1pida de este juego.<\/p>\n<p>El escritor John Scarne asegura que se bas\u00f3 en una versi\u00f3n del poker para llegar hasta el gin rummy, aunque esta afirmaci\u00f3n ha tenido ciertos retractores a lo largo del tiempo.<\/p>\n<p>Despu\u00e9s de su creaci\u00f3n se convirti\u00f3 en un juego muy popular y habitual en Estados Unidos, hasta llegar a practicarse en la mayor\u00eda de los casinos y casinos online posteriores. Tambi\u00e9n se ha ido esparciendo por el resto del mundo, pero donde hay m\u00e1s jugadores es en USA.<\/p>\n<h2><span class=\"ez-toc-section\" id=\"Objetivo-del-juego\"><\/span>Objetivo del juego<span class=\"ez-toc-section-end\"><\/span><\/h2>\n<p>El fin de este juego es <strong>dejar el mayor n\u00famero de cartas en tu poder ligadas en combinaciones legales<\/strong>, es decir, tr\u00edos o escaleras y hacer un c\u00e1ntico cuando se considere que se puede ganar la partida con la mano que se tiene.<\/p>\n<h2><span class=\"ez-toc-section\" id=\"Elementos-del-juego\"><\/span>Elementos del juego<span class=\"ez-toc-section-end\"><\/span><\/h2>\n<ul>\n<li>Baraja inglesa de 52 cartas (52 + 2 comodines).<\/li>\n<li>Tapete (opcional).<\/li>\n<li>Fichas de poker para apostar (opcional).<\/li>\n<li>De 2 a 4 jugadores. Se emplea una sola baraja.<\/li>\n<\/ul>\n<h2><span class=\"ez-toc-section\" id=\"Como-se-juega-al-Gin-Rummy\"><\/span>C\u00f3mo se juega al Gin Rummy<span class=\"ez-toc-section-end\"><\/span><\/h2>\n<p>En esencia, <strong>el gin rummy naci\u00f3 con la intenci\u00f3n de dar m\u00e1s ritmo a las partidas del que suele dar el rummy<\/strong>. Digamos que se considera m\u00e1s din\u00e1mico y por ello tiene diferencias pero tambi\u00e9n similitudes que se han de conocer.<\/p>\n<p>En este juego pueden disputar una partida varios jugadores, pero lo m\u00e1s ideal es que se dispute un uno contra uno. Sin embargo, en los casinos suele haber varios puestos para que los apostadores puedan sentarse a jugar con otros adversarios.<\/p>\n<p>Por el contrario, en los torneos se suelen disputar combates de dos en dos jugadores y de esa forma se pueden ir contabilizando los puntos que se van consiguiendo.<\/p>\n<p>De la otra forma se suele jugar a una sola partida porque rara es la sala de juegos en la que hay un crupier que va contabilizando la puntuaci\u00f3n. Aun as\u00ed en su \u00e9poca tambi\u00e9n existieron.<\/p>\n<p>El juego comienza con un repartidor que ofrece la baraja a todos los jugadores que haya en la mesa. Cada uno de ellos escoge una carta y el que haya sacado la m\u00e1s alta es el que inicia la partida. En cada una de las manos ese derecho ir\u00e1 rotando o se volver\u00e1 a repetir la extracci\u00f3n de la carta de la baraja.<\/p>\n<p>Antes de continuar lo primero que debemos tener en cuenta es el orden que tienen las cartas en esta pr\u00e1ctica. Es el siguiente:<\/p>\n<ul>\n<li>As<\/li>\n<li>Rey<\/li>\n<li>Dama<\/li>\n<li>Jota<\/li>\n<li>Diez<\/li>\n<li>Nueve<\/li>\n<li>Ocho<\/li>\n<li>Siete<\/li>\n<li>Seis<\/li>\n<li>Cinco<\/li>\n<li>Cuatro<\/li>\n<li>Tres<\/li>\n<li>Dos<\/li>\n<\/ul>\n<p>Hay que decir que el as tambi\u00e9n puede hacer la funci\u00f3n de uno y como tal combinar con el dos y el tres. Una vez que se ha escogido el orden de turno de los jugadores <strong>el crupier entrega diez cartas a cada uno de ellos y la \u00faltima carta se deja boca arriba<\/strong> iniciando as\u00ed el mazo de los descartes.<\/p>\n<p>Con esa decena de naipes <strong>los jugadores deben realizar combinaciones de al menos tres cartas<\/strong> y que pueden ser del mismo n\u00famero (por ejemplo tres nueves) o n\u00fameros correlativos del mismo color, o lo que es lo mismo, escaleras (por ejemplo jota, dama y rey).<\/p>\n<p>Pero los apostadores no cuentan \u00fanicamente con esas diez cartas, sino que estas pueden variar a lo largo de la partida.<\/p>\n<p>Por el orden asignado el primer jugador podr\u00e1 robar una carta y si le interesa cambiarla por una de las que \u00e9l ten\u00eda en su mazo. Si se queda con la carta nueva, debe depositar la vieja en el mazo de descartes y sino ser\u00e1 la que ha extra\u00eddo la que acabe all\u00ed. El caso es que el jugador debe tener como m\u00e1ximo diez naipes en su poder.<\/p>\n<p><strong>Los jugadores tambi\u00e9n pueden tomar la primera carta que vaya quedando en el mont\u00f3n de descartes<\/strong>, aunque al estar boca arriba tiene el h\u00e1ndicap de que el jugador contrario ve lo que est\u00e1s obteniendo y por tanto puede adivinar tus intenciones.<\/p>\n<p>As\u00ed seguir\u00e1 el juego hasta que uno de los dos jugadores decida que ya no quiere hacer m\u00e1s cambios porque cree que va a ganar el duelo.<\/p>\n<p>Para ello tambi\u00e9n es necesario conocer las puntuaciones que tiene cada carta de la baraja. Algo que toma mucha relevancia en la partida. Son las siguientes:<\/p>\n<ul>\n<li>Ases: once puntos<\/li>\n<li>Reyes: diez puntos<\/li>\n<li>Damas: diez puntos<\/li>\n<li>Jotas: diez puntos<\/li>\n<li>Dieces: diez puntos<\/li>\n<li>Nueves: nueve puntos<\/li>\n<li>Ochos: ocho puntos<\/li>\n<li>Sietes: siete puntos<\/li>\n<li>Seises: seis puntos<\/li>\n<li>Cincos: cinco puntos<\/li>\n<li>Cuatros: cuatro puntos<\/li>\n<li>Treses: tres puntos<\/li>\n<li>Doses: dos puntos<\/li>\n<\/ul>\n<p>Cuando un jugador decide cerrar la partida puede hacerlo con todas las cartas ligadas en combinaciones o con alguna carta que quede suelta.<\/p>\n<p>Si todos los naipes forman parte de una combinaci\u00f3n no hay problema, pero si no es as\u00ed <strong>las cartas que queden sin ligar no pueden superar los diez puntos<\/strong> (no se puede cerrar la partida con dos escaleras de cuatro naipes y un ocho y un nueve sobrantes).<\/p>\n<p>La forma de cantar el llamado \u201cknock\u201d (cartas sin ligar) o el denominado como \u201cgin\u201d (todas ligadas) es poner la carta que se ha robado boca abajo y decir el n\u00famero de puntos que conforman las cartas sin ligar (si las hay). Entonces muestra las cartas al resto de jugadores de la mesa para que todos puedan verlas.<\/p>\n<p>El resto de los participantes hacen lo propio con sus cartas y entonces ellos tienen una peque\u00f1a ventaja con respecto al que hace el c\u00e1ntico. Y es que <strong>pueden deshacerse de todas las cartas que les hayan quedado sin ligar realizando combinaciones con las cartas del jugador que si cant\u00f3<\/strong>.<\/p>\n<p>Es decir, si por ejemplo el jugador que hace el c\u00e1ntico tiene una combinaci\u00f3n de tres damas y uno de los jugadores que no hizo el c\u00e1ntico posee una dama sin combinar puede colocarla al lado de las otras tres y no se le contar\u00e1 su puntuaci\u00f3n en el final de la partida.<\/p>\n<p>El resto de jugadores pueden ir haciendo lo mismo. Esa una peque\u00f1a desventaja con la que cuenta el que canta.<\/p>\n<p>Una vez que todos hayan hecho sus movimientos pertinentes se pasa a la contabilizaci\u00f3n de los puntos, que tambi\u00e9n tiene sus complicaciones. <strong>El jugador que hace gin consigue 20 puntos<\/strong> para su marcador sumados a los puntos que conformen las cartas sin ligar del contrario o los contrarios.<\/p>\n<p>El jugador que hace knock se lleva los puntos resultantes de la diferencia entre los puntos de las cartas que haya dejado sin combinar \u00e9l y los puntos de las cartas sin combinar del contrario. Por ejemplo, si un jugador deja sin combinar un as (11 puntos) y el contrario dos ases (22 puntos) el jugador obtendr\u00eda 11 puntos.<\/p>\n<p>Pero esto \u00faltimo es en caso de que gane <strong>realizando el knock porque si pierde es diferente<\/strong>. Si acaba perdiendo ser\u00e1 el contrario el que sume 10 unidades, m\u00e1s la diferencia entre los puntos que sumen las cartas sin combinar de los dos o m\u00e1s contendientes. Si no hubiera diferencia se sumar\u00edan \u00fanicamente los 10 puntos.<\/p>\n<p>Para considerarse ganador completo de una partida, como ocurrir\u00eda en un torneo de casino, se debe llegar a los 100 puntos. El primero que llegue ser\u00e1 el ganador.<\/p>\n<p>Adem\u00e1s, si alg\u00fan jugador comete irregularidades a lo largo de una partida se le sancionar\u00e1 con la p\u00e9rdida de puntos al final de la mano. Eso ya debe establecerlo cada sala de juegos.<\/p>\n<h2><span class=\"ez-toc-section\" id=\"Diferencias-entre-Rummy-y-Gin-Rummy\"><\/span>Diferencias entre Rummy y Gin Rummy<span class=\"ez-toc-section-end\"><\/span><\/h2>\n<p>La primera gran diferencia de partida es que en el gin rummy se reparten solamente 10 naipes a cada jugador y <strong>en el rummy se entregan un total de 14<\/strong>, eso hace que la partida dure menos porque hay menos cartas que combinar. Adem\u00e1s, en el gin se deja la primera carta descubierta y en el rummy esto no suele ocurrir.<\/p>\n<p><strong>Las cartas tambi\u00e9n tienen un valor distinto en cuanto a puntuaci\u00f3n<\/strong> y en los m\u00ednimos de cada combinaci\u00f3n tambi\u00e9n hay restricciones diferentes.<\/p>\n<p>En el gin rummy la \u00fanica regla es que las cartas sin ligar tengan un valor total inferior a diez y en el rummy la exigencia es que en cada combinaci\u00f3n que se haga se llegue a los 30 puntos entre todas las cartas ligadas.<\/p>\n<p>A la hora de que los contrarios utilicen las cartas del jugador que hace un knock tambi\u00e9n hay diferencias.<\/p>\n<p>En el gin rummy nadie puede mover las cartas del jugador que primero ha puesto sus cartas a la vista, ni hacer las combinaciones que le parezcan; los jugadores o lo pueden a\u00f1adir una de sus cartas no ligadas a un grupo en el que encajen.<\/p>\n<p>Y otra diferencia fundamental es que en el rummy la baraja que se suele utilizar es la espa\u00f1ola, mientras que en este caso se utiliza la inglesa.<\/p>\n","protected":false},"excerpt":{"rendered":"<p>En el cap\u00edtulo de juegos de casino olvidados no podemos olvidar a aquellos juegos que derivan de otros, pero que se acaban convirtiendo en casi m\u00e1s populares que los propios juegos de base. En algunos casos esas pr\u00e1cticas nacen con el objetivo de cambiar algunas de las reglas y adaptarlas al territorio en el que [&hellip;]<\/p>\n","protected":false},"author":18,"featured_media":149588,"parent":134669,"menu_order":0,"comment_status":"closed","ping_status":"closed","template":"page_author_sidebar.php","meta":{"_acf_changed":false,"footnotes":""},"class_list":["post-148897","page","type-page","status-publish","has-post-thumbnail","hentry"],"acf":[],"_links":{"self":[{"href":"https:\/\/staging.casinoalto.com\/pe\/wp-json\/wp\/v2\/pages\/148897","targetHints":{"allow":["GET"]}}],"collection":[{"href":"https:\/\/staging.casinoalto.com\/pe\/wp-json\/wp\/v2\/pages"}],"about":[{"href":"https:\/\/staging.casinoalto.com\/pe\/wp-json\/wp\/v2\/types\/page"}],"author":[{"embeddable":true,"href":"https:\/\/staging.casinoalto.com\/pe\/wp-json\/wp\/v2\/users\/18"}],"replies":[{"embeddable":true,"href":"https:\/\/staging.casinoalto.com\/pe\/wp-json\/wp\/v2\/comments?post=148897"}],"version-history":[{"count":3,"href":"https:\/\/staging.casinoalto.com\/pe\/wp-json\/wp\/v2\/pages\/148897\/revisions"}],"predecessor-version":[{"id":10063042,"href":"https:\/\/staging.casinoalto.com\/pe\/wp-json\/wp\/v2\/pages\/148897\/revisions\/10063042"}],"up":[{"embeddable":true,"href":"https:\/\/staging.casinoalto.com\/pe\/wp-json\/wp\/v2\/pages\/134669"}],"wp:featuredmedia":[{"embeddable":true,"href":"https:\/\/staging.casinoalto.com\/pe\/wp-json\/wp\/v2\/media\/149588"}],"wp:attachment":[{"href":"https:\/\/staging.casinoalto.com\/pe\/wp-json\/wp\/v2\/media?parent=148897"}],"curies":[{"name":"wp","href":"https:\/\/api.w.org\/{rel}","templated":true}]}}