{"id":148933,"date":"2018-12-18T21:30:12","date_gmt":"2018-12-18T21:30:12","guid":{"rendered":"https:\/\/casinoalto.com\/pe\/?page_id=148933"},"modified":"2026-01-27T17:18:00","modified_gmt":"2026-01-27T17:18:00","slug":"guinote","status":"publish","type":"page","link":"https:\/\/staging.casinoalto.com\/pe\/reglas\/guinote\/","title":{"rendered":"Gui\u00f1ote"},"content":{"rendered":"<p><img loading=\"lazy\" decoding=\"async\" class=\"alignnone size-full wp-image-149590\" src=\"\/wp-content\/uploads\/2019\/02\/casino-alto_covers-09.webp\" alt=\"Reglas Gui\u00f1ote\" width=\"1667\" height=\"990\" \/><\/p>\n<p>En el cap\u00edtulo de juegos de casino olvidados vamos a comprobar como un juego puede verse fuertemente influenciado por m\u00e1s de una pr\u00e1ctica de cartas.<\/p>\n<p>Incluso en algunos casos se combinan dos maneras de jugar con reglas diferentes y que en s\u00ed conforman una nueva variante muy divertida de un juego. Las adaptaciones siempre son necesarias tanto en casinos como en <a href=\"\/pe\/casinos-online\/\">casinos online confiables para jugar en 2025<\/a>.<\/p>\n<div id=\"ez-toc-container\" class=\"ez-toc-v2_0_82_2 counter-hierarchy ez-toc-counter ez-toc-custom ez-toc-container-direction\">\n<p class=\"ez-toc-title\" style=\"cursor:inherit\">Tabla de contenidos<\/p>\n<label for=\"ez-toc-cssicon-toggle-item-69d690bb38f60\" class=\"ez-toc-cssicon-toggle-label\"><span class=\"\"><span class=\"eztoc-hide\" style=\"display:none;\">Toggle<\/span><span class=\"ez-toc-icon-toggle-span\"><svg style=\"fill: #999;color:#999\" xmlns=\"http:\/\/www.w3.org\/2000\/svg\" class=\"list-377408\" width=\"20px\" height=\"20px\" viewBox=\"0 0 24 24\" fill=\"none\"><path d=\"M6 6H4v2h2V6zm14 0H8v2h12V6zM4 11h2v2H4v-2zm16 0H8v2h12v-2zM4 16h2v2H4v-2zm16 0H8v2h12v-2z\" fill=\"currentColor\"><\/path><\/svg><svg style=\"fill: #999;color:#999\" class=\"arrow-unsorted-368013\" xmlns=\"http:\/\/www.w3.org\/2000\/svg\" width=\"10px\" height=\"10px\" viewBox=\"0 0 24 24\" version=\"1.2\" baseProfile=\"tiny\"><path d=\"M18.2 9.3l-6.2-6.3-6.2 6.3c-.2.2-.3.4-.3.7s.1.5.3.7c.2.2.4.3.7.3h11c.3 0 .5-.1.7-.3.2-.2.3-.5.3-.7s-.1-.5-.3-.7zM5.8 14.7l6.2 6.3 6.2-6.3c.2-.2.3-.5.3-.7s-.1-.5-.3-.7c-.2-.2-.4-.3-.7-.3h-11c-.3 0-.5.1-.7.3-.2.2-.3.5-.3.7s.1.5.3.7z\"\/><\/svg><\/span><\/span><\/label><input type=\"checkbox\"  id=\"ez-toc-cssicon-toggle-item-69d690bb38f60\" checked aria-label=\"Toggle\" \/><nav><ul class='ez-toc-list ez-toc-list-level-1 ' ><li class='ez-toc-page-1 ez-toc-heading-level-2'><a class=\"ez-toc-link ez-toc-heading-1\" href=\"https:\/\/staging.casinoalto.com\/pe\/reglas\/guinote\/#Historia-del-Guinote\" >Historia del Gui\u00f1ote<\/a><\/li><li class='ez-toc-page-1 ez-toc-heading-level-2'><a class=\"ez-toc-link ez-toc-heading-2\" href=\"https:\/\/staging.casinoalto.com\/pe\/reglas\/guinote\/#Objetivo-del-juego\" >Objetivo del juego<\/a><\/li><li class='ez-toc-page-1 ez-toc-heading-level-2'><a class=\"ez-toc-link ez-toc-heading-3\" href=\"https:\/\/staging.casinoalto.com\/pe\/reglas\/guinote\/#Elementos-del-juego\" >Elementos del juego<\/a><\/li><li class='ez-toc-page-1 ez-toc-heading-level-2'><a class=\"ez-toc-link ez-toc-heading-4\" href=\"https:\/\/staging.casinoalto.com\/pe\/reglas\/guinote\/#Como-se-juega-al-Guinote\" >C\u00f3mo se juega al Gui\u00f1ote<\/a><\/li><\/ul><\/nav><\/div>\n<h2><span class=\"ez-toc-section\" id=\"Historia-del-Guinote\"><\/span>Historia del Gui\u00f1ote<span class=\"ez-toc-section-end\"><\/span><\/h2>\n<p>El gui\u00f1ote es un juego que naci\u00f3 en Espa\u00f1a. Como muchos de los juegos que existen en la actualidad est\u00e1 influenciado por otras pr\u00e1cticas como la brisca o el tute y deriva de ellos.<\/p>\n<p><strong>Comenz\u00f3 a practicarse en la Comunidad de Arag\u00f3n<\/strong> y despu\u00e9s ha ido extendi\u00e9ndose a los territorios vecinos llegando al sur de Catalu\u00f1a, al este de Castilla y Le\u00f3n, al norte de Castilla-La Mancha y a Navarra.<\/p>\n<p>Es en territorio ma\u00f1o donde ha cogido m\u00e1s relevancia con el paso del tiempo y se considera como juego tradicional en la actualidad. Ya no se practica en los casinos, ya que por norma general es un juego lento y dif\u00edcil de implantar en las salas de juego. Sin embargo, s\u00ed que se suelen organizar torneos anuales de gui\u00f1ote en muchas poblaciones aragonesas.<\/p>\n<h2><span class=\"ez-toc-section\" id=\"Objetivo-del-juego\"><\/span>Objetivo del juego<span class=\"ez-toc-section-end\"><\/span><\/h2>\n<p>El fin del juego es <strong>ganar tantas bazas como sea posible de las diez que existen en una partida est\u00e1ndar<\/strong>, para poder superar los 100 puntos necesarios para declararse como ganador de la misma. En los torneos el objetivo primordial es ganar en primer lugar tres partidas.<\/p>\n<h2><span class=\"ez-toc-section\" id=\"Elementos-del-juego\"><\/span>Elementos del juego<span class=\"ez-toc-section-end\"><\/span><\/h2>\n<ul>\n<li>Baraja espa\u00f1ola de 40 cartas.<\/li>\n<li>Tapete (opcional).<\/li>\n<li>Fichas de casino para apostar (opcional).<\/li>\n<li>De 2 a 4 jugadores. Se emplea una sola baraja.<\/li>\n<\/ul>\n<h2><span class=\"ez-toc-section\" id=\"Como-se-juega-al-Guinote\"><\/span>C\u00f3mo se juega al Gui\u00f1ote<span class=\"ez-toc-section-end\"><\/span><\/h2>\n<p><strong>El gui\u00f1ote es un juego que combina las reglas y fases de otros juegos que tienen caracter\u00edsticas similares<\/strong>. Los jugadores deben tener en cuenta en todo momento el n\u00famero de cartas que quedan sobre la mesa y en sus bazas, para saber las obligaciones que tienen en cada una de las manos de las que consta una partida.<\/p>\n<p>Es una pr\u00e1ctica compleja y que requiere el entender la mec\u00e1nica de otros juegos, pero al mismo tiempo es divertido, entretiene mucho y por ello los casinos lo adoptaron en su tiempo como un juego.<\/p>\n<p><strong>En la mayor\u00eda de salas se utilizaba para jugar en torneos en salas privadas<\/strong> y en las que se disputaban varias eliminatorias, aunque tambi\u00e9n en alg\u00fan sal\u00f3n principal ha habido alguna tabla de gui\u00f1ote.<\/p>\n<p>Este juego arranca con el crupier entregando una carta a cada uno de los jugadores. El que posea la carta m\u00e1s alta ser\u00e1 al que se le reparta primero y el que comience a jugar con la primera baza de la partida.<\/p>\n<p>Luego esto ir\u00e1 variando a seg\u00fan quien vaya ganando cada una de las bazas. Para ello hay que conocer el orden de las cartas de la baraja de mayor a menor. Es el siguiente:<\/p>\n<ul>\n<li>As<\/li>\n<li>Tres<\/li>\n<li>Rey<\/li>\n<li>Sota<\/li>\n<li>Caballo<\/li>\n<li>Siete<\/li>\n<li>Seis<\/li>\n<li>Cinco<\/li>\n<li>Cuatro<\/li>\n<li>Dos<\/li>\n<\/ul>\n<p>Una vez que esto ha quedado claro podemos seguir con la mec\u00e1nica del juego. El repartidor va entregando las cartas seg\u00fan el orden que se ha establecido y concretamente <strong>da seis naipes a cada uno de los jugadores<\/strong>. La teor\u00eda explica que debe darlos de uno en uno y siempre a derechas, aunque eso depende de las nociones que haya recibido el crupier de la sala de juegos.<\/p>\n<p>El resto del mazo se deja en la mesa con las cartas boca abajo y la \u00faltima carta se deja descubierta justo al lado. <strong>El palo que contenga esa carta ser\u00e1 considerado como el palo de triunfo<\/strong>, cuyas cartas se consideran m\u00e1s altas que las del resto de palos.<\/p>\n<p>Tambi\u00e9n est\u00e1 el palo de salida que va cambiando en cada mano seg\u00fan el naipe que eche el jugador que inicia cada baza.<\/p>\n<p>Hay que concretar que generalmente a este juego se juega por parejas y que los miembros de una misma pareja suelen estar sentados uno en frente del otro, pero nunca al lado, para favorecer la limpieza de la partida.<\/p>\n<p>El caso es que el primer jugador echa una carta y los siguientes tienen que entregar una cada uno. En los cuatro primeros lanzamientos no hay ning\u00fan tipo de obligaci\u00f3n, es decir, <strong>los jugadores no deben ir a ganar la baza<\/strong> sino que pueden echar una carta m\u00e1s baja que la del adversario si as\u00ed lo desean y perder esa baza.<\/p>\n<p>Una vez que se determina quien se lleva la baza, el jugador ganador las recoge y las deja en un mont\u00f3n aparte en su poder. Como vencedor tendr\u00e1 la responsabilidad de salir en la siguiente baza y de ser el primero en robar una carta del mazo. Y es que los apostadores deben tener seis cartas siempre en su mano. De manera que <strong>al finalizar cada baza todos los jugadores roban una carta<\/strong> del mazo.<\/p>\n<p>Al haber entregado seis a cada jugador al inicio (un total de 24) en la baraja restante solo quedar\u00e1n 16, que har\u00edan las 40 de la baraja espa\u00f1ola. Por tanto los jugadores solo podr\u00e1n robar cuatro veces. De ah\u00ed que esas primeras cuatro manos sean de libre elecci\u00f3n de carta. Esta mec\u00e1nica es muy parecida a la de la <a href=\"\/pe\/reglas\/brisca\/\">brisca<\/a>.<\/p>\n<p>En todo este proceso solo hay una excepci\u00f3n y es que <strong>el jugador que posea el n\u00famero siete del palo de triunfo puede cambiarla por la carta que ha quedado boca arriba si esta fuera de valor superior<\/strong> a ese siete. Lo debe hacer tras ganar una baza y antes de robar su carta del mazo. Una vez que se llegue a la cuarta ronda, el \u00faltimo jugador el robar se quedar\u00e1 con el naipe que estaba boca arriba.<\/p>\n<p><strong>A partir de la quinta baza el juego cambia de tercio y de reglas<\/strong>, ya que los jugadores solo juegan con las cartas que tienen \u00fanicamente en su mano, ya que no hay m\u00e1s cartas que robar. Aqu\u00ed entran en acci\u00f3n las reglas de otro juego muy popular como es el <a href=\"\/pe\/reglas\/tute\/\">tute<\/a>, en el que los jugadores tienen la obligaci\u00f3n de ir a ganar la baza si as\u00ed pueden hacerlo.<\/p>\n<p>Por tanto en esta fase los jugadores echar\u00e1n cada uno una carta y el \u00fanico que tiene libertad es el jugador que salga en cada baza. El resto de apostadores tendr\u00e1n la obligaci\u00f3n de echar una carta del palo de salida si tienen que supere a las que ya haya en la mesa. Si no tuvieran un naipe de este tipo tendr\u00edan que recurrir a entregar una carta del palo de triunfo.<\/p>\n<p><strong>Solo hay una situaci\u00f3n en la que el jugador no est\u00e1 obligado a seguir estas reglas, y es si la pareja va ganando la baza<\/strong>. Si yo soy el \u00faltimo jugador el echar carta y los otros dos miembros de la pareja contraria han echado naipes de valor m\u00e1s bajo que el de mi compa\u00f1ero de equipo significa que mi pareja se va a llevar la baza. Por tanto no es necesario que yo vaya a superar la de mi compa\u00f1ero, puedo echar una m\u00e1s baja.<\/p>\n<p>Si el jugador no tuviera ni carta del palo de salida ni carta del palo de triunfo podr\u00e1 emplear una que sea de valor m\u00e1s bajo, aunque se pierda dicha baza. En el resto de supuestos est\u00e1 obligado a ir con todo, aunque quiera reservarse naipes para el final.<\/p>\n<p>Para el recuento de los puntos hay que tener en cuenta el valor de cada una de las cartas de mayor a menos. Es el siguiente:<\/p>\n<ul>\n<li>As: once puntos<\/li>\n<li>Tres: diez puntos<\/li>\n<li>Rey: cuatro puntos<\/li>\n<li>Sota: tres puntos<\/li>\n<li>Caballo: dos puntos<\/li>\n<li>Siete: no tiene puntuaci\u00f3n<\/li>\n<li>Seis:\u00a0no tiene puntuaci\u00f3n<\/li>\n<li>Cinco:\u00a0no tiene puntuaci\u00f3n<\/li>\n<li>Cuatro:\u00a0no tiene puntuaci\u00f3n<\/li>\n<li>Dos:\u00a0no tiene puntuaci\u00f3n<\/li>\n<\/ul>\n<p>Tambi\u00e9n se deben tener en cuenta este juego los c\u00e1nticos que se pueden realizar. <strong>Cuando un jugador gana una baza y se lleva el rey y la sota del palo de triunfo se deben cantar las cuarenta<\/strong>.<\/p>\n<p>No es necesario indicar el palo en el que se hace ya que se da por hecho que es el de triunfo, que solo hay uno. Eso implica sumar 40 puntos a la puntuaci\u00f3n de la pareja al final de la partida.<\/p>\n<p><strong>El otro c\u00e1ntico posible es cantar las 20<\/strong>, que es cuando se obtienen el rey y la sota de otro palo que no es el de triunfo. En este caso si se deben indicar de que palo son y como tal tendr\u00e1 efecto de 20 puntos m\u00e1s al final de la partida para la pareja que la cante. <strong>Tambi\u00e9n el equipo que gane la \u00faltima baza se adjudica las 10 de \u00faltimas<\/strong>, que supone 10 puntos en el recuento final.<\/p>\n<p>Un recuento que se realiza una vez que se hayan terminado todas las bazas y en el que <strong>el equipo que supere los 100 puntos es el que suele resultar ganador<\/strong>. Eso s\u00ed, no siempre.<\/p>\n<p>Puede ocurrir que ambas parejas lleguen a superar esa puntuaci\u00f3n calculando todos los c\u00e1nticos y en ese caso la pareja que no sume 30 puntos sin contar los c\u00e1nticos ser\u00e1 la perdedora.<\/p>\n<p>Si los dos equipos superan la centena y superan los 30 puntos sin tener en cuenta los cantes se declara ganador el que se haya llevado las 10 de \u00faltimas, lo que obliga que hasta la \u00faltima baza deba pelearse el juego y no relajarse.<\/p>\n<p>Otra opci\u00f3n es que ninguno de los dos equipos llegue a los 100 puntos porque la partida haya estado muy competida. En ese caso se iniciar\u00e1 una nueva partida en la que no es necesario que se jueguen todas las bazas. En el momento en el que un equipo supere los 100 puntos puede parar el juego y se declara como ganador.<\/p>\n<p>En los torneos de casino se suele jugar a que el primero que gane tres de los llamados \u201ccotos\u201d, que no dejan de ser partidas, es el que pasa la eliminatoria y se declara como vencedor.<\/p>\n","protected":false},"excerpt":{"rendered":"<p>En el cap\u00edtulo de juegos de casino olvidados vamos a comprobar como un juego puede verse fuertemente influenciado por m\u00e1s de una pr\u00e1ctica de cartas. Incluso en algunos casos se combinan dos maneras de jugar con reglas diferentes y que en s\u00ed conforman una nueva variante muy divertida de un juego. Las adaptaciones siempre son [&hellip;]<\/p>\n","protected":false},"author":11,"featured_media":149590,"parent":134669,"menu_order":0,"comment_status":"closed","ping_status":"closed","template":"page_author_sidebar.php","meta":{"_acf_changed":false,"footnotes":""},"class_list":["post-148933","page","type-page","status-publish","has-post-thumbnail","hentry"],"acf":[],"_links":{"self":[{"href":"https:\/\/staging.casinoalto.com\/pe\/wp-json\/wp\/v2\/pages\/148933","targetHints":{"allow":["GET"]}}],"collection":[{"href":"https:\/\/staging.casinoalto.com\/pe\/wp-json\/wp\/v2\/pages"}],"about":[{"href":"https:\/\/staging.casinoalto.com\/pe\/wp-json\/wp\/v2\/types\/page"}],"author":[{"embeddable":true,"href":"https:\/\/staging.casinoalto.com\/pe\/wp-json\/wp\/v2\/users\/11"}],"replies":[{"embeddable":true,"href":"https:\/\/staging.casinoalto.com\/pe\/wp-json\/wp\/v2\/comments?post=148933"}],"version-history":[{"count":3,"href":"https:\/\/staging.casinoalto.com\/pe\/wp-json\/wp\/v2\/pages\/148933\/revisions"}],"predecessor-version":[{"id":10063044,"href":"https:\/\/staging.casinoalto.com\/pe\/wp-json\/wp\/v2\/pages\/148933\/revisions\/10063044"}],"up":[{"embeddable":true,"href":"https:\/\/staging.casinoalto.com\/pe\/wp-json\/wp\/v2\/pages\/134669"}],"wp:featuredmedia":[{"embeddable":true,"href":"https:\/\/staging.casinoalto.com\/pe\/wp-json\/wp\/v2\/media\/149590"}],"wp:attachment":[{"href":"https:\/\/staging.casinoalto.com\/pe\/wp-json\/wp\/v2\/media?parent=148933"}],"curies":[{"name":"wp","href":"https:\/\/api.w.org\/{rel}","templated":true}]}}