{"id":149279,"date":"2019-01-17T13:58:09","date_gmt":"2019-01-17T13:58:09","guid":{"rendered":"https:\/\/casinoalto.com\/pe\/?page_id=149279"},"modified":"2026-01-27T17:16:15","modified_gmt":"2026-01-27T17:16:15","slug":"burro","status":"publish","type":"page","link":"https:\/\/staging.casinoalto.com\/pe\/reglas\/burro\/","title":{"rendered":"Burro"},"content":{"rendered":"<p><img loading=\"lazy\" decoding=\"async\" class=\"alignnone size-full wp-image-149605\" src=\"\/wp-content\/uploads\/2019\/02\/casino-alto_covers-10.webp\" alt=\"Reglas Burro\" width=\"1667\" height=\"990\" \/><\/p>\n<p>Los casinos y <a href=\"\/pe\/casinos-online\/\">casinos online para jugar con seguridad<\/a> no solo pusieron en otras etapas juegos complicados en la oferta de sus mesas, sino que tambi\u00e9n hubo juegos muy sencillos de practicar para todos los p\u00fablicos.<\/p>\n<p>El burro es un ejemplo de ello. Un juego que requiere de rapidez, mucha agilidad mental y estar bien en el aspecto de reflejos.<\/p>\n<div id=\"ez-toc-container\" class=\"ez-toc-v2_0_82_2 counter-hierarchy ez-toc-counter ez-toc-custom ez-toc-container-direction\">\n<p class=\"ez-toc-title\" style=\"cursor:inherit\">Tabla de contenidos<\/p>\n<label for=\"ez-toc-cssicon-toggle-item-69d690ba42855\" class=\"ez-toc-cssicon-toggle-label\"><span class=\"\"><span class=\"eztoc-hide\" style=\"display:none;\">Toggle<\/span><span class=\"ez-toc-icon-toggle-span\"><svg style=\"fill: #999;color:#999\" xmlns=\"http:\/\/www.w3.org\/2000\/svg\" class=\"list-377408\" width=\"20px\" height=\"20px\" viewBox=\"0 0 24 24\" fill=\"none\"><path d=\"M6 6H4v2h2V6zm14 0H8v2h12V6zM4 11h2v2H4v-2zm16 0H8v2h12v-2zM4 16h2v2H4v-2zm16 0H8v2h12v-2z\" fill=\"currentColor\"><\/path><\/svg><svg style=\"fill: #999;color:#999\" class=\"arrow-unsorted-368013\" xmlns=\"http:\/\/www.w3.org\/2000\/svg\" width=\"10px\" height=\"10px\" viewBox=\"0 0 24 24\" version=\"1.2\" baseProfile=\"tiny\"><path d=\"M18.2 9.3l-6.2-6.3-6.2 6.3c-.2.2-.3.4-.3.7s.1.5.3.7c.2.2.4.3.7.3h11c.3 0 .5-.1.7-.3.2-.2.3-.5.3-.7s-.1-.5-.3-.7zM5.8 14.7l6.2 6.3 6.2-6.3c.2-.2.3-.5.3-.7s-.1-.5-.3-.7c-.2-.2-.4-.3-.7-.3h-11c-.3 0-.5.1-.7.3-.2.2-.3.5-.3.7s.1.5.3.7z\"\/><\/svg><\/span><\/span><\/label><input type=\"checkbox\"  id=\"ez-toc-cssicon-toggle-item-69d690ba42855\" checked aria-label=\"Toggle\" \/><nav><ul class='ez-toc-list ez-toc-list-level-1 ' ><li class='ez-toc-page-1 ez-toc-heading-level-2'><a class=\"ez-toc-link ez-toc-heading-1\" href=\"https:\/\/staging.casinoalto.com\/pe\/reglas\/burro\/#Historia-del-burro\" >Historia del burro<\/a><\/li><li class='ez-toc-page-1 ez-toc-heading-level-2'><a class=\"ez-toc-link ez-toc-heading-2\" href=\"https:\/\/staging.casinoalto.com\/pe\/reglas\/burro\/#Objetivo-del-juego\" >Objetivo del juego<\/a><\/li><li class='ez-toc-page-1 ez-toc-heading-level-2'><a class=\"ez-toc-link ez-toc-heading-3\" href=\"https:\/\/staging.casinoalto.com\/pe\/reglas\/burro\/#Elementos-del-juego\" >Elementos del juego<\/a><\/li><li class='ez-toc-page-1 ez-toc-heading-level-2'><a class=\"ez-toc-link ez-toc-heading-4\" href=\"https:\/\/staging.casinoalto.com\/pe\/reglas\/burro\/#Como-se-juega-al-burro\" >C\u00f3mo se juega al burro<\/a><\/li><\/ul><\/nav><\/div>\n<h2><span class=\"ez-toc-section\" id=\"Historia-del-burro\"><\/span>Historia del burro<span class=\"ez-toc-section-end\"><\/span><\/h2>\n<p>El burro es un juego que es natural de Espa\u00f1a. En su mayor\u00eda lo suelen practicar personas muy j\u00f3venes, ya que no requiere aprender ninguna regla complicada y adem\u00e1s resulta tan divertido como un juego de ni\u00f1os.<\/p>\n<p>Con el tiempo se ha expandido a Sudam\u00e9rica y alrededores, aunque en foco principal est\u00e9 en la pen\u00ednsula ib\u00e9rica.<\/p>\n<h2><span class=\"ez-toc-section\" id=\"Objetivo-del-juego\"><\/span>Objetivo del juego<span class=\"ez-toc-section-end\"><\/span><\/h2>\n<p>El fin del burro es <strong>conseguir cuatro cartas con el mismo n\u00famero o \u00edndice y colocar la mano en el centro del tapete lo m\u00e1s r\u00e1pido posible<\/strong>.<\/p>\n<p>En caso de no lograr este primer objetivo, el m\u00e1s inmediato ser\u00e1 colocar tan pronto como se pueda la mano encima de la de otro jugador que resulte ganador. Cuantas menos rondas se pierdan m\u00e1s vidas se mantienen y m\u00e1s opciones hay de ganar.<\/p>\n<h2><span class=\"ez-toc-section\" id=\"Elementos-del-juego\"><\/span>Elementos del juego<span class=\"ez-toc-section-end\"><\/span><\/h2>\n<ul>\n<li>Baraja espa\u00f1ola de 40 cartas.<\/li>\n<li>Tapete (opcional).<\/li>\n<li>Fichas de casino para apostar (opcional).<\/li>\n<li>De tres a doce jugadores. Se suele emplear una sola baraja.<\/li>\n<\/ul>\n<h2><span class=\"ez-toc-section\" id=\"Como-se-juega-al-burro\"><\/span>C\u00f3mo se juega al burro<span class=\"ez-toc-section-end\"><\/span><\/h2>\n<p>El burro es uno de esos juegos que si tuvo m\u00e1s recorrido en el mundo de los casinos y eso se debe a la rapidez con la que se puede finalizar una partida de esta pr\u00e1ctica.<\/p>\n<p>El dinamismo que tiene el burro no lo tienen otros juegos y eso le hace estar por encima y que los magnates de las salas de apuestas se piensen ponerlo en pr\u00e1ctica en sus mesas antes que otros.<\/p>\n<p>Tambi\u00e9n es cierto que al ser un juego en el que los apostadores cuentan con lo que se llamar\u00eda como vidas, una nueva partida no puede comenzar hasta que se produzca un ganador entre todos los participantes de la mesa.<\/p>\n<p>Es el h\u00e1ndicap que tiene, pero aun as\u00ed ha sido utilizado en tablas de algunos lugares para entretener a la clientela.<\/p>\n<p>Incluso <strong>en algunos casinos ha sido utilizado para realizar torneos<\/strong>. Tambi\u00e9n es l\u00f3gico que puesto que cada mesa la componen un n\u00famero determinado de jugadores y al ser un juego de eliminaci\u00f3n se puedan realizar campeonatos.<\/p>\n<p>Una vez que resultaban los ganadores se llegaba a la mesa final, como ocurre en otros<a href=\"\/pe\/juegos\/\"> juegos de casino<\/a> similares.<\/p>\n<p>En las tablas de los casinos el correspondiente crupier debe ser el encargado de estar pendiente de las cartas. Y es que <strong>el juego consiste en quedarse con los cuatro naipes de un mismo n\u00famero<\/strong>, es decir, los cuatro reyes, los cuatro sietes, etc.<\/p>\n<p>Por ello el repartidor debe poner en la baraja tantos grupos de cuatro cartas como jugadores haya en la mesa. Como m\u00e1ximo podr\u00e1n ser 10, ya que hay 40 cartas en la baraja.<\/p>\n<p>Hay que decir que en algunos casinos, para reclutar aun m\u00e1s jugadores, se a\u00f1ad\u00edan los ochos y nueves para que la baraja fuera de 48 y pudieran entrar hasta 12 participantes.<\/p>\n<p>Puesto que las mesas suelen tener unos cinco o seis puestos de jugadores no es normal que se utilicen tantas cartas, sobre todo porque el juego puede resultar interminable.<\/p>\n<p><strong>El crupier repartir\u00e1 cuatro cartas a cada uno de los jugadores<\/strong> y en este caso el turno no es importante, ya que todos los jugadores act\u00faan a la misma vez. Lo que significa que no hacen falta fichas ni capacidad de memoria del jefe de mesa para recordar quien lleva la iniciativa en cada ronda.<\/p>\n<p>Los jugadores miran sus cartas y deber\u00e1n elegir un n\u00famero de los que tienen y del que intentar\u00e1n conseguir las cuatro cartas.<\/p>\n<p>Es un n\u00famero que puede ir variando a lo largo de la partida. Inicialmente se puede escoger uno, pero conforme avance el juego y viendo las cartas que pasan por tus manos puedes cambiar. Sea como sea el resultado debe ser tener las cuatro cartas de un mismo n\u00famero o figura.<\/p>\n<p>Tampoco la jerarqu\u00eda de las cartas es importante en este caso, aunque se puede indicar que las cartas disponibles en la baraja son:<\/p>\n<ul>\n<li>Rey<\/li>\n<li>Dama<\/li>\n<li>Jota<\/li>\n<li>Nueve (opcional)<\/li>\n<li>Ocho (opcional)<\/li>\n<li>Siete<\/li>\n<li>Seis<\/li>\n<li>Cinco<\/li>\n<li>Cuatro<\/li>\n<li>Tres<\/li>\n<li>Dos<\/li>\n<li>As<\/li>\n<\/ul>\n<p>Una vez sabido esto y que todos los jugadores tengan las cuatro cartas en sus manos, ellos deber\u00e1n <strong>elegir una para descartar. Esa carta ser\u00e1 enviada al jugador que est\u00e1 justo al lado<\/strong> y se har\u00e1 cuando el crupier de la se\u00f1al oportuna de que se puede realizar el intercambio de cartas. Algunos casinos tienen un tapete especial que incluye una casilla en la que dejar el naipe.<\/p>\n<p>La mayor\u00eda de casinos lo dejan en manos de los jugadores y los tiempos de decisi\u00f3n suelen ser cortos. El objetivo del burro es que sea r\u00e1pido y divertido, por lo que cualquier jugador que no cumpla con los tiempos establecidos o con la orden del repartidor de dar las cartas podr\u00eda ser expulsado de la mesa en la que se encuentre.<\/p>\n<p>Una vez que se deja la carta cerca del jugador que est\u00e1 al lado, <strong>al otro lado el otro jugador habr\u00e1 echo lo mismo y por tanto los jugadores podr\u00e1n coger r\u00e1pidamente la carta y qued\u00e1rsela en su poder<\/strong>.<\/p>\n<p>En las siguientes rondas se repetir\u00e1 esta misma acci\u00f3n hasta que uno de los jugadores consiga tener cuatro cartas del mismo n\u00famero o \u00edndice.<\/p>\n<p>Cuando llegue ese momento, <strong>el jugador debe indicar que ha completado la mano diciendo en voz alta la palabra \u201cburro\u201d y colocando una de sus manos en el centro del tapete<\/strong> o de la mesa. La misi\u00f3n entonces del resto de participantes es la de colocar la mano justo encima de la del ganador y ser m\u00e1s r\u00e1pido que el resto de participantes.<\/p>\n<p>No importa que no se tenga la mano completada e incluso que se tengan cuatro cartas de cuatro n\u00fameros distintos. <strong>Una vez que uno de los jugadores tiene burro todo el resto de contrincantes deben poner la mano donde la haya puesto el ganador<\/strong>.<\/p>\n<p>Las manos har\u00e1n una monta\u00f1a y el que sea el \u00faltimo en ponerla tendr\u00e1 una desventaja de cara a la siguiente partida.<\/p>\n<p>La desventaja depende de qu\u00e9 variante de este juego sea o de c\u00f3mo est\u00e9 establecido en el torneo que se debe sancionar al perdedor. En algunos casinos hay cinco vidas para cada jugador y cada vez que quede en \u00faltima posici\u00f3n pierde una de ellas.<\/p>\n<p><strong>Una vez que se le terminan las vidas quedar\u00e1 eliminado del juego<\/strong> y de la mesa hasta que se inicie una nueva tanda con todas las vidas para todos los jugadores.<\/p>\n<p>Estas cinco vidas son contabilizadas por contadores con los que puede contar el crupier o simplemente por anotaciones que va realizando en un panel a la vista de todos los participantes.<\/p>\n<p>Esto ya depender\u00e1 de los recursos con los que cuente el casino, pero tambi\u00e9n podr\u00eda ocurrir que el crupier llevara la cuenta mental de las vidas de los clientes.<\/p>\n<p>Otra opci\u00f3n es la de que el jugador pierda toda la apuesta inicial que hab\u00eda realizado, antes de comenzar la partida. De esa manera esas ganancias se repartir\u00edan m\u00e1s tarde entre los jugadores que queden en mejor posici\u00f3n dentro del juego.<\/p>\n<p>Otra forma, m\u00e1s popularizada en torneos, es entregar al inicio del juego la palabra burro a cada jugador, y por cada vez que pierda irle rest\u00e1ndole o sum\u00e1ndole una letra. Una vez que se termina o se completa la palabra el jugador quedar\u00e1 eliminado y se ver\u00e1 obligado a abandonar su sitio en la mesa.<\/p>\n<p>En algunos casinos se repart\u00edan premios entre los dos primeros, ya que se consideraba que no ten\u00eda sentido una \u00faltima ronda con tan solo dos jugadores, puesto que todo el juego depender\u00eda de la rapidez y la agilidad a la hora de poner la mano.<\/p>\n<p>Lo importante es que todos los jugadores mantienen las derrotas que hayan obtenido, aunque uno de los jugadores se elimine. Es decir, <strong>cada jugador no recupera todas sus vidas una vez que uno de los jugadores se elimina<\/strong>, sino que contin\u00faan con su recuento hasta el final definitivo de la partida.<\/p>\n<p>El crupier tendr\u00e1 tambi\u00e9n la misi\u00f3n de eliminar un grupo de cuatro cartas de un mismo n\u00famero una vez que se elimine a uno de los jugadores. Esta es la forma de que todos los participantes cuenten con cuatro cartas en todas las rondas y que no haya confusi\u00f3n con respecto a los n\u00fameros.<\/p>\n<p>Tambi\u00e9n se debe destacar que <strong>hay otras formas, adem\u00e1s de llegar a poner la mano el \u00faltimo, de perder vidas<\/strong> y de que otros jugadores puedan provocar que el resto pierdan vidas.<\/p>\n<p>Estas dependen de lo que permita cada sala de juegos, pero en principio suelen utilizarse para que el juego sea a\u00fan m\u00e1s r\u00e1pido.<\/p>\n<p><strong>Una de las formas es colocar la mano en el centro de la mesa y decir una palabra diferente a burro<\/strong>. A este movimiento se le llama amago y constituye un riesgo, ya que si alg\u00fan contrincante pone la mano fruto del acto reflejo pierde una vida. Sin embargo, si nadie llega a ponerla el que la perder\u00e1 ser\u00e1 el que realiz\u00f3 el movimiento.<\/p>\n<p>Lo mismo ocurre con el movimiento de colocar la mano en la mesa. <strong>Existe la opci\u00f3n de colocarla boca arriba, en lugar de boca abajo y todo jugador que la coloque despu\u00e9s perder\u00e1 una vida<\/strong>. Si no lo hace nadie ser\u00e1 sancionado el que hizo el movimiento.<\/p>\n<p>En los dos casos anteriores, si nadie pica en estas trampas el perdedor es el que hace el movimiento. Y si hay uno o varios que pican ser\u00e1n todos ellos los que pierdan vidas. Es decir, puede haber m\u00faltiples perdedores en una ronda.<\/p>\n","protected":false},"excerpt":{"rendered":"<p>Los casinos y casinos online para jugar con seguridad no solo pusieron en otras etapas juegos complicados en la oferta de sus mesas, sino que tambi\u00e9n hubo juegos muy sencillos de practicar para todos los p\u00fablicos. El burro es un ejemplo de ello. Un juego que requiere de rapidez, mucha agilidad mental y estar bien [&hellip;]<\/p>\n","protected":false},"author":18,"featured_media":149605,"parent":134669,"menu_order":0,"comment_status":"closed","ping_status":"closed","template":"page_author_sidebar.php","meta":{"_acf_changed":false,"footnotes":""},"class_list":["post-149279","page","type-page","status-publish","has-post-thumbnail","hentry"],"acf":[],"_links":{"self":[{"href":"https:\/\/staging.casinoalto.com\/pe\/wp-json\/wp\/v2\/pages\/149279","targetHints":{"allow":["GET"]}}],"collection":[{"href":"https:\/\/staging.casinoalto.com\/pe\/wp-json\/wp\/v2\/pages"}],"about":[{"href":"https:\/\/staging.casinoalto.com\/pe\/wp-json\/wp\/v2\/types\/page"}],"author":[{"embeddable":true,"href":"https:\/\/staging.casinoalto.com\/pe\/wp-json\/wp\/v2\/users\/18"}],"replies":[{"embeddable":true,"href":"https:\/\/staging.casinoalto.com\/pe\/wp-json\/wp\/v2\/comments?post=149279"}],"version-history":[{"count":2,"href":"https:\/\/staging.casinoalto.com\/pe\/wp-json\/wp\/v2\/pages\/149279\/revisions"}],"predecessor-version":[{"id":10063018,"href":"https:\/\/staging.casinoalto.com\/pe\/wp-json\/wp\/v2\/pages\/149279\/revisions\/10063018"}],"up":[{"embeddable":true,"href":"https:\/\/staging.casinoalto.com\/pe\/wp-json\/wp\/v2\/pages\/134669"}],"wp:featuredmedia":[{"embeddable":true,"href":"https:\/\/staging.casinoalto.com\/pe\/wp-json\/wp\/v2\/media\/149605"}],"wp:attachment":[{"href":"https:\/\/staging.casinoalto.com\/pe\/wp-json\/wp\/v2\/media?parent=149279"}],"curies":[{"name":"wp","href":"https:\/\/api.w.org\/{rel}","templated":true}]}}