{"id":152463,"date":"2020-03-04T00:56:59","date_gmt":"2020-03-04T00:56:59","guid":{"rendered":"https:\/\/casinoalto.com\/pe\/?page_id=152463"},"modified":"2026-03-04T17:45:05","modified_gmt":"2026-03-04T17:45:05","slug":"codigo-promocional-betway","status":"publish","type":"page","link":"https:\/\/staging.casinoalto.com\/pe\/codigos\/codigo-promocional-betway\/","title":{"rendered":"C\u00f3digo promocional Betway"},"content":{"rendered":"<p>Considerado uno de los <a href=\"https:\/\/casinoalto.com\/pe\/casinos-online\/\" target=\"_blank\" rel=\"noopener\">casinos en l\u00ednea l\u00edderes en medio mundo<\/a>, Betway cuenta con una amplia variedad de <a href=\"\/pe\/juegos\/\">juegos de apuestas<\/a>, adem\u00e1s de ser el patrocinador oficial de varios equipos de f\u00fatbol en todo el mundo.<\/p>\n<p>Su oferta de juego es todo lo que puedes esperar de un casino en l\u00ednea. Una vez registrado, tienes derecho a disputar la suerte en tragaperras, ruleta, blackjack y baccarat. Adem\u00e1s, no hay lugar a las dudas aqu\u00ed en <a href=\"https:\/\/casinoalto.com\/pe\/\" target=\"_blank\" rel=\"noopener\">Casino Alto Per\u00fa<\/a>, al tratarse de un casino online que ofrece las mejores garant\u00edas en cuanto a <a href=\"\/pe\/metodos-de-pago\/\">m\u00e9todos para dep\u00f3sitos de dinero<\/a>, como en sus juegos de azar y ganancias.<\/p>\n<p>Si quieres comenzar a apostar, aqu\u00ed te decimos todo lo que necesitas saber para obtener tu <strong>bono de bienvenida de Betway, con valor de hasta 5.000 soles con los tres primeros dep\u00f3sitos.<\/strong><\/p>\n<p><em>Pasos a seguir para obtener el bono de bienvenida de Betway:<\/em><\/p>\n<ul>\n<li>Ingresa a Betway Casino a trav\u00e9s de nuestros enlaces.<\/li>\n<li>Abre una cuenta y reg\u00edstrate en la p\u00e1gina para conseguir el c\u00f3digo promocional de Betway.<\/li>\n<li>Comienza a jugar en cualquiera de los servicios que ofrece Betway.<\/li>\n<\/ul>\n<p>El <a href=\"https:\/\/casinoalto.com\/pe\/casinos-online\/\" target=\"_blank\" rel=\"noopener\">bono de bienvenida para jugar<\/a> de Betway consiste en un <strong>dep\u00f3sito del 100% hasta un m\u00e1ximo de S\/1.250<\/strong>, el cual est\u00e1 basado en el primer dep\u00f3sito realizado por un cliente nuevo en el casino. Por ejemplo, un dep\u00f3sito de 150 soles recibe 150 m\u00e1s en la cuenta de bonos, por lo que el saldo total es de 300 soles.<\/p>\n<p>Para optar al c\u00f3digo de bienvenida de Betway, deber\u00e1s depositar por lo menos S\/30 en el casino. Tienes hasta siete d\u00edas posteriores al abrir la cuenta en dinero real.<\/p>\n<p>Debes tomar en cuenta de que esta oferta es v\u00e1lida \u00fanicamente para clientes nuevos, con validez en una \u00fanica ocasi\u00f3n, adem\u00e1s de que deber\u00e1 hacerse efectiva en los siete d\u00edas posteriores a abrir la cuenta en dinero real.<\/p>\n<p>El bono se acreditar\u00e1 autom\u00e1ticamente en la cuenta de bonos al realizar el primer dep\u00f3sito y para poder ser retirado, as\u00ed como cualquier ganancia asociada a su valor, debe apostarse cincuenta veces el valor del bono. Es decir, <strong>si recibes un bono de 100 soles deber\u00e1s apostar S\/5000 (50 x 100 soles) para tener derecho a retirar el bono<\/strong> y cualquier ganancia asociada al mismo. Como ocurre con todos los bonos en Betway Casino, tienes la facilidad de retirar tu saldo de dinero real en cualquier momento.<\/p>\n<p>Adem\u00e1s podr\u00e1s conseguir hasta S\/1.250 con el segundo dep\u00f3sito y S\/2.500 con el tercer dep\u00f3sito. Sumando todos estos <strong>podr\u00e1s llegar a la cifra de 5.000 soles en total<\/strong> como bono de bienvenida de Betway.<\/p>\n<p>Esta oferta no puede solicitarse junto con otras promociones actualmente ofrecidas por <a href=\"\/pe\/casinos-online\/betway-casino\/\">un casino confiable como Betway Casino<\/a> y est\u00e1 bajo una revisi\u00f3n continua, por lo que la organizaci\u00f3n se reserva el derecho de modificar la oferta del bono en cualquier momento, incluso existe la posibilidad de que cancele sin previo aviso, si as\u00ed lo considera pertinente. Lo que de momento no ofrece Betway casino es bono sin dep\u00f3sito.<\/p>\n<p>Tambi\u00e9n debes tomar en cuenta de que los bonos solo se conceder\u00e1n una vez por persona, hogar, familia, direcci\u00f3n del domicilio, direcci\u00f3n de correo electr\u00f3nico, n\u00famero de tarjeta de cr\u00e9dito o entorno inform\u00e1tico compartido (biblioteca, lugar de trabajo, sociedad, universidad o escuela), por lo que Betway Casino se reserva el derecho de anular todas las ganancias y jugadas, si este t\u00e9rmino es ignorado por el cliente.<\/p>\n<p>Con el fin de garantizar un servicio de calidad y ofrecer seguridad en su sitio, Betway Casino tiene tolerancia cero con actividades fraudulentas, por lo que la empresa se reserva el derecho a eliminar los bonos de cualquier cuenta sospechosa y\/o de cuentas vinculadas a la misma.<\/p>\n<p>Entre las principales acciones no permitidas, se encuentran el utilizar m\u00e1s de una cuenta para solicitar m\u00faltiples bonos, apuestas en dos niveles, estrategias de m\u00faltiples cuentas, utilizar un VPN o enmascarar la direcci\u00f3n IP o llegar desde un sitio web que promueve el juego de una manera que infringe dichos t\u00e9rminos.<\/p>\n<p>Le\u00eddo todo esto, \u00bfa\u00fan te est\u00e1s pensado registrarte y empezar a jugar? No pierdas la oportunidad que te ofrece el c\u00f3digo promocional de Betway y hazte con el bono ya.<\/p>\n","protected":false},"excerpt":{"rendered":"<p>Considerado uno de los casinos en l\u00ednea l\u00edderes en medio mundo, Betway cuenta con una amplia variedad de juegos de apuestas, adem\u00e1s de ser el patrocinador oficial de varios equipos de f\u00fatbol en todo el mundo. Su oferta de juego es todo lo que puedes esperar de un casino en l\u00ednea. Una vez registrado, tienes [&hellip;]<\/p>\n","protected":false},"author":6,"featured_media":0,"parent":152512,"menu_order":0,"comment_status":"closed","ping_status":"closed","template":"single_codigo.php","meta":{"_acf_changed":false,"footnotes":""},"class_list":["post-152463","page","type-page","status-publish","hentry"],"acf":[],"_links":{"self":[{"href":"https:\/\/staging.casinoalto.com\/pe\/wp-json\/wp\/v2\/pages\/152463","targetHints":{"allow":["GET"]}}],"collection":[{"href":"https:\/\/staging.casinoalto.com\/pe\/wp-json\/wp\/v2\/pages"}],"about":[{"href":"https:\/\/staging.casinoalto.com\/pe\/wp-json\/wp\/v2\/types\/page"}],"author":[{"embeddable":true,"href":"https:\/\/staging.casinoalto.com\/pe\/wp-json\/wp\/v2\/users\/6"}],"replies":[{"embeddable":true,"href":"https:\/\/staging.casinoalto.com\/pe\/wp-json\/wp\/v2\/comments?post=152463"}],"version-history":[{"count":3,"href":"https:\/\/staging.casinoalto.com\/pe\/wp-json\/wp\/v2\/pages\/152463\/revisions"}],"predecessor-version":[{"id":10062995,"href":"https:\/\/staging.casinoalto.com\/pe\/wp-json\/wp\/v2\/pages\/152463\/revisions\/10062995"}],"up":[{"embeddable":true,"href":"https:\/\/staging.casinoalto.com\/pe\/wp-json\/wp\/v2\/pages\/152512"}],"wp:attachment":[{"href":"https:\/\/staging.casinoalto.com\/pe\/wp-json\/wp\/v2\/media?parent=152463"}],"curies":[{"name":"wp","href":"https:\/\/api.w.org\/{rel}","templated":true}]}}