{"id":152512,"date":"2024-10-15T17:50:38","date_gmt":"2024-10-15T17:50:38","guid":{"rendered":"https:\/\/casinoalto.com\/pe\/?page_id=152512"},"modified":"2025-05-21T13:41:40","modified_gmt":"2025-05-21T13:41:40","slug":"codigos","status":"publish","type":"page","link":"https:\/\/staging.casinoalto.com\/pe\/codigos\/","title":{"rendered":"C\u00f3digos promocionales de casino"},"content":{"rendered":"<p>Todos los <a href=\"\/pe\/casinos-online\/\">casinos online del mercado<\/a> buscan atraer a los clientes con <a href=\"https:\/\/casinoalto.com\/pe\/bonos-de-bienvenida\/\" target=\"_blank\" rel=\"noopener\">grandes ofertas y promociones<\/a>, que ofrezcan un aliciente diferencial a la hora de elegir uno u otro casino de la lista de <a href=\"https:\/\/casinoalto.com\/pe\/\" target=\"_blank\" rel=\"noopener\">Casino Alto Per\u00fa<\/a>. Dentro de estas opciones, una de las m\u00e1s buscadas por los usuarios son <strong>los c\u00f3digos promocionales de casino<\/strong>.<\/p>\n<p>Estos no son m\u00e1s que una oferta, normalmente de bienvenida tras completar el registro, y que <strong>suele incluir un c\u00f3digo que debes a\u00f1adir<\/strong> (ya sea durante el registro o con el primer dep\u00f3sito eligindo la <a href=\"https:\/\/casinoalto.com\/pe\/metodos-de-pago\/\" target=\"_blank\" rel=\"noopener\">forma de pago para jugar<\/a>) con el fin de conseguir una cantidad de dinero extra, <a href=\"\/pe\/bonos-de-bienvenida\/giros-gratis\/\">giros gratis<\/a>, un bono mayor, o cualquier otro tipo de extra.<\/p>\n<p>La ampl\u00eda mayor\u00eda de casinos ofrecen bonos de bienvenida, <strong>y un gran n\u00famero de estos suelen incluir c\u00f3digos promocionales especiales<\/strong>. Aqu\u00ed te vamos a mostrar una lista con los mejores sitios de juego online que ofrecen un bono con c\u00f3digo promocional, ofertas m\u00e1s que interesantes para que elijas la que m\u00e1s te convenga.<\/p>\n<h3>Preguntas frecuentes<\/h3>\n<div id=\"Acc_bpm2\"><div id=\"bpmAccordion\" class=\"firstAcc \"><div class=\"accordion\">\n                    <div class=\"accordion-header accordion_gray\"> \u00bfQu\u00e9 son los c\u00f3digos promocionales de casino?<\/div>\n                    <div class=\"accordion-content\"><p><p>Son un aliciente extra a una oferta del casino, que consisten en introducir un c\u00f3digo durante el registro o durante el dep\u00f3sito de dinero. Esto te permitir\u00e1 conseguir alg\u00fan tipo de recompensa adicional, que puede consistir en dinero, un bono mayor, giros gratis, y otros tipos de premios.<br><\/p><\/p><\/div>\n                <\/div><div class=\"accordion\">\n                    <div class=\"accordion-header accordion_gray\"> \u00bfC\u00f3mo debo utilizar los c\u00f3digos promocionales de casino?<\/div>\n                    <div class=\"accordion-content\"><p><p>Normalmente hay dos formas de utilizar los c\u00f3digos de casino. La primera es introducirlo durante el registro. Esto puede significar que el casino online est\u00e1 ofreciendo un bono sin dep\u00f3sito, o que el c\u00f3digo tendr\u00e1 efecto sobre tu primer ingreso de dinero. La segunda es introducirlo durante el dep\u00f3sito, habitualmente el inicial, pudiendo incrementar directamente este u otorgando una cantidad extra.<br><\/p><\/p><\/div>\n                <\/div><div class=\"accordion\">\n                    <div class=\"accordion-header accordion_gray\"> \u00bfPuedo usar un c\u00f3digo promocional si ya soy usuario del casino?<\/div>\n                    <div class=\"accordion-content\"><p><p>Esto depende del casino online. Si el c\u00f3digo promocional est\u00e1 relacionado con el registro y el primer dep\u00f3sito (es lo habitual), no podr\u00e1s utilizarlo. Pero la casa de juegos puede ofrecer una promoci\u00f3n para usuarios ya registrados que incluya c\u00f3digos promocionales.<br><\/p><\/p><\/div>\n                <\/div><div class=\"accordion\">\n                    <div class=\"accordion-header accordion_gray\"> \u00bfDebo elegir entre el c\u00f3digo promocional de casino y el de apuestas?<\/div>\n                    <div class=\"accordion-content\"><p><p>Aunque esta decisi\u00f3n est\u00e1 en manos del casino y casa de apuestas, normalmente no tendr\u00e1s que elegir, y podr\u00e1s utilizar ambos c\u00f3digos si as\u00ed lo deseas.<br><\/p><\/p><\/div>\n                <\/div><div class=\"accordion\">\n                    <div class=\"accordion-header accordion_gray\"> \u00bfHay c\u00f3digos promocionales de slots?<\/div>\n                    <div class=\"accordion-content\"><p><p>S\u00ed, algunas casas de juegos ofrecen c\u00f3digos promocionales para slots concretamente, que premian al usuario con un bono solo v\u00e1lido para este tipo de juegos, tambi\u00e9n conocidos como tragaperras o tragamonedas. Lo m\u00e1s normal es que sean o bien dinero gratis o tiradas tambi\u00e9n sin coste para utilizar en las slots.<br><\/p><\/p><\/div>\n                <\/div><div class=\"accordion\">\n                    <div class=\"accordion-header accordion_gray\"> \u00bfHay c\u00f3digos promocionales de ruleta?<\/div>\n                    <div class=\"accordion-content\"><p><p>S\u00ed, al igual que en el anterior caso, los casinos pueden ofrecer concretamente promociones para jugar a la ruleta.<br><\/p><\/p><\/div>\n                <\/div><div class=\"accordion\">\n                    <div class=\"accordion-header accordion_gray\"> \u00bfPuedo usar c\u00f3digos promocionales de casino sin depositar?<\/div>\n                    <div class=\"accordion-content\"><p><p>S\u00ed, existen c\u00f3digos promocionales de casino que podr\u00e1s usar sin tener que realizar dep\u00f3sito alguno, pero no en todos los casos. Debes tener en cuenta que esto depender\u00e1 de la oferta de bienvenida que la casa de juegos ponga a disposici\u00f3n de los usuarios.<br><\/p><\/p><\/div>\n                <\/div><\/div><\/div>\n<p>&nbsp;<\/p>\n","protected":false},"excerpt":{"rendered":"<p>Todos los casinos online del mercado buscan atraer a los clientes con grandes ofertas y promociones, que ofrezcan un aliciente diferencial a la hora de elegir uno u otro casino de la lista de Casino Alto Per\u00fa. Dentro de estas opciones, una de las m\u00e1s buscadas por los usuarios son los c\u00f3digos promocionales de casino. [&hellip;]<\/p>\n","protected":false},"author":6,"featured_media":0,"parent":0,"menu_order":0,"comment_status":"closed","ping_status":"closed","template":"template_codigos_casinos.php","meta":{"_acf_changed":false,"footnotes":""},"class_list":["post-152512","page","type-page","status-publish","hentry"],"acf":[],"_links":{"self":[{"href":"https:\/\/staging.casinoalto.com\/pe\/wp-json\/wp\/v2\/pages\/152512","targetHints":{"allow":["GET"]}}],"collection":[{"href":"https:\/\/staging.casinoalto.com\/pe\/wp-json\/wp\/v2\/pages"}],"about":[{"href":"https:\/\/staging.casinoalto.com\/pe\/wp-json\/wp\/v2\/types\/page"}],"author":[{"embeddable":true,"href":"https:\/\/staging.casinoalto.com\/pe\/wp-json\/wp\/v2\/users\/6"}],"replies":[{"embeddable":true,"href":"https:\/\/staging.casinoalto.com\/pe\/wp-json\/wp\/v2\/comments?post=152512"}],"version-history":[{"count":5,"href":"https:\/\/staging.casinoalto.com\/pe\/wp-json\/wp\/v2\/pages\/152512\/revisions"}],"predecessor-version":[{"id":10063013,"href":"https:\/\/staging.casinoalto.com\/pe\/wp-json\/wp\/v2\/pages\/152512\/revisions\/10063013"}],"wp:attachment":[{"href":"https:\/\/staging.casinoalto.com\/pe\/wp-json\/wp\/v2\/media?parent=152512"}],"curies":[{"name":"wp","href":"https:\/\/api.w.org\/{rel}","templated":true}]}}