{"id":152572,"date":"2020-03-17T23:43:43","date_gmt":"2020-03-17T23:43:43","guid":{"rendered":"https:\/\/casinoalto.com\/pe\/?page_id=152572"},"modified":"2026-01-22T02:49:09","modified_gmt":"2026-01-22T02:49:09","slug":"codigo-promocional-betsson","status":"publish","type":"page","link":"https:\/\/staging.casinoalto.com\/pe\/codigos\/codigo-promocional-betsson\/","title":{"rendered":"C\u00f3digo promocional Betsson"},"content":{"rendered":"<p>Dentro de las amplias posibilidades a la hora de elegir un <a href=\"https:\/\/casinoalto.com\/pe\/casinos-online\/\" target=\"_blank\" rel=\"noopener\">casino online seguro para empezar a jugar<\/a>, hay que tener en cuenta muchos aspectos. Desde el cat\u00e1logo de juegos buscando los que m\u00e1s nos interesen, pasando por sus <a href=\"https:\/\/casinoalto.com\/pe\/metodos-de-pago\/\" target=\"_blank\" rel=\"noopener\">opciones de pago para los casinos<\/a>, atenci\u00f3n al cliente o seguridad.<\/p>\n<p>Otro de los motivos a estudiar detenidamente son las ofertas y promociones, en especial en forma de <a href=\"https:\/\/casinoalto.com\/pe\/bonos-de-bienvenida\/\" target=\"_blank\" rel=\"noopener\">bonos de bienvenida para nuevos jugadores<\/a>. Y en este campo te traemos el espectacular c\u00f3digo promocional de <a href=\"\/pe\/casinos-online\/betsson\/\">un casino confiable como Betsson<\/a>, que ofrece 300 giros gratis por depositar al menos 60 soles.<\/p>\n<p><em>Pasos a seguir para conseguir la promoci\u00f3n:<\/em><\/p>\n<ul>\n<li>Reg\u00edstrate en Betsson a trav\u00e9s de\u00a0nuestros enlaces.<\/li>\n<li>Selecciona el bono de bienvenida para casino en la secci\u00f3n de bonos.<\/li>\n<li>Realiza un dep\u00f3sito de un m\u00ednimo de 60 soles.<\/li>\n<li>50 giros gratis se acreditar\u00e1n autom\u00e1ticamente en tu cuenta.<\/li>\n<li>Inicia sesi\u00f3n durante 10 d\u00edas consecutivos para obtener 25 giros gratis por d\u00eda.<\/li>\n<\/ul>\n<p>Esta promoci\u00f3n, exclusiva para nuevos usuarios de Betsson<strong>.<\/strong>\u00a0Nuestro consejo es que si tienes intenci\u00f3n de aventurarte al mundo del juego online, no dejes pasar esta buena oportunidad.<\/p>\n<p>Este bono tiene una\u00a0<strong>duraci\u00f3n de 15 d\u00edas <\/strong>para activar el bono a partir del registro y el mismo tiempo para activarlo y obtener todos los bonos posibles. Pasada esa fecha, si no has recibido todos los bonos que quer\u00edas, ya no podr\u00e1s obtener m\u00e1s. Para poder llevar a cabo la retirada del efectivo, los bonos tienen un\u00a0<strong>rollover (cantidad de apuesta m\u00ednima) de 15 veces la cuant\u00eda de este y un plazo de 7 d\u00edas de caducidad para ser liberados<\/strong>.<\/p>\n<p>Para jugar esa \u00fanica vez la cantidad del bono, las\u00a0tragaperras\u00a0contribuyen un 100%, mientras los juegos de\u00a0<a href=\"\/pe\/juego\/ruleta\/\">ruleta para jugar la demo<\/a>\u00a0y\u00a0<a href=\"\/pe\/juego\/blackjack\/\">blackjack en l\u00ednea en 2025<\/a>\u00a0lo hacen en un 25%. Quedan exentos de esta promoci\u00f3n las variedades Punto y Banca, Blackjack Surrender, Pontoon, Cashback Blackjack y las tragamonedas con botes progresivos.<\/p>\n<p>Esta promoci\u00f3n no es acumulable con otras disponibles en el casino online, por lo que deber\u00e1s hacer uso de ella y rentabilizar tu ingreso de forma exclusiva.<\/p>\n<p>En total <strong>300 giros gratis es una forma inmejorable de arrancar a jugar con el c\u00f3digo promocional de Betsson<\/strong>. Si tienes cualquier tipo de duda consulta la secci\u00f3n de t\u00e9rminos y condiciones del casino, o ponte en contacto con su servicio de atenci\u00f3n al cliente. Los juegos de este casino sueco te est\u00e1n esperando, junto a suculentos botes y premios. \u00bfA qu\u00e9 esperas? Aprovecha los consejos de <a href=\"https:\/\/casinoalto.com\/pe\/\" target=\"_blank\" rel=\"noopener\">Casino Alto Per\u00fa<\/a>.<\/p>\n","protected":false},"excerpt":{"rendered":"<p>Dentro de las amplias posibilidades a la hora de elegir un casino online seguro para empezar a jugar, hay que tener en cuenta muchos aspectos. Desde el cat\u00e1logo de juegos buscando los que m\u00e1s nos interesen, pasando por sus opciones de pago para los casinos, atenci\u00f3n al cliente o seguridad. Otro de los motivos a [&hellip;]<\/p>\n","protected":false},"author":6,"featured_media":0,"parent":152512,"menu_order":0,"comment_status":"closed","ping_status":"closed","template":"single_codigo.php","meta":{"_acf_changed":false,"footnotes":""},"class_list":["post-152572","page","type-page","status-publish","hentry"],"acf":[],"_links":{"self":[{"href":"https:\/\/staging.casinoalto.com\/pe\/wp-json\/wp\/v2\/pages\/152572","targetHints":{"allow":["GET"]}}],"collection":[{"href":"https:\/\/staging.casinoalto.com\/pe\/wp-json\/wp\/v2\/pages"}],"about":[{"href":"https:\/\/staging.casinoalto.com\/pe\/wp-json\/wp\/v2\/types\/page"}],"author":[{"embeddable":true,"href":"https:\/\/staging.casinoalto.com\/pe\/wp-json\/wp\/v2\/users\/6"}],"replies":[{"embeddable":true,"href":"https:\/\/staging.casinoalto.com\/pe\/wp-json\/wp\/v2\/comments?post=152572"}],"version-history":[{"count":9,"href":"https:\/\/staging.casinoalto.com\/pe\/wp-json\/wp\/v2\/pages\/152572\/revisions"}],"predecessor-version":[{"id":10063164,"href":"https:\/\/staging.casinoalto.com\/pe\/wp-json\/wp\/v2\/pages\/152572\/revisions\/10063164"}],"up":[{"embeddable":true,"href":"https:\/\/staging.casinoalto.com\/pe\/wp-json\/wp\/v2\/pages\/152512"}],"wp:attachment":[{"href":"https:\/\/staging.casinoalto.com\/pe\/wp-json\/wp\/v2\/media?parent=152572"}],"curies":[{"name":"wp","href":"https:\/\/api.w.org\/{rel}","templated":true}]}}