{"id":152631,"date":"2020-03-24T13:52:37","date_gmt":"2020-03-24T13:52:37","guid":{"rendered":"https:\/\/casinoalto.com\/pe\/?page_id=152631"},"modified":"2026-01-24T16:31:56","modified_gmt":"2026-01-24T16:31:56","slug":"codigo-promocional-22bet-casino","status":"publish","type":"page","link":"https:\/\/staging.casinoalto.com\/pe\/codigos\/codigo-promocional-22bet-casino\/","title":{"rendered":"C\u00f3digo promocional 22Bet Casino"},"content":{"rendered":"<p>Con un cat\u00e1logo considerable de juegos en l\u00ednea, <a href=\"\/pe\/casinos-online\/22bet\/\">un casino fiable como 22Bet<\/a> se alza como una nueva alternativa para los amantes de los juegos de apuestas y aquellos que quieren incursionar en este mundo, contando con la ayuda de <a href=\"https:\/\/casinoalto.com\/pe\/\" target=\"_blank\" rel=\"noopener\">Casino Alto<\/a>.<\/p>\n<p>Vigente desde 2008, este <a href=\"\/pe\/casinos-online\/\">casino en l\u00ednea legalizado en el Per\u00fa<\/a> tiene su sede y licencia en Cura\u00e7ao, adem\u00e1s de que es propiedad de la empresa chipriota Techsolutions (CY) Group Limited. Su oferta incluye una amplia variedad de servicios y distintas formas de pago para satisfacer las necesidades de sus clientes.<\/p>\n<p>Desde su presentaci\u00f3n, 22Bet ofrece altos est\u00e1ndares de calidad, con una imagen llamativa y perfectamente dise\u00f1ada a cualquier dispositivo, como laptop, PC, Smarthphones y tablets. Tambi\u00e9n destaca el hecho de que cuentan con su propia app para tel\u00e9fonos Android y equipos Apple.<\/p>\n<p>La personalizaci\u00f3n es tal que se puede ajustar a m\u00e1s de 60 idiomas y adaptar el uso horario que mejor se te acomode, perfecto para jugarlo en caso de que te encuentres de viaje. Su sitio de apuestas deportivas tambi\u00e9n destaca y es una brillante opci\u00f3n para los jugadores peruanos.<\/p>\n<p>El <strong>bono de bienvenida de 22Bet por hasta S\/1,100 es una oportunidad que no puedes dejar pasar<\/strong>. Aqu\u00ed te decimos c\u00f3mo obtenerlo, a trav\u00e9s del c\u00f3digo de bono de 22Bet.<\/p>\n<p><em>Pasos a seguir para obtener el bono de bienvenida de 22Bet:<\/em><\/p>\n<ul>\n<li>Reg\u00edstrate en la plataforma y completa todos tus datos a trav\u00e9s de <a href=\"\/pe\/22bet\/\">nuestros enlaces<\/a>.<\/li>\n<li>Realiza tu primer dep\u00f3sito con una de las <a href=\"https:\/\/casinoalto.com\/pe\/metodos-de-pago\/\" target=\"_blank\" rel=\"noopener\">formas para hacer pago en l\u00ednea<\/a> a trav\u00e9s del c\u00f3digo promocional de 22Bet.<\/li>\n<li>Recibe el bono de bienvenida del 100 por ciento por hasta 1,100 soles para casino.<\/li>\n<li>Dicha promoci\u00f3n ser\u00e1 ingresada de forma autom\u00e1tica en tu cuenta, una vez hecho el dep\u00f3sito.<\/li>\n<\/ul>\n<p>Es importante que sepas que los bonos de bienvenida de 22Bet solo pueden ser aplicables una vez para nuevos clientes, siempre y cuando cumplan con el dep\u00f3sito m\u00ednimo de un euro o un d\u00f3lar. <strong>El importe m\u00e1ximo del bono es de S\/1,100 soles<\/strong> peruanos para el casino.<\/p>\n<p>En caso de que la casilla \u00abNo quiero ning\u00fan bono\u00bb est\u00e9 marcada, dicha promoci\u00f3n no ser\u00e1 ingresada en la cuenta del cliente despu\u00e9s de ser realizado el primer dep\u00f3sito. Antes de hacer un dep\u00f3sito, deber\u00e1s elegir la cuenta de bono en la que se ingresar\u00e1 el bono de bienvenida de 22Bet. Una vez ingresado, el bonus no puede ser transferido entre otras cuentas.<\/p>\n<p>El jugador podr\u00e1 retirar los fondos desde la cuenta hasta que el bono de 22Bet haya sido canjeado (apostado), por lo que<strong> tendr\u00e1s hasta siete d\u00edas para hacerlo<\/strong>. Asimismo, se considera que la cantidad del bono ha sido reinvertida s\u00f3lo cuando se hayan resuelto todas las apuestas realizadas con la cantidad requerida.<\/p>\n<p><strong>Los requisitos de apuesta en el importe del bono ser\u00e1n de x50<\/strong>. Al apostar una <a href=\"https:\/\/casinoalto.com\/pe\/bonos-de-bienvenida\/\" target=\"_blank\" rel=\"noopener\">oferta de bienvenida de casino<\/a>, el importe de la apuesta no debe exceder los cinco euros o cinco d\u00f3lares. Cada juego disponible en 22Bet ofrece una contribuci\u00f3n diferente al requisito de apuesta del bono. Los juegos de mesa ( 5%, exceptuando algunos con crupier en directo), Video-P\u00f3ker (5%), Ruleta, P\u00f3ker (5%) y Tragamonedas ( 100%). Consulta los juegos que queden excluidos de la oferta del bono.<\/p>\n<p>Esta promoci\u00f3n no es v\u00e1lida en conjunto con alguna otra. Todos los bonos y todas las ganancias se eliminar\u00e1n una vez expire el bono.<\/p>\n<p>Queda prohibido que se posponga cualquier juego de bono, incluyendo los giros gratis y las rondas de bono, para cuando ya no queden m\u00e1s requisitos de apuesta por cumplir y\/o hacer dep\u00f3sitos. En esos casos, 22Bet considerar\u00e1 que el acepta que las ganancias sean canceladas.<\/p>\n<p>La oferta no es v\u00e1lida junto a cualquier otra promoci\u00f3n u oferta especial y puede ser cancelada o modificada sin previo aviso. Aprovecha el c\u00f3digo promocional de 22Bet Casino y empieza a jugar.<\/p>\n","protected":false},"excerpt":{"rendered":"<p>Con un cat\u00e1logo considerable de juegos en l\u00ednea, un casino fiable como 22Bet se alza como una nueva alternativa para los amantes de los juegos de apuestas y aquellos que quieren incursionar en este mundo, contando con la ayuda de Casino Alto. Vigente desde 2008, este casino en l\u00ednea legalizado en el Per\u00fa tiene su [&hellip;]<\/p>\n","protected":false},"author":6,"featured_media":0,"parent":152512,"menu_order":0,"comment_status":"closed","ping_status":"closed","template":"single_codigo.php","meta":{"_acf_changed":false,"footnotes":""},"class_list":["post-152631","page","type-page","status-publish","hentry"],"acf":[],"_links":{"self":[{"href":"https:\/\/staging.casinoalto.com\/pe\/wp-json\/wp\/v2\/pages\/152631","targetHints":{"allow":["GET"]}}],"collection":[{"href":"https:\/\/staging.casinoalto.com\/pe\/wp-json\/wp\/v2\/pages"}],"about":[{"href":"https:\/\/staging.casinoalto.com\/pe\/wp-json\/wp\/v2\/types\/page"}],"author":[{"embeddable":true,"href":"https:\/\/staging.casinoalto.com\/pe\/wp-json\/wp\/v2\/users\/6"}],"replies":[{"embeddable":true,"href":"https:\/\/staging.casinoalto.com\/pe\/wp-json\/wp\/v2\/comments?post=152631"}],"version-history":[{"count":3,"href":"https:\/\/staging.casinoalto.com\/pe\/wp-json\/wp\/v2\/pages\/152631\/revisions"}],"predecessor-version":[{"id":10063005,"href":"https:\/\/staging.casinoalto.com\/pe\/wp-json\/wp\/v2\/pages\/152631\/revisions\/10063005"}],"up":[{"embeddable":true,"href":"https:\/\/staging.casinoalto.com\/pe\/wp-json\/wp\/v2\/pages\/152512"}],"wp:attachment":[{"href":"https:\/\/staging.casinoalto.com\/pe\/wp-json\/wp\/v2\/media?parent=152631"}],"curies":[{"name":"wp","href":"https:\/\/api.w.org\/{rel}","templated":true}]}}