{"id":10053796,"date":"2020-08-04T18:44:47","date_gmt":"2020-08-04T18:44:47","guid":{"rendered":"https:\/\/casinoalto.com\/pt\/?page_id=10053796"},"modified":"2024-04-16T16:10:53","modified_gmt":"2024-04-16T16:10:53","slug":"codigo-promocional-casino-portugal","status":"publish","type":"page","link":"https:\/\/staging.casinoalto.com\/pt\/codigos\/codigo-promocional-casino-portugal\/","title":{"rendered":"C\u00f3digo Promocional Casino Portugal"},"content":{"rendered":"<p>O <a href=\"\/pt\/casinos-online\/casino-portugal\/\"><strong>Casino Portugal<\/strong><\/a>, operado pela SFP Online, \u00e9 um dos mais procurados e conhecidos <a href=\"\/pt\/casinos-online\/\">casinos online<\/a> de nosso pa\u00eds. Sendo uma empresa 100% portuguesa, \u00e9 regulamentada pelo Servi\u00e7o de Regula\u00e7\u00e3o e Inspe\u00e7\u00e3o de Jogos (SRIJ). Com isso, conta com um n\u00edvel de seguran\u00e7a que faz dele uma op\u00e7\u00e3o muito confi\u00e1vel.<\/p>\n<p>Outro fator que o torna atraente \u00e9 a <strong>variedade imensa de jogos<\/strong>: s\u00e3o mais de 120 que trazem uma alta tecnologia com softwares modernos. Est\u00e3o presentes no site diversas op\u00e7\u00f5es de slots, roleta 3D e roleta europeia<\/a>, e jogos de cartas diversos.<\/p>\n<p>Para come\u00e7ar a usufruir de tudo isso, os <strong>novos jogadores<\/strong> contam com um <a href=\"\/pt\/bonos-de-bienvenida\/\">b\u00f3nus de boas-vindas<\/a> sem dep\u00f3sito. Para receber \u00e9 necess\u00e1rio fazer apenas o registro e utiliza-lo no prazo de tr\u00eas dias ap\u00f3s sua atribui\u00e7\u00e3o. H\u00e1 ainda que se observar os requisitos m\u00ednimos a serem alcan\u00e7ados para retirar os ganhos.<\/p>\n<p>O casino tamb\u00e9m oferece um <strong>b\u00f3nus de 50%<\/strong> do valor depositado, respeitando o <strong>limite de \u20ac250<\/strong>. Ou seja, caso o jogador depositar 100\u20ac, ir\u00e1 receber 200\u20ac, para jogar. Ap\u00f3s se registrar o b\u00f3nus, este ficar\u00e1 dispon\u00edvel durante dois dias. Voc\u00ea pode obter tudo isso com o c\u00f3digo promocional do Casino Portugal.<\/p>\n<p><em>Para participar da promo\u00e7\u00e3o, basta seguir os seguintes passos:<\/em><\/p>\n<ul>\n<li>Aceder o site por meio de um de <strong>nossos links dispon\u00edveis<\/strong><\/li>\n<li>Clicar em \u201cCriar minha conta\u201d e preencher todos os dados pessoais requeridos<\/li>\n<li>Concordar em receber o b\u00f3nus inicial de 10 \u20ac<\/li>\n<li>Realizar o primeiro dep\u00f3sito via um dos <a href=\"\/pt\/metodos-de-pago\/\">m\u00e9todos de pagamentos<\/a> dispon\u00edveis e ganhar at\u00e9 250 \u20ac<\/li>\n<\/ul>\n<p>\u00c9 sempre indicado ler as condi\u00e7\u00f5es e <strong>termos do servi\u00e7o<\/strong>. Lembre-se que existem condi\u00e7\u00f5es para que o b\u00f3nus possa ser utilizado. As apostas (rollover) dever\u00e3o ser de 45x dentro do per\u00edodo estabelecidos. Por exemplo: Depois de efetuar um dep\u00f3sito de 100\u20ac, ir\u00e1 receber o b\u00f3nus de 50\u20ac. Mas apenas depois de jogar 45 vezes de 50\u20ac \u00e9 que poder\u00e1 efetuar o levantamento de sua conta e os fundos passar\u00e3o para a carteira real.<\/p>\n<p>O site possui outras promo\u00e7\u00f5es que s\u00e3o ofertadas constantemente. Mas essas ofertas s\u00f3 poder\u00e3o ser utilizadas uma por vez. Lembrando a todos que os b\u00f3nus s\u00f3 valem para jogadores \u00fanicos, tendo em vista as regras de seguran\u00e7a. Estes tamb\u00e9m tem um limite de validade para serem utilizados, e ser\u00e3o cancelados caso n\u00e3o sejam usados no per\u00edodo previsto. Esses b\u00f3nus tamb\u00e9m n\u00e3o podem ser transferidos para outras pessoas, assim como tamb\u00e9m n\u00e3o podem ser contabilizados entre v\u00e1rios utilizadores.<\/p>\n<p>Mesmo n\u00e3o tendo um tempo para que esses b\u00f3nus de boas-vindas sejam finalizados, aconselhamos fortemente que acedam \u00e0s promo\u00e7\u00f5es do Casino Portugal e garantam bons momentos de alegria. Este \u00e9 um excelente dom\u00ednio para quem est\u00e1 pensando em adentrar no mundo das apostas e dos jogos online.<\/p>\n<div id=\"gtx-trans\">\n<div class=\"gtx-trans-icon\"><\/div>\n<\/div>\n","protected":false},"excerpt":{"rendered":"<p>O Casino Portugal, operado pela SFP Online, \u00e9 um dos mais procurados e conhecidos casinos online de nosso pa\u00eds. Sendo uma empresa 100% portuguesa, \u00e9 regulamentada pelo Servi\u00e7o de Regula\u00e7\u00e3o e Inspe\u00e7\u00e3o de Jogos (SRIJ). Com isso, conta com um n\u00edvel de seguran\u00e7a que faz dele uma op\u00e7\u00e3o muito confi\u00e1vel. Outro fator que o torna [&hellip;]<\/p>\n","protected":false},"author":14,"featured_media":0,"parent":154198,"menu_order":0,"comment_status":"closed","ping_status":"closed","template":"single_codigo.php","meta":{"_acf_changed":false,"footnotes":""},"class_list":["post-10053796","page","type-page","status-publish","hentry"],"acf":[],"_links":{"self":[{"href":"https:\/\/staging.casinoalto.com\/pt\/wp-json\/wp\/v2\/pages\/10053796","targetHints":{"allow":["GET"]}}],"collection":[{"href":"https:\/\/staging.casinoalto.com\/pt\/wp-json\/wp\/v2\/pages"}],"about":[{"href":"https:\/\/staging.casinoalto.com\/pt\/wp-json\/wp\/v2\/types\/page"}],"author":[{"embeddable":true,"href":"https:\/\/staging.casinoalto.com\/pt\/wp-json\/wp\/v2\/users\/14"}],"replies":[{"embeddable":true,"href":"https:\/\/staging.casinoalto.com\/pt\/wp-json\/wp\/v2\/comments?post=10053796"}],"version-history":[{"count":2,"href":"https:\/\/staging.casinoalto.com\/pt\/wp-json\/wp\/v2\/pages\/10053796\/revisions"}],"predecessor-version":[{"id":10061417,"href":"https:\/\/staging.casinoalto.com\/pt\/wp-json\/wp\/v2\/pages\/10053796\/revisions\/10061417"}],"up":[{"embeddable":true,"href":"https:\/\/staging.casinoalto.com\/pt\/wp-json\/wp\/v2\/pages\/154198"}],"wp:attachment":[{"href":"https:\/\/staging.casinoalto.com\/pt\/wp-json\/wp\/v2\/media?parent=10053796"}],"curies":[{"name":"wp","href":"https:\/\/api.w.org\/{rel}","templated":true}]}}