{"id":10054393,"date":"2020-12-01T19:55:56","date_gmt":"2020-12-01T19:55:56","guid":{"rendered":"https:\/\/casinoalto.com\/pt\/?page_id=10054393"},"modified":"2024-11-26T19:46:10","modified_gmt":"2024-11-26T19:46:10","slug":"codigo-promocional-bacana-play","status":"publish","type":"page","link":"https:\/\/staging.casinoalto.com\/pt\/codigos\/codigo-promocional-bacana-play\/","title":{"rendered":"C\u00f3digo Promocional Bacana Play"},"content":{"rendered":"<p>Um dos<a href=\"\/pt\/casinos-online\/\"> casinos online<\/a> mais novos em atividade em Portugal, o <a href=\"\/pt\/casinos-online\/bacana-play\/\"><strong>Bacana Play<\/strong><\/a> chama a aten\u00e7\u00e3o por seu design clean, bom portf\u00f3lio de slots, \u00f3timo programa de fidelidade e um atendimento de qualidade, al\u00e9m de algumas outras qualidades.<\/p>\n<p>N\u00e3o \u00e9 para menos \u2013 o casino \u00e9 controlado pela Skill On Net, uma das maiores empresas do mercado de iGaming do planeta, que tem em seu portf\u00f3lio <strong>mais de 30 sites de jogos de azar<\/strong> online e vem crescendo a cada ano.<\/p>\n<p>Para atrair novos clientes, o Bacana Play est\u00e1 a oferecer um <strong>b\u00f3nus de boas-vindas e 50 \u20ac ap\u00f3s<\/strong><strong> o primeiro dep\u00f3sito<\/strong>. E tem mais: al\u00e9m do valor promocional em b\u00f3nus, os utilizadores t\u00eam a sua disposi\u00e7\u00e3o <strong>mais 50 free spins<\/strong> (giros gr\u00e1tis em slots).<\/p>\n<p>Para participar desta promo\u00e7\u00e3o e obter o <a href=\"\/pt\/bonos-de-bienvenida\/\">b\u00f3nus<\/a> promocional basta seguir os seguintes passos:<\/p>\n<ul>\n<li>Aceder o site do Bacana Play por meio de um dos nossos links;<\/li>\n<li>Clicar em <strong>\u201cBacaniza-te\u201d<\/strong>, preencher o formul\u00e1rio e concluir o registo;<\/li>\n<li>Ativar o c\u00f3digo de b\u00f3nus \u201cBACANA\u201d;<\/li>\n<li>Depositar pelo menos 10 \u20ac por qualquer <a href=\"\/pt\/metodos-de-pago\/\">m\u00e9todo de pagamento<\/a> em sua conta;<\/li>\n<\/ul>\n<p>Portanto, caso voc\u00ea siga todos esses passos e deposite, <strong>por exemplo, 20 \u20ac, ter\u00e1 mais 50 \u20ac como saldo de b\u00f3nus, totalizando 70 \u20ac para jogar.<\/strong> Al\u00e9m disso, ganhar\u00e1 mais 50 giros gr\u00e1tis que podem ser utilizados no <strong>slot Spinning Wilds.<\/strong><\/p>\n<p>\u00c9 importante lembrar que esta promo\u00e7\u00e3o s\u00f3 \u00e9 v\u00e1lida para o primeiro dep\u00f3sito que o utilizador fizer no site, n\u00e3o sendo cumulativa com nenhuma promo\u00e7\u00e3o ativa. Portanto, atente-se a esta condi\u00e7\u00e3o.<\/p>\n<h3><strong>Rollover<\/strong><\/h3>\n<p>Como em todo b\u00f3nus de boas-vindas, h\u00e1 de se cumprir um rollover (tamb\u00e9m conhecido como playthrough) para fazer levantamento de ganhos de b\u00f3nus. Neste caso, <strong>\u00e9 necess\u00e1rio apostar 60 vezes o montante de b\u00f3nus e o montante dos ganhos com as spins gr\u00e1tis (s\u00f3 contam as slots) em at\u00e9 30 dias.<\/strong><\/p>\n<p>A aposta m\u00e1xima \u00e9 de 10% (m\u00ednimo de 0.10 \u20ac) do montante dos ganhos com as spins gratuitas e b\u00f3nus ou 5 \u20ac (neste caso, aplica-se o montante que for menor). As spins devem ser utilizadas e os b\u00f3nus devem ser reivindicados antes de os fundos depositados serem utilizados.<\/p>\n<h3><strong>B\u00f3nus alternativo<\/strong><\/h3>\n<p>Este n\u00e3o \u00e9 o \u00fanico b\u00f3nus oferecido pelo Bacana Play para os novos clientes. H\u00e1 tamb\u00e9m uma alternativa se o utilizador ativar o c\u00f3digo \u201cBC50\u201d. Neste caso, o valor do b\u00f3nus ser\u00e1 de 50<strong>% o montante do primeiro dep\u00f3sito <\/strong>(que deve ser de pelo menos 10 \u20ac). Assim, caso deposites 20 \u20ac, ter\u00e1 mais 10 \u20ac para apostar. <strong>O valor m\u00e1ximo \u00e9 igual ao b\u00f3nus de boas-vindas, ou seja, 50 \u20ac.<\/strong><\/p>\n<p>Por\u00e9m, a vantagem \u00e9 que o usu\u00e1rio ganhar spins gratuitos por um ano inteiro. Eles s\u00e3o distribu\u00eddos semanalmente, sendo 10 giros gr\u00e1tis todas as quintas ou sextas.<\/p>\n<p>Os requisitos de rollover s\u00e3o menores nesta promo\u00e7\u00e3o, sendo necess\u00e1rio apostar de <strong>30 vezes o valor do b\u00f3nus de dep\u00f3sito adicional (apenas contam slots) em 30 dias<\/strong>. A aposta m\u00e1xima \u00e9 de 10% (m\u00ednimo de \u20ac0.10) do valor do b\u00f3nus ou \u20ac5 (tamb\u00e9m aplica-se o valor mais baixo). J\u00e1 para os ganhos de spins, \u00e9 preciso apostar o equivalente a <strong>60 vezes em 30 dias.<\/strong> A aposta m\u00e1xima \u00e9 de 10% (m\u00ednimo de \u20ac0.10) do valor dos ganhos de spin gr\u00e1tis ou \u20ac5.<\/p>\n<p>De uma forma geral, pode-se dizer que o b\u00f3nus do Bacana Play fica abaixo da m\u00e9dia do mercado pelo valor e pelo alto rollover. Mas \u00e9 interessante a op\u00e7\u00e3o de contar com free spins o ano inteiro e isso pode ser um fator diferencial para o casino.<\/p>\n<p>No mais, o Bacana Play oferece outras promo\u00e7\u00f5es peri\u00f3dicas, incluindo ofertas di\u00e1rias, pacotes de spins com descontos e pr\u00e9mios mensais. Al\u00e9m, \u00e9 claro, de um \u00f3timo programa de fidelidade denominado <strong>Clube VIB (Very Important Bacana)<\/strong>, que conta com diversos n\u00edveis e oferece vantagens como gestor de conta pessoal, pr\u00e9mios exclusivos e personalizados, levantamentos mais r\u00e1pidos e com maior limite e aumento no limite de apostas.<\/p>\n<div id=\"gtx-trans\">\n<div class=\"gtx-trans-icon\"><\/div>\n<\/div>\n","protected":false},"excerpt":{"rendered":"<p>Um dos casinos online mais novos em atividade em Portugal, o Bacana Play chama a aten\u00e7\u00e3o por seu design clean, bom portf\u00f3lio de slots, \u00f3timo programa de fidelidade e um atendimento de qualidade, al\u00e9m de algumas outras qualidades. N\u00e3o \u00e9 para menos \u2013 o casino \u00e9 controlado pela Skill On Net, uma das maiores empresas [&hellip;]<\/p>\n","protected":false},"author":22,"featured_media":0,"parent":154198,"menu_order":0,"comment_status":"closed","ping_status":"closed","template":"single_codigo.php","meta":{"_acf_changed":false,"footnotes":""},"class_list":["post-10054393","page","type-page","status-publish","hentry"],"acf":[],"_links":{"self":[{"href":"https:\/\/staging.casinoalto.com\/pt\/wp-json\/wp\/v2\/pages\/10054393","targetHints":{"allow":["GET"]}}],"collection":[{"href":"https:\/\/staging.casinoalto.com\/pt\/wp-json\/wp\/v2\/pages"}],"about":[{"href":"https:\/\/staging.casinoalto.com\/pt\/wp-json\/wp\/v2\/types\/page"}],"author":[{"embeddable":true,"href":"https:\/\/staging.casinoalto.com\/pt\/wp-json\/wp\/v2\/users\/22"}],"replies":[{"embeddable":true,"href":"https:\/\/staging.casinoalto.com\/pt\/wp-json\/wp\/v2\/comments?post=10054393"}],"version-history":[{"count":2,"href":"https:\/\/staging.casinoalto.com\/pt\/wp-json\/wp\/v2\/pages\/10054393\/revisions"}],"predecessor-version":[{"id":10061413,"href":"https:\/\/staging.casinoalto.com\/pt\/wp-json\/wp\/v2\/pages\/10054393\/revisions\/10061413"}],"up":[{"embeddable":true,"href":"https:\/\/staging.casinoalto.com\/pt\/wp-json\/wp\/v2\/pages\/154198"}],"wp:attachment":[{"href":"https:\/\/staging.casinoalto.com\/pt\/wp-json\/wp\/v2\/media?parent=10054393"}],"curies":[{"name":"wp","href":"https:\/\/api.w.org\/{rel}","templated":true}]}}