{"id":10055306,"date":"2021-05-17T12:19:21","date_gmt":"2021-05-17T12:19:21","guid":{"rendered":"https:\/\/casinoalto.com\/pt\/?page_id=10055306"},"modified":"2024-04-18T22:26:12","modified_gmt":"2024-04-18T22:26:12","slug":"casino-portugal","status":"publish","type":"page","link":"https:\/\/staging.casinoalto.com\/pt\/apps\/casino-portugal\/","title":{"rendered":"Casino Portugal App"},"content":{"rendered":"<p>Entre os principais sites de jogos a operar no pa\u00eds est\u00e1, sem d\u00favidas, o <a href=\"\/pt\/casinos-online\/casino-portugal\/\">Casino Portugal<\/a>. Operado pela <strong>Sociedade Figueira Praia<\/strong>, empresa baseada no territ\u00f3rio portugu\u00eas e dona do reconhecido <strong>Casino da Figueira<\/strong>, este<a href=\"\/pt\/casinos-online\/\"> casino online<\/a> \u00e9 uma refer\u00eancia n\u00e3o apenas em jogos de casino, mas tamb\u00e9m em apostas desportivas.<\/p>\n<p><img loading=\"lazy\" decoding=\"async\" class=\"aligncenter wp-image-10055414 size-medium\" src=\"\/pt\/wp-content\/uploads\/sites\/10\/2021\/05\/casino-pt-apps.webp\" alt=\"Casino Porrtugal App\" width=\"742\" height=\"389\" srcset=\"https:\/\/staging.casinoalto.com\/pt\/wp-content\/uploads\/sites\/10\/2021\/05\/casino-pt-apps.webp 742w, https:\/\/staging.casinoalto.com\/pt\/wp-content\/uploads\/sites\/10\/2021\/05\/casino-pt-apps-300x157.webp 300w, https:\/\/staging.casinoalto.com\/pt\/wp-content\/uploads\/sites\/10\/2021\/05\/casino-pt-apps-76x40.webp 76w, https:\/\/staging.casinoalto.com\/pt\/wp-content\/uploads\/sites\/10\/2021\/05\/casino-pt-apps-153x80.webp 153w, https:\/\/staging.casinoalto.com\/pt\/wp-content\/uploads\/sites\/10\/2021\/05\/casino-pt-apps-258x135.webp 258w\" sizes=\"auto, (max-width: 742px) 100vw, 742px\" \/><\/p>\n<p>O Casino Portugal conta com um vasto portf\u00f3lio com centenas de jogos, com destaque para os slots e jackpots que aparecem em largo n\u00famero. Tamb\u00e9m tem como atrativo um \u00f3timo <a href=\"\/pt\/bonos-de-bienvenida\/\">b\u00f3nus de boas vindas<\/a> e outras promo\u00e7\u00f5es.<\/p>\n<p>Este casino 100% portugu\u00eas n\u00e3o est\u00e1 presente apenas no ambiente desktop. O Casino Portugal tem <strong>\u00f3tima adapta\u00e7\u00e3o para os dispositivos mobile<\/strong>, e conta com uma \u00f3tima aplica\u00e7\u00e3o para optimizar a experi\u00eancia de seus jogadores de qualquer lugar.<\/p>\n<div id=\"ez-toc-container\" class=\"ez-toc-v2_0_82_2 counter-hierarchy ez-toc-counter ez-toc-custom ez-toc-container-direction\">\n<p class=\"ez-toc-title\" style=\"cursor:inherit\">Tabla de contenidos<\/p>\n<label for=\"ez-toc-cssicon-toggle-item-69d6c615b45cd\" class=\"ez-toc-cssicon-toggle-label\"><span class=\"\"><span class=\"eztoc-hide\" style=\"display:none;\">Toggle<\/span><span class=\"ez-toc-icon-toggle-span\"><svg style=\"fill: #999;color:#999\" xmlns=\"http:\/\/www.w3.org\/2000\/svg\" class=\"list-377408\" width=\"20px\" height=\"20px\" viewBox=\"0 0 24 24\" fill=\"none\"><path d=\"M6 6H4v2h2V6zm14 0H8v2h12V6zM4 11h2v2H4v-2zm16 0H8v2h12v-2zM4 16h2v2H4v-2zm16 0H8v2h12v-2z\" fill=\"currentColor\"><\/path><\/svg><svg style=\"fill: #999;color:#999\" class=\"arrow-unsorted-368013\" xmlns=\"http:\/\/www.w3.org\/2000\/svg\" width=\"10px\" height=\"10px\" viewBox=\"0 0 24 24\" version=\"1.2\" baseProfile=\"tiny\"><path d=\"M18.2 9.3l-6.2-6.3-6.2 6.3c-.2.2-.3.4-.3.7s.1.5.3.7c.2.2.4.3.7.3h11c.3 0 .5-.1.7-.3.2-.2.3-.5.3-.7s-.1-.5-.3-.7zM5.8 14.7l6.2 6.3 6.2-6.3c.2-.2.3-.5.3-.7s-.1-.5-.3-.7c-.2-.2-.4-.3-.7-.3h-11c-.3 0-.5.1-.7.3-.2.2-.3.5-.3.7s.1.5.3.7z\"\/><\/svg><\/span><\/span><\/label><input type=\"checkbox\"  id=\"ez-toc-cssicon-toggle-item-69d6c615b45cd\" checked aria-label=\"Toggle\" \/><nav><ul class='ez-toc-list ez-toc-list-level-1 ' ><li class='ez-toc-page-1 ez-toc-heading-level-2'><a class=\"ez-toc-link ez-toc-heading-1\" href=\"https:\/\/staging.casinoalto.com\/pt\/apps\/casino-portugal\/#Como-descarregar-a-app-Casino-Portugal\" >Como descarregar a app Casino Portugal?<\/a><\/li><li class='ez-toc-page-1 ez-toc-heading-level-2'><a class=\"ez-toc-link ez-toc-heading-2\" href=\"https:\/\/staging.casinoalto.com\/pt\/apps\/casino-portugal\/#Como-instalar-a-app-Casino-Portugal\" >Como instalar a app Casino Portugal?<\/a><\/li><li class='ez-toc-page-1 ez-toc-heading-level-2'><a class=\"ez-toc-link ez-toc-heading-3\" href=\"https:\/\/staging.casinoalto.com\/pt\/apps\/casino-portugal\/#Quais-as-funcionalidades-da-app-Casino-Portugal\" >Quais as funcionalidades da app Casino Portugal?<\/a><ul class='ez-toc-list-level-3' ><li class='ez-toc-heading-level-3'><a class=\"ez-toc-link ez-toc-heading-4\" href=\"https:\/\/staging.casinoalto.com\/pt\/apps\/casino-portugal\/#Casino\" >Casino<\/a><\/li><li class='ez-toc-page-1 ez-toc-heading-level-3'><a class=\"ez-toc-link ez-toc-heading-5\" href=\"https:\/\/staging.casinoalto.com\/pt\/apps\/casino-portugal\/#Desportos\" >Desportos<\/a><\/li><\/ul><\/li><li class='ez-toc-page-1 ez-toc-heading-level-2'><a class=\"ez-toc-link ez-toc-heading-6\" href=\"https:\/\/staging.casinoalto.com\/pt\/apps\/casino-portugal\/#Quais-as-vantagens-de-utilizar-a-app-Casino-Portugal\" >Quais as vantagens de utilizar a app Casino Portugal?<\/a><\/li><li class='ez-toc-page-1 ez-toc-heading-level-2'><a class=\"ez-toc-link ez-toc-heading-7\" href=\"https:\/\/staging.casinoalto.com\/pt\/apps\/casino-portugal\/#Perguntas-frequentes\" >Perguntas frequentes<\/a><\/li><\/ul><\/nav><\/div>\n<h2><span class=\"ez-toc-section\" id=\"Como-descarregar-a-app-Casino-Portugal\"><\/span>Como descarregar a app Casino Portugal?<span class=\"ez-toc-section-end\"><\/span><\/h2>\n<p>Ao entrar na home page do Casino Portugal, o usu\u00e1rio deve descer a tela at\u00e9 o rodap\u00e9, onde encontrar\u00e1 os \u00edcones para ter acesso \u00e0 vers\u00e3o de Android e iOS da <strong>app Casino Portugal<\/strong>.<\/p>\n<p>Para utilizadores de <strong>Android<\/strong>, \u00e9 preciso fazer o <strong>download do apk<\/strong>, uma vez que a app n\u00e3o se encontra dispon\u00edvel na Google Play Store. Isso acontece porque a loja tem como pol\u00edtica interna n\u00e3o disponibilizar o download de aplicativos ligados a jogos de azar e fortuna em geral \u2013 algo que est\u00e1 a mudar em v\u00e1rios pa\u00edses.<\/p>\n<p>Atente-se para algo importante: <strong>n\u00e3o fa\u00e7a download de fontes externas<\/strong>. Confie apenas no link fornecido no pr\u00f3prio site do Casino Portugal.<\/p>\n<p>Para utilizadores do <strong>sistema iOS<\/strong>, a aplica\u00e7\u00e3o pode ser encontrado na pr\u00f3pria <strong>App Store<\/strong> de forma directa. Por\u00e9m, pelo pr\u00f3prio site do Casino Portugal, o usu\u00e1rio consegue abrir o link por meio de um <strong>QR Code<\/strong> que redirecciona o jogador para a loja da Apple.<\/p>\n<h2><span class=\"ez-toc-section\" id=\"Como-instalar-a-app-Casino-Portugal\"><\/span>Como instalar a app Casino Portugal?<span class=\"ez-toc-section-end\"><\/span><\/h2>\n<p>Se voc\u00ea est\u00e1 a utilizar um dispositivo Android e j\u00e1 fez o download do apk, \u00e9 necess\u00e1rio <strong>alterar as configura\u00e7\u00f5es de seu telem\u00f3vel ou tablet<\/strong> para que ele permita a instala\u00e7\u00e3o de aplica\u00e7\u00f5es de fontes desconhecidas. Via de regra, este menu encontra-se em \u201cConfigura\u00e7\u00f5es\u201d ou \u201cDefini\u00e7\u00f5es\u201d, a depender do aparelho.<\/p>\n<p>A partir da\u00ed, \u00e9 s\u00f3 procurar por \u201caplica\u00e7\u00f5es\u201d ou \u201cseguran\u00e7a\u201d e ativar a libera\u00e7\u00e3o para aplicativos de fontes desconhecidas. Feito isso, \u00e9 s\u00f3 navegar pelos aplicativos descarregados e procurar pelo Casino Portugal para dar in\u00edcio \u00e0 instala\u00e7\u00e3o.<\/p>\n<p>No caso de iOS, \u00e9 ainda mais simples: a<strong> instala\u00e7\u00e3o acontece automaticamente<\/strong> depois que a app \u00e9 descarregado da App Store. Ele pode ser utilizado tanto em<strong> iPhone<\/strong> quanto em <strong>iPad<\/strong>.<\/p>\n<h2><span class=\"ez-toc-section\" id=\"Quais-as-funcionalidades-da-app-Casino-Portugal\"><\/span>Quais as funcionalidades da app Casino Portugal?<span class=\"ez-toc-section-end\"><\/span><\/h2>\n<p>O design da app Casino Portugal \u00e9 <strong>muito clean<\/strong>, assim como o pr\u00f3prio site. Por meio da app, o usu\u00e1rio pode criar sua conta ou, caso j\u00e1 possua registo, <strong>aceder sua<\/strong> <strong>\u00e1rea de usu\u00e1rio e realizar dep\u00f3sitos, solicitar levantamentos<\/strong>, <strong>entrar em contacto com o suporte<\/strong>, entre outras funcionalidades.<\/p>\n<h3><span class=\"ez-toc-section\" id=\"Casino\"><\/span>Casino<span class=\"ez-toc-section-end\"><\/span><\/h3>\n<p>Uma das duas se\u00e7\u00f5es da app \u00e9 o de Casino, que como o nome sugere, d\u00e1 acesso \u00e0s <strong>centenas de jogos dispon\u00edveis<\/strong>. \u00c9 aqui que o usu\u00e1rio consegue apostar em slots, jackpots, roleta<\/a>, blackjack<\/a> e quaisquer outros jogos de onde estiver e quando quiser.<\/p>\n<h3><span class=\"ez-toc-section\" id=\"Desportos\"><\/span>Desportos<span class=\"ez-toc-section-end\"><\/span><\/h3>\n<p>Esta \u00e9 a \u00e1rea dedicada para as apostas desportivas em cota fixa. O app fornece tanto as apostas pr\u00e9-jogo quanto as apostas em direto com suas boas odds. S\u00e3o dezenas de desportos e uma s\u00e9rie de competi\u00e7\u00f5es e eventos disponibilizadas na app.<\/p>\n<h2><span class=\"ez-toc-section\" id=\"Quais-as-vantagens-de-utilizar-a-app-Casino-Portugal\"><\/span>Quais as vantagens de utilizar a app Casino Portugal?<span class=\"ez-toc-section-end\"><\/span><\/h2>\n<ul>\n<li>Podes realizar apostas de onde e quando quiser, em lugares com conex\u00e3o com internet;<\/li>\n<li>Recebes notifica\u00e7\u00f5es das novidades e promo\u00e7\u00f5es exclusivas do Casino Portugal;<\/li>\n<li>Sistema Golo D\u2019Ouro para apostas desportivas;<\/li>\n<li>Design clean e bastante intuitivo;<\/li>\n<li>Funciona bem em todos os tamanhos de tela;<\/li>\n<li>\u00c9 poss\u00edvel fazer dep\u00f3sitos e levantamentos diretamente da app.<\/li>\n<\/ul>\n<h2><span class=\"ez-toc-section\" id=\"Perguntas-frequentes\"><\/span>Perguntas frequentes<span class=\"ez-toc-section-end\"><\/span><\/h2>\n<div id=\"Acc_bpm12\"><div id=\"bpmAccordion\" class=\"firstAcc \"><div class=\"accordion\">\n                    <div class=\"accordion-header accordion_gray\"> A app Casino Portugal tem algum custo?<\/div>\n                    <div class=\"accordion-content\"><p><p>Seja para Android ou iOS, o app Casino Portugal \u00e9 totalmente gratuito para descarregar e instalar. As funcionalidades s\u00e3o as mesmas do desktop.<br><\/p><\/p><\/div>\n                <\/div><div class=\"accordion\">\n                    <div class=\"accordion-header accordion_gray\"> Por que n\u00e3o est\u00e1 dispon\u00edvel na Google Play Store?<\/div>\n                    <div class=\"accordion-content\"><p><p>Isso acontece n\u00e3o apenas com o Casino Portugal, mas com qualquer outro aplicativo ligado a jogos de azar e apostas desportivas no pa\u00eds. Se deve a uma pol\u00edtica interna da Google, mas j\u00e1 est\u00e1 a mudar em alguns pa\u00edses e em breve pode ser poss\u00edvel descarregar as apps diretamente da loja.<br><\/p><\/p><\/div>\n                <\/div><div class=\"accordion\">\n                    <div class=\"accordion-header accordion_gray\"> \u00c9 seguro fazer o download?<\/div>\n                    <div class=\"accordion-content\"><p><p>Os mesmos protocolos de seguran\u00e7a adotados pelo Casino Portugal no desktop tamb\u00e9m se aplicam no mobile. Portanto, \u00e9 totalmente seguro fazer o download e utilizar o app para opera\u00e7\u00f5es como levantamento e dep\u00f3sito, j\u00e1 que h\u00e1 criptografia de dados.<br><\/p><\/p><\/div>\n                <\/div><div class=\"accordion\">\n                    <div class=\"accordion-header accordion_gray\"> A app consome muito espa\u00e7o na mem\u00f3ria?<\/div>\n                    <div class=\"accordion-content\"><p><p>O tamanho da app \u00e9 de pouco mais de 17 MB, ou seja, ocupa um espa\u00e7o irrelevante para a maioria dos dispositivos da atualidade que contam com extensas mem\u00f3rias.<br><\/p><\/p><\/div>\n                <\/div><div class=\"accordion\">\n                    <div class=\"accordion-header accordion_gray\"> Por que a app n\u00e3o funciona no meu telem\u00f3vel?<\/div>\n                    <div class=\"accordion-content\"><p><p>A app funciona nas vers\u00f5es superiores ao iOS 10.0 ou nas mais recentes atualiza\u00e7\u00f5es do Android. Caso n\u00e3o consiga utilizar mesmo assim, \u00e9 recomend\u00e1vel entrar em contacto com o Casino Portugal por algum dos m\u00e9todos oferecidos, como o e-mail apoiocliente@casinoportugal.pt.&nbsp;<br><\/p><\/p><\/div>\n                <\/div><div class=\"accordion\">\n                    <div class=\"accordion-header accordion_gray\"> Preciso fazer o download para jogar no meu dispositivo mobile?<\/div>\n                    <div class=\"accordion-content\"><p><p>N\u00e3o. Caso o usu\u00e1rio n\u00e3o queira efectuar nenhum download, \u00e9 poss\u00edvel utilizar o Casino Portugal diretamente dos principais navegadores dispon\u00edveis para dispositivos m\u00f3veis (Mozilla Firefox, Google Chrome, Safari, etc).<br><\/p><\/p><\/div>\n                <\/div><\/div><\/div>\n","protected":false},"excerpt":{"rendered":"<p>Entre os principais sites de jogos a operar no pa\u00eds est\u00e1, sem d\u00favidas, o Casino Portugal. Operado pela Sociedade Figueira Praia, empresa baseada no territ\u00f3rio portugu\u00eas e dona do reconhecido Casino da Figueira, este casino online \u00e9 uma refer\u00eancia n\u00e3o apenas em jogos de casino, mas tamb\u00e9m em apostas desportivas. O Casino Portugal conta com [&hellip;]<\/p>\n","protected":false},"author":20,"featured_media":0,"parent":10061190,"menu_order":0,"comment_status":"closed","ping_status":"closed","template":"single-app.php","meta":{"_acf_changed":false,"footnotes":""},"class_list":["post-10055306","page","type-page","status-publish","hentry"],"acf":[],"_links":{"self":[{"href":"https:\/\/staging.casinoalto.com\/pt\/wp-json\/wp\/v2\/pages\/10055306","targetHints":{"allow":["GET"]}}],"collection":[{"href":"https:\/\/staging.casinoalto.com\/pt\/wp-json\/wp\/v2\/pages"}],"about":[{"href":"https:\/\/staging.casinoalto.com\/pt\/wp-json\/wp\/v2\/types\/page"}],"author":[{"embeddable":true,"href":"https:\/\/staging.casinoalto.com\/pt\/wp-json\/wp\/v2\/users\/20"}],"replies":[{"embeddable":true,"href":"https:\/\/staging.casinoalto.com\/pt\/wp-json\/wp\/v2\/comments?post=10055306"}],"version-history":[{"count":6,"href":"https:\/\/staging.casinoalto.com\/pt\/wp-json\/wp\/v2\/pages\/10055306\/revisions"}],"predecessor-version":[{"id":10061487,"href":"https:\/\/staging.casinoalto.com\/pt\/wp-json\/wp\/v2\/pages\/10055306\/revisions\/10061487"}],"up":[{"embeddable":true,"href":"https:\/\/staging.casinoalto.com\/pt\/wp-json\/wp\/v2\/pages\/10061190"}],"wp:attachment":[{"href":"https:\/\/staging.casinoalto.com\/pt\/wp-json\/wp\/v2\/media?parent=10055306"}],"curies":[{"name":"wp","href":"https:\/\/api.w.org\/{rel}","templated":true}]}}