{"id":10059327,"date":"2021-05-15T14:09:23","date_gmt":"2021-05-15T14:09:23","guid":{"rendered":"https:\/\/casinoalto.com\/pt\/?page_id=10055481"},"modified":"2024-04-18T22:18:25","modified_gmt":"2024-04-18T22:18:25","slug":"888-casino","status":"publish","type":"page","link":"https:\/\/staging.casinoalto.com\/pt\/apps\/888-casino\/","title":{"rendered":"888 Casino App"},"content":{"rendered":"<p>O <a href=\"\/pt\/casinos-online\/888\/\">888 Casino<\/a> \u00e9 um renomado site de apostas e casino online, sendo um dos mais antigos em atividade. Operado pela <strong>888 Holdings<\/strong>, est\u00e1 ativo desde <strong>1997<\/strong> em diversos pa\u00edses, incluindo Portugal, onde est\u00e1 entre os mais populares. Internacionalmente, \u00e9 bastante premiado, sendo uma das empresas mais bem sucedidas do ramo do entretenimento.<\/p>\n<p><img loading=\"lazy\" decoding=\"async\" class=\"aligncenter wp-image-10055419 size-medium\" src=\"\/pt\/wp-content\/uploads\/sites\/10\/2021\/05\/888-aps.webp\" alt=\"\" width=\"742\" height=\"389\" srcset=\"https:\/\/staging.casinoalto.com\/pt\/wp-content\/uploads\/sites\/10\/2021\/05\/888-aps.webp 742w, https:\/\/staging.casinoalto.com\/pt\/wp-content\/uploads\/sites\/10\/2021\/05\/888-aps-300x157.webp 300w, https:\/\/staging.casinoalto.com\/pt\/wp-content\/uploads\/sites\/10\/2021\/05\/888-aps-76x40.webp 76w, https:\/\/staging.casinoalto.com\/pt\/wp-content\/uploads\/sites\/10\/2021\/05\/888-aps-153x80.webp 153w, https:\/\/staging.casinoalto.com\/pt\/wp-content\/uploads\/sites\/10\/2021\/05\/888-aps-258x135.webp 258w\" sizes=\"auto, (max-width: 742px) 100vw, 742px\" \/><\/p>\n<p>O site \u00e9 dividido em duas \u00e1reas de atividade que podem ser acessadas por uma \u00fanica conta online: jogos de <a href=\"\/pt\/casinos-online\/\">casino online<\/a> e poker. Em todas elas, o 888 Casino tem <strong>excelente reputa\u00e7\u00e3o<\/strong> e uma estrutura bastante intuitiva. Destaca-se por sua \u00f3tima oferta de jogos de casino como slots, jackpots, roleta<\/a>, blackjack<\/a>, entre outros \u2013 al\u00e9m da interatividade do poker online.<\/p>\n<p>Al\u00e9m da qualidade dos seus servi\u00e7os, o 888 Casino se destaca por sua <strong>portabilidade para dispositivos mobile iOS<\/strong>. O site conta oferece um app otimizado para a experi\u00eancia daqueles que optam por fazer suas apostas no telem\u00f3vel ou tablet.<\/p>\n<div id=\"ez-toc-container\" class=\"ez-toc-v2_0_82_2 counter-hierarchy ez-toc-counter ez-toc-custom ez-toc-container-direction\">\n<p class=\"ez-toc-title\" style=\"cursor:inherit\">Tabla de contenidos<\/p>\n<label for=\"ez-toc-cssicon-toggle-item-69d690fb28635\" class=\"ez-toc-cssicon-toggle-label\"><span class=\"\"><span class=\"eztoc-hide\" style=\"display:none;\">Toggle<\/span><span class=\"ez-toc-icon-toggle-span\"><svg style=\"fill: #999;color:#999\" xmlns=\"http:\/\/www.w3.org\/2000\/svg\" class=\"list-377408\" width=\"20px\" height=\"20px\" viewBox=\"0 0 24 24\" fill=\"none\"><path d=\"M6 6H4v2h2V6zm14 0H8v2h12V6zM4 11h2v2H4v-2zm16 0H8v2h12v-2zM4 16h2v2H4v-2zm16 0H8v2h12v-2z\" fill=\"currentColor\"><\/path><\/svg><svg style=\"fill: #999;color:#999\" class=\"arrow-unsorted-368013\" xmlns=\"http:\/\/www.w3.org\/2000\/svg\" width=\"10px\" height=\"10px\" viewBox=\"0 0 24 24\" version=\"1.2\" baseProfile=\"tiny\"><path d=\"M18.2 9.3l-6.2-6.3-6.2 6.3c-.2.2-.3.4-.3.7s.1.5.3.7c.2.2.4.3.7.3h11c.3 0 .5-.1.7-.3.2-.2.3-.5.3-.7s-.1-.5-.3-.7zM5.8 14.7l6.2 6.3 6.2-6.3c.2-.2.3-.5.3-.7s-.1-.5-.3-.7c-.2-.2-.4-.3-.7-.3h-11c-.3 0-.5.1-.7.3-.2.2-.3.5-.3.7s.1.5.3.7z\"\/><\/svg><\/span><\/span><\/label><input type=\"checkbox\"  id=\"ez-toc-cssicon-toggle-item-69d690fb28635\" checked aria-label=\"Toggle\" \/><nav><ul class='ez-toc-list ez-toc-list-level-1 ' ><li class='ez-toc-page-1 ez-toc-heading-level-2'><a class=\"ez-toc-link ez-toc-heading-1\" href=\"https:\/\/staging.casinoalto.com\/pt\/apps\/888-casino\/#Como-descarregar-o-app-888\" >Como descarregar o app 888?<\/a><\/li><li class='ez-toc-page-1 ez-toc-heading-level-2'><a class=\"ez-toc-link ez-toc-heading-2\" href=\"https:\/\/staging.casinoalto.com\/pt\/apps\/888-casino\/#Como-instalar-o-app-888\" >Como instalar o app 888?<\/a><\/li><li class='ez-toc-page-1 ez-toc-heading-level-2'><a class=\"ez-toc-link ez-toc-heading-3\" href=\"https:\/\/staging.casinoalto.com\/pt\/apps\/888-casino\/#Quais-as-funcionalidades-do-app-888\" >Quais as funcionalidades do app 888?<\/a><ul class='ez-toc-list-level-3' ><li class='ez-toc-heading-level-3'><a class=\"ez-toc-link ez-toc-heading-4\" href=\"https:\/\/staging.casinoalto.com\/pt\/apps\/888-casino\/#888-Casino-Portugal-%E2%80%93-Jogos\" >888 Casino Portugal \u2013 Jogos<\/a><\/li><li class='ez-toc-page-1 ez-toc-heading-level-3'><a class=\"ez-toc-link ez-toc-heading-5\" href=\"https:\/\/staging.casinoalto.com\/pt\/apps\/888-casino\/#888Poker-Texas-Holdem-Portugal\" >888Poker Texas Holdem Portugal<\/a><\/li><\/ul><\/li><li class='ez-toc-page-1 ez-toc-heading-level-2'><a class=\"ez-toc-link ez-toc-heading-6\" href=\"https:\/\/staging.casinoalto.com\/pt\/apps\/888-casino\/#Quais-as-vantagens-de-utilizar-o-app-888\" >Quais as vantagens de utilizar o app 888?<\/a><\/li><li class='ez-toc-page-1 ez-toc-heading-level-2'><a class=\"ez-toc-link ez-toc-heading-7\" href=\"https:\/\/staging.casinoalto.com\/pt\/apps\/888-casino\/#Perguntas-frequentes\" >Perguntas frequentes<\/a><\/li><\/ul><\/nav><\/div>\n<h2><span class=\"ez-toc-section\" id=\"Como-descarregar-o-app-888\"><\/span>Como descarregar o app 888?<span class=\"ez-toc-section-end\"><\/span><\/h2>\n<p>Na verdade, existem <strong>dois aplicativos do 888<\/strong>. S\u00e3o eles o app <strong>888 Casino Portugal \u2013 Jogos<\/strong> e o <strong>888Poker Texas Holdem Portugal<\/strong>. O primeiro diz respeito aos jogos de casino como slot machines, jackpots, blackjack, roleta e outros. O segundo \u00e9 totalmente focado no poker online, que est\u00e1 a crescer cada vez mais em Portugal.<\/p>\n<p>Ambos podem ser descarregados diretamente da <strong>App Store<\/strong>. Basta entrar na loja no seu dispositivo iOS, seja ele <strong>iPhone, iPod Touch ou iPad<\/strong>, procurar por \u201c888\u201d na pesquisa e escolher a op\u00e7\u00e3o que deseja \u2013 Casino ou Poker. Depois disso, \u00e9 s\u00f3 fazer o download.<\/p>\n<p>Se voc\u00ea utiliza um dispositivo Android ou qualquer outro sistema operacional, ainda n\u00e3o h\u00e1 um aplicativo dispon\u00edvel. Por\u00e9m, n\u00e3o se preocupe: voc\u00ea <strong>pode jogador no seu navegador<\/strong>. Basta aceder ao site do 888 no Chrome, Firefox, Safari ou qualquer outro.<\/p>\n<h2><span class=\"ez-toc-section\" id=\"Como-instalar-o-app-888\"><\/span>Como instalar o app 888?<span class=\"ez-toc-section-end\"><\/span><\/h2>\n<p>A instala\u00e7\u00e3o do app 888, seja ele o de Casino ou Poker, \u00e9 <strong>autom\u00e1tica<\/strong> ap\u00f3s efetuar o download via App Store. Se voc\u00ea est\u00e1 a utilizar Android, mesmo n\u00e3o possuindo um aplicativo, pode criar um atalho da p\u00e1gina do navegador para ter um acesso mais r\u00e1pido \u00e0 sua conta e seus jogos de casino.<\/p>\n<h2><span class=\"ez-toc-section\" id=\"Quais-as-funcionalidades-do-app-888\"><\/span>Quais as funcionalidades do app 888?<span class=\"ez-toc-section-end\"><\/span><\/h2>\n<p>Por meio do app 888, o usu\u00e1rio consegue ter acesso \u00e0s mesmas funcionalidades da vers\u00e3o desktop: fazer registo, aceder \u00e0 conta, aproveitar b\u00f3nus e promo\u00e7\u00f5es, fazer opera\u00e7\u00f5es de dep\u00f3sito e levantamento, entrar em contacto com o suporte, etc.<\/p>\n<p>O <strong>layout \u00e9 simples, clean e seu uso \u00e9 bastante intuitivo<\/strong> \u2013 assim como a vers\u00e3o de PC.<\/p>\n<h3><span class=\"ez-toc-section\" id=\"888-Casino-Portugal-%E2%80%93-Jogos\"><\/span>888 Casino Portugal \u2013 Jogos<span class=\"ez-toc-section-end\"><\/span><\/h3>\n<p>Se optastes por esse aplicativo, saiba que \u00e9 aqui que encontrar\u00e1 os jogos de casino que fazem parte do portf\u00f3lio do 888, t\u00edtulos de slots produzidos por fornecedores como <strong>NetEnt, Playtech, NextGen, IGT<\/strong>, entre outros.<\/p>\n<p>Al\u00e9m disso, h\u00e1 os lucrativos jackpots e os tradicionais blackjack e roleta. A experi\u00eancia \u00e9 a mesma do desktop, com a comodidade de poder apostar de onde e quando desejar.<\/p>\n<h3><span class=\"ez-toc-section\" id=\"888Poker-Texas-Holdem-Portugal\"><\/span>888Poker Texas Holdem Portugal<span class=\"ez-toc-section-end\"><\/span><\/h3>\n<p>Esta \u00e9 a vers\u00e3o indicada para os jogadores de <strong>poker online a dinheiro real<\/strong> nas diversas mesas digitais disponibilizadas pelo 888. S\u00e3o diversas s\u00e9ries de <strong>torneios e cash games<\/strong> para todos os tipos de jogadores, com diferentes valores de entradas (buy-in) e pr\u00e9mios.<\/p>\n<p>N\u00e3o se confunda com o nome: n\u00e3o h\u00e1 apenas mesas de Hold\u2019em. O app tamb\u00e9m oferece jogos de <strong>Omaha, Stud, entre outras modalidades<\/strong> do desporto da mente.<\/p>\n<h2><span class=\"ez-toc-section\" id=\"Quais-as-vantagens-de-utilizar-o-app-888\"><\/span>Quais as vantagens de utilizar o app 888?<span class=\"ez-toc-section-end\"><\/span><\/h2>\n<ul>\n<li>Disponibilidade de todos os jogos do portf\u00f3lio, incluindo jackpots;<\/li>\n<li>Boa adapta\u00e7\u00e3o a qualquer tamanho de tela, seja iPad, iPhone ou iPod Touch;<\/li>\n<li>App intuitivo e com layout clean e atrativo;<\/li>\n<li>Mais seguran\u00e7a para opera\u00e7\u00f5es financeiras;<\/li>\n<li>Sistema inteligente de notifica\u00e7\u00f5es para aproveitar b\u00f3nus e promo\u00e7\u00f5es.<\/li>\n<\/ul>\n<h2><span class=\"ez-toc-section\" id=\"Perguntas-frequentes\"><\/span>Perguntas frequentes<span class=\"ez-toc-section-end\"><\/span><\/h2>\n<div id=\"Acc_bpm8\"><div id=\"bpmAccordion\" class=\"firstAcc \"><div class=\"accordion\">\n                    <div class=\"accordion-header accordion_gray\"> A app 888 tem algum custo?<\/div>\n                    <div class=\"accordion-content\"><p>Tanto o 888 Casino Portugal \u2013 Jogos quanto o 888Poker Texas Holdem Portugal s\u00e3o gratuitos em qualquer vers\u00e3o. Basta fazer o download sem nenhum custo e come\u00e7ar a jogar.<\/p><\/div>\n                <\/div><div class=\"accordion\">\n                    <div class=\"accordion-header accordion_gray\"> Por que n\u00e3o est\u00e1 dispon\u00edvel na Google Play Store?<\/div>\n                    <div class=\"accordion-content\"><p>Por contra de diretrizes, a app da 888 pode n\u00e3o aparecer na Google Play Store, mas \u00e9 poss\u00edvel acender o site para fazer o download com seguran\u00e7a.<\/p><\/div>\n                <\/div><div class=\"accordion\">\n                    <div class=\"accordion-header accordion_gray\"> \u00c9 seguro fazer o download?<\/div>\n                    <div class=\"accordion-content\"><p>O download \u00e9 totalmente seguro por meio da App Store ou pelo pr\u00f3prio site da 888.<\/p><\/div>\n                <\/div><div class=\"accordion\">\n                    <div class=\"accordion-header accordion_gray\"> A app consome muito espa\u00e7o na mem\u00f3ria?<\/div>\n                    <div class=\"accordion-content\"><p>A app 888 de casino consome pouca mem\u00f3ria, pouco mais de 37 MB, bem como a vers\u00e3o de poker. No entanto, n\u00e3o deve ser um fardo para a maior parte dos telem\u00f3veis atuais que contam com extensas mem\u00f3rias.<\/p><\/div>\n                <\/div><div class=\"accordion\">\n                    <div class=\"accordion-header accordion_gray\"> Por que a aplica\u00e7\u00e3o n\u00e3o funciona no meu telem\u00f3vel?<\/div>\n                    <div class=\"accordion-content\"><p>A app 888 est\u00e1 dispon\u00edvel para iOS vers\u00e3o 10.0 ou superior. Caso n\u00e3o consiga usar a app, verifique as atualiza\u00e7\u00f5es de seu telem\u00f3vel ou tablet. Como \u00faltima alternativa, entre em contato com o suporte 888 pelo e-mail suporte@888.pt.<\/p><\/div>\n                <\/div><div class=\"accordion\">\n                    <div class=\"accordion-header accordion_gray\"> Preciso fazer o download para jogar no meu dispositivo mobile?<\/div>\n                    <div class=\"accordion-content\"><p>N\u00e3o \u00e9 obrigat\u00f3rio o download da app 888. O jogador consegue ter acesso \u00e0s mesmas funcionalidades por meio do pr\u00f3prio navegador de internet instalado.<\/p><\/div>\n                <\/div><\/div><\/div>\n","protected":false},"excerpt":{"rendered":"<p>O 888 Casino \u00e9 um renomado site de apostas e casino online, sendo um dos mais antigos em atividade. Operado pela 888 Holdings, est\u00e1 ativo desde 1997 em diversos pa\u00edses, incluindo Portugal, onde est\u00e1 entre os mais populares. Internacionalmente, \u00e9 bastante premiado, sendo uma das empresas mais bem sucedidas do ramo do entretenimento. O site [&hellip;]<\/p>\n","protected":false},"author":14,"featured_media":0,"parent":10061190,"menu_order":0,"comment_status":"closed","ping_status":"closed","template":"single-app.php","meta":{"_acf_changed":false,"footnotes":""},"class_list":["post-10059327","page","type-page","status-publish","hentry"],"acf":[],"_links":{"self":[{"href":"https:\/\/staging.casinoalto.com\/pt\/wp-json\/wp\/v2\/pages\/10059327","targetHints":{"allow":["GET"]}}],"collection":[{"href":"https:\/\/staging.casinoalto.com\/pt\/wp-json\/wp\/v2\/pages"}],"about":[{"href":"https:\/\/staging.casinoalto.com\/pt\/wp-json\/wp\/v2\/types\/page"}],"author":[{"embeddable":true,"href":"https:\/\/staging.casinoalto.com\/pt\/wp-json\/wp\/v2\/users\/14"}],"replies":[{"embeddable":true,"href":"https:\/\/staging.casinoalto.com\/pt\/wp-json\/wp\/v2\/comments?post=10059327"}],"version-history":[{"count":4,"href":"https:\/\/staging.casinoalto.com\/pt\/wp-json\/wp\/v2\/pages\/10059327\/revisions"}],"predecessor-version":[{"id":10061486,"href":"https:\/\/staging.casinoalto.com\/pt\/wp-json\/wp\/v2\/pages\/10059327\/revisions\/10061486"}],"up":[{"embeddable":true,"href":"https:\/\/staging.casinoalto.com\/pt\/wp-json\/wp\/v2\/pages\/10061190"}],"wp:attachment":[{"href":"https:\/\/staging.casinoalto.com\/pt\/wp-json\/wp\/v2\/media?parent=10059327"}],"curies":[{"name":"wp","href":"https:\/\/api.w.org\/{rel}","templated":true}]}}