{"id":10061190,"date":"2021-05-07T15:14:56","date_gmt":"2021-05-07T15:14:56","guid":{"rendered":"https:\/\/casinoalto.com\/pt\/?page_id=10055261"},"modified":"2026-03-23T18:06:06","modified_gmt":"2026-03-23T18:06:06","slug":"apps","status":"publish","type":"page","link":"https:\/\/staging.casinoalto.com\/pt\/apps\/","title":{"rendered":"Apps de casino e apostas"},"content":{"rendered":"<p>Os <a href=\"\/pt\/casinos-online\/\">casinos online<\/a> e casas de apostas desportivas est\u00e3o a ganhar cada vez mais popularidade em Portugal, o que aumenta a competitividade do mercado e cria alguns pr\u00e9-requisitos b\u00e1sicos para que sites e casas online tenham sucesso neste mercado de jogos de azar. Um desses requisitos, sem d\u00favida, \u00e9 a <strong>adapta\u00e7\u00e3o para dispositivos mobile.<\/strong><\/p>\n<p>N\u00e3o \u00e9 segredo para ningu\u00e9m que o n\u00famero de usu\u00e1rios de celulares, tablets e outros dispositivos j\u00e1 <strong>\u00e9 maior que o de utilizadores de desktops ou laptops<\/strong>. No mercado de igaming, n\u00e3o \u00e9 diferente: grande parte dos clientes prefere fazer suas apostas em slots, roleta, blackjack ou desportos pelo mobile, de onde quiser, bem como realizar <a href=\"\/pt\/metodos-de-pago\/\">opera\u00e7\u00f5es de pagamento<\/a>. Ou seja, um casino com app estar\u00e1 adaptado \u00e0 nova realidade tecnol\u00f3gica.<\/p>\n<p>Por isso, \u00e9 fundamental que os casinos online ofere\u00e7am servi\u00e7os para este vasto p\u00fablico, sobretudo por meio de<strong> apps que tornam a experi\u00eancia ainda melhor<\/strong> pelos diferenciais que eles oferecem em rela\u00e7\u00e3o ao acesso tradicional pelos navegadores. N\u00f3s do <a href=\"\/pt\/\">Casino Alto<\/a> preparamos um guia com tudo que voc\u00ea precisa saber sobre apps de casino online.<\/p>\n<p>Neste guia, voc\u00ea encontrar\u00e1 algumas informa\u00e7\u00f5es b\u00e1sicas sobre as apps, tais como:<\/p>\n<ul>\n<li>Como funcionam as apps no sistema iOS;<\/li>\n<li>Quais as diferen\u00e7as encontradas no sistema Android;<\/li>\n<li>Como fazer o download em ambos os dispositivos;<\/li>\n<li>Os principais apps de casino online do mercado portugu\u00eas.<\/li>\n<\/ul>\n<div id=\"ez-toc-container\" class=\"ez-toc-v2_0_82_2 counter-hierarchy ez-toc-counter ez-toc-custom ez-toc-container-direction\">\n<p class=\"ez-toc-title\" style=\"cursor:inherit\">Tabla de contenidos<\/p>\n<label for=\"ez-toc-cssicon-toggle-item-69d6ac3456358\" class=\"ez-toc-cssicon-toggle-label\"><span class=\"\"><span class=\"eztoc-hide\" style=\"display:none;\">Toggle<\/span><span class=\"ez-toc-icon-toggle-span\"><svg style=\"fill: #999;color:#999\" xmlns=\"http:\/\/www.w3.org\/2000\/svg\" class=\"list-377408\" width=\"20px\" height=\"20px\" viewBox=\"0 0 24 24\" fill=\"none\"><path d=\"M6 6H4v2h2V6zm14 0H8v2h12V6zM4 11h2v2H4v-2zm16 0H8v2h12v-2zM4 16h2v2H4v-2zm16 0H8v2h12v-2z\" fill=\"currentColor\"><\/path><\/svg><svg style=\"fill: #999;color:#999\" class=\"arrow-unsorted-368013\" xmlns=\"http:\/\/www.w3.org\/2000\/svg\" width=\"10px\" height=\"10px\" viewBox=\"0 0 24 24\" version=\"1.2\" baseProfile=\"tiny\"><path d=\"M18.2 9.3l-6.2-6.3-6.2 6.3c-.2.2-.3.4-.3.7s.1.5.3.7c.2.2.4.3.7.3h11c.3 0 .5-.1.7-.3.2-.2.3-.5.3-.7s-.1-.5-.3-.7zM5.8 14.7l6.2 6.3 6.2-6.3c.2-.2.3-.5.3-.7s-.1-.5-.3-.7c-.2-.2-.4-.3-.7-.3h-11c-.3 0-.5.1-.7.3-.2.2-.3.5-.3.7s.1.5.3.7z\"\/><\/svg><\/span><\/span><\/label><input type=\"checkbox\"  id=\"ez-toc-cssicon-toggle-item-69d6ac3456358\" checked aria-label=\"Toggle\" \/><nav><ul class='ez-toc-list ez-toc-list-level-1 ' ><li class='ez-toc-page-1 ez-toc-heading-level-2'><a class=\"ez-toc-link ez-toc-heading-1\" href=\"https:\/\/staging.casinoalto.com\/pt\/apps\/#Apps-de-casino-e-apostas-para-iOS\" >Apps de casino e apostas para iOS<\/a><ul class='ez-toc-list-level-3' ><li class='ez-toc-heading-level-3'><a class=\"ez-toc-link ez-toc-heading-2\" href=\"https:\/\/staging.casinoalto.com\/pt\/apps\/#Como-fazer-download\" >Como fazer download<\/a><\/li><\/ul><\/li><li class='ez-toc-page-1 ez-toc-heading-level-2'><a class=\"ez-toc-link ez-toc-heading-3\" href=\"https:\/\/staging.casinoalto.com\/pt\/apps\/#Apps-de-casino-e-apostas-para-Android\" >Apps de casino e apostas para Android<\/a><ul class='ez-toc-list-level-3' ><li class='ez-toc-heading-level-3'><a class=\"ez-toc-link ez-toc-heading-4\" href=\"https:\/\/staging.casinoalto.com\/pt\/apps\/#Como-fazer-download-2\" >Como fazer download<\/a><\/li><\/ul><\/li><li class='ez-toc-page-1 ez-toc-heading-level-2'><a class=\"ez-toc-link ez-toc-heading-5\" href=\"https:\/\/staging.casinoalto.com\/pt\/apps\/#Principais-apps-de-casino-online\" >Principais apps de casino online<\/a><ul class='ez-toc-list-level-3' ><li class='ez-toc-heading-level-3'><a class=\"ez-toc-link ez-toc-heading-6\" href=\"https:\/\/staging.casinoalto.com\/pt\/apps\/#App-888\" >App 888<\/a><\/li><li class='ez-toc-page-1 ez-toc-heading-level-3'><a class=\"ez-toc-link ez-toc-heading-7\" href=\"https:\/\/staging.casinoalto.com\/pt\/apps\/#App-Casino-Portugal\" >App Casino Portugal<\/a><\/li><li class='ez-toc-page-1 ez-toc-heading-level-3'><a class=\"ez-toc-link ez-toc-heading-8\" href=\"https:\/\/staging.casinoalto.com\/pt\/apps\/#App-Bacana-Play\" >App Bacana Play<\/a><\/li><li class='ez-toc-page-1 ez-toc-heading-level-3'><a class=\"ez-toc-link ez-toc-heading-9\" href=\"https:\/\/staging.casinoalto.com\/pt\/apps\/#App-Placard\" >App Placard<\/a><\/li><\/ul><\/li><li class='ez-toc-page-1 ez-toc-heading-level-2'><a class=\"ez-toc-link ez-toc-heading-10\" href=\"https:\/\/staging.casinoalto.com\/pt\/apps\/#Perguntas-Frequentes\" >Perguntas Frequentes<\/a><\/li><\/ul><\/nav><\/div>\n<h2><span class=\"ez-toc-section\" id=\"Apps-de-casino-e-apostas-para-iOS\"><\/span>Apps de casino e apostas para iOS<span class=\"ez-toc-section-end\"><\/span><\/h2>\n<p>Os dispositivos da <strong>Apple<\/strong> est\u00e3o entre os mais utilizados em todo o pa\u00eds, sejam iPhone, iPpad, iPod Touch e at\u00e9 mesmo iWatch. A boa not\u00edcia para quem gosta de apostas em casinos ou casas de apostas \u00e9 que a <strong>maioria dos sites conta com um app para este sistema operacional<\/strong>.<\/p>\n<p>Para o iOS, essas apps s\u00e3o disponibilizados <strong>diretamente na App Store<\/strong> da Apple. Via de regra, os apps funcionam em todos os dispositivos que tenham <strong>iOS vers\u00e3o 10.0 ou superior<\/strong>.<\/p>\n<h3><span class=\"ez-toc-section\" id=\"Como-fazer-download\"><\/span>Como fazer download<span class=\"ez-toc-section-end\"><\/span><\/h3>\n<p>Para descarregar uma app de casino ou apostas desportivas para seu dispositivo, basta aceder \u00e0 loja da App Store e pesquisar pelo melhor app para apostas de acordo com seus crit\u00e9rios de escolha \u2013 n\u00e3o se preocupe, n\u00f3s fazemos uma an\u00e1lise de todos eles. Alguns casinos disponibilizam <strong>links ou QR codes<\/strong> em seus pr\u00f3prios sites, que fazem o redirecionamento para a App Store.<\/p>\n<p>Depois de fazer o download, <strong>a instala\u00e7\u00e3o \u00e9 autom\u00e1tica<\/strong> no dispositivo e o usu\u00e1rio j\u00e1 pode fazer seu login e come\u00e7ar a apostar de onde estiver e quando quiser.<\/p>\n<h2><span class=\"ez-toc-section\" id=\"Apps-de-casino-e-apostas-para-Android\"><\/span>Apps de casino e apostas para Android<span class=\"ez-toc-section-end\"><\/span><\/h2>\n<p>Se voc\u00ea n\u00e3o utiliza iOS, provavelmente possui um dispositivo <strong>Android<\/strong>, que \u00e9 l\u00edder de mercado por conta das diversas marcas que utilizam deste sistema. Para apostadores, tamb\u00e9m h\u00e1 uma s\u00e9rie de aplica\u00e7\u00f5es dispon\u00edveis.<\/p>\n<p>\u00c9 muito comum que a\u00a0<strong>PlayStore restrinja\u00a0<\/strong>esse tipo de aplica\u00e7\u00e3o por conta das diretrizes de sua plataforma.<\/p>\n<h3><span class=\"ez-toc-section\" id=\"Como-fazer-download-2\"><\/span>Como fazer download<span class=\"ez-toc-section-end\"><\/span><\/h3>\n<p>Para descarregar um aplicativo para Android, \u00e9 preciso aceder o site do casino para ter <strong>acesso ao link ou QR Code<\/strong> que redireciona para o download do arquivo em <strong>formato apk<\/strong>. O tamanho do download varia entre 15 MB e 25 MB, ou seja, n\u00e3o ocupa muito espa\u00e7o na mem\u00f3ria.<\/p>\n<p>O segundo passo \u00e9 <strong>alterar as configura\u00e7\u00f5es do dispositivo<\/strong> para permitir a instala\u00e7\u00e3o de aplica\u00e7\u00f5es de fontes desconhecidas. Geralmente, o caminho para isso \u00e9 <strong>Defini\u00e7\u00f5es &gt; Seguran\u00e7a<\/strong>, mas ele pode variar de dispositivo para dispositivo.<\/p>\n<p>Uma vez que essa configura\u00e7\u00e3o \u00e9 alterada, basta escolher o app entre os ficheiros de download e realizar a instala\u00e7\u00e3o para, a\u00ed sim, come\u00e7ar a fazer suas apostas.<\/p>\n<h2><span class=\"ez-toc-section\" id=\"Principais-apps-de-casino-online\"><\/span>Principais apps de casino online<span class=\"ez-toc-section-end\"><\/span><\/h2>\n<p>Como j\u00e1 explicamos, a grande maioria dos casinos online portugueses oferecem apps (quando n\u00e3o o fazem, h\u00e1 a possibilidade de aceder o site via navegador). Abaixo, voc\u00ea conhece melhor:<\/p>\n<h3><span class=\"ez-toc-section\" id=\"App-888\"><\/span>App 888<span class=\"ez-toc-section-end\"><\/span><\/h3>\n<p>Outro casino que conta com uma boa app \u00e9 o 888. Na verdade, s\u00e3o duas vers\u00f5es de <a href=\"\/pt\/apps\/888-casino\/\">app 888<\/a>: uma para jogos de casino e outra voltada exclusivamente para o poker online. Ambos contam com um bom sistema de software e seguran\u00e7a para os usu\u00e1rios.<\/p>\n<h3><span class=\"ez-toc-section\" id=\"App-Casino-Portugal\"><\/span>App Casino Portugal<span class=\"ez-toc-section-end\"><\/span><\/h3>\n<p>Por fim, a <a href=\"\/pt\/apps\/casino-portugal\/\">app Casino Portugal<\/a> \u00e9 outro a se destacar nos dispositivos m\u00f3veis com um sistema totalmente funcional tanto para apostas em jogos de casino quanto para apostas desportivas, contando com notifica\u00e7\u00f5es de promo\u00e7\u00f5es exclusivas e um \u00f3timo layout.<\/p>\n<h3><span class=\"ez-toc-section\" id=\"App-Bacana-Play\"><\/span>App Bacana Play<span class=\"ez-toc-section-end\"><\/span><\/h3>\n<p>A Bacana Play \u00e9 uma plataforma de casino que destaca-se pela proposta jovem e arrojada. O site traz vers\u00f5es para Android e iOS, e o formato de fazer o download pode mudar em cada sistema operacional, mas ambas s\u00e3o baoas aplica\u00e7\u00f5es.<\/p>\n<h3><span class=\"ez-toc-section\" id=\"App-Placard\"><\/span>App Placard<span class=\"ez-toc-section-end\"><\/span><\/h3>\n<p>A Placard \u00e9 uma boa casa tanto para apostas desportivas quanto para casino, oferecendo op\u00e7\u00f5es de aplica\u00e7\u00f5es para Android e iOS. Em caso do iOS, podes fazer o download\u00a0<strong>directamente pela App Store\u00a0<\/strong>no telem\u00f3vel.<\/p>\n<h2><span class=\"ez-toc-section\" id=\"Perguntas-Frequentes\"><\/span>Perguntas Frequentes<span class=\"ez-toc-section-end\"><\/span><\/h2>\n<div id=\"Acc_bpm17\"><div id=\"bpmAccordion\" class=\"firstAcc \"><div class=\"accordion\">\n                    <div class=\"accordion-header accordion_gray\"> Quais as funcionalidades de uma app?<\/div>\n                    <div class=\"accordion-content\"><p><p>Atrav\u00e9s da app do casino, o usu\u00e1rio consegue ter acesso \u00e0s mesmas funcionalidades do desktop. Al\u00e9m de fazer as apostas, \u00e9 poss\u00edvel criar uma conta, fazer opera\u00e7\u00f5es de saque e levantamento (com mais seguran\u00e7a que no desktop), entrar em contacto com o suporte, aceder \u00e0 pol\u00edtica de jogo respons\u00e1vel, entre outros servi\u00e7os.<br><\/p><\/p><\/div>\n                <\/div><div class=\"accordion\">\n                    <div class=\"accordion-header accordion_gray\"> Existe algum custo para aplica\u00e7\u00f5es?<\/div>\n                    <div class=\"accordion-content\"><p><p>\u00c9 importante salientar que todos as apps recomendados pelo Casino Alto s\u00e3o gratuitos, tanto para Android quanto iOS. Ou seja, guarde seu dinheiro real para fazer suas apostas nos jogos e desportos.<br><\/p><\/p><\/div>\n                <\/div><div class=\"accordion\">\n                    <div class=\"accordion-header accordion_gray\"> Como saber se \u00e9 seguro fazer download?<\/div>\n                    <div class=\"accordion-content\"><p><p>Se voc\u00ea \u00e9 um usu\u00e1rio Apple, a app fica dispon\u00edvel diretamente na loja App Store, o que d\u00e1 ainda mais seguran\u00e7a. Por\u00e9m, caso use Android, \u00e9 necess\u00e1rio descarregar a apk. Neste caso, recomendamos sempre que este download seja feito diretamente no site do casino online. N\u00e3o confie em outras fontes, pois isso pode prejudicar seu aparelho.<br><\/p><\/p><\/div>\n                <\/div><div class=\"accordion\">\n                    <div class=\"accordion-header accordion_gray\"> As apps ocupam muita mem\u00f3ria?<\/div>\n                    <div class=\"accordion-content\"><p><p>Via de regra, as apps de casino online ou apostas desportivas n\u00e3o ocupam mais do que 20 MB ou 30 MB. Considerando que os dispositivos de hoje em dia contam com amplas capacidades de armazenamento interno, isso n\u00e3o deve ser um problema para a maior parte dos usu\u00e1rios.<br><\/p><\/p><\/div>\n                <\/div><div class=\"accordion\">\n                    <div class=\"accordion-header accordion_gray\"> \u00c9 preciso fazer download das apps para jogar no telem\u00f3vel?<\/div>\n                    <div class=\"accordion-content\"><p><p>N\u00e3o. Vale lembrar que todos os casinos podem ser acessados pelos navegadores (Google Chrome, Safari, Firefox, etc) e via de regra contam com boa responsividade e est\u00e3o optimizados para o mobile. No entanto, recomendamos o uso dos apps por sua praticidade e seguran\u00e7a, al\u00e9m de um sistema inteligente de notifica\u00e7\u00f5es que deixar\u00e1 o cliente por dentro dos b\u00f3nus e promo\u00e7\u00f5es.<br><\/p><\/p><\/div>\n                <\/div><\/div><\/div>\n","protected":false},"excerpt":{"rendered":"<p>Os casinos online e casas de apostas desportivas est\u00e3o a ganhar cada vez mais popularidade em Portugal, o que aumenta a competitividade do mercado e cria alguns pr\u00e9-requisitos b\u00e1sicos para que sites e casas online tenham sucesso neste mercado de jogos de azar. Um desses requisitos, sem d\u00favida, \u00e9 a adapta\u00e7\u00e3o para dispositivos mobile. N\u00e3o [&hellip;]<\/p>\n","protected":false},"author":1,"featured_media":0,"parent":0,"menu_order":0,"comment_status":"closed","ping_status":"closed","template":"template_aplicaciones_casinos.php","meta":{"_acf_changed":false,"footnotes":""},"class_list":["post-10061190","page","type-page","status-publish","hentry"],"acf":[],"_links":{"self":[{"href":"https:\/\/staging.casinoalto.com\/pt\/wp-json\/wp\/v2\/pages\/10061190","targetHints":{"allow":["GET"]}}],"collection":[{"href":"https:\/\/staging.casinoalto.com\/pt\/wp-json\/wp\/v2\/pages"}],"about":[{"href":"https:\/\/staging.casinoalto.com\/pt\/wp-json\/wp\/v2\/types\/page"}],"author":[{"embeddable":true,"href":"https:\/\/staging.casinoalto.com\/pt\/wp-json\/wp\/v2\/users\/1"}],"replies":[{"embeddable":true,"href":"https:\/\/staging.casinoalto.com\/pt\/wp-json\/wp\/v2\/comments?post=10061190"}],"version-history":[{"count":11,"href":"https:\/\/staging.casinoalto.com\/pt\/wp-json\/wp\/v2\/pages\/10061190\/revisions"}],"predecessor-version":[{"id":10061870,"href":"https:\/\/staging.casinoalto.com\/pt\/wp-json\/wp\/v2\/pages\/10061190\/revisions\/10061870"}],"wp:attachment":[{"href":"https:\/\/staging.casinoalto.com\/pt\/wp-json\/wp\/v2\/media?parent=10061190"}],"curies":[{"name":"wp","href":"https:\/\/api.w.org\/{rel}","templated":true}]}}