{"id":140849,"date":"2017-10-19T11:07:00","date_gmt":"2017-10-19T11:07:00","guid":{"rendered":"https:\/\/casinoalto.com\/pt\/?page_id=140849"},"modified":"2025-06-05T15:42:38","modified_gmt":"2025-06-05T15:42:38","slug":"casino-en-vivo","status":"publish","type":"page","link":"https:\/\/staging.casinoalto.com\/pt\/casino-en-vivo\/","title":{"rendered":"Casino ao vivo"},"content":{"rendered":"<p><strong>Actualmente, os jogos de casino ao vivo n\u00e3o est\u00e3o dispon\u00edveis em Portugal. Isto \u00e9 por conta de legisla\u00e7\u00f5es nacionais que impedem este tipo de servi\u00e7o.<\/strong><\/p>\n<p><strong>D\u00ea uma olhada nestes outros b\u00f3nus de casino, caso eles possam interess\u00e1-lo:<\/strong><\/p>\n<p>No mundo dos <a href=\"https:\/\/casinoalto.com\/pt\/\" target=\"_blank\" rel=\"noopener\">casinos online em Portugal<\/a>, encontramos uma grande variedade de jogos e que lhe permitem desfrutar da melhor experi\u00eancia sem sair de casa, atrav\u00e9s de um computador ou dispositivos m\u00f3veis.<\/p>\n<p>Muitas vezes, por\u00e9m, a imers\u00e3o \u00e9 curta e o jogo online peca no que diz respeito a emo\u00e7\u00e3o. Qual \u00e9 a melhor solu\u00e7\u00e3o para isso? Os casinos ao vivo.<\/p>\n<div id=\"ez-toc-container\" class=\"ez-toc-v2_0_82_2 counter-hierarchy ez-toc-counter ez-toc-custom ez-toc-container-direction\">\n<p class=\"ez-toc-title\" style=\"cursor:inherit\">Tabla de contenidos<\/p>\n<label for=\"ez-toc-cssicon-toggle-item-69d6958e8cd95\" class=\"ez-toc-cssicon-toggle-label\"><span class=\"\"><span class=\"eztoc-hide\" style=\"display:none;\">Toggle<\/span><span class=\"ez-toc-icon-toggle-span\"><svg style=\"fill: #999;color:#999\" xmlns=\"http:\/\/www.w3.org\/2000\/svg\" class=\"list-377408\" width=\"20px\" height=\"20px\" viewBox=\"0 0 24 24\" fill=\"none\"><path d=\"M6 6H4v2h2V6zm14 0H8v2h12V6zM4 11h2v2H4v-2zm16 0H8v2h12v-2zM4 16h2v2H4v-2zm16 0H8v2h12v-2z\" fill=\"currentColor\"><\/path><\/svg><svg style=\"fill: #999;color:#999\" class=\"arrow-unsorted-368013\" xmlns=\"http:\/\/www.w3.org\/2000\/svg\" width=\"10px\" height=\"10px\" viewBox=\"0 0 24 24\" version=\"1.2\" baseProfile=\"tiny\"><path d=\"M18.2 9.3l-6.2-6.3-6.2 6.3c-.2.2-.3.4-.3.7s.1.5.3.7c.2.2.4.3.7.3h11c.3 0 .5-.1.7-.3.2-.2.3-.5.3-.7s-.1-.5-.3-.7zM5.8 14.7l6.2 6.3 6.2-6.3c.2-.2.3-.5.3-.7s-.1-.5-.3-.7c-.2-.2-.4-.3-.7-.3h-11c-.3 0-.5.1-.7.3-.2.2-.3.5-.3.7s.1.5.3.7z\"\/><\/svg><\/span><\/span><\/label><input type=\"checkbox\"  id=\"ez-toc-cssicon-toggle-item-69d6958e8cd95\" checked aria-label=\"Toggle\" \/><nav><ul class='ez-toc-list ez-toc-list-level-1 ' ><li class='ez-toc-page-1 ez-toc-heading-level-2'><a class=\"ez-toc-link ez-toc-heading-1\" href=\"https:\/\/staging.casinoalto.com\/pt\/casino-en-vivo\/#O-que-e-um-casino-online-ao-vivo\" >O que \u00e9 um casino online ao vivo?<\/a><\/li><li class='ez-toc-page-1 ez-toc-heading-level-2'><a class=\"ez-toc-link ez-toc-heading-2\" href=\"https:\/\/staging.casinoalto.com\/pt\/casino-en-vivo\/#Vantagens-de-jogar-em-um-casino-ao-vivo\" >Vantagens de jogar em um casino ao vivo<\/a><\/li><li class='ez-toc-page-1 ez-toc-heading-level-2'><a class=\"ez-toc-link ez-toc-heading-3\" href=\"https:\/\/staging.casinoalto.com\/pt\/casino-en-vivo\/#Seccao-de-jogos-nos-casinos-ao-vivo\" >Sec\u00e7\u00e3o de jogos nos casinos ao vivo<\/a><\/li><\/ul><\/nav><\/div>\n<h2><span class=\"ez-toc-section\" id=\"O-que-e-um-casino-online-ao-vivo\"><\/span><strong>O que \u00e9 um casino online ao vivo?<\/strong><span class=\"ez-toc-section-end\"><\/span><\/h2>\n<p>Os casinos ao vivo, ou <strong>casinos online ao vivo<\/strong>, oferecem todo o conforto e vantagem do casino online, mas com o incentivo de jogar no ambiente de um casino f\u00edsico.<\/p>\n<p>H\u00e1 um crupi\u00ea que ditar\u00e1 o ritmo do jogo (distribuir cartas, fazer a roleta de girar, distribuir pr\u00eamios, etc) como em um casino f\u00edsico, mas a diferen\u00e7a \u00e9 que voc\u00ea pode jogar onde quiser.<\/p>\n<p>\u00c9 poss\u00edvel <strong>ver todas as a\u00e7\u00f5es do crupi\u00ea,<\/strong> escutar todos os sons do casino ao vivo, seguir o jogo ao vivo e at\u00e9 mesmo conversar com outros jogadores atrav\u00e9s dos dispositivos m\u00f3veis ou notebook. Tudo isso s\u00e3o coisas que n\u00e3o s\u00e3o poss\u00edveis em um casino online b\u00e1sico e automatizado por software.<\/p>\n<h2><span class=\"ez-toc-section\" id=\"Vantagens-de-jogar-em-um-casino-ao-vivo\"><\/span><strong>Vantagens de jogar em um casino ao vivo<\/strong><span class=\"ez-toc-section-end\"><\/span><\/h2>\n<p><img decoding=\"async\" src=\"\/wp-content\/uploads\/2018\/09\/ruleta-en-vivo.webp\" alt=\"ruleta en vivo\" \/><\/p>\n<p><strong>Mais emo\u00e7\u00e3o<\/strong><\/p>\n<p>Sem d\u00favida \u00e9 a grande diferen\u00e7a no aspecto positivo em rela\u00e7\u00e3o ao casino tradicional online. O fato de <strong>se sentir em um casino f\u00edsico com crupi\u00eas reais<\/strong> organizando o jogo e a possibilidade de conversar ao vivo com outros jogadores s\u00e3o caracter\u00edsticas que aderem mais emo\u00e7\u00e3o ao jogo.<\/p>\n<p>Nos jogos de casino online<\/a>, uma certa parte da intensidade \u00e9 perdida em rela\u00e7\u00e3o ao casino f\u00edsico.<\/p>\n<p><strong>Bons pr\u00e9mios<\/strong><\/p>\n<p>Os <strong>bons pr\u00e9mios s\u00e3o outro grande incentivo<\/strong>, principalmente nos casinos ao vivo que s\u00e3o retransmitidos diretamente de um casino f\u00edsico.<\/p>\n<p>A presen\u00e7a de outros jogadores torna o jogo mais din\u00e2mico e, consequentemente, as apostas em jogo aumentam. Portanto, aconselhamos que, se voc\u00ea quiser tentar a sua sorte no casino ao vivo, inicie a experi\u00eancia com cautela para n\u00e3o deixar se levar pela emo\u00e7\u00e3o do jogo.<\/p>\n<p>Para isso, uma boa op\u00e7\u00e3o \u00e9 come\u00e7ar com uma oferta de <a href=\"\/pt\/casinos-sin-deposito\/\">b\u00f3nus de casino sem dep\u00f3sito<\/a> em que voc\u00ea receber\u00e1 seu dinheiro gr\u00e1tis pelo simples fato de se registrar ou qualquer outro tipo de <a href=\"https:\/\/casinoalto.com\/pt\/bonos-de-bienvenida\/\" target=\"_blank\" rel=\"noopener\">b\u00f3nus e promo\u00e7\u00f5es para jogadores<\/a>.<\/p>\n<h2><span class=\"ez-toc-section\" id=\"Seccao-de-jogos-nos-casinos-ao-vivo\"><\/span><strong>Sec\u00e7\u00e3o de jogos nos casinos ao vivo<\/strong><span class=\"ez-toc-section-end\"><\/span><\/h2>\n<p><img loading=\"lazy\" decoding=\"async\" class=\"size-full wp-image-147587 aligncenter\" src=\"\/wp-content\/uploads\/2018\/09\/casino-en-vivo-app.webp\" alt=\"casino en vivo app\" width=\"550\" height=\"634\" \/><\/p>\n<p>Nem todos os jogos dispon\u00edveis no casino online tradicional podem ser jogados com o dealer ao vivo, como por exemplo os slots. Estes slots s\u00e3o mais comumente encontrados nos jogos online e n\u00e3o necessitam da presen\u00e7a de dealer ao vivo, bastando o girar das bobinas para iniciar a divers\u00e3o.<\/p>\n<p>No entanto, existem v\u00e1rios jogos e variantes dispon\u00edveis que voc\u00ea ver\u00e1 abaixo.<\/p>\n<p><strong>Roleta ao vivo<\/strong><\/p>\n<p>A roleta est\u00e1 presente em todos os casinos f\u00edsicos, e tamb\u00e9m nos online. Geralmente \u00e9 <strong>aquele jogo que atrai curiosos<\/strong> que ficam ao redor e gostam de ver a sorte daqueles que apostam suas fichas. O\u00a0objetivo simples de que \u00e9 adivinhar <strong>onde a bolinha ir\u00e1 parar<\/strong> \u00e9 o que torna t\u00e3o atrativo. Existem tr\u00eas tipos de variantes de roletas. A primeira \u00e9 a roleta europeia, a francesa e a americana.<\/p>\n<p><strong>Blackjack ao vivo<\/strong><\/p>\n<p>O <strong>blackjack \u00e9 um jogo bem popular nos casinos<\/strong>, e teve sua origem na Europa, mais precisamente em Fran\u00e7a. Tal fato ocorreu no s\u00e9culo XVII e o jogo foi se espalhando por todo o mundo, sendo conhecido em outros lugares tamb\u00e9m como 21. Chegando \u00e0 nossa d\u00e9cada, \u00e9 poss\u00edvel usufruir deste jogo t\u00e3o tradicional agora em vers\u00f5es online e ao vivo.<\/p>\n<p><strong>Baccarat ao vivo<\/strong><\/p>\n<p>O baccarat ao vivo \u00e9 menos conhecido do que os outros dois jogos de casinos listados acima, mas tem uma grande legi\u00e3o de jogadores. Nascido em Fran\u00e7a, <strong>o jogo tamb\u00e9m \u00e9 conhecido como um jogo vip<\/strong>, j\u00e1 que suas apostas geralmente s\u00e3o altas. Por\u00e9m, em suas vers\u00f5es online s\u00e3o encontradas apostas mais baixas que podem ser acessadas por clientes que n\u00e3o desejam apostar muito.<\/p>\n<p><strong>Poker ao vivo<\/strong><\/p>\n<p>O poker \u00e9 um jogo muito encontrado em casinos de todo o mundo. A casa pode oferecer a oportunidade de experimentar as v<strong>\u00e1rias modalidades desse jogo de cartas<\/strong>. Assim como em um casino f\u00edsico, no live casino as partidas possuem as regras dos jogos que devem ser seguidas. O valor da aposta \u00e9 definido antes de dar as cartas.<\/p>\n<p>Ou seja, no live casino,<strong> as cartas s\u00e3o distribu\u00eddas por um dealer ao vivo<\/strong>, e as apostas v\u00e3o sendo realizadas enquanto elas s\u00e3o abertas.<\/p>\n<p><strong>\u00c9 seguro jogar no casino ao vivo?<\/strong><\/p>\n<p>Sim, <strong>\u00e9 completamente seguro jogar no casino ao vivo<\/strong>, desde que voc\u00ea o fa\u00e7a em um casino legalizado. Sempre enfatizamos isto j\u00e1 que sua seguran\u00e7a est\u00e1 acima de qualquer<\/p>\n<p>Actualmente,\u00a0<strong>Portugal n\u00e3o disp\u00f5e de casinos ao vivo,\u00a0<\/strong>por conta das legisla\u00e7\u00f5es do pa\u00eds.<\/p>\n<p><strong>Como aumentar sua seguran\u00e7a no casino ao vivo<\/strong><\/p>\n<ul>\n<li>Visite nossa lista de <a href=\"\/pt\/casinos-online\/\">casinos legalizados em Portugal<\/a>. Nossa lista \u00e9 constantemente actualizada com dados reais e recentes do casino. As <strong>notas s\u00e3o dadas por especialistas<\/strong> que entendem do assunto e analisam todos os pormenores dos casinos em Portugal.<\/li>\n<li>Se a casa n\u00e3o tiver um registro em Portugal, n\u00e3o a acesse. Todos os casinos que constam em nossa lista est\u00e3o <strong>registrados no SRIJ<\/strong> (Servi\u00e7o de Regula\u00e7\u00e3o e Inspe\u00e7\u00e3o de Jogos). Esta \u00e9 uma seguran\u00e7a para si, que poder\u00e1 confiar na casa, j\u00e1 que esta opera dentro da lei, escolhendo uma das <a href=\"https:\/\/casinoalto.com\/pt\/metodos-de-pago\/\" target=\"_blank\" rel=\"noopener\">formas de pagamento para dep\u00f3sito<\/a>.<\/li>\n<li><strong>Nunca entre na conta da casa de aposta atrav\u00e9s de computadores p\u00fablicos<\/strong> ou ceda seus dados de acesso para terceiros. Tamb\u00e9m n\u00e3o esque\u00e7a de sair da conta antes de fechar todas as janelas do navegador.<\/li>\n<li>Os apostadores tamb\u00e9m devem ficar de olho no te<strong>mpo de perman\u00eancia nos jogos de casino<\/strong>. Nunca aposte al\u00e9m de valores pr\u00e9-estipulados, e caso verifique estar com algum problema com jogos, entre em contacto com \u00f3rg\u00e3os indicados pelo casino e que podem ajudar.<\/li>\n<li>Os <strong>limites de aposta<\/strong> nos jogos e valor de aposta realizada no live casino fazem parte da Pol\u00edtica de Jogo Respons\u00e1vel que visa evitar transtornos tanto para os apostadores quanto para sua fam\u00edlia.<\/li>\n<li>Verifique se o casino possui um <strong>cadeado no endere\u00e7o do site<\/strong>. Este s\u00edmbolo comprova que trata-se de uma conex\u00e3o segura e seus dados informados ser\u00e3o guardados com confidencialidade.<\/li>\n<li>Leia todos os t<strong>ermos e condi\u00e7\u00f5es do casino<\/strong>, para que n\u00e3o escape nenhuma d\u00favida com rela\u00e7\u00e3o aos jogos oferecidos, ofertas, m\u00e9todos de pagamento e regulamentos gerais.<\/li>\n<\/ul>\n","protected":false},"excerpt":{"rendered":"<p>Actualmente, os jogos de casino ao vivo n\u00e3o est\u00e3o dispon\u00edveis em Portugal. Isto \u00e9 por conta de legisla\u00e7\u00f5es nacionais que impedem este tipo de servi\u00e7o. D\u00ea uma olhada nestes outros b\u00f3nus de casino, caso eles possam interess\u00e1-lo: No mundo dos casinos online em Portugal, encontramos uma grande variedade de jogos e que lhe permitem desfrutar [&hellip;]<\/p>\n","protected":false},"author":20,"featured_media":0,"parent":0,"menu_order":0,"comment_status":"closed","ping_status":"closed","template":"page-casinos.php","meta":{"_acf_changed":false,"footnotes":""},"class_list":["post-140849","page","type-page","status-publish","hentry"],"acf":[],"_links":{"self":[{"href":"https:\/\/staging.casinoalto.com\/pt\/wp-json\/wp\/v2\/pages\/140849","targetHints":{"allow":["GET"]}}],"collection":[{"href":"https:\/\/staging.casinoalto.com\/pt\/wp-json\/wp\/v2\/pages"}],"about":[{"href":"https:\/\/staging.casinoalto.com\/pt\/wp-json\/wp\/v2\/types\/page"}],"author":[{"embeddable":true,"href":"https:\/\/staging.casinoalto.com\/pt\/wp-json\/wp\/v2\/users\/20"}],"replies":[{"embeddable":true,"href":"https:\/\/staging.casinoalto.com\/pt\/wp-json\/wp\/v2\/comments?post=140849"}],"version-history":[{"count":3,"href":"https:\/\/staging.casinoalto.com\/pt\/wp-json\/wp\/v2\/pages\/140849\/revisions"}],"predecessor-version":[{"id":10061722,"href":"https:\/\/staging.casinoalto.com\/pt\/wp-json\/wp\/v2\/pages\/140849\/revisions\/10061722"}],"wp:attachment":[{"href":"https:\/\/staging.casinoalto.com\/pt\/wp-json\/wp\/v2\/media?parent=140849"}],"curies":[{"name":"wp","href":"https:\/\/api.w.org\/{rel}","templated":true}]}}