{"id":140857,"date":"2017-10-19T11:46:35","date_gmt":"2017-10-19T11:46:35","guid":{"rendered":"https:\/\/casinoalto.com\/pt\/?page_id=140857"},"modified":"2024-05-24T16:49:52","modified_gmt":"2024-05-24T16:49:52","slug":"ruleta","status":"publish","type":"page","link":"https:\/\/staging.casinoalto.com\/pt\/casino-en-vivo\/ruleta\/","title":{"rendered":"Roleta ao vivo"},"content":{"rendered":"<p><strong>Atualmente, os jogos de casino ao vivo n\u00e3o est\u00e3o dispon\u00edveis em Portugal. D\u00ea uma olhada nestes outros b\u00f3nus de casino, caso eles possam interess\u00e1-lo:<\/strong><\/p>\n<p>Um dos principais jogos dos <a href=\"\/pt\/casinos-online\/\">casinos online<\/a> \u00e9 sem d\u00favida a roleta ao vivo. Este \u00e9 provavelmente o jogo mais valorizado pelos jogadores de casino e sua fama se construiu devido a sua inevit\u00e1vel emo\u00e7\u00e3o.<\/p>\n<p>Na roleta ao vivo, voc\u00ea desfrutar\u00e1 da adrenalina de uma roda f\u00edsica girat\u00f3ria real com todos os seus sons caracter\u00edsticos e o crupi\u00ea organizando tudo.<\/p>\n<div id=\"ez-toc-container\" class=\"ez-toc-v2_0_82_2 counter-hierarchy ez-toc-counter ez-toc-custom ez-toc-container-direction\">\n<p class=\"ez-toc-title\" style=\"cursor:inherit\">Tabla de contenidos<\/p>\n<label for=\"ez-toc-cssicon-toggle-item-69d6c60db3f9c\" class=\"ez-toc-cssicon-toggle-label\"><span class=\"\"><span class=\"eztoc-hide\" style=\"display:none;\">Toggle<\/span><span class=\"ez-toc-icon-toggle-span\"><svg style=\"fill: #999;color:#999\" xmlns=\"http:\/\/www.w3.org\/2000\/svg\" class=\"list-377408\" width=\"20px\" height=\"20px\" viewBox=\"0 0 24 24\" fill=\"none\"><path d=\"M6 6H4v2h2V6zm14 0H8v2h12V6zM4 11h2v2H4v-2zm16 0H8v2h12v-2zM4 16h2v2H4v-2zm16 0H8v2h12v-2z\" fill=\"currentColor\"><\/path><\/svg><svg style=\"fill: #999;color:#999\" class=\"arrow-unsorted-368013\" xmlns=\"http:\/\/www.w3.org\/2000\/svg\" width=\"10px\" height=\"10px\" viewBox=\"0 0 24 24\" version=\"1.2\" baseProfile=\"tiny\"><path d=\"M18.2 9.3l-6.2-6.3-6.2 6.3c-.2.2-.3.4-.3.7s.1.5.3.7c.2.2.4.3.7.3h11c.3 0 .5-.1.7-.3.2-.2.3-.5.3-.7s-.1-.5-.3-.7zM5.8 14.7l6.2 6.3 6.2-6.3c.2-.2.3-.5.3-.7s-.1-.5-.3-.7c-.2-.2-.4-.3-.7-.3h-11c-.3 0-.5.1-.7.3-.2.2-.3.5-.3.7s.1.5.3.7z\"\/><\/svg><\/span><\/span><\/label><input type=\"checkbox\"  id=\"ez-toc-cssicon-toggle-item-69d6c60db3f9c\" checked aria-label=\"Toggle\" \/><nav><ul class='ez-toc-list ez-toc-list-level-1 ' ><li class='ez-toc-page-1 ez-toc-heading-level-2'><a class=\"ez-toc-link ez-toc-heading-1\" href=\"https:\/\/staging.casinoalto.com\/pt\/casino-en-vivo\/ruleta\/#O-que-e-roleta-ao-vivo\" >O que \u00e9 roleta ao vivo<\/a><\/li><li class='ez-toc-page-1 ez-toc-heading-level-2'><a class=\"ez-toc-link ez-toc-heading-2\" href=\"https:\/\/staging.casinoalto.com\/pt\/casino-en-vivo\/ruleta\/#Como-jogar-roleta-ao-vivo\" >Como jogar roleta ao vivo<\/a><ul class='ez-toc-list-level-3' ><li class='ez-toc-heading-level-3'><a class=\"ez-toc-link ez-toc-heading-3\" href=\"https:\/\/staging.casinoalto.com\/pt\/casino-en-vivo\/ruleta\/#Regras-da-roleta-ao-vivo\" >Regras da roleta ao vivo<\/a><\/li><\/ul><\/li><li class='ez-toc-page-1 ez-toc-heading-level-2'><a class=\"ez-toc-link ez-toc-heading-4\" href=\"https:\/\/staging.casinoalto.com\/pt\/casino-en-vivo\/ruleta\/#Existe-roleta-ao-vivo-gratis\" >Existe roleta ao vivo gr\u00e1tis?<\/a><\/li><\/ul><\/nav><\/div>\n<h2><span class=\"ez-toc-section\" id=\"O-que-e-roleta-ao-vivo\"><\/span>O que \u00e9 roleta ao vivo<span class=\"ez-toc-section-end\"><\/span><\/h2>\n<p>A roleta ao vivo \u00e9 uma verdadeira roleta de casino que voc\u00ea pode jogar no computador, tablet ou celular. Isso acontece gra\u00e7as \u00e0 transmiss\u00e3o do jogo ao vivo, que \u00e9 jogado em um casino real ou em uma sala especificamente projetada para abrigar esse tipo de jogo.<\/p>\n<p>A ilumina\u00e7\u00e3o, os sons, a roleta com a bola girat\u00f3ria, o crupi\u00ea com as roupas t\u00edpicas de um casino f\u00edsico&#8230; tudo estar\u00e1 preparado para uma imers\u00e3o completa que tornar\u00e1 a roleta ao vivo uma experi\u00eancia inesquec\u00edvel.<\/p>\n<p>Tudo isso, como dissemos, sem precisar sair de casa para jogar. Voc\u00ea s\u00f3 precisa de uma boa conex\u00e3o com a internet e um dispositivo para jogar.<\/p>\n<p>Durante as rodadas do jogo, voc\u00ea poder\u00e1 observar todos os movimentos do crupi\u00ea e conversar com ele ou com os outros jogadores que possam estar presentes no jogo.<\/p>\n<h2><span class=\"ez-toc-section\" id=\"Como-jogar-roleta-ao-vivo\"><\/span><strong>Como jogar roleta ao vivo<\/strong><span class=\"ez-toc-section-end\"><\/span><\/h2>\n<p>Para jogar roleta ao vivo, voc\u00ea precisa conhecer os diferentes tipos de roleta<\/a>. As variedades mais comuns s\u00e3o: roleta europeia<\/a>, roleta francesa<\/a> e roleta americana<\/a>.<\/p>\n<p>Os casinos costumam ter v\u00e1rias salas com diferentes modalidades, por isso escolha qual \u00e9 a sua favorita para jogar. Agora, vamos com algumas regras b\u00e1sicas da roleta.<\/p>\n<h3><span class=\"ez-toc-section\" id=\"Regras-da-roleta-ao-vivo\"><\/span><strong>Regras da roleta ao vivo<\/strong><span class=\"ez-toc-section-end\"><\/span><\/h3>\n<p>Ao entrar na sala do jogo, voc\u00ea ver\u00e1 a roleta com o crupi\u00ea. Voc\u00ea tamb\u00e9m ter\u00e1 a mesa de apostas virtual, onde voc\u00ea colocar\u00e1 suas apostas e ter\u00e1 os bot\u00f5es e o comando para jogar.<\/p>\n<p>Na maioria das ocasi\u00f5es, voc\u00ea tamb\u00e9m ter\u00e1 um chat por voz ou por escrito para se comunicar com o crupi\u00ea durante o jogo, bem como com outros jogadores com que voc\u00ea compartilhar a mesa de jogo.<\/p>\n<p>Para iniciar o jogo, voc\u00ea deve fazer suas apostas onde achar apropriado. Se voc\u00ea quer se tornar um profissional neste jogo, n\u00e3o perca o nosso guia de estrat\u00e9gia de roleta. Aprenda as melhores estrat\u00e9gias para que seus movimentos sejam sempre precisos.<\/p>\n<p>Tenha em mente que o casino sempre estabelecer\u00e1 um limite m\u00ednimo e m\u00e1ximo de apostas para fazer e voc\u00ea sempre tem que realizar as apostas dentro desses requerimentos.<\/p>\n<p>Voc\u00ea pode apostar num n\u00famero espec\u00edfico, dividir sua aposta, fazer uma aposta transversal e muito mais. As op\u00e7\u00f5es s\u00e3o muitas. Linhas, colunas, dezenas, n\u00fameros vizinhos, etc. Normalmente voc\u00ea ter\u00e1 um bot\u00e3o especial onde poder\u00e1 ver a maioria das combina\u00e7\u00f5es e, ao apert\u00e1-lo, a aposta ser\u00e1 feita automaticamente nos n\u00fameros designados.<\/p>\n<p><img loading=\"lazy\" decoding=\"async\" class=\"alignnone size-large wp-image-147816\" src=\"\/wp-content\/uploads\/2018\/10\/ruleta-en-vivo-crupier-1024x576.webp\" alt=\"ruleta en vivo crupier\" width=\"1024\" height=\"576\" \/><\/p>\n<p>Uma vez que a aposta \u00e9 colocada, voc\u00ea pode cancelar ou confirmar. Voc\u00ea ter\u00e1 um limite de tempo para fazer isso, pois estar\u00e1 jogando roleta ao vivo.<\/p>\n<p>H\u00e1 tamb\u00e9m a possibilidade de apostar nas jogadas dos vizinhos, ou fazer apostas anunciadas. Todas essas op\u00e7\u00f5es estar\u00e3o bem expostas na tela.<\/p>\n<p>Com tudo decidido, o crupi\u00ea ir\u00e1 girar a roleta para decidir o n\u00famero vencedor.<\/p>\n<p>Seus ganhos v\u00e3o variar dependendo da quantidade e do tipo de aposta que voc\u00ea fizer. Ap\u00f3s terminar uma rodada e apostas, outra \u00e9 imediatamente iniciada, assim como acontece em um casino f\u00edsico.<\/p>\n<p>Com estas dicas e tendo sempre em mente a possibilidade de consultar pessoalmente o crupi\u00ea, os seus jogos de roleta ao vivo ser\u00e3o um sucesso e voc\u00ea desfrutar\u00e1 de toda emo\u00e7\u00e3o e divers\u00e3o.<\/p>\n<h2><span class=\"ez-toc-section\" id=\"Existe-roleta-ao-vivo-gratis\"><\/span><strong>Existe roleta ao vivo gr\u00e1tis?<\/strong><span class=\"ez-toc-section-end\"><\/span><\/h2>\n<p>N\u00e3o, devido aos custos envolvidos na realiza\u00e7\u00e3o de uma sess\u00e3o de roleta ao vivo.<\/p>\n<p>Sala ou casino, crupi\u00ea, produ\u00e7\u00e3o, streaming ao vivo direto das partidas&#8230; s\u00e3o muitos gastos que o casino precisa arcar na realiza\u00e7\u00e3o dos jogos, o que torna invi\u00e1vel qualquer tipo de rodada gr\u00e1tis.<\/p>\n<p>No entanto, se quiser come\u00e7ar a praticar sem colocar o seu dinheiro em risco, voc\u00ea sempre pode jogar roleta online gr\u00e1tis<\/a> no Casino Alto. Com nossa vers\u00e3o de demonstra\u00e7\u00e3o, voc\u00ea pode descobrir os segredos do jogo antes de jogar em um casino online.<\/p>\n<p>Se voc\u00ea decidir a aventura do casino online, aproveite os <a href=\"\/pt\/casinos-sin-deposito\/\">b\u00f3nus de casino sem dep\u00f3sito<\/a> para come\u00e7ar. Com estes b\u00f3nus, voc\u00ea receber\u00e1 dinheiro livre sem ter que depositar e voc\u00ea tem esse benef\u00edcio com o simples registro no casino em quest\u00e3o. Use-o antes de colocar seus pr\u00f3prios fundos em um jogo para se acostumar aos jogos de roleta.<\/p>\n<p>Lembre-se de jogar sempre com responsabilidade e priorizar a divers\u00e3o acima de tudo. V\u00e1 em frente e aproveite as mesas de jogo. Boa sorte!<\/p>\n","protected":false},"excerpt":{"rendered":"<p>Atualmente, os jogos de casino ao vivo n\u00e3o est\u00e3o dispon\u00edveis em Portugal. D\u00ea uma olhada nestes outros b\u00f3nus de casino, caso eles possam interess\u00e1-lo: Um dos principais jogos dos casinos online \u00e9 sem d\u00favida a roleta ao vivo. Este \u00e9 provavelmente o jogo mais valorizado pelos jogadores de casino e sua fama se construiu devido [&hellip;]<\/p>\n","protected":false},"author":20,"featured_media":0,"parent":140849,"menu_order":0,"comment_status":"closed","ping_status":"closed","template":"page-casinos.php","meta":{"_acf_changed":false,"footnotes":""},"class_list":["post-140857","page","type-page","status-publish","hentry"],"acf":[],"_links":{"self":[{"href":"https:\/\/staging.casinoalto.com\/pt\/wp-json\/wp\/v2\/pages\/140857","targetHints":{"allow":["GET"]}}],"collection":[{"href":"https:\/\/staging.casinoalto.com\/pt\/wp-json\/wp\/v2\/pages"}],"about":[{"href":"https:\/\/staging.casinoalto.com\/pt\/wp-json\/wp\/v2\/types\/page"}],"author":[{"embeddable":true,"href":"https:\/\/staging.casinoalto.com\/pt\/wp-json\/wp\/v2\/users\/20"}],"replies":[{"embeddable":true,"href":"https:\/\/staging.casinoalto.com\/pt\/wp-json\/wp\/v2\/comments?post=140857"}],"version-history":[{"count":1,"href":"https:\/\/staging.casinoalto.com\/pt\/wp-json\/wp\/v2\/pages\/140857\/revisions"}],"predecessor-version":[{"id":10061528,"href":"https:\/\/staging.casinoalto.com\/pt\/wp-json\/wp\/v2\/pages\/140857\/revisions\/10061528"}],"up":[{"embeddable":true,"href":"https:\/\/staging.casinoalto.com\/pt\/wp-json\/wp\/v2\/pages\/140849"}],"wp:attachment":[{"href":"https:\/\/staging.casinoalto.com\/pt\/wp-json\/wp\/v2\/media?parent=140857"}],"curies":[{"name":"wp","href":"https:\/\/api.w.org\/{rel}","templated":true}]}}