{"id":144800,"date":"2018-02-20T16:53:06","date_gmt":"2018-02-20T16:53:06","guid":{"rendered":"https:\/\/casinoalto.com\/pt\/?page_id=144800"},"modified":"2025-05-21T15:20:09","modified_gmt":"2025-05-21T15:20:09","slug":"bonos-sin-deposito-ruleta","status":"publish","type":"page","link":"https:\/\/staging.casinoalto.com\/pt\/bonos-de-bienvenida\/bonos-sin-deposito-ruleta\/","title":{"rendered":"B\u00f3nus sem dep\u00f3sito para Roleta"},"content":{"rendered":"<h2>Como jogar roleta<\/h2>\n<p><img loading=\"lazy\" decoding=\"async\" class=\"alignleft wp-image-147693\" style=\"padding: 0 0.5rem;\" src=\"\/pt\/wp-content\/uploads\/sites\/10\/2017\/08\/004-roulette.webp\" alt=\"ruleta\" width=\"50\" height=\"50\" \/>A roleta \u00e9 um dos jogos online mais populares nos <a href=\"https:\/\/casinoalto.com\/pt\/casinos-online\/\" target=\"_blank\" rel=\"noopener\">casinos confi\u00e1veis em Portugal<\/a> ao lado do blackjack, poker e slot machines. \u00c9 poss\u00edvel encontr\u00e1-la em casas online e presenciais em todo o mundo. Um dos motivos para isso \u00e9 a simplicidade do jogo que tem como objectivo acertar a casa onde a bola ir\u00e1 parar depois que parar o giro da roleta.<\/p>\n<p>A roleta \u00e9 um jogo bastante simples e que conta com apenas tr\u00eas componentes: a pr\u00f3pria roleta, o tapete e a bola. No jogo online, esses elementos s\u00e3o representados graficamente, com sons que reproduzem o jogo para que a experi\u00eancia virtual seja parecida com a experimentada pessoalmente.<\/p>\n<p>Al\u00e9m disso,<strong> o jogador pode escolher dentre os v\u00e1rios tipos de roleta<\/strong> e apostar de v\u00e1rias maneiras: par\/impar, cor da casa (vermelho ou preto), n\u00famero espec\u00edfico e outros tipos. Caso a sorte esteja ao seu lado, voc\u00ea ganhou o pr\u00e9mio.<\/p>\n<p>Mas, embora a sorte seja um elemento essencial, h\u00e1 jogadores que tamb\u00e9m utilizam v\u00e1rias pr\u00e1ticas de jogo que incluem o sistema Martingale, Parlay, D\u00b4Alembert e outros que citamos em nossa p\u00e1gina espec\u00edfica sobre estrat\u00e9gias para roleta.<\/p>\n<h2>Tipos de Roletas<\/h2>\n<p>As roletas atravessaram o mundo, e claro, ao longo do tempo foram criadas v\u00e1rias vers\u00f5es de acordo com a regi\u00e3o geogr\u00e1fica. <strong>Nos casinos online, voc\u00ea vai encontrar as diferentes tipos de roleta<\/strong>: roleta francesa, roleta americana e roleta europeia. Tamb\u00e9m h\u00e1 outras varia\u00e7\u00f5es das cl\u00e1ssicas como a roleta 3D e a inglesa.<\/p>\n<p>As tr\u00eas variantes comuns s\u00e3o encontradas em quase todos os casinos online e presenciais e trazem caracter\u00edsticas que podem deixar o jogo mais f\u00e1cil ou mais dif\u00edcil.<\/p>\n<p>Em poucas palavras: quanto mais dif\u00edcil a aposta, mais ganhos o jogador pode receber, caso ganhe o jogo. Em contrapartida, quanto mais f\u00e1cil, ele pode ter at\u00e9 mais chances, mas receber\u00e1 uma fatia menor de pr\u00e9mios. Ou seja, as chances dos giros renderem ganhos variam de acordo com o risco.<\/p>\n<p>Mas com este jogo, independente de sua variante, ap\u00f3s o jogador escolher um n\u00famero ou um conjunto e apostar, o giro acontece, e depois \u00e9 s\u00f3 torcer para ganhar da casa.\u00a0Sabendo disso, vamos falar agora um pouco sobre cada tipo de roleta e suas caracter\u00edsticas:<\/p>\n<h3>Roleta Europeia<\/h3>\n<p>A roleta europeia \u00e9 uma das mais praticadas, sendo encontrada praticamente em todos os casinos do mundo. Ela possui 37 cartas (0 a 37). A carta zero \u00e9 na cor verde e as outras s\u00e3o divididas entre preto e vermelho (18 de cada).<\/p>\n<p>Dentre as <strong>op\u00e7\u00f5es de apostas<\/strong>, o jogador pode escolher apostar por cor, par\/impar, d\u00fazias (a primeira, a segunda ou a terceira) e n\u00famero espec\u00edfico. A vantagem da casa, ou seja, a porcentagem de ganhos do casino, \u00e9 de 2,7%, o que a torna mais atractiva para o cliente.<\/p>\n<p>Aqui em nosso site temos uma vers\u00e3o gratuita de roleta europeia para que voc\u00ea possa <strong>praticar bastante, antes de apostar com dinheiro em um casino<\/strong>.<\/p>\n<h3>Roleta francesa<\/h3>\n<p>A roleta francesa, assim como a europeia, possui 37 casas e o mesmo n\u00famero de cores. A \u00fanica diferen\u00e7a fica por conta do tapete, impresso em franc\u00eas (noir\/rouge, pair\/impair, passe\/manque).<\/p>\n<p>Mas o objetivo \u00e9 o mesmo: conseguir acertar a posi\u00e7\u00e3o da bola ap\u00f3s o giro da roleta.\u00a0\u00c9 poss\u00edvel fazer v\u00e1rios tipos de apostas: par ou \u00edmpar, menor n\u00famero ou maior n\u00famero, casas vermelhas ou casas pretas, n\u00fameros espec\u00edficos.<\/p>\n<h3>Roleta Americana<\/h3>\n<p>A <strong>roleta americana \u00e9 indicada para quem deseja maior emo\u00e7\u00e3o<\/strong>, j\u00e1 que a possibilidade de ganhar da casa \u00e9 menor. O casino possui uma porcentagem de <strong>5,26%<\/strong>. Isso acontece porque a roleta tem a presen\u00e7a de um duplo zero, o que acaba fazendo com que o jogador tenha menos possibilidades de ganhar.<\/p>\n<p>Por sua vez, caso ganhe, o valor que o jogador\u00a0 receber\u00e1 tamb\u00e9m ser\u00e1 maior. A roleta americana possui 38 casas, duplo zero em verde, numera\u00e7\u00e3o que vai do 1 a 36 (e nas cores vermelha e preto).<\/p>\n<p>A roleta americana \u00e9 mais incomum nos casinos e indicada somente para jogadores experientes no jogo.<\/p>\n<p>Aproveite para visitar diversas variantes de roletas no Casino Alto e praticar este jogo de casino antes de fazer suas apostas em um cassino online. Lembrando que nos jogos gratuitos n\u00e3o \u00e9 poss\u00edvel ganhar dinheiro j\u00e1 que este \u00e9 totalmente fict\u00edcio.<\/p>\n<h2>Como jogar roleta sem dep\u00f3sito<\/h2>\n<p>V\u00e1rios s\u00edtios oferecem op\u00e7\u00f5es para que seus clientes possam aproveitar as roletas com <strong>jogadas gr\u00e1tis, sem a necessidade de fazer dep\u00f3sitos<\/strong>. Para fidelizar o cliente, as casas oferecem <strong>b\u00f4nus de boas vindas que podem ser utilizados nas roletas. <\/strong><\/p>\n<p>Muitos deles tamb\u00e9m oferecem <strong>b\u00f4nus sem dep\u00f3sito<\/strong> ou um c\u00f3digo promocional para que o cliente possa fazer apostas com dinheiro ap\u00f3s a activa\u00e7\u00e3o da conta. E para que isto aconte\u00e7a \u00e9 necess\u00e1rio antes fazer o registo e abrir sua conta para come\u00e7ar a divers\u00e3o.<\/p>\n<p>Encontrar <strong>cassinos<\/strong> com <strong>b\u00f4nus<\/strong> sem dep\u00f3sito \u00e9 uma \u00f3tima maneira de jogar online gr\u00e1tis e ainda ganhar dinheiro. Este tipo de oferta, tamb\u00e9m chamada de <strong>freebet<\/strong> sem dep\u00f3sito, serve para que os novatos consigam testar os servi\u00e7os e o cat\u00e1logo de jogos. Tudo sem precisar fazer um dep\u00f3sito inicial, ou seja, sem colocar a m\u00e3o no bolso.<\/p>\n<h3><strong>Como conseguir um b\u00f3nus sem dep\u00f3sito para roleta<\/strong><\/h3>\n<p>Os b\u00f3nus que os <a href=\"https:\/\/casinoalto.com\/pt\/\" target=\"_blank\" rel=\"noopener\">principais casinos online do pa\u00eds<\/a> d\u00e3o aos seus usu\u00e1rios s\u00e3o um incentivo para conhecer um pouco mais o casino e suas ofertas. Os <strong>b\u00f3nus sem dep\u00f3sito<\/strong> s\u00e3o uma maneira dos jogadores iniciarem seus jogos sem fazer um dep\u00f3sito em dinheiro inicialmente. Ele tamb\u00e9m \u00e9 uma forma de recompensa, j\u00e1 que o casino faz uma oferta de confian\u00e7a no jogador.<\/p>\n<p>Os <strong>b\u00f3nus sem dep\u00f3sito acabam sendo os mais atrativos para os clientes<\/strong>, pois s\u00e3o recebidos imediatamente ap\u00f3s a conclus\u00e3o do cadastro no casino. Os valores oferecidos variam de casa para casa, podendo ir desde 10 at\u00e9 50\u20ac em determinadas promo\u00e7\u00f5es por tempo limitado. Esses b\u00f3nus podem ser utilizados em v\u00e1rios jogos do casino e entre eles a roleta.<\/p>\n<h3>O que seria o rollover?<\/h3>\n<p>Tamb\u00e9m \u00e9 necess\u00e1rio ficar atento ao <strong>rollover,<\/strong> j\u00e1 que cada casa possui um valor diferente. O rollover \u00e9 o valor que o jogador deve possuir de saldo para fazer o levantamento de seus ganhos.<\/p>\n<p>Isso significa que \u00e9 preciso que o jogador jogue uma quantia antes de levantar os fundos para sua conta. O valor do rollover varia de casa para casa.<\/p>\n<h3>Como funciona o b\u00f3nus sem dep\u00f3sito?<\/h3>\n<p><strong>B\u00f3nus sem dep\u00f3sito<\/strong> \u00e9 um cr\u00e9dito extra que permite ao usu\u00e1rio apostar e jogar <strong>online<\/strong> sem ter que realizar um dep\u00f3sito pr\u00e9vio. Basta cumprir o requisito, que \u00e9 fazer sua inscri\u00e7\u00e3o no site, para ganhar. \u00c9 um dos tipos de <a href=\"https:\/\/casinoalto.com\/pt\/bonos-de-bienvenida\/\" target=\"_blank\" rel=\"noopener\">b\u00f3nus e promo\u00e7\u00f5es de casino<\/a> mais populares nas casas.<\/p>\n<p>Muitos cassinos online com oferta de registro tamb\u00e9m mant\u00e9m um b\u00f3nus sem dep\u00f3sito. Dessa forma, os usu\u00e1rios podem conhecer as funcionalidades e ter uma ideia de como funcionam as novas casas de apostas.<\/p>\n<p>Contudo, \u00e9 importante que ao se registrar, n\u00e3o confunda essas duas ofertas. Embora ambas sejam oferecidas no cadastro, a promo\u00e7\u00e3o de <strong>boas-vindas<\/strong> depende da quantia adicionada na conta, sendo geralmente 100% do montante convertido em b\u00f3nus.<\/p>\n<p>Em alguns <strong>cassinos,<\/strong> o usu\u00e1rio pode utilizar o dinheiro de um b\u00f3nus sem dep\u00f3sito para desfrutar, praticamente, de qualquer game, entre eles a <strong>roleta.<\/strong><\/p>\n<h3>Como sacar b\u00f3nus gratuito<\/h3>\n<p>Como qualquer oferta de saldo extra, \u00e9 preciso cumprir alguns <strong>requisitos de saque,<\/strong> antes de solicitar a retirada. Certifique-se das regras de participa\u00e7\u00e3o de uma promo\u00e7\u00e3o, sempre!<\/p>\n<ul>\n<li>Leia os termos e condi\u00e7\u00f5es do<strong> b\u00f3nus;<\/strong><\/li>\n<li>Cumpra o <strong>rollover<\/strong> estabelecido pelo <strong>cassino,<\/strong> atentando-se ao prazo limite;<\/li>\n<li>Se tiver saldo positivo, v\u00e1 at\u00e9 a \u00e1rea de caixa e selecione a op\u00e7\u00e3o de saque;<\/li>\n<li>Escolha um meio de retirada e proceda conforme as instru\u00e7\u00f5es do <strong>cassino online;<\/strong><\/li>\n<li>Envie a documenta\u00e7\u00e3o para confirma\u00e7\u00e3o de identidade;<\/li>\n<li>Aguarde o prazo estimado.<\/li>\n<\/ul>\n<h3>Casinos que oferecem b\u00f3nus sem dep\u00f3sito<\/h3>\n<p>Muitos casinos\u00a0 oferecem b\u00f3nus sem dep\u00f3sito e outras ofertas que podem ser utilizado em jogos como roletas. E esses s\u00e3o alguns deles:<\/p>\n<h3>B\u00f3nus sem dep\u00f3sito do 888Casino<\/h3>\n<p>Um dos casinos online mais tradicionais, o <a href=\"\/pt\/casinos-online\/888\/\">888Casino<\/a> traz uma oferta de 8\u20ac de b\u00f3nus sem dep\u00f3sito. O rollover da casa \u00e9 de 30x esse valor e pode ser utilizado nas roletas.<\/p>\n<p>O cliente tem um prazo de at\u00e9 72 horas para cumprir o rollover, prazo esse que \u00e9 de 7 dias caso o jogador queira utilizar um b\u00f3nus com dep\u00f3sito.<\/p>\n<h3>B\u00f3nus sem dep\u00f3sito do Casino Portugal<\/h3>\n<p>No <a href=\"\/pt\/casinos-online\/casino-portugal\/\">Casino Portugal<\/a>, um dos <strong>mais renomados do nosso pa\u00eds<\/strong>, h\u00e1 a oferta de um b\u00f3nus no valor de 10\u20ac, sem a necessidade de fazer um fazer um dep\u00f3sito inicial.<\/p>\n<p>O prazo para utiliza\u00e7\u00e3o dos b\u00f3nus \u00e9 de at\u00e9 3 dias ap\u00f3s a ativa\u00e7\u00e3o. O cliente poder\u00e1 utilizar em roletas como a Europeia Silver, Vertical VIP e as mais tradicionais.<\/p>\n<p>Outros casinos tamb\u00e9m trazem ofertas de b\u00f3nus sem dep\u00f3sito s\u00e3o o ESC Online (que oferece um b\u00f3nus de 10\u20ac) e a Betway (tamb\u00e9m no valor de \u20ac10 e que pode ser utilizado nos mais variados jogos incluindo as roletas e slots como o Starburst).<\/p>\n<h2>Outros b\u00f3nus oferecidos pelos casinos online<\/h2>\n<p>Al\u00e9m dos b\u00f3nus sem dep\u00f3sito, os <strong>casinos online<\/strong> tamb\u00e9m oferecem outros, sendo o mais comum o <strong>b\u00f3nus com dep\u00f3sito<\/strong>. E cada casino oferece sua pr\u00f3pria oferta de b\u00f3nus para novos clientes.<\/p>\n<p>Os valores e promo\u00e7\u00f5es, portanto, variam de casa para casa. Enquanto uns oferecem b\u00f3nus de registo em dinheiro e\/ou rodadas gr\u00e1tis (free spins), outros oferecem alguns jogos gr\u00e1tis sem dep\u00f3sito.<\/p>\n<p><strong>As regras para utiliza\u00e7\u00e3o desses b\u00f3nus s\u00e3o detalhadas nos casinos<\/strong>, e h\u00e1 varia\u00e7\u00e3o tamb\u00e9m com rela\u00e7\u00e3o ao rollover (valores espec\u00edficos que voc\u00ea deve cumprir se quiser sacar os lucros obtidos). \u00c9 importante lembrar tamb\u00e9m que h\u00e1 casas que limitam o uso dos b\u00f3nus a determinados jogos e por isso \u00e9 sempre importante ler as regras e condi\u00e7\u00f5es de uso.\u00a0 Aproveite para conhecer um pouco mais sobre os b\u00f3nus oferecidos pelos casinos aqui no Casino Alto.<\/p>\n<p>Vale saber que muitos casinos oferecem b\u00f3nus restritos a determinados <a href=\"https:\/\/casinoalto.com\/pt\/metodos-de-pago\/\" target=\"_blank\" rel=\"noopener\">m\u00e9todos de pagamento para jogar<\/a>.<\/p>\n<h3>Perguntas frequentes<\/h3>\n<div id=\"Acc_bpm10\"><div id=\"bpmAccordion\" class=\"firstAcc \"><div class=\"accordion\">\n                    <div class=\"accordion-header accordion_gray\"> O que \u00e9 b\u00f3nus sem dep\u00f3sito?<\/div>\n                    <div class=\"accordion-content\"><p><p>S\u00e3o b\u00f3nus oferecidos pelos casinos a novos clientes ap\u00f3s estes efetuarem o registo sem a necessidade de depositar qualquer valor.<br><\/p><\/p><\/div>\n                <\/div><div class=\"accordion\">\n                    <div class=\"accordion-header accordion_gray\"> Todos os casinos oferecem b\u00f3nus sem dep\u00f3sito para roletas?<\/div>\n                    <div class=\"accordion-content\"><p><p>N\u00e3o s\u00e3o todos, mas geralmente a maior parte dos casinos oferecem b\u00f3nus sem dep\u00f3sito e esses podem ser utilizados em v\u00e1rios jogos disponibilizados no site. E entre eles est\u00e1 a roleta.<br><\/p><\/p><\/div>\n                <\/div><div class=\"accordion\">\n                    <div class=\"accordion-header accordion_gray\"> O que fa\u00e7o se o b\u00f3nus n\u00e3o for recebido?<\/div>\n                    <div class=\"accordion-content\"><p><p>Neste caso indicamos que entra em contacto com o casino atrav\u00e9s dos meios disponibilizados por ele: correio eletr\u00f3nico, chat ou outro atendimento ao cliente.<br><\/p><\/p><\/div>\n                <\/div><div class=\"accordion\">\n                    <div class=\"accordion-header accordion_gray\"> Os b\u00f3nus sem dep\u00f3sito possuem um prazo para serem utilizados?<\/div>\n                    <div class=\"accordion-content\"><p><p>Sim. Cada casino possui regras quanto a utiliza\u00e7\u00e3o dos b\u00f3nus e os prazos de utiliza\u00e7\u00e3o devem ser conferidos diretamente nos termos de servi\u00e7os.<br><\/p><\/p><\/div>\n                <\/div><div class=\"accordion\">\n                    <div class=\"accordion-header accordion_gray\"> Posso usar o b\u00f3nus sem dep\u00f3sito mais de uma vez?<\/div>\n                    <div class=\"accordion-content\"><p><p>N\u00e3o. O b\u00f3nus sem dep\u00f3sito pode ser utilizado apenas uma vez por cliente.<br><\/p><\/p><\/div>\n                <\/div><div class=\"accordion\">\n                    <div class=\"accordion-header accordion_gray\"> H\u00e1 possibilidade de sacar b\u00f3nus sem dep\u00f3sitos?<\/div>\n                    <div class=\"accordion-content\"><p><p>N\u00e3o. Este b\u00f3nus deve ser utilizado nos jogos indicados e o valor pode ser sacado somente ap\u00f3s cumprir o rollover m\u00ednimo que varia de casa para casa.&nbsp;<br><\/p><\/p><\/div>\n                <\/div><div class=\"accordion\">\n                    <div class=\"accordion-header accordion_gray\"> Posso usar o b\u00f3nus sem dep\u00f3sito em outros jogos al\u00e9m da roleta?<\/div>\n                    <div class=\"accordion-content\"><p><p>Sim. O b\u00f3nus pode ser utilizado em outros jogos do casino como blackjack, slots, bacar\u00e1, slots e outros.<br><\/p><\/p><\/div>\n                <\/div><\/div><\/div>\n","protected":false},"excerpt":{"rendered":"<p>Como jogar roleta A roleta \u00e9 um dos jogos online mais populares nos casinos confi\u00e1veis em Portugal ao lado do blackjack, poker e slot machines. \u00c9 poss\u00edvel encontr\u00e1-la em casas online e presenciais em todo o mundo. Um dos motivos para isso \u00e9 a simplicidade do jogo que tem como objectivo acertar a casa onde [&hellip;]<\/p>\n","protected":false},"author":1,"featured_media":10060012,"parent":135082,"menu_order":0,"comment_status":"closed","ping_status":"closed","template":"","meta":{"_acf_changed":false,"footnotes":""},"class_list":["post-144800","page","type-page","status-publish","has-post-thumbnail","hentry"],"acf":[],"_links":{"self":[{"href":"https:\/\/staging.casinoalto.com\/pt\/wp-json\/wp\/v2\/pages\/144800","targetHints":{"allow":["GET"]}}],"collection":[{"href":"https:\/\/staging.casinoalto.com\/pt\/wp-json\/wp\/v2\/pages"}],"about":[{"href":"https:\/\/staging.casinoalto.com\/pt\/wp-json\/wp\/v2\/types\/page"}],"author":[{"embeddable":true,"href":"https:\/\/staging.casinoalto.com\/pt\/wp-json\/wp\/v2\/users\/1"}],"replies":[{"embeddable":true,"href":"https:\/\/staging.casinoalto.com\/pt\/wp-json\/wp\/v2\/comments?post=144800"}],"version-history":[{"count":7,"href":"https:\/\/staging.casinoalto.com\/pt\/wp-json\/wp\/v2\/pages\/144800\/revisions"}],"predecessor-version":[{"id":10061752,"href":"https:\/\/staging.casinoalto.com\/pt\/wp-json\/wp\/v2\/pages\/144800\/revisions\/10061752"}],"up":[{"embeddable":true,"href":"https:\/\/staging.casinoalto.com\/pt\/wp-json\/wp\/v2\/pages\/135082"}],"wp:featuredmedia":[{"embeddable":true,"href":"https:\/\/staging.casinoalto.com\/pt\/wp-json\/wp\/v2\/media\/10060012"}],"wp:attachment":[{"href":"https:\/\/staging.casinoalto.com\/pt\/wp-json\/wp\/v2\/media?parent=144800"}],"curies":[{"name":"wp","href":"https:\/\/api.w.org\/{rel}","templated":true}]}}