{"id":151352,"date":"2019-05-03T16:52:13","date_gmt":"2019-05-03T16:52:13","guid":{"rendered":"https:\/\/casinoalto.com\/pt\/?page_id=151352"},"modified":"2024-04-11T02:09:35","modified_gmt":"2024-04-11T02:09:35","slug":"sobre-nosotros","status":"publish","type":"page","link":"https:\/\/staging.casinoalto.com\/pt\/sobre-nosotros\/","title":{"rendered":"Sobre N\u00f3s"},"content":{"rendered":"<p>Normalmente um jogador de cassino online, seja experiente ou amador, precisa de melhores informa\u00e7\u00f5es para tomar decis\u00f5es na hora de jogar e colocar em jogo seu dinheiro.<\/p>\n<p>N\u00e3o \u00e9 um assunto f\u00e1cil, j\u00e1 que as possibilidades s\u00e3o imensas. Por isso, n\u00f3s do <a href=\"\/pt\/\">Casino Alto<\/a><\/p>\n<p>acreditamos que o elemento fundamental \u00e9 voc\u00ea. Somos um site feito por pessoas e, o que \u00e9 mais importante, para pessoas.<\/p>\n<p>Em primeiro lugar, acreditamos que leitores como voc\u00ea s\u00e3o a base deste projeto, e colocamos nosso empenho e dedica\u00e7\u00e3o em trazer a voc\u00ea as melhores informa\u00e7\u00f5es sobre cassinos online dispon\u00edveis, bem como os melhores jogos gr\u00e1tis para que voc\u00ea possa praticar.<\/p>\n<p>Para que isso seja poss\u00edvel, contamos com uma vasta experi\u00eancia no setor e uma equipe altamente qualificada para oferecer as melhores garantias de qualidade.<\/p>\n<h2>Propiedade da Buen Paso Media<\/h2>\n<p>O site Casino Alto \u00e9 de propriedade e \u00e9 administrada pela <a href=\"https:\/\/buenpasomedia.com\/\" target=\"_blank\" rel=\"noopener\">Buen Paso Media<\/a>, uma ag\u00eancia de marketing digital especializada em igaming, contando com funcion\u00e1rios em v\u00e1rios pa\u00edses.<\/p>\n<ul>\n<li><strong>Nome da empresa:<\/strong>\u00a0Buen Paso Media T\/A Leon Digital Marketing Ltd<\/li>\n<li><strong>Endere\u00e7o:<\/strong>\u00a0310 Stafford Road, Croydon, Surrey, CR0 4NH (U.K.)<\/li>\n<li><strong>Registro:<\/strong> No. 10699118<\/li>\n<li><strong>VAT:<\/strong>\u00a0GB270922603<\/li>\n<li><strong>Contato:<\/strong>\u00a0hola @ buenpasomedia.com<\/li>\n<\/ul>\n<h2>Equipe<\/h2>\n<p>Embora o site Casino Alto possua muitas pessoas por tr\u00e1s de sua cria\u00e7\u00e3o, desenvolvimento e conte\u00fado, atualmente existem algumas que garantem que tudo funcione como deveria.<\/p>\n<div class=\"space-page-content-wrap relative contenido-miembro loop-members\"><div class=\"contetn-member-item space-casino-header-logo-title box-100 relative\">\n\t\t\t\t\t<div class=\"space-casino-header-logo-box relative\">\n\t\t\t\t\t\t<img decoding=\"async\" class=\"img-member skip-lazy\" src=\"https:\/\/staging.casinoalto.com\/pt\/wp-content\/uploads\/sites\/10\/2024\/04\/brenow.jpg\" alt=\"Brenow Muniz\">\n\t\t\t\t\t<\/div>\n\t\t\t\t\t<div class=\"space-page-desc-member\">\n\t\t\t\t\t\t<div class=\"space-casino-header-title-box relative\">\n\t\t\t\t\t\t\t<div class=\"space-casino-header-title-box-ins box-100 relative\">\n\t\t\t\t\t\t\t\t<div class=\"space-contet-heading\" style=\"align-items: center;\">\n\t\t\t\t\t\t\t\t\t<a href=\"https:\/\/staging.casinoalto.com\/pt\/sobre-nosotros\/brenow-muniz\/\"><p class=\"name-member\" style=\"padding: initial;\">Brenow Muniz<\/p><\/a>\n\t\t\t\t\t\t\t\t\t<div class=\"redesSociales-member\">\n\t\t\t\t\t\t\t\t\t\t<a style=\"text-decoration: none;\" href=\"https:\/\/www.linkedin.com\/in\/brenow-muniz-946aa1139\/\" target=\"_blank\" rel=\"noreferrer noopener\"><img loading=\"lazy\" decoding=\"async\" class=\"skip-lazy size-full redesSocialesMember\" src=\"\/wp-content\/uploads\/2022\/06\/linkedin.png\" width=\"25\" height=\"25\" \/><\/a>\n\t\t\t\t\t\t\t\t\t\t<a style=\"text-decoration: none;\" href=\"https:\/\/twitter.com\/brenowmuniz\" target=\"_blank\" rel=\"noreferrer noopener\"><img loading=\"lazy\" decoding=\"async\" class=\"skip-lazy size-full redesSocialesMember\" src=\"\/wp-content\/uploads\/2023\/11\/twitter-x-logo.png.webp\" width=\"25\" height=\"25\" \/><\/a>\n\t\t\t\t\t\t\t\t\t<\/div>\n\t\t\t\t\t\t\t\t\t<p class=\"puesto-member box-100\">Editor<\/p>\n\t\t\t\t\t\t\t\t<\/div>\n\t\t\t\t\t\t\t<\/div>\n\t\t\t\t\t\t<\/div>\n\t\t\t\t\t\t<div class=\"content-desc-member\">\n\t\t\t\t\t\t\t<p>Nascido em Jo\u00e3o Pessoa, capital da Para\u00edba, mudou-se para Fortaleza e cursou Jornalismo na Faculdade Cearense. H\u00e1 mais de 5 anos escreve sobre o mundo dos jogos online e atualmente \u00e9 escritor do casinoalto.com, onde d\u00e1 dicas para os apostadores de cassinos online. Tamb\u00e9m trabalha em outros sites de iGaming sobre apostas esportivas, realizando an\u00e1lises dos torneios mais importantes do mundo, e colabora em outros projetos relacionados ao jornalismo esportivo.<\/p>\n\t\t\t\t\t\t<\/div>\n\t\t\t\t\t<\/div>\n\t\t\t\t<\/div><div class=\"contetn-member-item space-casino-header-logo-title box-100 relative\">\n\t\t\t\t\t<div class=\"space-casino-header-logo-box relative\">\n\t\t\t\t\t\t<img decoding=\"async\" class=\"img-member skip-lazy\" src=\"https:\/\/staging.casinoalto.com\/pt\/wp-content\/uploads\/sites\/10\/2024\/04\/carla-150x150-1.webp\" alt=\"Carla Leal\">\n\t\t\t\t\t<\/div>\n\t\t\t\t\t<div class=\"space-page-desc-member\">\n\t\t\t\t\t\t<div class=\"space-casino-header-title-box relative\">\n\t\t\t\t\t\t\t<div class=\"space-casino-header-title-box-ins box-100 relative\">\n\t\t\t\t\t\t\t\t<div class=\"space-contet-heading\" style=\"align-items: center;\">\n\t\t\t\t\t\t\t\t\t<a href=\"https:\/\/staging.casinoalto.com\/pt\/sobre-nosotros\/carla-leal\/\"><p class=\"name-member\" style=\"padding: initial;\">Carla Leal<\/p><\/a>\n\t\t\t\t\t\t\t\t\t<div class=\"redesSociales-member\">\n\t\t\t\t\t\t\t\t\t\t\n\t\t\t\t\t\t\t\t\t\t\n\t\t\t\t\t\t\t\t\t<\/div>\n\t\t\t\t\t\t\t\t\t<p class=\"puesto-member box-100\">Editor e revisor<\/p>\n\t\t\t\t\t\t\t\t<\/div>\n\t\t\t\t\t\t\t<\/div>\n\t\t\t\t\t\t<\/div>\n\t\t\t\t\t\t<div class=\"content-desc-member\">\n\t\t\t\t\t\t\t<p>Fazendo parte da equipe CasinoAlto desde 2019, Carla Leal possui uma experi\u00eancia de quase 20 anos em reda\u00e7\u00e3o sobre s\u00e9ries e filmes, e mais de 6 anos como redatora e analista de casas de apostas em pa\u00edses de l\u00edngua portuguesa. Formada em Letras pela UFPE, \u00e9 respons\u00e1vel pela revis\u00e3o dos artigos e auxilia na atualiza\u00e7\u00e3o de v\u00e1rios sites relacionados com casinos online, apostas desportivas, p\u00f3quer e bingo.<\/p>\n\t\t\t\t\t\t<\/div>\n\t\t\t\t\t<\/div>\n\t\t\t\t<\/div><div class=\"contetn-member-item space-casino-header-logo-title box-100 relative\">\n\t\t\t\t\t<div class=\"space-casino-header-logo-box relative\">\n\t\t\t\t\t\t<img decoding=\"async\" class=\"img-member skip-lazy\" src=\"https:\/\/staging.casinoalto.com\/pt\/wp-content\/uploads\/sites\/10\/2024\/04\/gabriel.jpg\" alt=\"Gabriel Gon\u00e7alves\">\n\t\t\t\t\t<\/div>\n\t\t\t\t\t<div class=\"space-page-desc-member\">\n\t\t\t\t\t\t<div class=\"space-casino-header-title-box relative\">\n\t\t\t\t\t\t\t<div class=\"space-casino-header-title-box-ins box-100 relative\">\n\t\t\t\t\t\t\t\t<div class=\"space-contet-heading\" style=\"align-items: center;\">\n\t\t\t\t\t\t\t\t\t<a href=\"https:\/\/staging.casinoalto.com\/pt\/sobre-nosotros\/gabriel-goncalves\/\"><p class=\"name-member\" style=\"padding: initial;\">Gabriel Gon\u00e7alves<\/p><\/a>\n\t\t\t\t\t\t\t\t\t<div class=\"redesSociales-member\">\n\t\t\t\t\t\t\t\t\t\t<a style=\"text-decoration: none;\" href=\"https:\/\/www.linkedin.com\/in\/gabrieljgoncalves\/\" target=\"_blank\" rel=\"noreferrer noopener\"><img loading=\"lazy\" decoding=\"async\" class=\"skip-lazy size-full redesSocialesMember\" src=\"\/wp-content\/uploads\/2022\/06\/linkedin.png\" width=\"25\" height=\"25\" \/><\/a>\n\t\t\t\t\t\t\t\t\t\t\n\t\t\t\t\t\t\t\t\t<\/div>\n\t\t\t\t\t\t\t\t\t<p class=\"puesto-member box-100\">Editor<\/p>\n\t\t\t\t\t\t\t\t<\/div>\n\t\t\t\t\t\t\t<\/div>\n\t\t\t\t\t\t<\/div>\n\t\t\t\t\t\t<div class=\"content-desc-member\">\n\t\t\t\t\t\t\t<p>Redator e analista especializado em iGaming, com mais de 6 anos de experi\u00eancia em jogos de cassino e apostas esportivas. Minha expertise reside na an\u00e1lise detalhada da oferta de jogos e m\u00e9todos de pagamento, sempre com um olhar atento \u00e0 experi\u00eancia do usu\u00e1rio e \u00e0 seguran\u00e7a. Com mais de uma d\u00e9cada de atua\u00e7\u00e3o no jornalismo esportivo e na comunica\u00e7\u00e3o, utilizo meu conhecimento para capacitar o p\u00fablico a tomar decis\u00f5es informadas e confiantes.<\/p>\n\t\t\t\t\t\t<\/div>\n\t\t\t\t\t<\/div>\n\t\t\t\t<\/div><div class=\"contetn-member-item space-casino-header-logo-title box-100 relative\">\n\t\t\t\t\t<div class=\"space-casino-header-logo-box relative\">\n\t\t\t\t\t\t<img decoding=\"async\" class=\"img-member skip-lazy\" src=\"https:\/\/staging.casinoalto.com\/pt\/wp-content\/uploads\/sites\/10\/2023\/11\/humberto-ok.webp\" alt=\"Humberto Fern\u00e1ndez\">\n\t\t\t\t\t<\/div>\n\t\t\t\t\t<div class=\"space-page-desc-member\">\n\t\t\t\t\t\t<div class=\"space-casino-header-title-box relative\">\n\t\t\t\t\t\t\t<div class=\"space-casino-header-title-box-ins box-100 relative\">\n\t\t\t\t\t\t\t\t<div class=\"space-contet-heading\" style=\"align-items: center;\">\n\t\t\t\t\t\t\t\t\t<a href=\"https:\/\/staging.casinoalto.com\/pt\/sobre-nosotros\/humberto-fernandez\/\"><p class=\"name-member\" style=\"padding: initial;\">Humberto Fern\u00e1ndez<\/p><\/a>\n\t\t\t\t\t\t\t\t\t<div class=\"redesSociales-member\">\n\t\t\t\t\t\t\t\t\t\t<a style=\"text-decoration: none;\" href=\"https:\/\/es.linkedin.com\/in\/humberto-f-843943160\" target=\"_blank\" rel=\"noreferrer noopener\"><img loading=\"lazy\" decoding=\"async\" class=\"skip-lazy size-full redesSocialesMember\" src=\"\/wp-content\/uploads\/2022\/06\/linkedin.png\" width=\"25\" height=\"25\" \/><\/a>\n\t\t\t\t\t\t\t\t\t\t\n\t\t\t\t\t\t\t\t\t<\/div>\n\t\t\t\t\t\t\t\t\t<p class=\"puesto-member box-100\">Editor-chefe<\/p>\n\t\t\t\t\t\t\t\t<\/div>\n\t\t\t\t\t\t\t<\/div>\n\t\t\t\t\t\t<\/div>\n\t\t\t\t\t\t<div class=\"content-desc-member\">\n\t\t\t\t\t\t\t<p>Editor-chefe e revisor do casinoalto.com desde o seu lan\u00e7amento, certifico-me de que todo o conte\u00fado esteja atualizado e \u00fatil para o usu\u00e1rio. Estou ligado ao mundo do iGaming desde 2016 e colaboro com outros projetos do setor em casinos online, apostas desportivas, poker e bingo. A minha paix\u00e3o sempre foi o mundo do desporto, e encontrei uma forma de ali\u00e1-lo ao que \u00e9 hoje a minha paix\u00e3o profissional, dedicando-me \u00e0 an\u00e1lise, melhoria e otimiza\u00e7\u00e3o dos sites onde trabalho relacionados com desporto e lazer.<\/p>\n\t\t\t\t\t\t<\/div>\n\t\t\t\t\t<\/div>\n\t\t\t\t<\/div><div class=\"contetn-member-item space-casino-header-logo-title box-100 relative\">\n\t\t\t\t\t<div class=\"space-casino-header-logo-box relative\">\n\t\t\t\t\t\t<img decoding=\"async\" class=\"img-member skip-lazy\" src=\"https:\/\/staging.casinoalto.com\/pt\/wp-content\/uploads\/sites\/10\/2024\/04\/ricardo-sda.jpg\" alt=\"Ricardo Crespo\">\n\t\t\t\t\t<\/div>\n\t\t\t\t\t<div class=\"space-page-desc-member\">\n\t\t\t\t\t\t<div class=\"space-casino-header-title-box relative\">\n\t\t\t\t\t\t\t<div class=\"space-casino-header-title-box-ins box-100 relative\">\n\t\t\t\t\t\t\t\t<div class=\"space-contet-heading\" style=\"align-items: center;\">\n\t\t\t\t\t\t\t\t\t<a href=\"https:\/\/staging.casinoalto.com\/pt\/sobre-nosotros\/ricardo-crespo\/\"><p class=\"name-member\" style=\"padding: initial;\">Ricardo Crespo<\/p><\/a>\n\t\t\t\t\t\t\t\t\t<div class=\"redesSociales-member\">\n\t\t\t\t\t\t\t\t\t\t<a style=\"text-decoration: none;\" href=\"https:\/\/www.linkedin.com\/in\/ricardo-cr%C3%AAspo-881a5076\/\" target=\"_blank\" rel=\"noreferrer noopener\"><img loading=\"lazy\" decoding=\"async\" class=\"skip-lazy size-full redesSocialesMember\" src=\"\/wp-content\/uploads\/2022\/06\/linkedin.png\" width=\"25\" height=\"25\" \/><\/a>\n\t\t\t\t\t\t\t\t\t\t\n\t\t\t\t\t\t\t\t\t<\/div>\n\t\t\t\t\t\t\t\t\t<p class=\"puesto-member box-100\">Editor e revisor<\/p>\n\t\t\t\t\t\t\t\t<\/div>\n\t\t\t\t\t\t\t<\/div>\n\t\t\t\t\t\t<\/div>\n\t\t\t\t\t\t<div class=\"content-desc-member\">\n\t\t\t\t\t\t\t<p>Jornalista experiente com uma d\u00e9cada de atua\u00e7\u00e3o, especializado no dom\u00ednio din\u00e2mico de jogos de azar, apostas desportivas e casinos online. Desde 2020, tem dissecado as complexidades e inova\u00e7\u00f5es do setor, oferecendo an\u00e1lises e coment\u00e1rios especializados aos leitores. Com amplo conhecimento, navega pelo cen\u00e1rio em constante evolu\u00e7\u00e3o dos jogos online, fornecendo insights valiosos sobre tend\u00eancias, regulamenta\u00e7\u00f5es e avan\u00e7os tecnol\u00f3gicos.<\/p>\n\t\t\t\t\t\t<\/div>\n\t\t\t\t\t<\/div>\n\t\t\t\t<\/div><\/div><script type=\"application\/ld+json\">{\"@context\": \"http:\/\/schema.org\",\"@type\": \"Organization\",\"employee\": [{\"@type\": \"Person\",\"name\": \"Brenow Muniz\",\"image\": \"https:\/\/staging.casinoalto.com\/pt\/wp-content\/uploads\/sites\/10\/2024\/04\/brenow.jpg\",\"sameAs\": [\"https:\/\/twitter.com\/brenowmuniz\",\"https:\/\/www.linkedin.com\/in\/brenow-muniz-946aa1139\/\"],\"jobTitle\": \"Editor\"},{\"@type\": \"Person\",\"name\": \"Carla Leal\",\"image\": \"https:\/\/staging.casinoalto.com\/pt\/wp-content\/uploads\/sites\/10\/2024\/04\/carla-150x150-1.webp\",\"jobTitle\": \"Editor e revisor\"},{\"@type\": \"Person\",\"name\": \"Gabriel Gon\u00e7alves\",\"image\": \"https:\/\/staging.casinoalto.com\/pt\/wp-content\/uploads\/sites\/10\/2024\/04\/gabriel.jpg\",\"sameAs\": \"https:\/\/www.linkedin.com\/in\/gabrieljgoncalves\/\",\"jobTitle\": \"Editor\"},{\"@type\": \"Person\",\"name\": \"Humberto Fern\u00e1ndez\",\"image\": \"https:\/\/staging.casinoalto.com\/pt\/wp-content\/uploads\/sites\/10\/2023\/11\/humberto-ok.webp\",\"sameAs\": \"https:\/\/es.linkedin.com\/in\/humberto-f-843943160\",\"jobTitle\": \"Editor-chefe\"},{\"@type\": \"Person\",\"name\": \"Ricardo Crespo\",\"image\": \"https:\/\/staging.casinoalto.com\/pt\/wp-content\/uploads\/sites\/10\/2024\/04\/ricardo-sda.jpg\",\"sameAs\": \"https:\/\/www.linkedin.com\/in\/ricardo-cr%C3%AAspo-881a5076\/\",\"jobTitle\": \"Editor e revisor\"}]}<\/script>\n<h2>Hist\u00f3ria<\/h2>\n<p>O Casino Alto nasceu com a ideia de se tornar uma ferramenta para que qualquer jogador online que precise de informa\u00e7\u00f5es detalhadas sobre os melhores cassinos online do Brasil.<\/p>\n<p>Nossa equipe do Casino Alto \u00e9 composta por pessoas com <strong>mais de 10 anos de experi\u00eancia no setor de iGaming e jogos de azar<\/strong>, trabalhando ativamente desde 2007, apostando sempre na qualidade e dedica\u00e7\u00e3o e acreditando 100% no que fazemos.<\/p>\n<p>Durante esta jornada, nossa equipe trabalhou para empresas de renome internacional, como <strong>Ladbrokes Coral, The Stars Group e Rank Group<\/strong>, entre muitas outras.<\/p>\n<p>Todo o conhecimento acumulado ao longo dos anos com esse nicho refletiu-se aqui, no Casino Alto, com um crescimento cont\u00ednuo gra\u00e7as ao trabalho \u00e1rduo e a um n\u00famero de utilizadores que n\u00e3o deixaram de aderir e de se interessar desde o lan\u00e7amento.<\/p>\n<h2><strong>Nosso <\/strong>objetivo<\/h2>\n<p>O primeiro e \u00fanico objetivo \u00e9 oferecer a melhor informa\u00e7\u00e3o aos usu\u00e1rios para que estes possam jogar com seguran\u00e7a na internet.<\/p>\n<p>Tentamos fazer nossas an\u00e1lises mais completas poss\u00edveis dos cassinos online que trabalham conosco, totalmente transparentes, independentes e objetivas.<\/p>\n<p>Para isso, realizamos um extenso processo de comunica\u00e7\u00e3o com o cassino online, entrando em cada um dos cassinos e buscando sempre todas as informa\u00e7\u00f5es, sejam elas positivas ou negativas, e que possam ser \u00fateis para o usu\u00e1rio.<\/p>\n<p>N\u00e3o guardamos nada no tinteiro. O que voc\u00ea l\u00ea \u00e9 tudo o que existe, sem desculpas.<\/p>\n<h2>Para o usu\u00e1rio<\/h2>\n<p>Por esse motivo, al\u00e9m da an\u00e1lise, oferecemos informa\u00e7\u00f5es extras de alto interesse, como b\u00f4nus de boas-vindas, b\u00f4nus sem dep\u00f3sito ou as possibilidades de jogar no cassino ao vivo, entre v\u00e1rias outras se\u00e7\u00f5es.<\/p>\n<p>Mas n\u00e3o s\u00f3 de cassinos online vive o Casino Alto. Outra de nossas ideias \u00e9 ajudar quem esteja em busca de informa\u00e7\u00f5es sobre as regras dos diferentes jogos de cassino.<\/p>\n<p>Com este empenho, constru\u00edmos do zero uma extensa se\u00e7\u00e3o sobre regras de jogos.<\/p>\n<p>Com isso, constru\u00edmos uma extensa se\u00e7\u00e3o sobre os jogos, com mais de 40 regras explicadas em detalhes. Ao lado, a se\u00e7\u00e3o de estrat\u00e9gia, para transformar os usu\u00e1rios em especialistas em roleta e blackjack, dois dos jogos de cassino mais representativos.<\/p>\n<p>E para colocar tudo isso em pr\u00e1tica, uma lista com mais de uma centena de jogos gr\u00e1tis (roletas, cartas, p\u00f4quer, ca\u00e7a-n\u00edqueis&#8230;). E para jog\u00e1-los no Casino Alto, n\u00e3o \u00e9 necess\u00e1rio nenhum tipo de download ou registro.<\/p>\n","protected":false},"excerpt":{"rendered":"<p>Normalmente um jogador de cassino online, seja experiente ou amador, precisa de melhores informa\u00e7\u00f5es para tomar decis\u00f5es na hora de jogar e colocar em jogo seu dinheiro. N\u00e3o \u00e9 um assunto f\u00e1cil, j\u00e1 que as possibilidades s\u00e3o imensas. Por isso, n\u00f3s do Casino Alto acreditamos que o elemento fundamental \u00e9 voc\u00ea. Somos um site feito [&hellip;]<\/p>\n","protected":false},"author":6,"featured_media":0,"parent":0,"menu_order":0,"comment_status":"closed","ping_status":"closed","template":"team_2.php","meta":{"_acf_changed":false,"footnotes":""},"class_list":["post-151352","page","type-page","status-publish","hentry"],"acf":[],"_links":{"self":[{"href":"https:\/\/staging.casinoalto.com\/pt\/wp-json\/wp\/v2\/pages\/151352","targetHints":{"allow":["GET"]}}],"collection":[{"href":"https:\/\/staging.casinoalto.com\/pt\/wp-json\/wp\/v2\/pages"}],"about":[{"href":"https:\/\/staging.casinoalto.com\/pt\/wp-json\/wp\/v2\/types\/page"}],"author":[{"embeddable":true,"href":"https:\/\/staging.casinoalto.com\/pt\/wp-json\/wp\/v2\/users\/6"}],"replies":[{"embeddable":true,"href":"https:\/\/staging.casinoalto.com\/pt\/wp-json\/wp\/v2\/comments?post=151352"}],"version-history":[{"count":3,"href":"https:\/\/staging.casinoalto.com\/pt\/wp-json\/wp\/v2\/pages\/151352\/revisions"}],"predecessor-version":[{"id":10061373,"href":"https:\/\/staging.casinoalto.com\/pt\/wp-json\/wp\/v2\/pages\/151352\/revisions\/10061373"}],"wp:attachment":[{"href":"https:\/\/staging.casinoalto.com\/pt\/wp-json\/wp\/v2\/media?parent=151352"}],"curies":[{"name":"wp","href":"https:\/\/api.w.org\/{rel}","templated":true}]}}