{"id":154152,"date":"2020-03-11T14:01:20","date_gmt":"2020-03-11T14:01:20","guid":{"rendered":"https:\/\/casinoalto.com\/pt\/?page_id=154152"},"modified":"2026-03-04T17:45:06","modified_gmt":"2026-03-04T17:45:06","slug":"codigo-promocional-betway","status":"publish","type":"page","link":"https:\/\/staging.casinoalto.com\/pt\/codigos\/codigo-promocional-betway\/","title":{"rendered":"C\u00f3digo promocional BetWay"},"content":{"rendered":"<p><em><strong>*Betway n\u00e3o d\u00e1 mais b\u00f4nus de boas-vindas<\/strong><\/em><\/p>\n<p>Considerado um dos casinos l\u00edderes em Portugal, o Betway possui uma grande variedade de jogos de apostas, al\u00e9m de ser o patrocinador oficial do Deportivo Alav\u00e9s, CD Legan\u00e9s e Levante UD em LaLiga, ou West Ham na Premier League.<\/p>\n<p>Sua oferta de jogos \u00e9 tudo o que voc\u00ea pode esperar de um <a href=\"\/pt\/casinos-online\/\">casino online<\/a>. Uma vez cadastrado, voc\u00ea tem o direito de disputar a sorte em ca\u00e7a-n\u00edqueis, roleta, blackjack e baccarat. Al\u00e9m disso, n\u00e3o h\u00e1 margem para d\u00favidas, pois \u00e9 um casino online que oferece as melhores garantias em termos de<a href=\"\/pt\/metodos-de-pago\/\"> dep\u00f3sitos em dinheiro<\/a>, como jogos de apostas e ganhos.<\/p>\n<p>Se voc\u00ea deseja come\u00e7ar a apostar, aqui n\u00f3s dizemos tudo o que voc\u00ea precisa saber para obter seu <strong>b\u00f3nus de boas-vindas da Betway no valor de at\u00e9 1200\u20ac<\/strong>.<\/p>\n<p><em>Passos a seguir para obter o b\u00f3nus de boas-vindas da Betway:<\/em><\/p>\n<ul>\n<li>Entre no Betway Casino atrav\u00e9s do nosso link.<\/li>\n<li>Abra uma conta e inscreva-se no site para obter o c\u00f3digo promocional da Betway.<\/li>\n<li>Comece a jogar em qualquer um dos servi\u00e7os oferecidos pela Betway.<\/li>\n<\/ul>\n<p>O b\u00f3nus de boas-vindas da Betway consiste em um <strong>dep\u00f3sito de 100% at\u00e9 um m\u00e1ximo de 200\u20ac<\/strong>, que \u00e9 baseado no primeiro dep\u00f3sito feito por um novo cliente no casino. Por exemplo, quem fizer um dep\u00f3sito de 50\u20ac recebe mais 50 de b\u00f3nus, ficando com o saldo total de 100\u20ac.<\/p>\n<p>Al\u00e9m disso, com o c\u00f3digo promocional da BetWay, voc\u00ea pode obter um b\u00f3nus pelo segundo dep\u00f3sito (25% a 300 \u20ac), terceiro (50% a 250 \u20ac), quarto (25% a 300 \u20ac) e quinto (75% a 150 \u20ac).<\/p>\n<p>Para se qualificar para o c\u00f3digo promocional de boas-vindas da Betway, voc\u00ea deve depositar pelo menos 10\u20ac no casino. Ap\u00f3s isto, voc\u00ea tem at\u00e9 sete dias para efetivar sua conta com dinheiro real.<\/p>\n<p>Voc\u00ea deve levar em considera\u00e7\u00e3o que esta oferta \u00e9 v\u00e1lida apenas para novos clientes, podendo ser usada apenas uma vez e deve ser efetivada dentro de sete dias ap\u00f3s a abertura da conta em dinheiro real.<\/p>\n<p>O b\u00f3nus ser\u00e1 creditado automaticamente na conta ao fazer o primeiro dep\u00f3sito e, para ser sacado, al\u00e9m de quaisquer ganhos associados ao seu valor, o valor do b\u00f3nus deve ser apostado 50 vezes. Ou seja, se voc\u00ea receber um b\u00f3nus de 80\u20ac, dever\u00e1 apostar 4.000\u20ac (80 x 50) para ter direito a retirar o b\u00f3nus e quaisquer ganhos associados a ele. Como em todos os b\u00f3nus do Betway Casino, voc\u00ea tem a possibilidade de retirar seu saldo em dinheiro real a qualquer momento.<\/p>\n<p>Esta oferta n\u00e3o pode ser solicitada juntamente com outras promo\u00e7\u00f5es atualmente oferecidas pelo <a href=\"\/pt\/casinos-online\/betway-casino\/\">Betway Casino<\/a> e est\u00e1 sob revis\u00e3o cont\u00ednua. Portanto, a organiza\u00e7\u00e3o se reserva o direito de modificar a oferta a qualquer momento. Existe at\u00e9 a possibilidade de ser cancelada sem aviso pr\u00e9vio, se a empresa considerar apropriado. O que o casino Betway n\u00e3o oferece no momento \u00e9 um b\u00f3nus sem dep\u00f3sito.<\/p>\n<p>Voc\u00ea tamb\u00e9m deve levar em considera\u00e7\u00e3o que os vouchers ser\u00e3o concedidos apenas uma vez por pessoa, casa, fam\u00edlia, endere\u00e7o residencial, endere\u00e7o de email, n\u00famero do cart\u00e3o de cr\u00e9dito ou ambiente de computa\u00e7\u00e3o compartilhado (biblioteca, local de trabalho, sociedade, universidade ou escola); ou seja, o Betway Casino se reserva o direito de cancelar todos os ganhos e jogadas se estes termos forem ignorado pelo cliente.<\/p>\n<p>Para garantir um servi\u00e7o de qualidade e oferecer seguran\u00e7a em seu site, o Betway Casino n\u00e3o tolera atividades fraudulentas. Portanto, a empresa se reserva ao direito de eliminar os b\u00f3nus de qualquer conta suspeita e\/ou contas vinculadas \u00e0 mesma.<\/p>\n<p>Entre as principais a\u00e7\u00f5es n\u00e3o permitidas est\u00e3o o uso de mais de uma conta para solicitar v\u00e1rios b\u00f3nus, apostas em dois n\u00edveis, estrat\u00e9gias de v\u00e1rias contas, usar um VPN que mascare o endere\u00e7o IP ou ou chegar atrav\u00e9s de um site que promova jogos de uma maneira que infringe os termos apresentados.<\/p>\n<p>Depois de ler tudo isso, voc\u00ea ainda planeja se registrar e come\u00e7ar a jogar? N\u00e3o perca a oportunidade oferecida pelo c\u00f3digo promocional da Betway e receba o b\u00f3nus agora.<\/p>\n<div id=\"gtx-trans\">\n<div class=\"gtx-trans-icon\"><\/div>\n<\/div>\n","protected":false},"excerpt":{"rendered":"<p>*Betway n\u00e3o d\u00e1 mais b\u00f4nus de boas-vindas Considerado um dos casinos l\u00edderes em Portugal, o Betway possui uma grande variedade de jogos de apostas, al\u00e9m de ser o patrocinador oficial do Deportivo Alav\u00e9s, CD Legan\u00e9s e Levante UD em LaLiga, ou West Ham na Premier League. Sua oferta de jogos \u00e9 tudo o que voc\u00ea [&hellip;]<\/p>\n","protected":false},"author":20,"featured_media":0,"parent":154198,"menu_order":0,"comment_status":"closed","ping_status":"closed","template":"single_codigo.php","meta":{"_acf_changed":false,"footnotes":""},"class_list":["post-154152","page","type-page","status-publish","hentry"],"acf":[],"_links":{"self":[{"href":"https:\/\/staging.casinoalto.com\/pt\/wp-json\/wp\/v2\/pages\/154152","targetHints":{"allow":["GET"]}}],"collection":[{"href":"https:\/\/staging.casinoalto.com\/pt\/wp-json\/wp\/v2\/pages"}],"about":[{"href":"https:\/\/staging.casinoalto.com\/pt\/wp-json\/wp\/v2\/types\/page"}],"author":[{"embeddable":true,"href":"https:\/\/staging.casinoalto.com\/pt\/wp-json\/wp\/v2\/users\/20"}],"replies":[{"embeddable":true,"href":"https:\/\/staging.casinoalto.com\/pt\/wp-json\/wp\/v2\/comments?post=154152"}],"version-history":[{"count":1,"href":"https:\/\/staging.casinoalto.com\/pt\/wp-json\/wp\/v2\/pages\/154152\/revisions"}],"predecessor-version":[{"id":10061466,"href":"https:\/\/staging.casinoalto.com\/pt\/wp-json\/wp\/v2\/pages\/154152\/revisions\/10061466"}],"up":[{"embeddable":true,"href":"https:\/\/staging.casinoalto.com\/pt\/wp-json\/wp\/v2\/pages\/154198"}],"wp:attachment":[{"href":"https:\/\/staging.casinoalto.com\/pt\/wp-json\/wp\/v2\/media?parent=154152"}],"curies":[{"name":"wp","href":"https:\/\/api.w.org\/{rel}","templated":true}]}}