{"id":154205,"date":"2020-03-18T12:52:11","date_gmt":"2020-03-18T12:52:11","guid":{"rendered":"https:\/\/casinoalto.com\/pt\/?page_id=154205"},"modified":"2026-01-22T16:43:09","modified_gmt":"2026-01-22T16:43:09","slug":"codigo-promocional-888-casino","status":"publish","type":"page","link":"https:\/\/staging.casinoalto.com\/pt\/codigos\/codigo-promocional-888-casino\/","title":{"rendered":"C\u00f3digo promocional 888 Casino"},"content":{"rendered":"<p>Neste momento trazemos a voc\u00ea um novo b\u00f3nus de boas-vindas dos mais impressionantes, oferecido pelo <a href=\"\/pt\/casinos-online\/888\/\">888 Casino<\/a>.<\/p>\n<p>Este casino, pertencente \u00e0 empresa 888 Holdings que \u00e9 sediada em Gibraltar e est\u00e1 em funcionamento desde 1997, disponibiliza aos seus <strong>novos usu\u00e1rios at\u00e9 500 euros para que possam fazer um primeiro dep\u00f3sito<\/strong> com eles. Al\u00e9m disso, s\u00e3o dados outros 8\u20ac extras como um <a href=\"\/pt\/casinos-sin-deposito\/\">b\u00f3nus sem dep\u00f3sito<\/a>. Deseja saber quais etapas a serem seguidas e quais s\u00e3o as condi\u00e7\u00f5es desta promo\u00e7\u00e3o? N\u00e3o perca detalhes do restante do artigo.<\/p>\n<p><em>Passos a seguir para obter a promo\u00e7\u00e3o:<\/em><\/p>\n<ul>\n<li>Registre-se no 888 Casino atrav\u00e9s dos <a href=\"\/pt\/888\/\">nossos links<\/a>.<\/li>\n<li>Receba 8 euros gr\u00e1tis para concluir o registro.<\/li>\n<li>Fa\u00e7a um primeiro dep\u00f3sito usando o c\u00f3digo &#8220;CASINOALTO&#8221;.<\/li>\n<li>Clique no bot\u00e3o &#8220;Solicite seu b\u00f3nus&#8221;. Em seguida voc\u00ea receber\u00e1 um email de 888 Casino.<\/li>\n<li>O b\u00f3nus ser\u00e1 creditado em sua conta.<\/li>\n<\/ul>\n<p>A promo\u00e7\u00e3o est\u00e1 atualmente v\u00e1lida e n\u00e3o tem data oficial de t\u00e9rmino. No entanto, o casino se reserva ao direito de alter\u00e1-la ou encerr\u00e1-la quando julgar apropriado. Portanto, encorajamos voc\u00ea a n\u00e3o perder esta boa oportunidade e come\u00e7ar sua jornada com o c\u00f3digo promocional do 888 Casino.<\/p>\n<p>Na oferta, a 888 <strong>oferece um b\u00f3nus de 100% do valor do seu primeiro dep\u00f3sito, em no m\u00e1ximo de 500 euros<\/strong>. Ou seja, se voc\u00ea decidir come\u00e7ar com uma renda inicial de 100 euros, eles oferecem outros 100 extras.<\/p>\n<p>O processo para receber esse valor extra em sua conta \u00e9 muito simples. Entre com seu usu\u00e1rio no 888 Casino e fa\u00e7a seu primeiro dep\u00f3sito. Apenas para completar o registro, voc\u00ea receber\u00e1 os primeiros 8 euros sem dep\u00f3sito.<\/p>\n<p>Depois disso, voc\u00ea receber\u00e1 atrav\u00e9s do email indicado, uma confirma\u00e7\u00e3o de dep\u00f3sito. Nele link &#8220;Solicitar seu b\u00f3nus&#8221; ser\u00e1 exibido. Voc\u00ea deve clicar nele em no m\u00e1ximo de 24 horas ap\u00f3s o recebimento do email e imediatamente ter\u00e1 esse dinheiro extra na forma de um b\u00f3nus para desfrutar com o cat\u00e1logo de jogos da 888.<\/p>\n<p>\u00c9 importante observar que, depois de ter o b\u00f3nus do c\u00f3digo promocional 888 em sua posse, voc\u00ea ter\u00e1 30 dias para us\u00e1-lo e liberar o valor do b\u00f3nus e os poss\u00edveis lucros gerados. Um total de um m\u00eas durante o qual voc\u00ea deve atender aos requisitos de rollover, ou valor m\u00ednimo da aposta, para retirar esse dinheiro de sua conta.<\/p>\n<p>Isso ser\u00e1 30 vezes o valor do b\u00f3nus recebido. Por exemplo, se voc\u00ea receber um b\u00f3nus pelo primeiro dep\u00f3sito de 50 euros, dever\u00e1 apostar um total de 1500 euros para poder liber\u00e1-lo. Lembre-se de que nem todos os jogos t\u00eam a mesma contribui\u00e7\u00e3o para este rollover, sendo 100% no caso de slots, 20% de jogos de roleta (exceto roleta ao vivo) e 10% em roleta ao vivo, todas as modalidades de blackjack e jogos de p\u00f4quer.<\/p>\n<p>Se voc\u00ea quiser saber mais detalhes sobre esta espetacular promo\u00e7\u00e3o de boas-vindas com a qual pode acumular at\u00e9 500 euros apenas registrando e fazendo seu primeiro dep\u00f3sito, consulte a se\u00e7\u00e3o de termos e condi\u00e7\u00f5es ou entre em contato com o atendimento ao cliente do 888 Casino.<\/p>\n<p>Voc\u00ea deve saber que, se voc\u00ea \u00e9 um usu\u00e1rio VIP do 888, pode estar sujeito a diferentes condi\u00e7\u00f5es. N\u00e3o perca esta oportunidade, jogue e divirta-se com um dos casinos de refer\u00eancia em todo o mundo.<\/p>\n<div id=\"gtx-trans\">\n<div class=\"gtx-trans-icon\"><\/div>\n<\/div>\n","protected":false},"excerpt":{"rendered":"<p>Neste momento trazemos a voc\u00ea um novo b\u00f3nus de boas-vindas dos mais impressionantes, oferecido pelo 888 Casino. Este casino, pertencente \u00e0 empresa 888 Holdings que \u00e9 sediada em Gibraltar e est\u00e1 em funcionamento desde 1997, disponibiliza aos seus novos usu\u00e1rios at\u00e9 500 euros para que possam fazer um primeiro dep\u00f3sito com eles. Al\u00e9m disso, s\u00e3o [&hellip;]<\/p>\n","protected":false},"author":20,"featured_media":0,"parent":154198,"menu_order":0,"comment_status":"closed","ping_status":"closed","template":"single_codigo.php","meta":{"_acf_changed":false,"footnotes":""},"class_list":["post-154205","page","type-page","status-publish","hentry"],"acf":[],"_links":{"self":[{"href":"https:\/\/staging.casinoalto.com\/pt\/wp-json\/wp\/v2\/pages\/154205","targetHints":{"allow":["GET"]}}],"collection":[{"href":"https:\/\/staging.casinoalto.com\/pt\/wp-json\/wp\/v2\/pages"}],"about":[{"href":"https:\/\/staging.casinoalto.com\/pt\/wp-json\/wp\/v2\/types\/page"}],"author":[{"embeddable":true,"href":"https:\/\/staging.casinoalto.com\/pt\/wp-json\/wp\/v2\/users\/20"}],"replies":[{"embeddable":true,"href":"https:\/\/staging.casinoalto.com\/pt\/wp-json\/wp\/v2\/comments?post=154205"}],"version-history":[{"count":4,"href":"https:\/\/staging.casinoalto.com\/pt\/wp-json\/wp\/v2\/pages\/154205\/revisions"}],"predecessor-version":[{"id":10061836,"href":"https:\/\/staging.casinoalto.com\/pt\/wp-json\/wp\/v2\/pages\/154205\/revisions\/10061836"}],"up":[{"embeddable":true,"href":"https:\/\/staging.casinoalto.com\/pt\/wp-json\/wp\/v2\/pages\/154198"}],"wp:attachment":[{"href":"https:\/\/staging.casinoalto.com\/pt\/wp-json\/wp\/v2\/media?parent=154205"}],"curies":[{"name":"wp","href":"https:\/\/api.w.org\/{rel}","templated":true}]}}