{"id":154913,"date":"2020-08-04T18:22:44","date_gmt":"2020-08-04T18:22:44","guid":{"rendered":"https:\/\/casinoalto.com\/pt\/?page_id=154913"},"modified":"2024-04-18T22:04:03","modified_gmt":"2024-04-18T22:04:03","slug":"codigo-promocional-estoril-sol-casino","status":"publish","type":"page","link":"https:\/\/staging.casinoalto.com\/pt\/codigos\/codigo-promocional-estoril-sol-casino\/","title":{"rendered":"C\u00f3digo Promocional Estoril Sol Casino"},"content":{"rendered":"<p>Um dos mais renomados <a href=\"\/pt\/casinos-online\/\">casinos online<\/a> dispon\u00edveis em Portugal, <strong>Estoril Sol Casino (ESC)<\/strong> faz parte do Grupo Estoril Sol e rapidamente caiu no gosto dos jogadores de diversas modalidades tanto pela seguran\u00e7a quanto pela variedade de jogos dispon\u00edveis, al\u00e9m da alternativa de poder realizar apostas desportivas<\/p>\n<p>Com <strong>mais de 8 fornecedores de software,<\/strong> entre elas a t\u00e3o reconhecida <strong>Gaming 1<\/strong>, este casino opera atualmente para al\u00e9m de 80 jogos<\/a> de slot (alguns deles exclusivos no site) e conta com boas op\u00e7\u00f5es para os adeptos de roleta<\/a> e blackjack<\/a>.<\/p>\n<p>Para come\u00e7ar a apostar no Estoril Sol Casino, n\u00e3o \u00e9 preciso nem sequer fazer o primeiro dep\u00f3sito. Isso porque h\u00e1 uma promo\u00e7\u00e3o em vigor que garante 10 \u20ac logo depois que o jogador realiza o cadastro no site.<\/p>\n<p>N\u00e3o para por a\u00ed: ap\u00f3s o primeiro dep\u00f3sito, o usu\u00e1rio consegue um <a href=\"\/pt\/bonos-de-bienvenida\/\">b\u00f3nus<\/a> de <strong>100% do valor depositado<\/strong> (at\u00e9 um limite de 250 \u20ac). Por exemplo: se depositares 100 \u20ac, ter\u00e1s 200 \u20ac dispon\u00edveis para jogar no casino.<\/p>\n<p>Na pr\u00e1tica, o Estoril Sol Casino (ESC) <strong>garante um b\u00f3nus promocional de 260 \u20ac<\/strong> para quem realizar um dep\u00f3sito de mesmo valor pela primeira vez, sendo 10 \u20ac antes do dep\u00f3sito e 250 \u20ac ap\u00f3s o primeiro aporte no site.<\/p>\n<p><em>Para participar do c\u00f3digo Estoril Sol Casino Online, basta seguir os seguintes passos:<\/em><\/p>\n<ul>\n<li>Aceder o site por meio de um de nossos links dispon\u00edveis<\/li>\n<li>Clicar em \u201cCriar minha conta\u201d e preencher todos os dados pessoais requeridos<\/li>\n<li>Concordar em receber o b\u00f3nus inicial de 10 \u20ac<\/li>\n<li>Realizar o primeiro dep\u00f3sito via um dos mais de cinco <a href=\"\/pt\/metodos-de-pago\/\">m\u00e9todos dispon\u00edveis<\/a> e ganhar at\u00e9 250 \u20ac<\/li>\n<\/ul>\n<p>Isto feito, \u00e9 s\u00f3 come\u00e7ar a apostar! No entanto, tenha em mente que para fazer levantamento de um valor proveniente de ganho de b\u00f3nus, como em todo cassino online, \u00e9 necess\u00e1rio apostar um m\u00ednimo de vezes o valor do b\u00f3nus.<\/p>\n<p>Isso \u00e9 chamado de rollover, que no caso do <a href=\"\/pt\/casinos-online\/estoril-sol-casino-online\/\">Estoril Sol Casino<\/a> (ESC) varia de acordo com o jogo. Nos slots e blackjack, por exemplo, ele equivale a<strong> 30 vezes<\/strong> o valor do b\u00f3nus. Isso significa dizer que, caso receba um b\u00f3nus de 100 \u20ac, \u00e9 preciso apostar o equivalente a 3.000 \u20ac para poder levantar o montante que quiser. J\u00e1 as roletas t\u00eam um fator de contribui\u00e7\u00e3o menor de apenas 33%. Portanto, para cumprir o rollover nelas, \u00e9 preciso apostar 90x o valor recebido em b\u00f3nus.<\/p>\n<p>Al\u00e9m do b\u00f3nus inicial, o Estoril Sol Casino (ESC) t\u00eam tamb\u00e9m uma promo\u00e7\u00e3o para amigos, que \u00e9 o b\u00f3nus da amizade. Ele consiste em <strong>20 \u20ac para cada pessoa indiciada<\/strong> que fizer registo no site e apostar, pelo menos, 300 \u20ac.<\/p>\n<p>Tamb\u00e9m h\u00e1 o Clube In, no qual o usu\u00e1rio acumula pontos cada vez que joga e depois pode trocar por b\u00f3nus, com a equival\u00eancia de <strong>1000 pontos para cada 10 \u20ac.<\/strong> Quanto maior for o seu n\u00edvel Clube In, mais pontos acumular\u00e1s e mais b\u00f3nus receber\u00e1s para apostar em todo o site.<\/p>\n<p>Importante salientar que todos b\u00f3nus dispon\u00edveis podem estar sujeitos a um prazo de validade, ou limite temporal para utiliza\u00e7\u00e3o. Findo esse per\u00edodo, os mesmos ser\u00e3o automaticamente removidos da conta de jogador, n\u00e3o acarretando qualquer direito a indemniza\u00e7\u00e3o, ou compensa\u00e7\u00e3o, para o respetivo.<\/p>\n<p>Al\u00e9m disso, os b\u00f3nus dos jogadores s\u00e3o pessoais e n\u00e3o podem ser transferidos para qualquer outra pessoa. Ou seja, n\u00e3o \u00e9 permitido reunir os b\u00f3nus entre v\u00e1rios utilizadores<\/p>\n<p>Com tantas promo\u00e7\u00f5es dispon\u00edveis, o Estoril Sol Casino (ESC) \u00e9 certamente uma boa op\u00e7\u00e3o para quem est\u00e1 a pensar em come\u00e7ar no mundo das apostas e jogos online, oferecendo um b\u00f3nus agrad\u00e1vel.<\/p>\n<div id=\"gtx-trans\">\n<div class=\"gtx-trans-icon\"><\/div>\n<\/div>\n","protected":false},"excerpt":{"rendered":"<p>Um dos mais renomados casinos online dispon\u00edveis em Portugal, Estoril Sol Casino (ESC) faz parte do Grupo Estoril Sol e rapidamente caiu no gosto dos jogadores de diversas modalidades tanto pela seguran\u00e7a quanto pela variedade de jogos dispon\u00edveis, al\u00e9m da alternativa de poder realizar apostas desportivas Com mais de 8 fornecedores de software, entre elas [&hellip;]<\/p>\n","protected":false},"author":20,"featured_media":0,"parent":154198,"menu_order":0,"comment_status":"closed","ping_status":"closed","template":"single_codigo.php","meta":{"_acf_changed":false,"footnotes":""},"class_list":["post-154913","page","type-page","status-publish","hentry"],"acf":[],"_links":{"self":[{"href":"https:\/\/staging.casinoalto.com\/pt\/wp-json\/wp\/v2\/pages\/154913","targetHints":{"allow":["GET"]}}],"collection":[{"href":"https:\/\/staging.casinoalto.com\/pt\/wp-json\/wp\/v2\/pages"}],"about":[{"href":"https:\/\/staging.casinoalto.com\/pt\/wp-json\/wp\/v2\/types\/page"}],"author":[{"embeddable":true,"href":"https:\/\/staging.casinoalto.com\/pt\/wp-json\/wp\/v2\/users\/20"}],"replies":[{"embeddable":true,"href":"https:\/\/staging.casinoalto.com\/pt\/wp-json\/wp\/v2\/comments?post=154913"}],"version-history":[{"count":3,"href":"https:\/\/staging.casinoalto.com\/pt\/wp-json\/wp\/v2\/pages\/154913\/revisions"}],"predecessor-version":[{"id":10061483,"href":"https:\/\/staging.casinoalto.com\/pt\/wp-json\/wp\/v2\/pages\/154913\/revisions\/10061483"}],"up":[{"embeddable":true,"href":"https:\/\/staging.casinoalto.com\/pt\/wp-json\/wp\/v2\/pages\/154198"}],"wp:attachment":[{"href":"https:\/\/staging.casinoalto.com\/pt\/wp-json\/wp\/v2\/media?parent=154913"}],"curies":[{"name":"wp","href":"https:\/\/api.w.org\/{rel}","templated":true}]}}