{"id":2,"date":"2017-10-15T19:12:22","date_gmt":"2017-10-15T19:12:22","guid":{"rendered":"https:\/\/casinoalto.com\/pt\/?page_id=2"},"modified":"2025-04-02T17:29:37","modified_gmt":"2025-04-02T17:29:37","slug":"metodos-de-pago","status":"publish","type":"page","link":"https:\/\/staging.casinoalto.com\/pt\/metodos-de-pago\/","title":{"rendered":"M\u00e9todos de pagamento"},"content":{"rendered":"<h2>Quais os principais m\u00e9todos de pagamento em Portugal?<\/h2>\n<p>Depositar dinheiro com facilidade, rapidez e seguran\u00e7a \u00e9 uma das coisas mais importantes para o jogador de casino online. Abaixo, voc\u00ea ver\u00e1 uma lista com as <strong>principais maneiras de depositar e sacar dinheiro<\/strong> em um <a href=\"\/pt\/casinos-online\/\">casino online confi\u00e1vel e seguro em Portugal:<\/a><\/p>\n<h3>1. Multibanco<\/h3>\n<p>A Multibanco \u00e9 uma rede que conecta os servi\u00e7os banc\u00e1rios em Portugal, permitindo que diferentes bancos realizem opera\u00e7\u00f5es e transa\u00e7\u00f5es em um mesmo sistema. Por meio do Multibanco, o cidad\u00e3o portugu\u00eas pode fazer dep\u00f3sitos, pagamentos e receber dinheiro. Assim, \u00e9 sem d\u00favida um dos <a href=\"https:\/\/casinoalto.com\/pt\/metodos-de-pago\/\" target=\"_blank\" rel=\"noopener\">principais m\u00e9todos de pagamento para os casinos portugueses<\/a>.<\/p>\n<h3>2. MBWay<\/h3>\n<p>A MBWay \u00e9 o sistema digital ligado ao Multibanco para oferecer a conveni\u00eancia de pagamentos e transac\u00e7\u00f5es financeiras directamente pelo telem\u00f3vel. O MBWay oferece velocidade, seguran\u00e7a e comodidade, funcionando bem para os casinos, sendo uma <a href=\"https:\/\/casinoalto.com\/pt\/metodos-de-pago\/multibanco\/\" target=\"_blank\" rel=\"noopener\">alternativa de dep\u00f3sito parecida com o Multibanco<\/a>.<\/p>\n<h3>3. Cart\u00f5es de cr\u00e9dito e d\u00e9bito<\/h3>\n<p>Os cart\u00f5es de cr\u00e9dito e d\u00e9bito s\u00e3o populares em Portugal, e os casinos online oferece possibilidades de dep\u00f3sitos e levantamentos, entregando a possibilidade de fazer o pagamento em uma outra data de acordo com as defini\u00e7\u00f5es e possibilidades. Os principais cart\u00f5es s\u00e3o Visa, Mastercard, Maestro e American Express.<\/p>\n<h3>4. Carteiras digitais<\/h3>\n<p>As carteiras digitais e e-wallets s\u00e3o aplica\u00e7\u00f5es que realizam uma s\u00e9rie de servi\u00e7os banc\u00e1rios, como investimentos, compras, pagamentos e transfer\u00eancias. Para o mercado portugu\u00eas de casinos, h\u00e1 boas op\u00e7\u00f5es como PayPal, Skrill, Neteller e Paysafecard.<\/p>\n<h3>5. Transfer\u00eancia banc\u00e1ria<\/h3>\n<p>A transfer\u00eancia banc\u00e1ria \u00e9 um m\u00e9todo amplamente utilizado para realizar levantamentos no casino online, sobretudo pela conveni\u00eancia de receber o dinheiro directamente na conta ap\u00f3s o envio do casino.<\/p>\n<h2>Dicas de seguran\u00e7a para os m\u00e9todos de pagamento<\/h2>\n<p>Independentemente do m\u00e9todo de pagamento escolhido, veja algumas dicas para proteger-se e jogar com seguran\u00e7a nos <a href=\"https:\/\/casinoalto.com\/pt\/\" target=\"_blank\" rel=\"noopener\">sites de casino em opera\u00e7\u00e3o em Portugal<\/a>:<\/p>\n<h3>1. Escolha sites confi\u00e1veis<\/h3>\n<p>N\u00e3o entre na internet e cadaste-se em qualquer casino online sem pesquisar exatamente a confiabilidade da casa. A nossa lista traz apenas casinos verificados e investigados, trazendo seguran\u00e7a e prote\u00e7\u00e3o para os dados sens\u00edveis.<\/p>\n<h3>2. Fa\u00e7a a verifica\u00e7\u00e3o completa<\/h3>\n<p>Os casinos online de Portugal exigem verifica\u00e7\u00e3o completa da identidade do usu\u00e1rio que acender na plataforma. Esse processo \u00e9 importante e relevante para evitar fraudes. Por mais que leve tempo, \u00e9 uma maneira da casa comprovar a veracidade das informa\u00e7\u00f5es apresentadas no momento do cadasto. Al\u00e9m disso, \u00e9 poss\u00edvel receber b\u00f3nus e promo\u00e7\u00f5es logo ap\u00f3s o cadasto.<\/p>\n","protected":false},"excerpt":{"rendered":"<p>Quais os principais m\u00e9todos de pagamento em Portugal? Depositar dinheiro com facilidade, rapidez e seguran\u00e7a \u00e9 uma das coisas mais importantes para o jogador de casino online. Abaixo, voc\u00ea ver\u00e1 uma lista com as principais maneiras de depositar e sacar dinheiro em um casino online confi\u00e1vel e seguro em Portugal: 1. Multibanco A Multibanco \u00e9 [&hellip;]<\/p>\n","protected":false},"author":1,"featured_media":0,"parent":0,"menu_order":0,"comment_status":"closed","ping_status":"closed","template":"deposit-methods-style-1.php","meta":{"_acf_changed":false,"footnotes":""},"class_list":["post-2","page","type-page","status-publish","hentry"],"acf":[],"_links":{"self":[{"href":"https:\/\/staging.casinoalto.com\/pt\/wp-json\/wp\/v2\/pages\/2","targetHints":{"allow":["GET"]}}],"collection":[{"href":"https:\/\/staging.casinoalto.com\/pt\/wp-json\/wp\/v2\/pages"}],"about":[{"href":"https:\/\/staging.casinoalto.com\/pt\/wp-json\/wp\/v2\/types\/page"}],"author":[{"embeddable":true,"href":"https:\/\/staging.casinoalto.com\/pt\/wp-json\/wp\/v2\/users\/1"}],"replies":[{"embeddable":true,"href":"https:\/\/staging.casinoalto.com\/pt\/wp-json\/wp\/v2\/comments?post=2"}],"version-history":[{"count":5,"href":"https:\/\/staging.casinoalto.com\/pt\/wp-json\/wp\/v2\/pages\/2\/revisions"}],"predecessor-version":[{"id":10061766,"href":"https:\/\/staging.casinoalto.com\/pt\/wp-json\/wp\/v2\/pages\/2\/revisions\/10061766"}],"wp:attachment":[{"href":"https:\/\/staging.casinoalto.com\/pt\/wp-json\/wp\/v2\/media?parent=2"}],"curies":[{"name":"wp","href":"https:\/\/api.w.org\/{rel}","templated":true}]}}